{"id":639,"date":"2025-12-12T07:31:25","date_gmt":"2025-12-12T10:31:25","guid":{"rendered":"https:\/\/www.ufsm.br\/cursos\/graduacao\/santa-maria\/desenho-industrial\/?page_id=639"},"modified":"2025-12-12T07:34:37","modified_gmt":"2025-12-12T10:34:37","slug":"servicos-academicos-e-de-informacao","status":"publish","type":"page","link":"https:\/\/www.ufsm.br\/cursos\/graduacao\/santa-maria\/desenho-industrial\/servicos-academicos-e-de-informacao","title":{"rendered":"Servi\u00e7os Acad\u00eamicos e de Informa\u00e7\u00e3o"},"content":{"rendered":"\t\t<div data-elementor-type=\"wp-page\" data-elementor-id=\"639\" class=\"elementor elementor-639\">\n\t\t\t\t\t\t<section class=\"elementor-section elementor-top-section elementor-element elementor-element-9961199 elementor-section-boxed elementor-section-height-default elementor-section-height-default\" data-id=\"9961199\" data-element_type=\"section\">\n\t\t\t\t\t\t<div class=\"elementor-container elementor-column-gap-default\">\n\t\t\t\t\t<div class=\"elementor-column elementor-col-66 elementor-top-column elementor-element elementor-element-81b450e\" data-id=\"81b450e\" data-element_type=\"column\">\n\t\t\t<div class=\"elementor-widget-wrap elementor-element-populated\">\n\t\t\t\t\t\t<div class=\"elementor-element elementor-element-4e9f09b elementor-widget elementor-widget-text-editor\" data-id=\"4e9f09b\" data-element_type=\"widget\" data-widget_type=\"text-editor.default\">\n\t\t\t\t<div class=\"elementor-widget-container\">\n\t\t\t\t\t\t\t<p><span style=\"font-weight: 400\">Os <strong>principais sistemas e canais de informa\u00e7\u00e3o da UFSM<\/strong> est\u00e3o reunidos em plataformas integradas, acess\u00edveis com login institucional.<\/span><\/p><p><span style=\"font-weight: 400\">O <\/span><a href=\"https:\/\/portal.ufsm.br\"><b>Portal Estudantil (SIE)<\/b><\/a><span style=\"font-weight: 400\"> permite realizar matr\u00edcula e ajustes, acessar hor\u00e1rios, notas e hist\u00f3rico escolar, emitir atestados, acompanhar o \u00cdndice de Desempenho Acad\u00eamico (IDA), solicitar trancamentos, dispensas de disciplinas, atualizar dados cadastrais e formalizar est\u00e1gios.<\/span><\/p><p><span style=\"font-weight: 400\">O <\/span><a href=\"https:\/\/moodle.ufsm.br\"><b>Moodle<\/b><\/a><span style=\"font-weight: 400\"> \u00e9 o <strong>ambiente virtual de aprendizagem<\/strong> da UFSM, onde docentes disponibilizam materiais, f\u00f3runs, atividades e avalia\u00e7\u00f5es.<\/span><\/p><p><span style=\"font-weight: 400\">O <\/span><a href=\"https:\/\/www.ufsm.br\/aluno\/guia-do-estudante\"><b>Guia do Estudante UFSM<\/b><\/a><span style=\"font-weight: 400\"> re\u00fane orienta\u00e7\u00f5es gerais sobre bibliotecas, assist\u00eancia estudantil, mobilidade, bolsas e est\u00e1gios.<\/span><\/p><p><span style=\"font-weight: 400\">A <\/span><a href=\"https:\/\/www.ufsm.br\/biblioteca\"><b>Biblioteca Central<\/b><\/a><span style=\"font-weight: 400\"> oferece <strong>acervo f\u00edsico e digital<\/strong>, com livros, peri\u00f3dicos, jogos, audiolivros e mapas, al\u00e9m de servi\u00e7os como empr\u00e9stimo domiciliar, capacita\u00e7\u00f5es, acesso a bases digitais, Portal de Peri\u00f3dicos e o <\/span><b>Manancial \u2013 Reposit\u00f3rio Digital<\/b><span style=\"font-weight: 400\">. Conta ainda com infraestrutura composta por salas de estudo, computadores e espa\u00e7os multiuso.<\/span><\/p><p><span style=\"font-weight: 400\">O <\/span><a href=\"https:\/\/www.ufsm.br\/orgaos-suplementares\/cpd\/servicos\/aplicativo-ufsm-digital\"><b>aplicativo UFSM Digital<\/b><\/a><span style=\"font-weight: 400\">, dispon\u00edvel para Android e iOS, permite acessar informa\u00e7\u00f5es sobre o RU, notas, faltas, hor\u00e1rios e transporte.<\/span><\/p><p><span style=\"font-weight: 400\">A <\/span><b><a href=\"http:\/\/www.cesma.com.br\">CESMA<\/a> \u2013 Cooperativa dos Estudantes de Santa Maria<\/b><span style=\"font-weight: 400\"> oferece livros, materiais escolares e promove atividades culturais voltadas \u00e0 comunidade acad\u00eamica.<\/span><\/p>\t\t\t\t\t\t<\/div>\n\t\t\t\t<\/div>\n\t\t\t\t\t<\/div>\n\t\t<\/div>\n\t\t\t\t<div class=\"elementor-column elementor-col-33 elementor-top-column elementor-element elementor-element-83f4478\" data-id=\"83f4478\" data-element_type=\"column\">\n\t\t\t<div class=\"elementor-widget-wrap\">\n\t\t\t\t\t\t\t<\/div>\n\t\t<\/div>\n\t\t\t\t\t<\/div>\n\t\t<\/section>\n\t\t\t\t<\/div>\n\t\t","protected":false},"excerpt":{"rendered":"<p>Os principais sistemas e canais de informa\u00e7\u00e3o da UFSM est\u00e3o reunidos em plataformas integradas, acess\u00edveis com login institucional. O Portal Estudantil (SIE) permite realizar matr\u00edcula e ajustes, acessar hor\u00e1rios, notas e hist\u00f3rico escolar, emitir atestados, acompanhar o \u00cdndice de Desempenho Acad\u00eamico (IDA), solicitar trancamentos, dispensas de disciplinas, atualizar dados cadastrais e formalizar est\u00e1gios. O Moodle [&hellip;]<\/p>\n","protected":false},"author":8205,"featured_media":0,"parent":0,"menu_order":0,"comment_status":"closed","ping_status":"closed","template":"","meta":{"footnotes":""},"categories":[],"tags":[],"class_list":["post-639","page","type-page","status-publish","hentry"],"acf":[],"_links":{"self":[{"href":"https:\/\/www.ufsm.br\/cursos\/graduacao\/santa-maria\/desenho-industrial\/wp-json\/wp\/v2\/pages\/639","targetHints":{"allow":["GET"]}}],"collection":[{"href":"https:\/\/www.ufsm.br\/cursos\/graduacao\/santa-maria\/desenho-industrial\/wp-json\/wp\/v2\/pages"}],"about":[{"href":"https:\/\/www.ufsm.br\/cursos\/graduacao\/santa-maria\/desenho-industrial\/wp-json\/wp\/v2\/types\/page"}],"author":[{"embeddable":true,"href":"https:\/\/www.ufsm.br\/cursos\/graduacao\/santa-maria\/desenho-industrial\/wp-json\/wp\/v2\/users\/8205"}],"replies":[{"embeddable":true,"href":"https:\/\/www.ufsm.br\/cursos\/graduacao\/santa-maria\/desenho-industrial\/wp-json\/wp\/v2\/comments?post=639"}],"version-history":[{"count":0,"href":"https:\/\/www.ufsm.br\/cursos\/graduacao\/santa-maria\/desenho-industrial\/wp-json\/wp\/v2\/pages\/639\/revisions"}],"wp:attachment":[{"href":"https:\/\/www.ufsm.br\/cursos\/graduacao\/santa-maria\/desenho-industrial\/wp-json\/wp\/v2\/media?parent=639"}],"wp:term":[{"taxonomy":"category","embeddable":true,"href":"https:\/\/www.ufsm.br\/cursos\/graduacao\/santa-maria\/desenho-industrial\/wp-json\/wp\/v2\/categories?post=639"},{"taxonomy":"post_tag","embeddable":true,"href":"https:\/\/www.ufsm.br\/cursos\/graduacao\/santa-maria\/desenho-industrial\/wp-json\/wp\/v2\/tags?post=639"}],"curies":[{"name":"wp","href":"https:\/\/api.w.org\/{rel}","templated":true}]}}