{"id":640,"date":"2025-12-12T07:35:14","date_gmt":"2025-12-12T10:35:14","guid":{"rendered":"https:\/\/www.ufsm.br\/cursos\/graduacao\/santa-maria\/desenho-industrial\/?page_id=640"},"modified":"2025-12-12T07:37:14","modified_gmt":"2025-12-12T10:37:14","slug":"calendario-academico","status":"publish","type":"page","link":"https:\/\/www.ufsm.br\/cursos\/graduacao\/santa-maria\/desenho-industrial\/calendario-academico","title":{"rendered":"Calend\u00e1rio Acad\u00eamico"},"content":{"rendered":"\t\t<div data-elementor-type=\"wp-page\" data-elementor-id=\"640\" class=\"elementor elementor-640\">\n\t\t\t\t\t\t<section class=\"elementor-section elementor-top-section elementor-element elementor-element-d524fee elementor-section-boxed elementor-section-height-default elementor-section-height-default\" data-id=\"d524fee\" data-element_type=\"section\">\n\t\t\t\t\t\t<div class=\"elementor-container elementor-column-gap-default\">\n\t\t\t\t\t<div class=\"elementor-column elementor-col-66 elementor-top-column elementor-element elementor-element-d5e7422\" data-id=\"d5e7422\" data-element_type=\"column\">\n\t\t\t<div class=\"elementor-widget-wrap elementor-element-populated\">\n\t\t\t\t\t\t<div class=\"elementor-element elementor-element-dd9880a elementor-widget elementor-widget-text-editor\" data-id=\"dd9880a\" data-element_type=\"widget\" data-widget_type=\"text-editor.default\">\n\t\t\t\t<div class=\"elementor-widget-container\">\n\t\t\t\t\t\t\t<p><span style=\"font-weight: 400\">Anualmente, a <\/span><b>Universidade Federal de Santa Maria (UFSM)<\/b><span style=\"font-weight: 400\"> publica o <\/span><b>Calend\u00e1rio Acad\u00eamico<\/b><span style=\"font-weight: 400\">, documento oficial que organiza os principais per\u00edodos e atividades da vida universit\u00e1ria.<\/span><\/p><p><span style=\"font-weight: 400\">Nele constam as datas referentes \u00e0 matr\u00edcula e aos ajustes de matr\u00edcula, ao in\u00edcio e t\u00e9rmino das aulas, aos feriados e pontos facultativos, aos prazos de avalia\u00e7\u00f5es e lan\u00e7amentos de notas, bem como \u00e0s formaturas e cola\u00e7\u00f5es de grau.<\/span><\/p><p><span style=\"font-weight: 400\">O <\/span><b>Calend\u00e1rio Acad\u00eamico<\/b><span style=\"font-weight: 400\"> \u00e9 uma ferramenta essencial para o(a) estudante, pois orienta o planejamento de todo o ano letivo e contribui diretamente para o bom andamento da trajet\u00f3ria acad\u00eamica. Manter-se atento \u00e0s datas publicadas desde o in\u00edcio do ano permite ao estudante organizar sua rotina, evitar imprevistos e cumprir prazos importantes, como os de matr\u00edcula, trancamento, avalia\u00e7\u00f5es e entrega de trabalhos.<\/span><\/p><p><span style=\"font-weight: 400\">Al\u00e9m disso, o calend\u00e1rio informa sobre feriados, recessos e eventos institucionais, auxiliando na concilia\u00e7\u00e3o entre estudos, atividades extracurriculares e compromissos pessoais. Consultar o calend\u00e1rio e registrar as datas em uma agenda pessoal \u2014 f\u00edsica ou digital \u2014 \u00e9 uma pr\u00e1tica recomendada para garantir um acompanhamento cont\u00ednuo do semestre e do ano letivo, fortalecendo o planejamento, a responsabilidade e a autonomia do(a) estudante ao longo de sua forma\u00e7\u00e3o.<\/span><\/p><p>\u00a0<\/p><p><strong>Acesse:<\/strong><a href=\"https:\/\/www.ufsm.br\/calendario\"> Calend\u00e1rio Acad\u00eamico da UFSM<\/a><\/p>\t\t\t\t\t\t<\/div>\n\t\t\t\t<\/div>\n\t\t\t\t\t<\/div>\n\t\t<\/div>\n\t\t\t\t<div class=\"elementor-column elementor-col-33 elementor-top-column elementor-element elementor-element-486b19b\" data-id=\"486b19b\" data-element_type=\"column\">\n\t\t\t<div class=\"elementor-widget-wrap\">\n\t\t\t\t\t\t\t<\/div>\n\t\t<\/div>\n\t\t\t\t\t<\/div>\n\t\t<\/section>\n\t\t\t\t<\/div>\n\t\t","protected":false},"excerpt":{"rendered":"<p>Anualmente, a Universidade Federal de Santa Maria (UFSM) publica o Calend\u00e1rio Acad\u00eamico, documento oficial que organiza os principais per\u00edodos e atividades da vida universit\u00e1ria. Nele constam as datas referentes \u00e0 matr\u00edcula e aos ajustes de matr\u00edcula, ao in\u00edcio e t\u00e9rmino das aulas, aos feriados e pontos facultativos, aos prazos de avalia\u00e7\u00f5es e lan\u00e7amentos de notas, [&hellip;]<\/p>\n","protected":false},"author":8205,"featured_media":0,"parent":0,"menu_order":0,"comment_status":"closed","ping_status":"closed","template":"","meta":{"footnotes":""},"categories":[],"tags":[],"class_list":["post-640","page","type-page","status-publish","hentry"],"acf":[],"_links":{"self":[{"href":"https:\/\/www.ufsm.br\/cursos\/graduacao\/santa-maria\/desenho-industrial\/wp-json\/wp\/v2\/pages\/640","targetHints":{"allow":["GET"]}}],"collection":[{"href":"https:\/\/www.ufsm.br\/cursos\/graduacao\/santa-maria\/desenho-industrial\/wp-json\/wp\/v2\/pages"}],"about":[{"href":"https:\/\/www.ufsm.br\/cursos\/graduacao\/santa-maria\/desenho-industrial\/wp-json\/wp\/v2\/types\/page"}],"author":[{"embeddable":true,"href":"https:\/\/www.ufsm.br\/cursos\/graduacao\/santa-maria\/desenho-industrial\/wp-json\/wp\/v2\/users\/8205"}],"replies":[{"embeddable":true,"href":"https:\/\/www.ufsm.br\/cursos\/graduacao\/santa-maria\/desenho-industrial\/wp-json\/wp\/v2\/comments?post=640"}],"version-history":[{"count":0,"href":"https:\/\/www.ufsm.br\/cursos\/graduacao\/santa-maria\/desenho-industrial\/wp-json\/wp\/v2\/pages\/640\/revisions"}],"wp:attachment":[{"href":"https:\/\/www.ufsm.br\/cursos\/graduacao\/santa-maria\/desenho-industrial\/wp-json\/wp\/v2\/media?parent=640"}],"wp:term":[{"taxonomy":"category","embeddable":true,"href":"https:\/\/www.ufsm.br\/cursos\/graduacao\/santa-maria\/desenho-industrial\/wp-json\/wp\/v2\/categories?post=640"},{"taxonomy":"post_tag","embeddable":true,"href":"https:\/\/www.ufsm.br\/cursos\/graduacao\/santa-maria\/desenho-industrial\/wp-json\/wp\/v2\/tags?post=640"}],"curies":[{"name":"wp","href":"https:\/\/api.w.org\/{rel}","templated":true}]}}