{"id":158,"date":"2018-12-13T10:51:52","date_gmt":"2018-12-13T12:51:52","guid":{"rendered":"https:\/\/www.ufsm.br\/cursos\/graduacao\/santa-maria\/direito\/?page_id=158"},"modified":"2018-12-13T10:51:53","modified_gmt":"2018-12-13T12:51:53","slug":"perfil-do-egresso","status":"publish","type":"page","link":"https:\/\/www.ufsm.br\/cursos\/graduacao\/santa-maria\/direito\/perfil-do-egresso","title":{"rendered":"Perfil do Egresso"},"content":{"rendered":"<div>O Curso de Direito da UFSM tem exercido a proposta de supera\u00e7\u00e3o da vis\u00e3o monocular do Direito, historicamente presente nos cursos jur\u00eddicos.<\/p>\n<\/div>\n<div>O perfil profissional a ser formado \u00e9 fruto da preocupa\u00e7\u00e3o com sua compet\u00eancia como homem pol\u00edtico-social, um homem transcendente em si mesmo que, integrado internamente, dirige-se a fazer hist\u00f3ria, construindo-se e construindo sua cultura.<\/p>\n<\/div>\n<div>Para tanto, o Curso de Direito est\u00e1 centrado em duas perspectivas complementares: de um lado, a forma\u00e7\u00e3o te\u00f3rica s\u00f3lida, espalhada na dimens\u00e3o transdisciplinar de saberes, o que ocorre a partir da inser\u00e7\u00e3o de componentes curriculares como Filosofia Aplicada ao Direito, Sociologia Aplicada ao Direito, Economia Aplicada ao Direito, Ci\u00eancia Pol\u00edtica e Teoria Geral do Estado, Hermen\u00eautica, Psicologia Aplicada ao Direito, Antropologia e Direito, dentre outras; de outro lado, a apreens\u00e3o cr\u00edtica e construtiva do direito, manifestada no conhecimento t\u00e9cnico do instrumental jur\u00eddico destinado \u00e0s rela\u00e7\u00f5es entre Estado e sociedade, dos sujeitos e das pessoas, mediante uma hermen\u00eautica prospectiva e atualizadora dos espa\u00e7os p\u00fablicos e privados.<\/p>\n<\/div>\n<div>Dotado desta forma\u00e7\u00e3o interdisciplinar, que contempla atividades de ensino, pesquisa e extens\u00e3o, o graduando dever\u00e1, ao final do curso, apresentar o aporte t\u00e9cnico e cr\u00edtico que o possibilite atuar nas v\u00e1rias carreiras jur\u00eddicas: advocacia, magistratura, Minist\u00e9rio P\u00fablico, magist\u00e9rio ou na pesquisa de cunho cient\u00edfico, bem como em tantas outras op\u00e7\u00f5es que se apresentam aos bachar\u00e9is em direito.<\/p>\n<\/div>\n<div>Para formar este perfil profissional, a organiza\u00e7\u00e3o did\u00e1tico-pedag\u00f3gica do Curso de Direito deve desenvolver as seguintes habilidades:<\/p>\n<\/div>\n<div>&#8211; capacidade de compreender o direito como fen\u00f4meno em constru\u00e7\u00e3o, que a um s\u00f3 tempo influencia e sofre influ\u00eancias do contexto s\u00f3cio-pol\u00edtico e econ\u00f4mico;<\/p>\n<\/div>\n<div>&#8211; capacidade de interpreta\u00e7\u00e3o e de aplica\u00e7\u00e3o do Direito, adequada significativamente ao contexto social da atua\u00e7\u00e3o profissional;<\/p>\n<\/div>\n<div>&#8211; capacidade de intelegibilidade dos fen\u00f4menos jur\u00eddicos, como fen\u00f4menos sociais complexos, considerando as vari\u00e1veis hist\u00f3ricas e sociais de uma sociedade complexa e interdependente;<\/p>\n<\/div>\n<div>&#8211; capacidade de pesquisa sobre as normas jur\u00eddicas, da dogm\u00e1tica e posi\u00e7\u00e3o jurisprudencial;<\/p>\n<\/div>\n<div>&#8211; capacidade de produ\u00e7\u00e3o jur\u00eddica cr\u00edtica e socialmente comprometida, que apresente dom\u00ednio te\u00f3rico e metodol\u00f3gico;<\/p>\n<\/div>\n<div>&#8211; capacidade de atua\u00e7\u00e3o profissional, com s\u00f3lido dom\u00ednio te\u00f3rico e pr\u00e1tico informado por um acurado senso cr\u00edtico;<\/p>\n<\/div>\n<div>&#8211; capacidade de enfrentar profissionalmente quest\u00f5es jur\u00eddicas novas, atrav\u00e9s de pr\u00e1ticas construtivas e criativas do direito existente e do direito insurgente;<\/p>\n<\/div>\n<div>&#8211; capacidade de transmiss\u00e3o e reprodu\u00e7\u00e3o cr\u00edtica do saber jur\u00eddico;<\/p>\n<\/div>\n<div>&#8211; desenvolvimento da \u00e9tica pessoal e profissional, de forma a permitir uma atua\u00e7\u00e3o acad\u00eamica e profissional comprometida com valores que respeitem a pluralidade, a dignidade da pessoa humana e os princ\u00edpios inspiradores do Estado Democr\u00e1tico de Direito.<\/div>\n","protected":false},"excerpt":{"rendered":"<p>O Curso de Direito da UFSM tem exercido a proposta de supera\u00e7\u00e3o da vis\u00e3o monocular do Direito, historicamente presente nos cursos jur\u00eddicos. O perfil profissional a ser formado \u00e9 fruto da preocupa\u00e7\u00e3o com sua compet\u00eancia como homem pol\u00edtico-social, um homem transcendente em si mesmo que, integrado internamente, dirige-se a fazer hist\u00f3ria, construindo-se e construindo sua [&hellip;]<\/p>\n","protected":false},"author":201,"featured_media":0,"parent":0,"menu_order":0,"comment_status":"closed","ping_status":"closed","template":"","meta":{"footnotes":""},"categories":[],"tags":[],"class_list":["post-158","page","type-page","status-publish","hentry"],"acf":[],"_links":{"self":[{"href":"https:\/\/www.ufsm.br\/cursos\/graduacao\/santa-maria\/direito\/wp-json\/wp\/v2\/pages\/158","targetHints":{"allow":["GET"]}}],"collection":[{"href":"https:\/\/www.ufsm.br\/cursos\/graduacao\/santa-maria\/direito\/wp-json\/wp\/v2\/pages"}],"about":[{"href":"https:\/\/www.ufsm.br\/cursos\/graduacao\/santa-maria\/direito\/wp-json\/wp\/v2\/types\/page"}],"author":[{"embeddable":true,"href":"https:\/\/www.ufsm.br\/cursos\/graduacao\/santa-maria\/direito\/wp-json\/wp\/v2\/users\/201"}],"replies":[{"embeddable":true,"href":"https:\/\/www.ufsm.br\/cursos\/graduacao\/santa-maria\/direito\/wp-json\/wp\/v2\/comments?post=158"}],"version-history":[{"count":0,"href":"https:\/\/www.ufsm.br\/cursos\/graduacao\/santa-maria\/direito\/wp-json\/wp\/v2\/pages\/158\/revisions"}],"wp:attachment":[{"href":"https:\/\/www.ufsm.br\/cursos\/graduacao\/santa-maria\/direito\/wp-json\/wp\/v2\/media?parent=158"}],"wp:term":[{"taxonomy":"category","embeddable":true,"href":"https:\/\/www.ufsm.br\/cursos\/graduacao\/santa-maria\/direito\/wp-json\/wp\/v2\/categories?post=158"},{"taxonomy":"post_tag","embeddable":true,"href":"https:\/\/www.ufsm.br\/cursos\/graduacao\/santa-maria\/direito\/wp-json\/wp\/v2\/tags?post=158"}],"curies":[{"name":"wp","href":"https:\/\/api.w.org\/{rel}","templated":true}]}}