{"id":159,"date":"2018-12-13T11:03:46","date_gmt":"2018-12-13T13:03:46","guid":{"rendered":"https:\/\/www.ufsm.br\/cursos\/graduacao\/santa-maria\/direito\/?page_id=159"},"modified":"2018-12-13T11:03:47","modified_gmt":"2018-12-13T13:03:47","slug":"areas-de-atuacao","status":"publish","type":"page","link":"https:\/\/www.ufsm.br\/cursos\/graduacao\/santa-maria\/direito\/areas-de-atuacao","title":{"rendered":"\u00c1reas de Atua\u00e7\u00e3o"},"content":{"rendered":"<p>Durante muito tempo o Curso de Direito da UFSM destacou-se pela s\u00f3lida forma\u00e7\u00e3o t\u00e9cnica, marcada pelo dogmatismo, em que o direito era tomado, prioritariamente, a partir dos c\u00f3digos. Como conseq\u00fc\u00eancia disso, a atua\u00e7\u00e3o profissional do egresso dava-se, precipuamente, nas carreiras p\u00fablicas, notadamente Magistratura, Minist\u00e9rio P\u00fablico e \u00e1reas afins. Embora as carreiras p\u00fablicas ainda se apresentem como uma forte op\u00e7\u00e3o para o corpo discente no momento do seu ingresso nesta Institui\u00e7\u00e3o, vislumbra-se que aos poucos come\u00e7a a se construir um outro panorama, em que os acad\u00eamicos sinalizam para outras \u00e1reas e centros de interesse.<\/p>\n<p>Esta nova postura emerge de um influxo de duas for\u00e7as que ainda convivem no Curso de Direito: de um lado o ensino tradicional, voltado para a forma\u00e7\u00e3o jur\u00eddica dentro do padr\u00e3o oitocentista, dominado pela dogm\u00e1tica jur\u00eddica cl\u00e1ssica; de outro, os novos ventos que sopram sobre o ensino jur\u00eddico, fazendo com que docentes e discentes percebam o fen\u00f4meno social de forma diferente, acolhendo e se sensibilizando pelas demandas apresentadas pela sociedade brasileira.<\/p>\n<p>Neste contexto, em que estas for\u00e7as aparentemente antag\u00f4nicas desenvolvem uma complexa dial\u00e9tica, descortina-se aos graduandos a possibilidade de cria\u00e7\u00e3o de novos espa\u00e7os para atua\u00e7\u00e3o profissional, desbordando as carreiras inicialmente perseguidas. Neste sentido, h\u00e1 significativo n\u00famero de egressos da UFSM procurando cursos de p\u00f3s-gradua\u00e7\u00e3o, o que sinaliza para um maior interesse pelas atividades de pesquisa cient\u00edfica e doc\u00eancia acad\u00eamica, op\u00e7\u00f5es que t\u00eam oferecido grandes possibilidades de atua\u00e7\u00e3o profissional.<\/p>\n<p>Aliado a isso, h\u00e1 consider\u00e1vel aumento de profissionais egressos deste curso que passam a ocupar espa\u00e7os antes n\u00e3o explorados, em consultorias de associa\u00e7\u00f5es, assessoria de empresas, \u00f3rg\u00e3os p\u00fablicos, procuradorias de munic\u00edpios, entre outros.<\/p>\n<p>A preocupa\u00e7\u00e3o com as demandas sociais, com a sa\u00fade da popula\u00e7\u00e3o, com o meio ambiente, recursos h\u00eddricos, com a tutela coletiva de direitos tem sensibilizado os acad\u00eamicos, o que se reflete no aumento do n\u00famero de profissionais com atua\u00e7\u00e3o nestas \u00e1reas.<\/p>\n<p>H\u00e1 que se lembrar, tamb\u00e9m, que a sociedade globalizada e interdependente possibilita a atua\u00e7\u00e3o de novos atores, o que, por conseguinte, abre espa\u00e7o para novos canais de inser\u00e7\u00e3o. Neste sentido, vislumbra-se interesse crescente dos graduandos em direito internacional, o que se reflete na procura recorrente pela realiza\u00e7\u00e3o do Curso de Mestrado em Integra\u00e7\u00e3o Latino-americana, realizado em parceria pelos cursos de Direito, Economia e Hist\u00f3ria. Percebe-se, desta forma, a comunica\u00e7\u00e3o que \u00e9 feita entre a gradua\u00e7\u00e3o e a p\u00f3s-gradua\u00e7\u00e3o.<\/p>\n","protected":false},"excerpt":{"rendered":"<p>Durante muito tempo o Curso de Direito da UFSM destacou-se pela s\u00f3lida forma\u00e7\u00e3o t\u00e9cnica, marcada pelo dogmatismo, em que o direito era tomado, prioritariamente, a partir dos c\u00f3digos. Como conseq\u00fc\u00eancia disso, a atua\u00e7\u00e3o profissional do egresso dava-se, precipuamente, nas carreiras p\u00fablicas, notadamente Magistratura, Minist\u00e9rio P\u00fablico e \u00e1reas afins. Embora as carreiras p\u00fablicas ainda se apresentem [&hellip;]<\/p>\n","protected":false},"author":201,"featured_media":0,"parent":0,"menu_order":0,"comment_status":"closed","ping_status":"closed","template":"","meta":{"footnotes":""},"categories":[],"tags":[],"class_list":["post-159","page","type-page","status-publish","hentry"],"acf":[],"_links":{"self":[{"href":"https:\/\/www.ufsm.br\/cursos\/graduacao\/santa-maria\/direito\/wp-json\/wp\/v2\/pages\/159","targetHints":{"allow":["GET"]}}],"collection":[{"href":"https:\/\/www.ufsm.br\/cursos\/graduacao\/santa-maria\/direito\/wp-json\/wp\/v2\/pages"}],"about":[{"href":"https:\/\/www.ufsm.br\/cursos\/graduacao\/santa-maria\/direito\/wp-json\/wp\/v2\/types\/page"}],"author":[{"embeddable":true,"href":"https:\/\/www.ufsm.br\/cursos\/graduacao\/santa-maria\/direito\/wp-json\/wp\/v2\/users\/201"}],"replies":[{"embeddable":true,"href":"https:\/\/www.ufsm.br\/cursos\/graduacao\/santa-maria\/direito\/wp-json\/wp\/v2\/comments?post=159"}],"version-history":[{"count":0,"href":"https:\/\/www.ufsm.br\/cursos\/graduacao\/santa-maria\/direito\/wp-json\/wp\/v2\/pages\/159\/revisions"}],"wp:attachment":[{"href":"https:\/\/www.ufsm.br\/cursos\/graduacao\/santa-maria\/direito\/wp-json\/wp\/v2\/media?parent=159"}],"wp:term":[{"taxonomy":"category","embeddable":true,"href":"https:\/\/www.ufsm.br\/cursos\/graduacao\/santa-maria\/direito\/wp-json\/wp\/v2\/categories?post=159"},{"taxonomy":"post_tag","embeddable":true,"href":"https:\/\/www.ufsm.br\/cursos\/graduacao\/santa-maria\/direito\/wp-json\/wp\/v2\/tags?post=159"}],"curies":[{"name":"wp","href":"https:\/\/api.w.org\/{rel}","templated":true}]}}