{"id":166,"date":"2018-12-13T11:45:52","date_gmt":"2018-12-13T13:45:52","guid":{"rendered":"https:\/\/www.ufsm.br\/cursos\/graduacao\/santa-maria\/direito\/?page_id=166"},"modified":"2023-11-27T19:48:43","modified_gmt":"2023-11-27T22:48:43","slug":"colegiado-do-curso","status":"publish","type":"page","link":"https:\/\/www.ufsm.br\/cursos\/graduacao\/santa-maria\/direito\/colegiado-do-curso","title":{"rendered":"Colegiado do Curso"},"content":{"rendered":"<p><strong>Calend\u00e1rio Reuni\u00f5es do Colegiado Conjunto dos Cursos de Direito<\/strong><\/p>\n<div>\n<div>\u00a0<\/div>\n<p>Os pedidos devem ser protocolados na secretaria\u00a0<strong>at\u00e9 a sexta-feira antecedente \u00e0 reuni\u00e3o, at\u00e9 as 12h da manh\u00e3.<\/strong><\/p>\n<p><strong>Em caso de aus\u00eancia de demanda a reuni\u00e3o ser\u00e1 cancelada.<br \/><\/strong><\/p>\n<div>\u00a0<\/div>\n<div>\n<div>\u00a0<\/div>\n<\/div>\n<\/div>\n<div>\n<p><strong style=\"color: #ff0000;font-size: revert\">ENUNCIADOS do Colegiado Conjunto dos Cursos de Direito<\/strong><\/p>\n<div>\n<p><strong>ENUNCIADO 1<\/strong>\u00a0&#8211; \u00e9 autorizada a quebra de pr\u00e9-requisito para aluno formando, devidamente comprovado, no \u00faltimo ano do curso, condicionada a oferta regular da disciplina e exist\u00eancia de vaga.<\/p>\n<p><strong>ENUNCIADO 2<\/strong>\u00a0&#8211; \u00c9 autorizada a quebra de pr\u00e9-requisito para o aluno do curso que realizou interc\u00e2mbio institucional, reconhecido pela UFSM, sendo limitado a dois pedidos de quebra nos dois semestres subsequentes ao retorno ao Brasil, visando cursar as disciplinas da sua turma regular, sempre condicionado \u00e0 oferta da disciplina e exist\u00eancia de vaga. (reda\u00e7\u00e3o alterada, conforme ata 251\/2015)<\/p>\n<p><strong>ENUNCIADO 3<\/strong> &#8211; O pedido de c\u00f4mputo de ACG dever\u00e1 ser entregue apenas pelo aluno formando (\u00faltimo ano do curso), observando o m\u00ednimo de 300 horas, conforme lista aprovada pelo Colegiado, considerando ainda, que ser\u00e3o computadas apenas atividades realizadas ap\u00f3s o v\u00ednculo do aluno com a UFSM (aprovado &#8211; Ata 252\/2015) e\u00a0 Ata 297\/2021.<\/p>\n<p><strong>ENUNCIADO 4: <\/strong>\u00c9 autorizada a quebra de pr\u00e9-requisito para o\u00a0 aluno do curso que, em decorr\u00eancia de doen\u00e7a catalogada pela Classifica\u00e7\u00e3o Estat\u00edstica Internacional de Doen\u00e7as e Problemas Relacionados \u00e0 Sa\u00fade (CID-10), reconhecida por meio de laudo m\u00e9dico at\u00e9 seis (6) meses anteriores \u00e0 solicita\u00e7\u00e3o necessitou de afastamento para realizar tratamento, visando cursar as\u00a0 disciplinas de sua turma regular, sempre condicionado \u00e0 oferta da disciplina e exist\u00eancia de vaga, sem limita\u00e7\u00e3o\u00a0 de\u00a0 quebra\u00a0 nos\u00a0 semestres\u00a0 subsequentes\u00a0 ao\u00a0 retorno,\u00a0 respeitado\u00a0 o\u00a0 limite\u00a0 de\u00a0 carga\u00a0 hor\u00e1ria estabelecido pela Institui\u00e7\u00e3o.<\/p>\n<ul>\n<li><strong>1\u00ba:<\/strong> O benef\u00edcio ser\u00e1 concedido uma vez comprovado o acompanhamento por profissional habilitado, por meio de atestado ou outro documento comprobat\u00f3rio, que dever\u00e1 ser apresentado no decorrer do semestre a qual solicitou-se a quebra de pr\u00e9-requisito.<\/li>\n<li><strong>2\u00ba:<\/strong> Em caso de solicita\u00e7\u00e3o de nova quebra de pr\u00e9-requisito em semestre subsequente ao\u00a0 requerido,\u00a0 a\u00a0 situa\u00e7\u00e3o\u00a0 ser\u00e1\u00a0 reavaliada\u00a0 mediante\u00a0 os\u00a0 mesmos\u00a0 crit\u00e9rios\u00a0 apresentados,\u00a0 fazendo-se\u00a0 necess\u00e1rio\u00a0 nova\u00a0 apresenta\u00e7\u00e3o de laudos e atestados previstos no caput e par\u00e1grafo primeiro deste enunciado.<\/li>\n<li><strong>3\u00ba:<\/strong> Os casos omissos dever\u00e3o ser apresentados ao \u00d3rg\u00e3o Colegiado do Curso de Direito, que far\u00e1 a aprecia\u00e7\u00e3o do pedido. (ATA 309\/2022 &#8211; 30\/11\/2022)<\/li>\n<\/ul>\n<\/div>\n<\/div>\n\n\n<div class=\"wp-block-file\"><a id=\"wp-block-file--media-cd238bd1-edf4-4a9c-a3ed-4b2d5260332a\" href=\"https:\/\/www.ufsm.br\/app\/uploads\/sites\/479\/2021\/05\/COLEGIADO-1sem2021port.-n.120-CD.pdf\">PORTARIA COLEGIADO-1sem2021port.-n.120-CD<\/a><a href=\"https:\/\/www.ufsm.br\/app\/uploads\/sites\/479\/2021\/05\/COLEGIADO-1sem2021port.-n.120-CD.pdf\" class=\"wp-block-file__button wp-element-button\" download aria-describedby=\"wp-block-file--media-cd238bd1-edf4-4a9c-a3ed-4b2d5260332a\">Baixar<\/a><\/div>\n\n\n\n<div data-wp-interactive=\"core\/file\" class=\"wp-block-file\"><object data-wp-bind--hidden=\"!state.hasPdfPreview\" hidden class=\"wp-block-file__embed\" data=\"https:\/\/www.ufsm.br\/app\/uploads\/sites\/479\/2022\/10\/ATA_CD_UFSM_2022_308-portal-documentos-5.pdf\" type=\"application\/pdf\" style=\"width:100%;height:600px\" aria-label=\"Incorporado de ATA_CD_UFSM_2022_308-portal-documentos-5.\"><\/object><a id=\"wp-block-file--media-18e849c8-e2dc-432b-aaad-ee6b1ec71797\" href=\"https:\/\/www.ufsm.br\/app\/uploads\/sites\/479\/2022\/10\/ATA_CD_UFSM_2022_308-portal-documentos-5.pdf\">ATA_CD_UFSM_2022_308-portal-documentos-5<\/a><a href=\"https:\/\/www.ufsm.br\/app\/uploads\/sites\/479\/2022\/10\/ATA_CD_UFSM_2022_308-portal-documentos-5.pdf\" class=\"wp-block-file__button wp-element-button\" download aria-describedby=\"wp-block-file--media-18e849c8-e2dc-432b-aaad-ee6b1ec71797\">Baixar<\/a><\/div>\n","protected":false},"excerpt":{"rendered":"<p>Calend\u00e1rio Reuni\u00f5es do Colegiado Conjunto dos Cursos de Direito \u00a0 Os pedidos devem ser protocolados na secretaria\u00a0at\u00e9 a sexta-feira antecedente \u00e0 reuni\u00e3o, at\u00e9 as 12h da manh\u00e3. Em caso de aus\u00eancia de demanda a reuni\u00e3o ser\u00e1 cancelada. \u00a0 \u00a0 ENUNCIADOS do Colegiado Conjunto dos Cursos de Direito ENUNCIADO 1\u00a0&#8211; \u00e9 autorizada a quebra de pr\u00e9-requisito [&hellip;]<\/p>\n","protected":false},"author":201,"featured_media":0,"parent":0,"menu_order":0,"comment_status":"closed","ping_status":"closed","template":"","meta":{"footnotes":""},"categories":[],"tags":[],"class_list":["post-166","page","type-page","status-publish","hentry"],"acf":[],"_links":{"self":[{"href":"https:\/\/www.ufsm.br\/cursos\/graduacao\/santa-maria\/direito\/wp-json\/wp\/v2\/pages\/166","targetHints":{"allow":["GET"]}}],"collection":[{"href":"https:\/\/www.ufsm.br\/cursos\/graduacao\/santa-maria\/direito\/wp-json\/wp\/v2\/pages"}],"about":[{"href":"https:\/\/www.ufsm.br\/cursos\/graduacao\/santa-maria\/direito\/wp-json\/wp\/v2\/types\/page"}],"author":[{"embeddable":true,"href":"https:\/\/www.ufsm.br\/cursos\/graduacao\/santa-maria\/direito\/wp-json\/wp\/v2\/users\/201"}],"replies":[{"embeddable":true,"href":"https:\/\/www.ufsm.br\/cursos\/graduacao\/santa-maria\/direito\/wp-json\/wp\/v2\/comments?post=166"}],"version-history":[{"count":0,"href":"https:\/\/www.ufsm.br\/cursos\/graduacao\/santa-maria\/direito\/wp-json\/wp\/v2\/pages\/166\/revisions"}],"wp:attachment":[{"href":"https:\/\/www.ufsm.br\/cursos\/graduacao\/santa-maria\/direito\/wp-json\/wp\/v2\/media?parent=166"}],"wp:term":[{"taxonomy":"category","embeddable":true,"href":"https:\/\/www.ufsm.br\/cursos\/graduacao\/santa-maria\/direito\/wp-json\/wp\/v2\/categories?post=166"},{"taxonomy":"post_tag","embeddable":true,"href":"https:\/\/www.ufsm.br\/cursos\/graduacao\/santa-maria\/direito\/wp-json\/wp\/v2\/tags?post=166"}],"curies":[{"name":"wp","href":"https:\/\/api.w.org\/{rel}","templated":true}]}}