{"id":211,"date":"2018-12-13T11:53:13","date_gmt":"2018-12-13T13:53:13","guid":{"rendered":"https:\/\/www.ufsm.br\/cursos\/graduacao\/santa-maria\/direito\/?page_id=211"},"modified":"2018-12-13T11:53:13","modified_gmt":"2018-12-13T13:53:13","slug":"ata238","status":"publish","type":"page","link":"https:\/\/www.ufsm.br\/cursos\/graduacao\/santa-maria\/direito\/ata238","title":{"rendered":"ata238"},"content":{"rendered":"<p>Aos cinco dias do m\u00eas de junho de dois mil e quatorze, \u00e0s 11 horas, na sala da Coordena\u00e7\u00e3o, realizou-se a ducent\u00e9sima trig\u00e9sima oitava reuni\u00e3o do Colegiado do Curso de Direito, em car\u00e1ter ordin\u00e1rio, a qual contou com presen\u00e7a dos professores Rafael Santos de Oliveira, Maria Ester Toaldo Bopp, Paulo Ricardo Inhaquite da Costa, dos representantes discentes:<\/p>\n<p>Francine Salgado Cad\u00f3, Barbara Borges da Costa, para tratar da seguinte\u00a0<b>PAUTA<\/b>:\u00a0<b>1) Solicita\u00e7\u00e3o de Quebra de Pr\u00e9-Requisitos:<\/b>\u00a0Cl\u00e1udia Lozza, Carolina Severo Nogueira, Clarissa Teresinha Lovatto, Marcelo Machado dos Santos, Isadora Geissler, Vin\u00edcius Schneider, Guilherme Pereira Conte, Maira Line Costa.\u00a0<b>2) Aprecia\u00e7\u00e3o do ad referendum da Coordena\u00e7\u00e3o do Curso: \u00a0<\/b>relativo a proposta de conv\u00eanio de est\u00e1gios com o N\u00facleo Brasileiro de Est\u00e1gios Ltda e com o Centro de Desenvolvimento Profissional.\u00a0<b>3) Aprecia\u00e7\u00e3o da proposta de conv\u00eanio de est\u00e1gio com o Minist\u00e9rio P\u00fablico Militar.\u00a0 4) Recomposi\u00e7\u00e3o do N\u00facleo Docente Estruturante (NDE). 5) Cria\u00e7\u00e3o da CPA \u2013 Comiss\u00e3o Permanente de Avalia\u00e7\u00e3o. 6) Assuntos gerais. \u00a0<\/b><b>Delibera\u00e7\u00f5es<\/b><b>:<\/b>\u00a0<b>1) Solicita\u00e7\u00e3o de Quebra de Pr\u00e9-Requisitos:<\/b>\u00a0todas as quebras de pr\u00e9-requisitos deferidas ficam condicionadas \u00e0 exist\u00eancia de vagas nas disciplinas. N\u00e3o ser\u00e3o abertas novas vagas em preju\u00edzo aos alunos regulares.\u00a0N\u00e3o havendo saldo de vagas em Est\u00e1gio V, poder\u00e3o os alunos realizar est\u00e1gio em \u00f3rg\u00e3o conveniado, desde que antes da matr\u00edcula apresentem contrato de est\u00e1gio junto a Coordena\u00e7\u00e3o.\u00a0<b>1) Solicita\u00e7\u00e3o de Quebra de Pr\u00e9-Requisitos:<\/b>\u00a0\u00a0Cl\u00e1udia Lozza, deferido; Carolina Severo Nogueira, deferido; Clarissa Teresinha Lovatto, deferido. Marcelo Machado dos Santos, deferido. Isadora Geissler, deferido. Vin\u00edcius Schneider, deferido. Guilherme Pereira Conte, deferido. Maira Line Costa, deferido.\u00a0<b>2) Aprecia\u00e7\u00e3o do ad referendum da Coordena\u00e7\u00e3o do Curso relativo a proposta de conv\u00eanio de est\u00e1gios com o N\u00facleo Brasileiro de Est\u00e1gios Ltda e com o Centro de Desenvolvimento Profissional:<\/b>\u00a0aprovado\u00a0o\u00a0<i>ad referendum.<\/i>\u00a0\u00a0<b>3) Aprecia\u00e7\u00e3o da proposta de conv\u00eanio de est\u00e1gio com o Minist\u00e9rio P\u00fablico Militar:\u00a0<\/b>aprovada a proposta de conv\u00eanio tendo em vista que existe previs\u00e3o junto ao Projeto Pedag\u00f3gico do Curso de Direito para tal atividade.\u00a0<b>4) Recomposi\u00e7\u00e3o do N\u00facleo Docente Estruturante (NDE):\u00a0<\/b>O n\u00facleo passa a ser composto pelos seguintes docentes, diante dos crit\u00e9rios j\u00e1 adotados anteriormente pelo Colegiado do Curso e conforme Parecer CONAES 04\/2010: Luiz Ernani Bonesso de Ara\u00fajo, Rosane Leal da Silva, Isabel Christine S. de Gregori, Rafael Santos de Oliveira, Maria Beatriz Oliveira da Silva e Jer\u00f4nimo Siqueira Tybusch.\u00a0<b>5) Cria\u00e7\u00e3o da CPA \u2013 Comiss\u00e3o Permanente de Avalia\u00e7\u00e3o:\u00a0<\/b>a cria\u00e7\u00e3o da CPA visa atender as orienta\u00e7\u00f5es do art. 11 da Lei 10.861\/2004 que institui o Sistema Nacional de Avalia\u00e7\u00e3o da Educa\u00e7\u00e3o. Ser\u00e1 composta por docentes, t\u00e9cnicos administrativos, discentes e egressos.\u00a0 Na condi\u00e7\u00e3o de docentes far\u00e3o parte: Jer\u00f4nimo Siqueira Tybusch, Rafael Santos de Oliveira, Isabel Christine S. de Gregori, Paulo Ricardo Inhaquite da Costa. Do quadro t\u00e9cnico administrativo:\u00a0Maristela Ribas Smidt<span class=\"apple-converted-space\">, Vanderl\u00e9ia Leal Losekann, Everton Miralha. Na condi\u00e7\u00e3o de egressos do curso: Andressa Nichel e Let\u00edcia Bodanese Rodegheri. A composi\u00e7\u00e3o do quadro discente (quatro integrantes) ser\u00e1 informada pelos integrantes do Diret\u00f3rio Livre do Direito e aprovada na pr\u00f3xima reuni\u00e3o do colegiado.\u00a0<\/span><b>6) Assuntos gerais:\u00a0<\/b>diante do afastamento do professor Jer\u00f4nimo Siqueira Tybusch da Coordena\u00e7\u00e3o do Curso de Direito noturno, em raz\u00e3o de ter assumido uma fun\u00e7\u00e3o junto \u00e0 PROGRAD, a Coordena\u00e7\u00e3o foi assumida por seu substituto prof. Paulo Ricardo Inhaquite que passou a fazer parte do Colegiado do Curso como titular. Nada mais havendo a tratar, encerrou-se a reuni\u00e3o, cuja ata foi feita e lavrada pelos Coordenadores dos Cursos de Direito Diurno e Noturno e assinada por todos os presentes, sendo lida por todos e ao final e aprovada.<\/p>\n","protected":false},"excerpt":{"rendered":"<p>Aos cinco dias do m\u00eas de junho de dois mil e quatorze, \u00e0s 11 horas, na sala da Coordena\u00e7\u00e3o, realizou-se a ducent\u00e9sima trig\u00e9sima oitava reuni\u00e3o do Colegiado do Curso de Direito, em car\u00e1ter ordin\u00e1rio, a qual contou com presen\u00e7a dos professores Rafael Santos de Oliveira, Maria Ester Toaldo Bopp, Paulo Ricardo Inhaquite da Costa, dos [&hellip;]<\/p>\n","protected":false},"author":201,"featured_media":0,"parent":0,"menu_order":0,"comment_status":"closed","ping_status":"closed","template":"","meta":{"footnotes":""},"categories":[],"tags":[],"class_list":["post-211","page","type-page","status-publish","hentry"],"acf":[],"_links":{"self":[{"href":"https:\/\/www.ufsm.br\/cursos\/graduacao\/santa-maria\/direito\/wp-json\/wp\/v2\/pages\/211","targetHints":{"allow":["GET"]}}],"collection":[{"href":"https:\/\/www.ufsm.br\/cursos\/graduacao\/santa-maria\/direito\/wp-json\/wp\/v2\/pages"}],"about":[{"href":"https:\/\/www.ufsm.br\/cursos\/graduacao\/santa-maria\/direito\/wp-json\/wp\/v2\/types\/page"}],"author":[{"embeddable":true,"href":"https:\/\/www.ufsm.br\/cursos\/graduacao\/santa-maria\/direito\/wp-json\/wp\/v2\/users\/201"}],"replies":[{"embeddable":true,"href":"https:\/\/www.ufsm.br\/cursos\/graduacao\/santa-maria\/direito\/wp-json\/wp\/v2\/comments?post=211"}],"version-history":[{"count":0,"href":"https:\/\/www.ufsm.br\/cursos\/graduacao\/santa-maria\/direito\/wp-json\/wp\/v2\/pages\/211\/revisions"}],"wp:attachment":[{"href":"https:\/\/www.ufsm.br\/cursos\/graduacao\/santa-maria\/direito\/wp-json\/wp\/v2\/media?parent=211"}],"wp:term":[{"taxonomy":"category","embeddable":true,"href":"https:\/\/www.ufsm.br\/cursos\/graduacao\/santa-maria\/direito\/wp-json\/wp\/v2\/categories?post=211"},{"taxonomy":"post_tag","embeddable":true,"href":"https:\/\/www.ufsm.br\/cursos\/graduacao\/santa-maria\/direito\/wp-json\/wp\/v2\/tags?post=211"}],"curies":[{"name":"wp","href":"https:\/\/api.w.org\/{rel}","templated":true}]}}