{"id":224,"date":"2018-12-13T13:20:11","date_gmt":"2018-12-13T15:20:11","guid":{"rendered":"https:\/\/www.ufsm.br\/cursos\/graduacao\/santa-maria\/direito\/?page_id=224"},"modified":"2018-12-13T13:20:11","modified_gmt":"2018-12-13T15:20:11","slug":"ata-227-colegiado-do-curso","status":"publish","type":"page","link":"https:\/\/www.ufsm.br\/cursos\/graduacao\/santa-maria\/direito\/ata-227-colegiado-do-curso","title":{"rendered":"Ata 227 &#8211; Colegiado do Curso"},"content":{"rendered":"<p style=\"font-weight: 400\"><b><strong>UNIVERSIDADE FEDERAL DE SANTA MARIA<\/strong><\/b><\/p>\n<p style=\"font-weight: 400;text-align: center\"><b><strong>CENTRO DE CI\u00caNCIAS SOCIAIS E HUMANAS<\/strong><\/b><\/p>\n<p style=\"font-weight: 400;text-align: center\"><b><strong>CURSO DE DIREITO<\/strong><\/b><\/p>\n<p style=\"font-weight: 400;text-align: center\"><b><strong>\u00a0<\/strong><\/b><\/p>\n<p style=\"font-weight: 400;text-align: center\"><b><strong>ATA N\u00ba 227<\/strong><\/b><\/p>\n<p style=\"font-weight: 400\">Aos vinte e seis dias do m\u00eas de outubro do ano de dois mil e doze, \u00e0s dez horas e trinta minutos, na sala da Coordena\u00e7\u00e3o, realizou-se a duocent\u00e9sima vig\u00e9sima s\u00e9tima reuni\u00e3o do Colegiado do Curso de Direito, em car\u00e1ter ordin\u00e1rio, com a seguinte pauta:\u00a0<b><strong>1)<\/strong><\/b>\u00a0aproveitamento de disciplinas da acad\u00eamica Silva do Nascimento;\u00a0<b><strong>2)<\/strong><\/b>\u00a0Requerimento de dispensa de disciplinas das acad\u00eamicas Amanda Mattioni Prado e Melise Calage da Silva;\u00a0<b><strong>3)<\/strong><\/b>\u00a0Aprecia\u00e7\u00e3o de pareceres dos relatores referentes a L\u00e1urea acad\u00eamica;\u00a0<b><strong>4)<\/strong><\/b>\u00a0Aprecia\u00e7\u00e3o do relat\u00f3rio de monitoria da acad\u00eamica Patr\u00edcia Adriani Hoch;\u00a0<b><strong>5)<\/strong><\/b>\u00a0Aprecia\u00e7\u00e3o do requerimento de DCG do acad\u00eamico Fabio Rodrigues Ferreira;\u00a0<b><strong>6)<\/strong><\/b>\u00a0Aprecia\u00e7\u00e3o das solicita\u00e7\u00f5es de quebra de pr\u00e9-requisitos;\u00a0<b><strong>7)<\/strong><\/b>\u00a0Revis\u00e3o da estrutura da Revista do Curso.\u00a0<b><strong>1) aproveitamento de disciplinas (acad\u00eamica Silvia do Nascimento Schlemmer):<\/strong><\/b>\u00a0foi solicitado pelo relator prorroga\u00e7\u00e3o de prazo at\u00e9 a pr\u00f3xima reuni\u00e3o, o qual foi deferido.\u00a0<b><strong>2) Requerimento de dispensas de disciplinas das acad\u00eamicas Amanda Mattioni Prado e Melise Calage da Silva:<\/strong><\/b>\u00a0aprovado o\u00a0<em>ad referendum<\/em>\u00a0dado pelo Coordenador do Curso ao analisar a documenta\u00e7\u00e3o das acad\u00eamicas.\u00a0<b><strong>3) Aprecia\u00e7\u00e3o de pareceres dos relatores dos requerimentos de l\u00e1urea acad\u00eamica:<\/strong><\/b>solicitado pelo relator prorroga\u00e7\u00e3o de prazo at\u00e9 a pr\u00f3xima reuni\u00e3o, o qual foi deferido.\u00a0<b><strong>4) Aprecia\u00e7\u00e3o do relat\u00f3rio de monitoria da acad\u00eamica Patr\u00edcia Adriani Hoch:<\/strong><\/b>\u00a0aprovado.\u00a0<b><strong>5) Aprecia\u00e7\u00e3o do Requerimento de DCG do acad\u00eamico F\u00e1bio Rodrigues Ferreira:<\/strong><\/b>\u00a0deferido.\u00a0<b><strong>6) Aprecia\u00e7\u00e3o das solicita\u00e7\u00f5es de quebra de pr\u00e9-requisitos dos acad\u00eamicos:<\/strong><\/b>Mariana Freitas Magalh\u00e3es, Emerson Thom\u00e9 Heydt, Guilherme Rafael K. Pompeo de Mattos, Daniel da Rosa Hartmann e Bruno Vargas Pereira. Indeferido, por n\u00e3o se enquadrarem na situa\u00e7\u00e3o de formandos ou intercambistas;\u00a0<b><strong>7) Revis\u00e3o da Estrutura da Revista do Curso:\u00a0<\/strong><\/b>foi aprovada a inclus\u00e3o dos ocupantes dos cargos de coordenador e coordenados substituto como\u00a0<em>Editores Executivos<\/em>\u00a0da revista (vinculado ao per\u00edodo do mandato).Foi aprovada a inclus\u00e3o como\u00a0<em>Editores Chefes<\/em>\u00a0da revista os professosres: F\u00e1bio da Silva Porto, Giuliana Redin e \u00c2ngela Araujo da Silveira Espindola. Foi aprovada a mudan\u00e7a na periodicidade revista para semestral, com no m\u00ednimo 14 artigos por ano, a partir do volume 7 (ano 2012). A revista migrar\u00e1 para o Sistema Eletr\u00f4nico de Editora\u00e7\u00e3o de Revistas (SEER) a partir do volume 6, n\u00famero 3, ano 2011, passando a adotar tamb\u00e9m o sistema de avalia\u00e7\u00e3o duplo cego. Foi aprovada a cria\u00e7\u00e3o de uma Comiss\u00e3o Editorial Executiva composta por professores da UFSM com atribui\u00e7\u00f5es de analisar a pol\u00edtica editorial e linhas tem\u00e1ticas da revista, dentre outras atribui\u00e7\u00f5es. Far\u00e3o parte dessa Comiss\u00e3o os professores Doutores, mestres e especialistas\u00a0 lotados no Curso de Direito, bem como outros professores da UFSM conforme indica\u00e7\u00e3o dos Editores Chefes e Executivos. Foi aprovada a cria\u00e7\u00e3o de um Conselho Editorial e Cient\u00edfico Nacional e Internacional composta por membros externos \u00e0 UFSM com fun\u00e7\u00e3o de avaliar os artigos submetidos e tamb\u00e9m de participar do processo de defini\u00e7\u00e3o das pol\u00edticas editoriais da revista, \u00e0 crit\u00e9rio das exig\u00eancias e necessidades apontadas pelos Editores. Foi defido, ainda, que a revista ter\u00e1 como pol\u00edtica tem\u00e1tica as linhas de pesquisa presentes no Projeto Pedag\u00f3gico do Curso de Direito, al\u00e9m dos demais temas de pesquisa desenvolvidos nos n\u00facleos do curso. Nada mais havendo a tratar, encerrou-se a reuni\u00e3o, cuja ata foi feita, lavrada e assinada por mim, sendo lida por todos e ao final e aprovada.<\/p>\n<p style=\"font-weight: 400\">\n","protected":false},"excerpt":{"rendered":"<p>UNIVERSIDADE FEDERAL DE SANTA MARIA CENTRO DE CI\u00caNCIAS SOCIAIS E HUMANAS CURSO DE DIREITO \u00a0 ATA N\u00ba 227 Aos vinte e seis dias do m\u00eas de outubro do ano de dois mil e doze, \u00e0s dez horas e trinta minutos, na sala da Coordena\u00e7\u00e3o, realizou-se a duocent\u00e9sima vig\u00e9sima s\u00e9tima reuni\u00e3o do Colegiado do Curso de [&hellip;]<\/p>\n","protected":false},"author":201,"featured_media":0,"parent":0,"menu_order":0,"comment_status":"closed","ping_status":"closed","template":"","meta":{"footnotes":""},"categories":[],"tags":[],"class_list":["post-224","page","type-page","status-publish","hentry"],"acf":[],"_links":{"self":[{"href":"https:\/\/www.ufsm.br\/cursos\/graduacao\/santa-maria\/direito\/wp-json\/wp\/v2\/pages\/224","targetHints":{"allow":["GET"]}}],"collection":[{"href":"https:\/\/www.ufsm.br\/cursos\/graduacao\/santa-maria\/direito\/wp-json\/wp\/v2\/pages"}],"about":[{"href":"https:\/\/www.ufsm.br\/cursos\/graduacao\/santa-maria\/direito\/wp-json\/wp\/v2\/types\/page"}],"author":[{"embeddable":true,"href":"https:\/\/www.ufsm.br\/cursos\/graduacao\/santa-maria\/direito\/wp-json\/wp\/v2\/users\/201"}],"replies":[{"embeddable":true,"href":"https:\/\/www.ufsm.br\/cursos\/graduacao\/santa-maria\/direito\/wp-json\/wp\/v2\/comments?post=224"}],"version-history":[{"count":0,"href":"https:\/\/www.ufsm.br\/cursos\/graduacao\/santa-maria\/direito\/wp-json\/wp\/v2\/pages\/224\/revisions"}],"wp:attachment":[{"href":"https:\/\/www.ufsm.br\/cursos\/graduacao\/santa-maria\/direito\/wp-json\/wp\/v2\/media?parent=224"}],"wp:term":[{"taxonomy":"category","embeddable":true,"href":"https:\/\/www.ufsm.br\/cursos\/graduacao\/santa-maria\/direito\/wp-json\/wp\/v2\/categories?post=224"},{"taxonomy":"post_tag","embeddable":true,"href":"https:\/\/www.ufsm.br\/cursos\/graduacao\/santa-maria\/direito\/wp-json\/wp\/v2\/tags?post=224"}],"curies":[{"name":"wp","href":"https:\/\/api.w.org\/{rel}","templated":true}]}}