{"id":250,"date":"2018-12-13T13:38:57","date_gmt":"2018-12-13T15:38:57","guid":{"rendered":"https:\/\/www.ufsm.br\/cursos\/graduacao\/santa-maria\/direito\/?page_id=250"},"modified":"2018-12-13T13:38:58","modified_gmt":"2018-12-13T15:38:58","slug":"projetos-de-pesquisa","status":"publish","type":"page","link":"https:\/\/www.ufsm.br\/cursos\/graduacao\/santa-maria\/direito\/projetos-de-pesquisa","title":{"rendered":"Projetos de pesquisa"},"content":{"rendered":"<p><strong>PROJETOS DE\u00a0<\/strong><strong>PESQUISA EM ANDAMENTO (ANO 2018)<\/strong><\/p>\n<table>\n<tbody>\n<tr>\n<td><strong>PROFESSOR(A) RESPONS\u00c1VEL<\/strong><\/td>\n<td><strong>T\u00cdTULO DO PROJETO<\/strong><\/td>\n<\/tr>\n<tr>\n<td rowspan=\"4\"><strong>Angela Araujo da Silveira Espindola<\/strong><\/td>\n<td><strong>Phonesis: Jurisdi\u00e7\u00e3o, Hermen\u00eautica e Humanidades<\/strong><\/td>\n<\/tr>\n<tr>\n<td><strong>Direito cruzado: Ensino, Direito e Literatura<\/strong><\/td>\n<\/tr>\n<tr>\n<td><strong>A refunda\u00e7\u00e3o da jurisdi\u00e7\u00e3o e a multidimensionalidade da sustentabilidade<\/strong><\/td>\n<\/tr>\n<tr>\n<td><strong>Jurisdi\u00e7\u00e3o, hermen\u00eautica e Humanidades<\/strong><\/td>\n<\/tr>\n<tr>\n<td rowspan=\"2\">Andrea Narriman Cezne<\/td>\n<td>Federalismo fiscal, tributa\u00e7\u00e3o e distribui\u00e7\u00e3o de receitas<\/td>\n<\/tr>\n<tr>\n<td>O acesso \u00e0 informa\u00e7\u00e3o como facilitador na compreens\u00e3o de direitos e deveres do trabalhador segurado pelo regime geral da previd\u00eancia social<\/td>\n<\/tr>\n<tr>\n<td><strong>Cristiano Becker Isaia<\/strong><\/td>\n<td><strong>N\u00facleo de estudos avan\u00e7ados em processo civil<\/strong><\/td>\n<\/tr>\n<tr>\n<td>F\u00e1bio da Silva Porto<\/td>\n<td>O Pacto sinalagm\u00e1tico advindo da filia\u00e7\u00e3o ao regime geral da previd\u00eancia social (RGPS) sob a \u00e9gide do direito previdenci\u00e1rio brasileiro: a consci\u00eancia<\/td>\n<\/tr>\n<tr>\n<td rowspan=\"2\"><strong>Giuliana Redin<\/strong><\/td>\n<td><strong>Programa de extens\u00e3o- assessoria jur\u00eddica a imigrantes e refugiados<\/strong><\/td>\n<\/tr>\n<tr>\n<td><strong>Perspectivas pol\u00edtico-normativas para a prote\u00e7\u00e3o dos Direitos Humanos do imigrante internacional no Brasil<\/strong><\/td>\n<\/tr>\n<tr>\n<td rowspan=\"5\">Isabel Christine S. de Gregori<\/td>\n<td>Propriedade intelectual na sociedade contempor\u00e2nea<\/td>\n<\/tr>\n<tr>\n<td>Contemporaneidade direito do autor na sociedade em rede: como a propriedade intelectual atua no acesso \u00e0 cultura.<\/td>\n<\/tr>\n<tr>\n<td>Aplicabilidade do Estatuto do idoso: pr\u00e1ticas extensionistas como forma de aproximar a comunidade da efetiva\u00e7\u00e3o de seus direitos<\/td>\n<\/tr>\n<tr>\n<td>Patrim\u00f4nio cultural e as pol\u00edticas de preserva\u00e7\u00e3o na gest\u00e3o das cidades<\/td>\n<\/tr>\n<tr>\n<td>Produ\u00e7\u00e3o cientifica: estudo das monografias de conclus\u00e3o do curso de gradua\u00e7\u00e3o em direito da UFSM.<\/td>\n<\/tr>\n<tr>\n<td rowspan=\"5\"><strong>Jania Maria Lopes Saldanha<\/strong><\/td>\n<td><strong>A atua\u00e7\u00e3o da jurisdi\u00e7\u00e3o brasileira e regional no processo multidimensional de desenvolvimento humano no contexto da transnacionacionaliza\u00e7\u00e3o do direito: [&#8230;]<\/strong><\/td>\n<\/tr>\n<tr>\n<td><strong>O papel e a legitimidade do sistema de justi\u00e7a para a efetiva\u00e7\u00e3o e a internacionaliza\u00e7\u00e3o dos Direitos humanos<\/strong><\/td>\n<\/tr>\n<tr>\n<td><strong>A dupla rela\u00e7\u00e3o entre a hard law (interna) e a soft law (internacional) para a responsabiliza\u00e7\u00e3o jur\u00eddica das empresas mineradoras transnacionais [&#8230;]<\/strong><\/td>\n<\/tr>\n<tr>\n<td><strong>A internacionaliza\u00e7\u00e3o do direito frente aos paradoxos da mundializa\u00e7\u00e3o e globaliza\u00e7\u00e3o<\/strong><\/td>\n<\/tr>\n<tr>\n<td><strong>A atua\u00e7\u00e3o da jurisdi\u00e7\u00e3o brasileira e a regional n processo multidimensional de desenvolvimento humano no contexto da transnacionaliza\u00e7\u00e3o do direito[&#8230;]<\/strong><\/td>\n<\/tr>\n<tr>\n<td>Jalusa Prestes Abaide<\/td>\n<td>Processo de cria\u00e7\u00e3o de livro tombo: compet\u00eancias administrativas e legisla\u00e7\u00e3o aplic\u00e1vel<\/td>\n<\/tr>\n<tr>\n<td rowspan=\"3\"><strong>Jeronimo Siqueira Tybusch<\/strong><\/td>\n<td><strong>Direitos emergentes na sociedade global.<\/strong><\/td>\n<\/tr>\n<tr>\n<td><strong>N\u00facleo de media\u00e7\u00e3o de conflitos no \u00e2mbito do centro de aten\u00e7\u00e3o psicossocial- \u00e1lcool e outras drogas \u2013 CAPS \u2013 AD<\/strong><\/td>\n<\/tr>\n<tr>\n<td><strong>Justi\u00e7a ambiental em redes colaborativas: e-democracy e ecologia pol\u00edtica na sociedade informacional latino-americana<\/strong><\/td>\n<\/tr>\n<tr>\n<td rowspan=\"11\">Jos\u00e9 Luiz de Moura Filho<\/td>\n<td>Acompanhamento do egresso cotista: uma avalia\u00e7\u00e3o no \u00e2mbito do curso de direito\/CCSH-UFSM<\/td>\n<\/tr>\n<tr>\n<td>Habitat: an\u00e1lise dos impactos gerados pelo programa habitacional minha casa minha vida no \u00e2mbito da cidade de Santa Maria<\/td>\n<\/tr>\n<tr>\n<td>N\u00facleo interdisciplinaridade intera\u00e7\u00e3o jur\u00eddica comunit\u00e1ria<\/td>\n<\/tr>\n<tr>\n<td>Ec(qu)alizando: construindo compet\u00eancias para atua\u00e7\u00e3o em defesa dos direitos da Crian\u00e7a e adolescentes<\/td>\n<\/tr>\n<tr>\n<td>Providencialismo e modernidade: O acesso a mem\u00f3ria urbana ref\u00e9m dos arquivos privados.<\/td>\n<\/tr>\n<tr>\n<td>Regulariza\u00e7\u00e3o fundi\u00e1ria e etnodesenvolvimento: assessoria jur\u00eddica em pol\u00edticas p\u00fablicas para territ\u00f3rios tradicionais<\/td>\n<\/tr>\n<tr>\n<td>NIJUC: esta\u00e7\u00e3o dos ventos\/ assessoria popular em comunidades de Santa Maria<\/td>\n<\/tr>\n<tr>\n<td>N\u00facleo interdisciplinar de intera\u00e7\u00e3o jur\u00eddica comunit\u00e1ria<\/td>\n<\/tr>\n<tr>\n<td>Paisagens arquivadas: texto e contexto no planejamento do desenvolvimento urbano e regional a partir da expans\u00e3o do ensino superior no Rio Grande do Sul<\/td>\n<\/tr>\n<tr>\n<td>N\u00facleo de estudos, assessoramento e a\u00e7\u00f5es em problemas ambientais-NEAPA<\/td>\n<\/tr>\n<tr>\n<td>A fun\u00e7\u00e3o socioambiental da reserva legal<\/td>\n<\/tr>\n<tr>\n<td rowspan=\"5\"><strong>Maria Beatriz Oliveira da Silva<\/strong><\/td>\n<td><strong>O referencial te\u00f3rico marxista atrav\u00e9s de leituras francesas<\/strong><\/td>\n<\/tr>\n<tr>\n<td><strong>Elementos para uma teoria do imperialismo jur\u00eddico<\/strong><\/td>\n<\/tr>\n<tr>\n<td><strong>III Encontro Nacional de Direito, marxismo e meio ambiente<\/strong><\/td>\n<\/tr>\n<tr>\n<td><strong>A natureza da disputa: a prote\u00e7\u00e3o constitucional ao meio ambiente em contraposi\u00e7\u00e3o \u00e0 explora\u00e7\u00e3o capitalista da natureza<\/strong><\/td>\n<\/tr>\n<tr>\n<td><strong>Direito, marxismo e meio ambiente: antigos conceitos em novos di\u00e1logos sobre o conflito entre o meio ambiente com o bem (de uso) comum e a mercantiliza<\/strong><\/td>\n<\/tr>\n<tr>\n<td>Mar\u00edlia de Nardin Bud\u00f3<\/td>\n<td>Criminologia cr\u00edtica e vitimiza\u00e7\u00e3o de massa: rupturas epistemol\u00f3gicas para o estudo dos crimes dos poderosos<\/td>\n<\/tr>\n<tr>\n<td rowspan=\"4\"><strong>Nina Tr\u00edcia Disconzi Rodrigues<\/strong><\/td>\n<td><strong>A educa\u00e7\u00e3o ambiental como meio de prote\u00e7\u00e3o aos animais n\u00e3o-humanos e como forma de reconhecimento dos direitos dos animais.<\/strong><\/td>\n<\/tr>\n<tr>\n<td><strong>O argumento dos casos marginais e o problema suscitado nas teorias \u00e9ticas exclusivamente humanas.<\/strong><\/td>\n<\/tr>\n<tr>\n<td><strong>O uso de m\u00e9todos alternativos \u00e0 experimenta\u00e7\u00e3o animal e sua viabilidade jur\u00eddica<\/strong><\/td>\n<\/tr>\n<tr>\n<td><strong>Os direitos dos animais \u00e0 luz da constitui\u00e7\u00e3o: interpreta\u00e7\u00f5es poss\u00edveis para a efetiva\u00e7\u00e3o dos direitos dos animais na sociedade brasileira<\/strong><\/td>\n<\/tr>\n<tr>\n<td rowspan=\"3\">Rafael Santos de Oliveira<\/td>\n<td>Ativismo digital e cibercidadania: desafios, oportunidades e riscos do ciberespa\u00e7o<\/td>\n<\/tr>\n<tr>\n<td>O direito achado na web: riscos e oportunidades no ciberespa\u00e7o<\/td>\n<\/tr>\n<tr>\n<td>Revista eletr\u00f4nica do curso de direito da UFSM: as seis propostas para a segunda d\u00e9cada da revista<\/td>\n<\/tr>\n<tr>\n<td><strong>Rodrigo Wasem Galia<\/strong><\/td>\n<td><strong>A presen\u00e7a dos interesses difusos nas dispensas coletivas no Brasil.<\/strong><\/td>\n<\/tr>\n<tr>\n<td>Rosane Leal da Silva<\/td>\n<td>O Estado na sociedade em rede: experi\u00eancias democr\u00e1ticas de promo\u00e7\u00e3o de direitos fundamentais, acesso \u00e0 justi\u00e7a e transpar\u00eancia na Am\u00e9rica Latina e ca [&#8230;]<\/td>\n<\/tr>\n<tr>\n<td><strong>Ronaldo Busnello<\/strong><\/td>\n<td><strong>Contribui\u00e7\u00f5es \u00e0 cr\u00edtica do direito do trabalho no mundo global<\/strong><\/td>\n<\/tr>\n<tr>\n<td>Valeria Ribas do Nascimento<\/td>\n<td>A ressignifica\u00e7\u00e3o do constitucionalismo: desafios para prote\u00e7\u00e3o dos direitos humanos\/ fundamentais<\/td>\n<\/tr>\n<\/tbody>\n<\/table>\n","protected":false},"excerpt":{"rendered":"<p>PROJETOS DE\u00a0PESQUISA EM ANDAMENTO (ANO 2018) PROFESSOR(A) RESPONS\u00c1VEL T\u00cdTULO DO PROJETO Angela Araujo da Silveira Espindola Phonesis: Jurisdi\u00e7\u00e3o, Hermen\u00eautica e Humanidades Direito cruzado: Ensino, Direito e Literatura A refunda\u00e7\u00e3o da jurisdi\u00e7\u00e3o e a multidimensionalidade da sustentabilidade Jurisdi\u00e7\u00e3o, hermen\u00eautica e Humanidades Andrea Narriman Cezne Federalismo fiscal, tributa\u00e7\u00e3o e distribui\u00e7\u00e3o de receitas O acesso \u00e0 informa\u00e7\u00e3o como [&hellip;]<\/p>\n","protected":false},"author":201,"featured_media":0,"parent":0,"menu_order":0,"comment_status":"closed","ping_status":"closed","template":"","meta":{"footnotes":""},"categories":[],"tags":[],"class_list":["post-250","page","type-page","status-publish","hentry"],"acf":[],"_links":{"self":[{"href":"https:\/\/www.ufsm.br\/cursos\/graduacao\/santa-maria\/direito\/wp-json\/wp\/v2\/pages\/250","targetHints":{"allow":["GET"]}}],"collection":[{"href":"https:\/\/www.ufsm.br\/cursos\/graduacao\/santa-maria\/direito\/wp-json\/wp\/v2\/pages"}],"about":[{"href":"https:\/\/www.ufsm.br\/cursos\/graduacao\/santa-maria\/direito\/wp-json\/wp\/v2\/types\/page"}],"author":[{"embeddable":true,"href":"https:\/\/www.ufsm.br\/cursos\/graduacao\/santa-maria\/direito\/wp-json\/wp\/v2\/users\/201"}],"replies":[{"embeddable":true,"href":"https:\/\/www.ufsm.br\/cursos\/graduacao\/santa-maria\/direito\/wp-json\/wp\/v2\/comments?post=250"}],"version-history":[{"count":0,"href":"https:\/\/www.ufsm.br\/cursos\/graduacao\/santa-maria\/direito\/wp-json\/wp\/v2\/pages\/250\/revisions"}],"wp:attachment":[{"href":"https:\/\/www.ufsm.br\/cursos\/graduacao\/santa-maria\/direito\/wp-json\/wp\/v2\/media?parent=250"}],"wp:term":[{"taxonomy":"category","embeddable":true,"href":"https:\/\/www.ufsm.br\/cursos\/graduacao\/santa-maria\/direito\/wp-json\/wp\/v2\/categories?post=250"},{"taxonomy":"post_tag","embeddable":true,"href":"https:\/\/www.ufsm.br\/cursos\/graduacao\/santa-maria\/direito\/wp-json\/wp\/v2\/tags?post=250"}],"curies":[{"name":"wp","href":"https:\/\/api.w.org\/{rel}","templated":true}]}}