{"id":2524,"date":"2022-11-08T16:58:40","date_gmt":"2022-11-08T19:58:40","guid":{"rendered":"https:\/\/www.ufsm.br\/cursos\/graduacao\/santa-maria\/direito\/?page_id=2524"},"modified":"2022-11-08T16:58:41","modified_gmt":"2022-11-08T19:58:41","slug":"exercicios-domiciliares","status":"publish","type":"page","link":"https:\/\/www.ufsm.br\/cursos\/graduacao\/santa-maria\/direito\/exercicios-domiciliares","title":{"rendered":"Exerc\u00edcios Domiciliares"},"content":{"rendered":"\n<p><strong>Regime de Exerc\u00edcios Domiciliares para Afastamento Superior a 5 dias<\/strong><\/p>\n\n\n\n<p><strong>Antes de proceder&nbsp;com a solicita\u00e7\u00e3o, acesse<\/strong><strong>:&nbsp;<a href=\"https:\/\/www.ufsm.br\/app\/uploads\/sites\/342\/2019\/06\/Guia_UFSM_2019_Finalizado_9MB-1.pdf\">Guia Acad\u00eamico da UFSM<\/a><\/strong><strong>&nbsp;\u2013 p\u00e1gina 65 \u2013 item 9.1.10.<\/strong><\/p>\n\n\n\n<p>Orienta\u00e7\u00f5es sobre a abertura de processos de Regime domiciliar de aluno de gradua\u00e7\u00e3o via PEN<\/p>\n\n\n\n<ol class=\"wp-block-list\"><li>Para abertura de PEN o aluno dever\u00e1 acessar o Portal Documentos (<a href=\"http:\/\/portal.ufsm.br\/documentos\">http:\/\/portal.ufsm.br\/documentos<\/a>), realizar o login com n\u00famero de matr\u00edcula e senha do portal do aluno e, ap\u00f3s, selecionar a op\u00e7\u00e3o \u201cNovo\u201d;<\/li><li>No campo \u201cTipo documental\u201d, realizar a busca textual e selecionar a op\u00e7\u00e3o \u2018Processos de regime domiciliar de aluno de gradua\u00e7\u00e3o (125.52)\u2019. Os outros dados campos desta tela ser\u00e3o preenchidos automaticamente;<\/li><li>Na tela seguinte dever\u00e3o ser adicionados os documentos necess\u00e1rios para abertura, conforme a necessidade. O&nbsp;<a href=\"https:\/\/www.ufsm.br\/app\/uploads\/sites\/473\/2022\/11\/Requerimento-Exercicios-Domiciliares.docx\">Requerimento Exerc\u00edcios Domiciliares<\/a>&nbsp;e o Atestado M\u00e9dico (<strong>contendo a CID<\/strong>) s\u00e3o itens obrigat\u00f3rios. O aluno deve assinar o requerimento eletronicamente. Caso n\u00e3o tenha sua assinatura cadastrada no PEN-SIE, basta seguir o passo a passo para assinatura do Termo de Concord\u00e2ncia Assinatura Eletr\u00f4nica Cadastrada no SIE, dispon\u00edvel na Se\u00e7\u00e3o \u2018Apoio ao usu\u00e1rio\u2019, na p\u00e1gina do PEN.<\/li><li>Ap\u00f3s incluir a documenta\u00e7\u00e3o no PEN, o aluno dever\u00e1 tramitar o processo para a Coordena\u00e7\u00e3o do Curso, que proceder\u00e1 a an\u00e1lise da solicita\u00e7\u00e3o e demais provid\u00eancias. O fluxograma desse processo pode ser conferido no Portal de Processos da PROPLAN (<a href=\"http:\/\/w3.ufsm.br\/proplan\/pp\/PROGEP_WEB\/PROGEP_PEOF_Avaliacao_Alunos2\/#diagram\/c7dcf2af-ce11-484d-95da-fa2ac76cce0c\">link do fluxograma<\/a>).<\/li><li>Para acompanhar o processo, caso j\u00e1 tenha em m\u00e3os o NUP (N\u00famero \u00danico de Protocolo) do processo, basta acessar o Portal Documentos e digitar o respectivo NUP ou pesquisar pelos campos dispon\u00edveis na consulta, como nome do interessado, tipo documental, etc. O aluno pode acompanhar o processo fazendo login no Portal Documentos, ir na aba \u2018Meus Documentos\u2019, \u2018Interessado\u2019.<\/li><\/ol>\n","protected":false},"excerpt":{"rendered":"<p>Regime de Exerc\u00edcios Domiciliares para Afastamento Superior a 5 dias Antes de proceder&nbsp;com a solicita\u00e7\u00e3o, acesse:&nbsp;Guia Acad\u00eamico da UFSM&nbsp;\u2013 p\u00e1gina 65 \u2013 item 9.1.10. Orienta\u00e7\u00f5es sobre a abertura de processos de Regime domiciliar de aluno de gradua\u00e7\u00e3o via PEN Para abertura de PEN o aluno dever\u00e1 acessar o Portal Documentos (http:\/\/portal.ufsm.br\/documentos), realizar o login com [&hellip;]<\/p>\n","protected":false},"author":707,"featured_media":0,"parent":0,"menu_order":0,"comment_status":"closed","ping_status":"closed","template":"","meta":{"footnotes":""},"categories":[],"tags":[],"class_list":["post-2524","page","type-page","status-publish","hentry"],"acf":[],"_links":{"self":[{"href":"https:\/\/www.ufsm.br\/cursos\/graduacao\/santa-maria\/direito\/wp-json\/wp\/v2\/pages\/2524","targetHints":{"allow":["GET"]}}],"collection":[{"href":"https:\/\/www.ufsm.br\/cursos\/graduacao\/santa-maria\/direito\/wp-json\/wp\/v2\/pages"}],"about":[{"href":"https:\/\/www.ufsm.br\/cursos\/graduacao\/santa-maria\/direito\/wp-json\/wp\/v2\/types\/page"}],"author":[{"embeddable":true,"href":"https:\/\/www.ufsm.br\/cursos\/graduacao\/santa-maria\/direito\/wp-json\/wp\/v2\/users\/707"}],"replies":[{"embeddable":true,"href":"https:\/\/www.ufsm.br\/cursos\/graduacao\/santa-maria\/direito\/wp-json\/wp\/v2\/comments?post=2524"}],"version-history":[{"count":0,"href":"https:\/\/www.ufsm.br\/cursos\/graduacao\/santa-maria\/direito\/wp-json\/wp\/v2\/pages\/2524\/revisions"}],"wp:attachment":[{"href":"https:\/\/www.ufsm.br\/cursos\/graduacao\/santa-maria\/direito\/wp-json\/wp\/v2\/media?parent=2524"}],"wp:term":[{"taxonomy":"category","embeddable":true,"href":"https:\/\/www.ufsm.br\/cursos\/graduacao\/santa-maria\/direito\/wp-json\/wp\/v2\/categories?post=2524"},{"taxonomy":"post_tag","embeddable":true,"href":"https:\/\/www.ufsm.br\/cursos\/graduacao\/santa-maria\/direito\/wp-json\/wp\/v2\/tags?post=2524"}],"curies":[{"name":"wp","href":"https:\/\/api.w.org\/{rel}","templated":true}]}}