{"id":2542,"date":"2022-12-07T12:15:48","date_gmt":"2022-12-07T15:15:48","guid":{"rendered":"https:\/\/www.ufsm.br\/cursos\/graduacao\/santa-maria\/direito\/?page_id=2542"},"modified":"2026-01-06T11:51:38","modified_gmt":"2026-01-06T14:51:38","slug":"colacao-de-grau-solene-e-gabinete","status":"publish","type":"page","link":"https:\/\/www.ufsm.br\/cursos\/graduacao\/santa-maria\/direito\/colacao-de-grau-solene-e-gabinete","title":{"rendered":"Cola\u00e7\u00e3o de Grau (solene e gabinete)"},"content":{"rendered":"\n<p><\/p>\n\n\n\n<p>Por meio da\u00a0<a href=\"https:\/\/portal.ufsm.br\/documentos\/publico\/documento.html?id=9264022\" target=\"_blank\" rel=\"noreferrer noopener\"><strong>Resolu\u00e7\u00e3o N. 011\/2018<\/strong><\/a>,\u00a0 a UFSM passa a assumir a organiza\u00e7\u00e3o e promo\u00e7\u00e3o das solenidades de cola\u00e7\u00e3o de grau, institucionalizando a cerim\u00f4nia e tornando-a acess\u00edvel a todos(as) os(as) estudantes. A partir de novemvro de 2024, a<a href=\"https:\/\/www.ufsm.br\/pro-reitorias\/proplan\/resolucao-ufsm-n-182-2024\"><strong>\u00a0Resolu\u00e7\u00e3o 182\/2024<\/strong><\/a>, nova Resolu\u00e7\u00e3o de Cola\u00e7\u00f5es de Grau da UFSM, passa a normatizar as Cola\u00e7\u00f5es de Grau, solene e de gabinete, da Universidade Federal de Santa Maria e revoga a Resolu\u00e7\u00e3o 011\/2018.<\/p>\n\n\n\n<p><strong>TODAS as formaturas ser\u00e3o realizadas na UFSM em sess\u00f5es solenes<\/strong>&nbsp;ou, excepcionalmente, em gabinete.&nbsp;<\/p>\n\n\n\n<p>Para mais informa\u00e7\u00f5es, acesse:&nbsp;<strong><a href=\"https:\/\/www.ufsm.br\/pro-reitorias\/prograd\/colacao-de-grau\/\">Cola\u00e7\u00e3o de Grau na UFSM<\/a><\/strong><\/p>\n\n\n\n<hr class=\"wp-block-separator has-alpha-channel-opacity\" \/>\n\n\n\n<p><strong>Formaturas Solenes&nbsp;<\/strong><\/p>\n\n\n\n<p>A turma de formandos dever\u00e1 constituir uma Comiss\u00e3o de Formatura e sinalizar para a Secretaria Integrada de Gradua\u00e7\u00e3o II (SIGII) quais alunos fazem parte desta Comiss\u00e3o.&nbsp;<br>Ap\u00f3s definida a data da Cola\u00e7\u00e3o de Grau Solene, os formandos ser\u00e3o notificados e a Comiss\u00e3o de Formatura ser\u00e1 respons\u00e1vel por fornecer as informa\u00e7\u00f5es sobre os alunos que ir\u00e3o colar grau, respeitando os prazos estabelecidos pela SIGII e Dire\u00e7\u00e3o do CCSH.<\/p>\n\n\n\n<p><strong>Formaturas de Gabinete<\/strong><\/p>\n\n\n\n<p>As Cola\u00e7\u00f5es de Grau de Gabinete somente acontecer\u00e3o em car\u00e1ter de exce\u00e7\u00e3o, mediante justificativa.<\/p>\n\n\n\n<p>Os alunos que necessitarem colar grau de gabinete dever\u00e3o encaminhar o&nbsp;<strong><a href=\"https:\/\/www.ufsm.br\/app\/uploads\/sites\/473\/2022\/12\/Solicitacao-de-Formatura-de-Gabinete-1.docx\">Formul\u00e1rio de Solicita\u00e7\u00e3o de Cola\u00e7\u00e3o de Grau de Gabinete<\/a><\/strong>&nbsp;no PEN, por meio de um&nbsp;<strong>Processo de realiza\u00e7\u00e3o de formatura em gabinete de curso gradua\u00e7\u00e3o (124).&nbsp;<\/strong>Dever\u00e1 ser anexado, junto com o formul\u00e1rio, documentos que comprovem a justificativa.<\/p>\n\n\n\n<p>A coordena\u00e7\u00e3o do curso poder\u00e1 definir uma data limite para receber estas solicita\u00e7\u00f5es. Consulte a SIGII (graduacao74b.ccsh@ufsm.br) e\/ou coordena\u00e7\u00e3o (coorddireitodiurno.ccsh@ufsm.br &#8211; coorddireitonoturno.ccsh@ufsm.br) para mais informa\u00e7\u00f5es sobre os prazos.<\/p>\n\n\n\n<p>Conforme a Resolu\u00e7\u00e3o UFSM 182\/2024,\u00a0formados(as) em\u00a0gabinete\u00a0s\u00e3o considerados(as) egressos(as) da UFSM e,\u00a0<strong>se concludentes no mesmo semestre da cola\u00e7\u00e3o de grau solene, poder\u00e3o participar do evento,\u00a0<u>mediante autoriza\u00e7\u00e3o da Dire\u00e7\u00e3o da Unidade de Ensino<\/u><\/strong>, sendo somente cumprimentados pela mesa de autoridades, sem reitera\u00e7\u00e3o do grau. A Secretaria Integrada, ao enviar a lista de formandos da sess\u00e3o, indica que o discente j\u00e1 colou grau em gabinete e a Dire\u00e7\u00e3o do Centro encaminha a autoriza\u00e7\u00e3o\u00a0\u00e0 PROGRAD.<\/p>\n\n\n\n<p><\/p>\n","protected":false},"excerpt":{"rendered":"<p>Por meio da\u00a0Resolu\u00e7\u00e3o N. 011\/2018,\u00a0 a UFSM passa a assumir a organiza\u00e7\u00e3o e promo\u00e7\u00e3o das solenidades de cola\u00e7\u00e3o de grau, institucionalizando a cerim\u00f4nia e tornando-a acess\u00edvel a todos(as) os(as) estudantes. A partir de novemvro de 2024, a\u00a0Resolu\u00e7\u00e3o 182\/2024, nova Resolu\u00e7\u00e3o de Cola\u00e7\u00f5es de Grau da UFSM, passa a normatizar as Cola\u00e7\u00f5es de Grau, solene e [&hellip;]<\/p>\n","protected":false},"author":707,"featured_media":0,"parent":0,"menu_order":0,"comment_status":"closed","ping_status":"closed","template":"","meta":{"footnotes":""},"categories":[],"tags":[],"class_list":["post-2542","page","type-page","status-publish","hentry"],"acf":[],"_links":{"self":[{"href":"https:\/\/www.ufsm.br\/cursos\/graduacao\/santa-maria\/direito\/wp-json\/wp\/v2\/pages\/2542","targetHints":{"allow":["GET"]}}],"collection":[{"href":"https:\/\/www.ufsm.br\/cursos\/graduacao\/santa-maria\/direito\/wp-json\/wp\/v2\/pages"}],"about":[{"href":"https:\/\/www.ufsm.br\/cursos\/graduacao\/santa-maria\/direito\/wp-json\/wp\/v2\/types\/page"}],"author":[{"embeddable":true,"href":"https:\/\/www.ufsm.br\/cursos\/graduacao\/santa-maria\/direito\/wp-json\/wp\/v2\/users\/707"}],"replies":[{"embeddable":true,"href":"https:\/\/www.ufsm.br\/cursos\/graduacao\/santa-maria\/direito\/wp-json\/wp\/v2\/comments?post=2542"}],"version-history":[{"count":0,"href":"https:\/\/www.ufsm.br\/cursos\/graduacao\/santa-maria\/direito\/wp-json\/wp\/v2\/pages\/2542\/revisions"}],"wp:attachment":[{"href":"https:\/\/www.ufsm.br\/cursos\/graduacao\/santa-maria\/direito\/wp-json\/wp\/v2\/media?parent=2542"}],"wp:term":[{"taxonomy":"category","embeddable":true,"href":"https:\/\/www.ufsm.br\/cursos\/graduacao\/santa-maria\/direito\/wp-json\/wp\/v2\/categories?post=2542"},{"taxonomy":"post_tag","embeddable":true,"href":"https:\/\/www.ufsm.br\/cursos\/graduacao\/santa-maria\/direito\/wp-json\/wp\/v2\/tags?post=2542"}],"curies":[{"name":"wp","href":"https:\/\/api.w.org\/{rel}","templated":true}]}}