{"id":655,"date":"2018-12-17T14:32:44","date_gmt":"2018-12-17T16:32:44","guid":{"rendered":"https:\/\/www.ufsm.br\/cursos\/graduacao\/santa-maria\/direito\/?page_id=655"},"modified":"2018-12-17T14:32:45","modified_gmt":"2018-12-17T16:32:45","slug":"equipe-e-horario","status":"publish","type":"page","link":"https:\/\/www.ufsm.br\/cursos\/graduacao\/santa-maria\/direito\/equipe-e-horario","title":{"rendered":"Equipe e Hor\u00e1rio"},"content":{"rendered":"<p>Bolsista respons\u00e1vel pelo NED: Luiza Berger von Ende<\/p>\n<p>Hor\u00e1rios de atendimento:<\/p>\n<ul>\n<li>segunda: 15:30 \u00e0s 17:30<\/li>\n<li>ter\u00e7a: 12:00\u00a0\u00e0s 15:30<\/li>\n<li>quarta: 15:30\u00a0\u00e0s 19:00<\/li>\n<li>sexta: 12:00\u00a0\u00e0s 15:00<\/li>\n<\/ul>\n","protected":false},"excerpt":{"rendered":"<p>Bolsista respons\u00e1vel pelo NED: Luiza Berger von Ende Hor\u00e1rios de atendimento: segunda: 15:30 \u00e0s 17:30 ter\u00e7a: 12:00\u00a0\u00e0s 15:30 quarta: 15:30\u00a0\u00e0s 19:00 sexta: 12:00\u00a0\u00e0s 15:00<\/p>\n","protected":false},"author":201,"featured_media":0,"parent":0,"menu_order":0,"comment_status":"closed","ping_status":"closed","template":"","meta":{"footnotes":""},"categories":[],"tags":[],"class_list":["post-655","page","type-page","status-publish","hentry"],"acf":[],"_links":{"self":[{"href":"https:\/\/www.ufsm.br\/cursos\/graduacao\/santa-maria\/direito\/wp-json\/wp\/v2\/pages\/655","targetHints":{"allow":["GET"]}}],"collection":[{"href":"https:\/\/www.ufsm.br\/cursos\/graduacao\/santa-maria\/direito\/wp-json\/wp\/v2\/pages"}],"about":[{"href":"https:\/\/www.ufsm.br\/cursos\/graduacao\/santa-maria\/direito\/wp-json\/wp\/v2\/types\/page"}],"author":[{"embeddable":true,"href":"https:\/\/www.ufsm.br\/cursos\/graduacao\/santa-maria\/direito\/wp-json\/wp\/v2\/users\/201"}],"replies":[{"embeddable":true,"href":"https:\/\/www.ufsm.br\/cursos\/graduacao\/santa-maria\/direito\/wp-json\/wp\/v2\/comments?post=655"}],"version-history":[{"count":0,"href":"https:\/\/www.ufsm.br\/cursos\/graduacao\/santa-maria\/direito\/wp-json\/wp\/v2\/pages\/655\/revisions"}],"wp:attachment":[{"href":"https:\/\/www.ufsm.br\/cursos\/graduacao\/santa-maria\/direito\/wp-json\/wp\/v2\/media?parent=655"}],"wp:term":[{"taxonomy":"category","embeddable":true,"href":"https:\/\/www.ufsm.br\/cursos\/graduacao\/santa-maria\/direito\/wp-json\/wp\/v2\/categories?post=655"},{"taxonomy":"post_tag","embeddable":true,"href":"https:\/\/www.ufsm.br\/cursos\/graduacao\/santa-maria\/direito\/wp-json\/wp\/v2\/tags?post=655"}],"curies":[{"name":"wp","href":"https:\/\/api.w.org\/{rel}","templated":true}]}}