{"id":5,"date":"2018-01-18T08:39:17","date_gmt":"2018-01-18T10:39:17","guid":{"rendered":"https:\/\/www.ufsm.br\/cursos\/graduacao\/nutricao\/12352\/?page_id=5"},"modified":"2025-02-11T09:34:22","modified_gmt":"2025-02-11T12:34:22","slug":"pagina-inicial","status":"publish","type":"page","link":"https:\/\/www.ufsm.br\/cursos\/graduacao\/santa-maria\/educacao-especial-inclusiva\/","title":{"rendered":"P\u00e1gina Inicial"},"content":{"rendered":"\t\t<div data-elementor-type=\"wp-post\" data-elementor-id=\"5\" class=\"elementor elementor-5\">\n\t\t\t\t\t\t<section class=\"elementor-section elementor-top-section elementor-element elementor-element-f6a61e1 elementor-section-boxed elementor-section-height-default elementor-section-height-default\" data-id=\"f6a61e1\" data-element_type=\"section\">\n\t\t\t\t\t\t<div class=\"elementor-container elementor-column-gap-default\">\n\t\t\t\t\t<div class=\"elementor-column elementor-col-100 elementor-top-column elementor-element elementor-element-81ce27f\" data-id=\"81ce27f\" data-element_type=\"column\">\n\t\t\t<div class=\"elementor-widget-wrap elementor-element-populated\">\n\t\t\t\t\t\t<div class=\"elementor-element elementor-element-8d1f660 elementor-widget elementor-widget-wp-widget-ufsm_noticias_widget\" data-id=\"8d1f660\" data-element_type=\"widget\" data-widget_type=\"wp-widget-ufsm_noticias_widget.default\">\n\t\t\t\t<div class=\"elementor-widget-container\">\n\t\t\t<div id='ufsm-carousel-1775326621-366200768' class='carousel slide carousel-ufsm' data-bs-ride='carousel' aria-hidden='true'>\n    <div class='carousel-inner'>\n                    \n\n            <div class='carousel-item active' data-bs-interval='4000'>\n                                    <!-- Slider Image -->\n                    <img class='w-100'  style='max-height:250px; object-fit:cover;' alt=\"Foto colorida vertical em formato selfie de mulher adulta branca de cabelo escuro e preso. Ela veste um casaco escuro e segura uma prancheta com uma folha euma caneta. A imagem mostra ela no campo, \u00e0 frente de uma planta\u00e7\u00e3o.\" srcset=\"https:\/\/www.ufsm.br\/app\/uploads\/2026\/04\/FB_IMG_1775134374951-300x300.jpg 300w, https:\/\/www.ufsm.br\/app\/uploads\/2026\/04\/FB_IMG_1775134374951-1024x1024.jpg 1024w, https:\/\/www.ufsm.br\/app\/uploads\/2026\/04\/FB_IMG_1775134374951-150x150.jpg 150w, https:\/\/www.ufsm.br\/app\/uploads\/2026\/04\/FB_IMG_1775134374951-768x768.jpg 768w, https:\/\/www.ufsm.br\/app\/uploads\/2026\/04\/FB_IMG_1775134374951.jpg 1080w\">\n                \n                \n                                                                    <!-- Slider IntroText -->\n                    <div class='text-muted p-2'> Estudante realiza experimento voltado para o cultivo sustent\u00e1vel e lucrativo de flor apreciada no mercado internacional<\/div>\n                            <\/div>\n                    \n\n            <div class='carousel-item ' data-bs-interval='4000'>\n                                    <!-- Slider Image -->\n                    <img class='w-100'  style='max-height:250px; object-fit:cover;' alt=\"Integrantes da orquestra tocam seus instrumentos durante um concerto.\" srcset=\"https:\/\/www.ufsm.br\/app\/uploads\/2026\/04\/orquestra-300x200.jpg 300w, https:\/\/www.ufsm.br\/app\/uploads\/2026\/04\/orquestra-1024x683.jpg 1024w, https:\/\/www.ufsm.br\/app\/uploads\/2026\/04\/orquestra-768x512.jpg 768w, https:\/\/www.ufsm.br\/app\/uploads\/2026\/04\/orquestra-272x182.jpg 272w, https:\/\/www.ufsm.br\/app\/uploads\/2026\/04\/orquestra.jpg 1080w\">\n                \n                \n                                                                    <!-- Slider IntroText -->\n                    <div class='text-muted p-2'> Ambas as r\u00e1dios v\u00e3o transmitir ao vivo o concerto de anivers\u00e1rio, que ocorre na ter\u00e7a-feira (7), \u00e0s 20h, no Centro de Conven\u00e7\u00f5es<\/div>\n                            <\/div>\n                    \n\n            <div class='carousel-item ' data-bs-interval='4000'>\n                                    <!-- Slider Image -->\n                    <img class='w-100'  style='max-height:250px; object-fit:cover;' alt=\"Momento de mem\u00f3ria e respeito contou com cerim\u00f4nia inter-religiosa, fala de gestores e inaugura\u00e7\u00e3o de memorial\" srcset=\"https:\/\/www.ufsm.br\/app\/uploads\/2026\/04\/IC3A0363-1-300x221.jpg 300w, https:\/\/www.ufsm.br\/app\/uploads\/2026\/04\/IC3A0363-1-1024x754.jpg 1024w, https:\/\/www.ufsm.br\/app\/uploads\/2026\/04\/IC3A0363-1-768x565.jpg 768w, https:\/\/www.ufsm.br\/app\/uploads\/2026\/04\/IC3A0363-1-1536x1130.jpg 1536w, https:\/\/www.ufsm.br\/app\/uploads\/2026\/04\/IC3A0363-1.jpg 1750w\">\n                \n                \n                                                                    <!-- Slider IntroText -->\n                    <div class='text-muted p-2'> Momento de mem\u00f3ria e respeito contou com cerim\u00f4nia inter-religiosa, fala de gestores e inaugura\u00e7\u00e3o de memorial<\/div>\n                            <\/div>\n                    \n\n            <div class='carousel-item ' data-bs-interval='4000'>\n                                    <!-- Slider Image -->\n                    <img class='w-100'  style='max-height:250px; object-fit:cover;' alt=\"Imagem em preto com falas em preto destacadas com fundo amarelo de uma hist\u00f3ria em quadrinhos com nove quadros. Antes dos quadros, o seguinte t\u00edtulo em vermelho: \u201cUma linguagem que ensina\u201d. No primeiro, a imagem da biblioteca p\u00fablica da cidade. No segundo, rep\u00f3rter e professora em uma sala. A professora fala \u201c\u00c0s vezes a gente acha que n\u00e3o sabe, que isso n\u00e3o \u00e9 para a gente\u201d. No terceiro, a professora aparece trajada como Shakespeare e diz \u201cN\u00e3o \u00e9 s\u00f3 para quem quer ser poeta. No quarto, com uma folha com um sol desenhado, ela continua \u201cn\u00e3o \u00e9 s\u00f3 para quem sabe desenhar\u201d. No quinto, segura um l\u00e1pis e acrescenta \u201c\u00e9 sobre democratizar a cria\u00e7\u00e3o\u201d. No sexto, ela aparece em primeiro plano e diz \u201ca escrita tamb\u00e9m \u00e9 imagem\u201d. No s\u00e9timo, com a m\u00e3o em um gibi, comenta \u201co quadrinho isso mais vis\u00edvel\u201d. No oitavo, rep\u00f3rter e professora est\u00e3o \u00e0 frente da biblioteca com um cavalete montado com quadrinhos, e ela diz \u201cvoc\u00ea come\u00e7a a perceber hierarquias e rela\u00e7\u00f5es\u201d. No novo e \u00faltimo quadrinho, a professora Maria Clara conclui: \u201ca gente aprende a decodificar melhor as coisas. E isso tamb\u00e9m ensina\u201d.\" srcset=\"https:\/\/www.ufsm.br\/app\/uploads\/2026\/04\/Destaque-HQ-300x196.jpg 300w, https:\/\/www.ufsm.br\/app\/uploads\/2026\/04\/Destaque-HQ-1024x668.jpg 1024w, https:\/\/www.ufsm.br\/app\/uploads\/2026\/04\/Destaque-HQ-768x501.jpg 768w, https:\/\/www.ufsm.br\/app\/uploads\/2026\/04\/Destaque-HQ.jpg 1368w\">\n                \n                \n                                                                    <!-- Slider IntroText -->\n                    <div class='text-muted p-2'> Professora da UFSM realiza oficinas de escrita e cria\u00e7\u00e3o de quadrinhos ao longo do primeiro semestre deste ano<\/div>\n                            <\/div>\n                    \n\n            <div class='carousel-item ' data-bs-interval='4000'>\n                                    <!-- Slider Image -->\n                    <img class='w-100'  style='max-height:250px; object-fit:cover;' alt=\"Foto horizontal colorida. Em destaque, a esquerda da imagem, tr\u00eas cadeiras de alimenta\u00e7\u00e3o infantil. Ao fundo, mesas e cadeiras do Restaurante Universit\u00e1rio.\" srcset=\"https:\/\/www.ufsm.br\/app\/uploads\/2026\/04\/IC3A9996-300x200.jpg 300w, https:\/\/www.ufsm.br\/app\/uploads\/2026\/04\/IC3A9996-1024x683.jpg 1024w, https:\/\/www.ufsm.br\/app\/uploads\/2026\/04\/IC3A9996-768x512.jpg 768w, https:\/\/www.ufsm.br\/app\/uploads\/2026\/04\/IC3A9996-1536x1024.jpg 1536w, https:\/\/www.ufsm.br\/app\/uploads\/2026\/04\/IC3A9996-272x182.jpg 272w, https:\/\/www.ufsm.br\/app\/uploads\/2026\/04\/IC3A9996.jpg 1920w\">\n                \n                \n                                                                    <!-- Slider IntroText -->\n                    <div class='text-muted p-2'> Iniciativa da PRAE busca apoiar e facilitar o dia a dia de m\u00e3es universit\u00e1rias<\/div>\n                            <\/div>\n                    <!-- Exibi Indicadores -->\n                    <ol class='carousel-indicators carousel-indicators-numbers d-none d-md-flex align-self-end m-0'>\n                <li data-bs-target='#ufsm-carousel-1775326621-366200768' data-bs-slide-to='0' class='d-flex rounded-circle active'><span class='m-auto fw-bold'>1<\/span><\/li><li data-bs-target='#ufsm-carousel-1775326621-366200768' data-bs-slide-to='1' class='d-flex rounded-circle '><span class='m-auto fw-bold'>2<\/span><\/li><li data-bs-target='#ufsm-carousel-1775326621-366200768' data-bs-slide-to='2' class='d-flex rounded-circle '><span class='m-auto fw-bold'>3<\/span><\/li><li data-bs-target='#ufsm-carousel-1775326621-366200768' data-bs-slide-to='3' class='d-flex rounded-circle '><span class='m-auto fw-bold'>4<\/span><\/li><li data-bs-target='#ufsm-carousel-1775326621-366200768' data-bs-slide-to='4' class='d-flex rounded-circle '><span class='m-auto fw-bold'>5<\/span><\/li>            <\/ol>\n            <a class='carousel-control-prev' href='#ufsm-carousel-1775326621-366200768' role='button' data-bs-slide='prev'>\n                <span class='carousel-control-prev-icon' aria-hidden='true'><\/span>\n                <span class='visually-hidden'>Previous<\/span>\n            <\/a>\n            <a class='carousel-control-next' href='#ufsm-carousel-1775326621-366200768' role='button' data-bs-slide='next'>\n                <span class='carousel-control-next-icon' aria-hidden='true'><\/span>\n                <span class='visually-hidden'>Next<\/span>\n            <\/a>\n            <\/div>\n<\/div>\n<!-- Acessibilidade, apenas leitor de tela -->\n<ul class='visually-hidden'>\n    <li><a href='https:\/\/www.ufsm.br\/2026\/04\/02\/pesquisadora-do-ppg-em-engenharia-agricola-estuda-42-variedades-de-dalia-na-europa'>Pesquisadora do PPG em Engenharia Agr\u00edcola estuda 42 variedades de d\u00e1lia na Europa<\/a><\/li><li><a href='https:\/\/www.ufsm.br\/2026\/04\/01\/radios-da-ufsm-celebram-os-60-anos-da-orquestra-sinfonica-de-santa-maria-com-programacao-especial'>R\u00e1dios da UFSM celebram os 60 anos da Orquestra Sinf\u00f4nica de Santa Maria com programa\u00e7\u00e3o especial<\/a><\/li><li><a href='https:\/\/www.ufsm.br\/2026\/04\/01\/saudade-e-o-amor-que-fica-homenagem-as-vitimas-do-acidente-com-estudantes-do-colegio-politecnico-aconteceu-nesta-quarta-feira-1'>\u201cSaudade \u00e9 o amor que fica\u201d: homenagem \u00e0s v\u00edtimas do acidente com estudantes do Col\u00e9gio Polit\u00e9cnico aconteceu nesta quarta feira (1\u00b0)<\/a><\/li><li><a href='https:\/\/www.ufsm.br\/2026\/04\/01\/um-quadrinho-sobre-quadrinhos'>Um quadrinho sobre\u2026 quadrinhos<\/a><\/li><li><a href='https:\/\/www.ufsm.br\/2026\/04\/01\/cadeiras-de-alimentacao-infantil-chegam-aos-restaurantes-universitarios-de-todos-os-campi'>Cadeiras de alimenta\u00e7\u00e3o infantil chegam aos Restaurantes Universit\u00e1rios de todos os campi<\/a><\/li><\/ul>\n\t\t<\/div>\n\t\t\t\t<\/div>\n\t\t\t\t\t<\/div>\n\t\t<\/div>\n\t\t\t\t\t<\/div>\n\t\t<\/section>\n\t\t\t\t<section class=\"elementor-section elementor-top-section elementor-element elementor-element-e5bcc64 elementor-section-boxed elementor-section-height-default elementor-section-height-default\" data-id=\"e5bcc64\" data-element_type=\"section\">\n\t\t\t\t\t\t<div class=\"elementor-container elementor-column-gap-default\">\n\t\t\t\t\t<div class=\"elementor-column elementor-col-100 elementor-top-column elementor-element elementor-element-c09ac3d\" data-id=\"c09ac3d\" data-element_type=\"column\">\n\t\t\t<div class=\"elementor-widget-wrap elementor-element-populated\">\n\t\t\t\t\t\t<div class=\"elementor-element elementor-element-9bf8518 elementor-widget elementor-widget-heading\" data-id=\"9bf8518\" data-element_type=\"widget\" data-widget_type=\"heading.default\">\n\t\t\t\t<div class=\"elementor-widget-container\">\n\t\t\t<h5 class=\"elementor-heading-title elementor-size-default\">Apresenta\u00e7\u00e3o<\/h5>\t\t<\/div>\n\t\t\t\t<\/div>\n\t\t\t\t\t<\/div>\n\t\t<\/div>\n\t\t\t\t\t<\/div>\n\t\t<\/section>\n\t\t\t\t<section class=\"elementor-section elementor-top-section elementor-element elementor-element-71f1b01 elementor-section-boxed elementor-section-height-default elementor-section-height-default\" data-id=\"71f1b01\" data-element_type=\"section\">\n\t\t\t\t\t\t<div class=\"elementor-container elementor-column-gap-default\">\n\t\t\t\t\t<div class=\"elementor-column elementor-col-100 elementor-top-column elementor-element elementor-element-c711c96\" data-id=\"c711c96\" data-element_type=\"column\">\n\t\t\t<div class=\"elementor-widget-wrap elementor-element-populated\">\n\t\t\t\t\t\t<div class=\"elementor-element elementor-element-32089a5 elementor-widget elementor-widget-text-editor\" data-id=\"32089a5\" data-element_type=\"widget\" data-widget_type=\"text-editor.default\">\n\t\t\t\t<div class=\"elementor-widget-container\">\n\t\t\t\t\t\t\t<p><p>O curso de <b>Educa\u00e7\u00e3o Especial Inclusiva<\/b> est\u00e1 localizado em <b>Campus Camobi &#8211; UFSM<\/b> na modalidade <b>Licenciatura &#8211; Presencial<\/b> sendo <b>Integral<\/b> o seu turno de funcionamento. Atualmente, a coordena\u00e7\u00e3o \u00e9 de responsabilidade de <b>GIOVANA MEDIANEIRA FRACARI HAUTRIVE<\/b> e a secretaria de <b>LUANA RODRIGUES CARDOSO<\/b>.<\/p><p>O curso \u00e9 ofertado em per\u00edodo <b>Semestral<\/b>, sendo <b>8<\/b> o n\u00famero de per\u00edodos indicados para sua conclus\u00e3o.<\/p><p class='mt-3'>Reconhecido nos termos da Portaria Normativa  MEC n. 23, de 21 de dezembro de 2017..<\/p><\/p>\t\t\t\t\t\t<\/div>\n\t\t\t\t<\/div>\n\t\t\t\t\t<\/div>\n\t\t<\/div>\n\t\t\t\t\t<\/div>\n\t\t<\/section>\n\t\t\t\t<section class=\"elementor-section elementor-top-section elementor-element elementor-element-6768fa1 elementor-section-boxed elementor-section-height-default elementor-section-height-default\" data-id=\"6768fa1\" data-element_type=\"section\" data-settings=\"{&quot;background_background&quot;:&quot;gradient&quot;}\">\n\t\t\t\t\t\t<div class=\"elementor-container elementor-column-gap-default\">\n\t\t\t\t\t<div class=\"elementor-column elementor-col-100 elementor-top-column elementor-element elementor-element-d089320\" data-id=\"d089320\" data-element_type=\"column\" data-settings=\"{&quot;background_background&quot;:&quot;gradient&quot;}\">\n\t\t\t<div class=\"elementor-widget-wrap elementor-element-populated\">\n\t\t\t\t\t\t<div class=\"elementor-element elementor-element-d1bfb34 elementor-widget elementor-widget-testimonial\" data-id=\"d1bfb34\" data-element_type=\"widget\" data-widget_type=\"testimonial.default\">\n\t\t\t\t<div class=\"elementor-widget-container\">\n\t\t\t\t\t<div class=\"elementor-testimonial-wrapper\">\n\t\t\t\n\t\t\t\t\t\t<div class=\"elementor-testimonial-meta elementor-has-image elementor-testimonial-image-position-top\">\n\t\t\t\t<div class=\"elementor-testimonial-meta-inner\">\n\t\t\t\t\t\t\t\t\t\t\t<div class=\"elementor-testimonial-image\">\n\t\t\t\t\t\t\t<img fetchpriority=\"high\" decoding=\"async\" width=\"943\" height=\"500\" src=\"https:\/\/www.ufsm.br\/app\/uploads\/sites\/942\/2025\/02\/Marca-EE-PNG.RGB_-1-e1739276727160.png\" class=\"attachment-full size-full wp-image-157\" alt=\"\" srcset=\"https:\/\/www.ufsm.br\/app\/uploads\/sites\/942\/2025\/02\/Marca-EE-PNG.RGB_-1-e1739276727160.png 943w, https:\/\/www.ufsm.br\/app\/uploads\/sites\/942\/2025\/02\/Marca-EE-PNG.RGB_-1-e1739276727160-300x159.png 300w, https:\/\/www.ufsm.br\/app\/uploads\/sites\/942\/2025\/02\/Marca-EE-PNG.RGB_-1-e1739276727160-768x407.png 768w\" sizes=\"(max-width: 943px) 100vw, 943px\" \/>\t\t\t\t\t\t<\/div>\n\t\t\t\t\t\n\t\t\t\t\t\t\t\t\t\t<div class=\"elementor-testimonial-details\">\n\t\t\t\t\t\t\t\t\t\t\t\t\t\t<div class=\"elementor-testimonial-name\">O Curso Educa\u00e7\u00e3o Especial Inclusiva \u00e9 ofertado a partir do programa nacional de fomento a equidade na forma\u00e7\u00e3o de professores da Educa\u00e7\u00e3o B\u00e1sica.<\/div>\n\t\t\t\t\t\t\t\t\t\t\t\t\t\t\t\t\t\t\t<\/div>\n\t\t\t\t\t\t\t\t\t<\/div>\n\t\t\t<\/div>\n\t\t\t\t\t<\/div>\n\t\t\t\t<\/div>\n\t\t\t\t<\/div>\n\t\t\t\t\t<\/div>\n\t\t<\/div>\n\t\t\t\t\t<\/div>\n\t\t<\/section>\n\t\t\t\t<section class=\"elementor-section elementor-top-section elementor-element elementor-element-1eba046 elementor-section-boxed elementor-section-height-default elementor-section-height-default\" data-id=\"1eba046\" data-element_type=\"section\">\n\t\t\t\t\t\t<div class=\"elementor-container elementor-column-gap-default\">\n\t\t\t\t\t<div class=\"elementor-column elementor-col-50 elementor-top-column elementor-element elementor-element-a94aa30\" data-id=\"a94aa30\" data-element_type=\"column\" data-settings=\"{&quot;background_background&quot;:&quot;gradient&quot;}\">\n\t\t\t<div class=\"elementor-widget-wrap elementor-element-populated\">\n\t\t\t\t\t\t<div class=\"elementor-element elementor-element-683174f elementor-widget elementor-widget-testimonial\" data-id=\"683174f\" data-element_type=\"widget\" data-widget_type=\"testimonial.default\">\n\t\t\t\t<div class=\"elementor-widget-container\">\n\t\t\t\t\t<div class=\"elementor-testimonial-wrapper\">\n\t\t\t\n\t\t\t\t\t\t<div class=\"elementor-testimonial-meta\">\n\t\t\t\t<div class=\"elementor-testimonial-meta-inner\">\n\t\t\t\t\t\n\t\t\t\t\t\t\t\t\t\t<div class=\"elementor-testimonial-details\">\n\t\t\t\t\t\t\t\t\t\t\t\t\t\t<div class=\"elementor-testimonial-name\">Pr\u00e9dio 16<\/div>\n\t\t\t\t\t\t\t\t\t\t\t\t\t\t\t\t\t\t\t\t\t\t<div class=\"elementor-testimonial-job\">Sala 3144<\/div>\n\t\t\t\t\t\t\t\t\t\t\t\t\t<\/div>\n\t\t\t\t\t\t\t\t\t<\/div>\n\t\t\t<\/div>\n\t\t\t\t\t<\/div>\n\t\t\t\t<\/div>\n\t\t\t\t<\/div>\n\t\t\t\t\t<\/div>\n\t\t<\/div>\n\t\t\t\t<div class=\"elementor-column elementor-col-50 elementor-top-column elementor-element elementor-element-d82c9f6\" data-id=\"d82c9f6\" data-element_type=\"column\" data-settings=\"{&quot;background_background&quot;:&quot;gradient&quot;}\">\n\t\t\t<div class=\"elementor-widget-wrap elementor-element-populated\">\n\t\t\t\t\t\t<div class=\"elementor-element elementor-element-b46e94d elementor-widget elementor-widget-testimonial\" data-id=\"b46e94d\" data-element_type=\"widget\" data-widget_type=\"testimonial.default\">\n\t\t\t\t<div class=\"elementor-widget-container\">\n\t\t\t\t\t<div class=\"elementor-testimonial-wrapper\">\n\t\t\t\n\t\t\t\t\t\t<div class=\"elementor-testimonial-meta\">\n\t\t\t\t<div class=\"elementor-testimonial-meta-inner\">\n\t\t\t\t\t\n\t\t\t\t\t\t\t\t\t\t<div class=\"elementor-testimonial-details\">\n\t\t\t\t\t\t\t\t\t\t\t\t\t\t<div class=\"elementor-testimonial-name\">eeinclusiva@ufsm.br<\/div>\n\t\t\t\t\t\t\t\t\t\t\t\t\t\t\t\t\t\t\t\t\t\t<div class=\"elementor-testimonial-job\"><br><\/div>\n\t\t\t\t\t\t\t\t\t\t\t\t\t<\/div>\n\t\t\t\t\t\t\t\t\t<\/div>\n\t\t\t<\/div>\n\t\t\t\t\t<\/div>\n\t\t\t\t<\/div>\n\t\t\t\t<\/div>\n\t\t\t\t\t<\/div>\n\t\t<\/div>\n\t\t\t\t\t<\/div>\n\t\t<\/section>\n\t\t\t\t<section class=\"elementor-section elementor-top-section elementor-element elementor-element-66d23f3 elementor-section-boxed elementor-section-height-default elementor-section-height-default\" data-id=\"66d23f3\" data-element_type=\"section\">\n\t\t\t\t\t\t<div class=\"elementor-container elementor-column-gap-default\">\n\t\t\t\t\t<div class=\"elementor-column elementor-col-100 elementor-top-column elementor-element elementor-element-38880ad\" data-id=\"38880ad\" data-element_type=\"column\">\n\t\t\t<div class=\"elementor-widget-wrap elementor-element-populated\">\n\t\t\t\t\t\t<div class=\"elementor-element elementor-element-e25b84b elementor-widget elementor-widget-wp-widget-ufsm_utilidades\" data-id=\"e25b84b\" data-element_type=\"widget\" data-widget_type=\"wp-widget-ufsm_utilidades.default\">\n\t\t\t\t<div class=\"elementor-widget-container\">\n\t\t\t\t\t<h5 class=\"card-title titulo-conteudos\">Utilidades<\/h5>\n\t\t\t\t\n\t\t<div class=\"row d-flex justify-content-around\">\n\t\t\t\t\t\t\t<div class=\"col-12 col-sm-6 col-md-2 mt-4 text-center\">\n\t\t\t\t\t\t\t\t\t\t\t<a href=\"https:\/\/www.ufsm.br\/cursos\/graduacao\/santa-maria\/educacao-especial-inclusiva\/horarios\" class=\"item-utilidades d-block\">\n\t\t\t\t\t\t\t\t\t\t<i class=\"fas fa-pencil-alt animation-pulse\" aria-hidden=\"true\"><\/i><b>Oferta \/ Hor\u00e1rios<\/b><\/a>\n\t\t\t\t<\/div>\n\t\t\t\t\t\t\t<div class=\"col-12 col-sm-6 col-md-2 mt-4 text-center\">\n\t\t\t\t\t\t\t\t\t\t\t<a href=\"https:\/\/portal.ufsm.br\/aluno\/\" class=\"item-utilidades d-block\">\n\t\t\t\t\t\t\t\t\t\t<i class=\"fa fa-user animation-pulse\" aria-hidden=\"true\"><\/i><b>Portal do Aluno<\/b><\/a>\n\t\t\t\t<\/div>\n\t\t\t\t\t\t\t<div class=\"col-12 col-sm-6 col-md-2 mt-4 text-center\">\n\t\t\t\t\t\t\t\t\t\t\t<a href=\"https:\/\/www.ufsm.br\/cursos\/graduacao\/santa-maria\/educacao-especial-inclusiva\/informacoes-do-curriculo\" class=\"item-utilidades d-block\">\n\t\t\t\t\t\t\t\t\t\t<i class=\"fa fa-clipboard animation-pulse\" aria-hidden=\"true\"><\/i><b>Informa\u00e7\u00f5es Curriculares<\/b><\/a>\n\t\t\t\t<\/div>\n\t\t\t\t\t\t\t<div class=\"col-12 col-sm-6 col-md-2 mt-4 text-center\">\n\t\t\t\t\t\t\t\t\t\t\t<a href=\"https:\/\/www.ufsm.br\/cursos\/graduacao\/santa-maria\/educacao-especial-inclusiva\/projeto-pedagogico\" class=\"item-utilidades d-block\">\n\t\t\t\t\t\t\t\t\t\t<i class=\"fa fa-book animation-pulse\" aria-hidden=\"true\"><\/i><b>Projeto Pedag\u00f3gico<\/b><\/a>\n\t\t\t\t<\/div>\n\t\t\t\t\t\t\t<div class=\"col-12 col-sm-6 col-md-2 mt-4 text-center\">\n\t\t\t\t\t\t\t\t\t\t\t<a href=\"https:\/\/ead06.proj.ufsm.br\/login\/\" class=\"item-utilidades d-block\">\n\t\t\t\t\t\t\t\t\t\t<i class=\"ufsm ufsm-moodle animation-pulse\" aria-hidden=\"true\"><\/i><b>Ambiente Virtual Moodle<\/b><\/a>\n\t\t\t\t<\/div>\n\t\t\t\t\t<\/div>\n\t\t\t\t<\/div>\n\t\t\t\t<\/div>\n\t\t\t\t\t<\/div>\n\t\t<\/div>\n\t\t\t\t\t<\/div>\n\t\t<\/section>\n\t\t\t\t<section class=\"elementor-section elementor-top-section elementor-element elementor-element-102cb0a elementor-section-boxed elementor-section-height-default elementor-section-height-default\" data-id=\"102cb0a\" data-element_type=\"section\">\n\t\t\t\t\t\t<div class=\"elementor-container elementor-column-gap-default\">\n\t\t\t\t\t<div class=\"elementor-column elementor-col-100 elementor-top-column elementor-element elementor-element-9a83886\" data-id=\"9a83886\" data-element_type=\"column\">\n\t\t\t<div class=\"elementor-widget-wrap elementor-element-populated\">\n\t\t\t\t\t\t<div class=\"elementor-element elementor-element-36b5b8b elementor-widget elementor-widget-wp-widget-ufsm_noticias_widget\" data-id=\"36b5b8b\" data-element_type=\"widget\" data-widget_type=\"wp-widget-ufsm_noticias_widget.default\">\n\t\t\t\t<div class=\"elementor-widget-container\">\n\t\t\t<h5 class='titulo-conteudos'>Not\u00edcias<\/h5><p>Nenhuma not\u00edcia encontrada para esta se\u00e7\u00e3o.<\/p><div class=\"leia-mais p-1\">\n                <a href=\"https:\/\/www.ufsm.br\/cursos\/graduacao\/santa-maria\/educacao-especial-inclusiva\/busca\/?q=&area=post&orderby=date&sites%5B%5D=942\">\n            LEIA MAIS            <span class=\"icon-box\">\n                <span class=\"bg-ufsm-widget-icon\">\n                    <i class=\"fas fa-chevron-right\" aria-hidden=\"true\"><\/i>\n                <\/span>\n            <\/span>\n        <\/a>\n    <\/div>\n\t\t<\/div>\n\t\t\t\t<\/div>\n\t\t\t\t\t<\/div>\n\t\t<\/div>\n\t\t\t\t\t<\/div>\n\t\t<\/section>\n\t\t\t\t<\/div>\n\t\t","protected":false},"excerpt":{"rendered":"<p>Apresenta\u00e7\u00e3o O Curso Educa\u00e7\u00e3o Especial Inclusiva \u00e9 ofertado a partir do programa nacional de fomento a equidade na forma\u00e7\u00e3o de professores da Educa\u00e7\u00e3o B\u00e1sica. Pr\u00e9dio 16 Sala 3144 eeinclusiva@ufsm.br<\/p>\n","protected":false},"author":8,"featured_media":0,"parent":0,"menu_order":0,"comment_status":"closed","ping_status":"closed","template":"","meta":{"footnotes":""},"categories":[],"tags":[],"class_list":["post-5","page","type-page","status-publish","hentry"],"acf":[],"_links":{"self":[{"href":"https:\/\/www.ufsm.br\/cursos\/graduacao\/santa-maria\/educacao-especial-inclusiva\/wp-json\/wp\/v2\/pages\/5","targetHints":{"allow":["GET"]}}],"collection":[{"href":"https:\/\/www.ufsm.br\/cursos\/graduacao\/santa-maria\/educacao-especial-inclusiva\/wp-json\/wp\/v2\/pages"}],"about":[{"href":"https:\/\/www.ufsm.br\/cursos\/graduacao\/santa-maria\/educacao-especial-inclusiva\/wp-json\/wp\/v2\/types\/page"}],"author":[{"embeddable":true,"href":"https:\/\/www.ufsm.br\/cursos\/graduacao\/santa-maria\/educacao-especial-inclusiva\/wp-json\/wp\/v2\/users\/8"}],"replies":[{"embeddable":true,"href":"https:\/\/www.ufsm.br\/cursos\/graduacao\/santa-maria\/educacao-especial-inclusiva\/wp-json\/wp\/v2\/comments?post=5"}],"version-history":[{"count":0,"href":"https:\/\/www.ufsm.br\/cursos\/graduacao\/santa-maria\/educacao-especial-inclusiva\/wp-json\/wp\/v2\/pages\/5\/revisions"}],"wp:attachment":[{"href":"https:\/\/www.ufsm.br\/cursos\/graduacao\/santa-maria\/educacao-especial-inclusiva\/wp-json\/wp\/v2\/media?parent=5"}],"wp:term":[{"taxonomy":"category","embeddable":true,"href":"https:\/\/www.ufsm.br\/cursos\/graduacao\/santa-maria\/educacao-especial-inclusiva\/wp-json\/wp\/v2\/categories?post=5"},{"taxonomy":"post_tag","embeddable":true,"href":"https:\/\/www.ufsm.br\/cursos\/graduacao\/santa-maria\/educacao-especial-inclusiva\/wp-json\/wp\/v2\/tags?post=5"}],"curies":[{"name":"wp","href":"https:\/\/api.w.org\/{rel}","templated":true}]}}