{"id":160,"date":"2019-01-03T09:10:07","date_gmt":"2019-01-03T11:10:07","guid":{"rendered":"https:\/\/www.ufsm.br\/cursos\/graduacao\/santa-maria\/educacao-especial\/?page_id=160"},"modified":"2019-01-03T09:10:10","modified_gmt":"2019-01-03T11:10:10","slug":"normas-da-estagio-fora-da-sede","status":"publish","type":"page","link":"https:\/\/www.ufsm.br\/cursos\/graduacao\/santa-maria\/educacao-especial\/normas-da-estagio-fora-da-sede","title":{"rendered":"Normas da est\u00e1gio fora da sede"},"content":{"rendered":"\n<p>NORMAS DE EST\u00c1GIO FORA DO MUNIC\u00cdPIO DE SANTA MARIA \/RS<\/p>\n<p>Cap\u00edtulo I \u2013 Do Est\u00e1gio Acad\u00eamico<\/p>\n<p>Art. 1\u00ba O Curso de Educa\u00e7\u00e3o Especial permitir\u00e1 a realiza\u00e7\u00e3o dos est\u00e1gios curriculares fora de Santa Maria, desde que n\u00e3o haja preju\u00edzo \u00e0s disciplinas do semestre correspondente aos est\u00e1gios:<\/p>\n<p>I \u2013 Est\u00e1gio Supervisionado\/Dificuldade de Aprendizagem (sexto semestre);<br \/>II \u2013 Est\u00e1gio Supervisionado\/Surdez (s\u00e9timo semestre).<br \/>III \u2013 Est\u00e1gio Supervisionado\/D\u00e9ficit Cognitivo (oitavo semestre);<\/p>\n<p>Art. 2\u00ba Os est\u00e1gios acad\u00eamicos dever\u00e3o estar em conformidade com a Lei n.6.494\/77, de 07.12.1977, regulamentada pelo Decreto n. 87.497\/82, de 18.08.1982, modificada pela Lei n. 8.859\/94, de 23.03.1994.<\/p>\n<p>Art. 3\u00ba Os campos de est\u00e1gios previstos no Projeto Pol\u00edtico-Pedag\u00f3gico do Curso de Educa\u00e7\u00e3o Especial s\u00e3o:<\/p>\n<p>I \u2013 escolas especiais p\u00fablicas e privadas;<br \/>II \u2013 classes especiais de escolas p\u00fablicas e privadas;<br \/>III \u2013 escolas de educa\u00e7\u00e3o infantil e ensino fundamental com proposta de inclus\u00e3o<br \/>e salas de recursos multifuncionais.<br \/>IV \u2013 classes e servi\u00e7os itinerantes.<\/p>\n<p>Cap\u00edtulo II \u2013 Dos pr\u00e9-requisitos<\/p>\n<p>Se\u00e7\u00e3o I \u2013 Da Institui\u00e7\u00e3o \u2013<br \/>Art. 4\u00ba Os locais de est\u00e1gio dever\u00e3o pertencer \u00e0 rede estadual municipal ou particular de ensino, estar de acordo com as normas da Secretaria de Educa\u00e7\u00e3o de cada estado e\/ou munic\u00edpio,<br \/>Art. 5\u00ba O local de est\u00e1gio dever\u00e1 ter conv\u00eanio previamente firmado com a UFSM.<br \/>Art. 6\u00ba A Dire\u00e7\u00e3o da escola ou institui\u00e7\u00e3o dever\u00e1 atestar que presta atendimento a alunos na \u00e1rea de realiza\u00e7\u00e3o do est\u00e1gio.e ter, no corpo docente, professor que tenha forma\u00e7\u00e3o, preferencialmente, em n\u00edvel superior na \u00e1rea correspondente ao est\u00e1gio, para acompanhar regularmente as atividades do acad\u00eamico, assumindo a responsabilidade de co-orienta\u00e7\u00e3o.<\/p>\n<p>Art. 7\u00ba A dire\u00e7\u00e3o da institui\u00e7\u00e3o do est\u00e1gio dever\u00e1 estar ciente de que o Coordenador ou Orientador de est\u00e1gio do Curso de Educa\u00e7\u00e3o Especial poder\u00e1 fazer visitas eventuais ao local de est\u00e1gio.<br \/>Art. 8\u00ba As condi\u00e7\u00f5es para a realiza\u00e7\u00e3o de est\u00e1gio dever\u00e3o ser aprovadas pela coordena\u00e7\u00e3o do curso e respectivo colegiado.<br \/>Art. 9\u00ba As institui\u00e7\u00f5es interessadas em receber o est\u00e1gio dever\u00e3o estar cientes e de acordo com as normas de est\u00e1gio do Curso de Educa\u00e7\u00e3o Especial.<br \/>Par\u00e1grafo \u00danico \u2013 Nenhuma das atividades did\u00e1ticas referentes ao est\u00e1gio dever\u00e1 ficar somente sob a responsabilidade do estagi\u00e1rio, sendo necess\u00e1ria a presen\u00e7a do profissional habilitado respons\u00e1vel pela referida atividade na institui\u00e7\u00e3o.<\/p>\n<p>Se\u00e7\u00e3o II \u2013 Do professor co-orientador<br \/>Art. 10\u00ba O professor, junto ao qual o estagi\u00e1rio cumprir\u00e1 seu est\u00e1gio, dever\u00e1 ter forma\u00e7\u00e3o em n\u00edvel de gradua\u00e7\u00e3o e\/ou p\u00f3s-gradua\u00e7\u00e3o ou outras modalidades de forma\u00e7\u00e3o em Educa\u00e7\u00e3o Especial na \u00e1rea correspondente ao est\u00e1gio, denominando-se, para esse fim, professor co- orientador.<br \/>Art. 11\u00ba O professor co-orientador dever\u00e1 conhecer as Normas de Est\u00e1gio do Curso de Educa\u00e7\u00e3o Especial, do Centro de Educa\u00e7\u00e3o da Universidade Federal de Santa Maria, e estar em concord\u00e2ncia com as normas da institui\u00e7\u00e3o que receber\u00e1 o estagi\u00e1rio.<br \/>Art. 12\u00ba O professor co-orientador comprometer-se-\u00e1 em:<br \/>I \u2013 realizar a co-orienta\u00e7\u00e3o e avalia\u00e7\u00e3o do estagi\u00e1rio;<br \/>II \u2013 relatar, por meio de parecer bimestral, a avalia\u00e7\u00e3o do estagi\u00e1rio para o orientador da<br \/>disciplina correspondente ao est\u00e1gio;<br \/>II \u2013 indicar como ser\u00e1 o processo avaliativo<\/p>\n<p>Se\u00e7\u00e3o III \u2013 Do aluno estagi\u00e1rio<br \/>Art. 13\u00ba O aluno dever\u00e1 justificar, por escrito, via requerimento \u00e0 coordena\u00e7\u00e3o do curso sua pretens\u00e3o de estagiar fora de Santa Maria e apresentar a proposta de est\u00e1gio.<br \/>Art. 14\u00ba Caber\u00e1 ao aluno estagi\u00e1rio escolher e manter contato com a dire\u00e7\u00e3o da institui\u00e7\u00e3o onde deseja estagiar, colocando-a a par das normas aqui estabelecidas.<br \/>Art. 15\u00ba O aluno dever\u00e1 enviar relat\u00f3rio bimestral com parecer do professor co-orientador ao qual foi delegada a co-orienta\u00e7\u00e3o.<br \/>Art. 16\u00ba O aluno dever\u00e1 comparecer na UFSM para as demais disciplinas previstas no semestre e orienta\u00e7\u00e3o do est\u00e1gio fora de Santa Maria.<br \/>Art. 17\u00ba O aluno dever\u00e1 apresentar a Coordena\u00e7\u00e3o do Curso cronograma de realiza\u00e7\u00e3o das orienta\u00e7\u00f5es presenciais, elaborado em conjunto com o seu professor orientador.<\/p>\n<p>Se\u00e7\u00e3o IV \u2013 Do processo de solicita\u00e7\u00e3o<br \/>Art. 18\u00ba Todas as solicita\u00e7\u00f5es de est\u00e1gio fora da sede ser\u00e3o apreciadas pelo Colegiado do Curso de Educa\u00e7\u00e3o Especial, mediante abertura de processo pelo aluno, que dever\u00e1 ser constitu\u00eddo pelos seguintes documentos:<\/p>\n<p>I \u2013 Hist\u00f3rico acad\u00eamico.<br \/>II \u2013 Carta de comprometimento do professor orientador com rela\u00e7\u00e3o as atividades inerentes ao processo de orienta\u00e7\u00e3o.<br \/>III \u2013 C\u00f3pia do conv\u00eanio estabelecido entre a UFSM e o local onde o est\u00e1gio ser\u00e1 realizado, com a indica\u00e7\u00e3o do professor local respons\u00e1vel pela supervis\u00e3o do aluno, na condi\u00e7\u00e3o de co-orientador.<br \/>IV \u2013 Termo de compromisso de est\u00e1gio obrigat\u00f3rio.<br \/>V \u2013 Carta de inten\u00e7\u00e3o de est\u00e1gio do aluno estagi\u00e1rio, justificando os motivos para a realiza\u00e7\u00e3o do est\u00e1gio fora da sede e apresenta\u00e7\u00e3o da proposta de est\u00e1gio.<br \/>VI \u2013 Cronograma das orienta\u00e7\u00f5es presenciais a serem realizadas na UFSM.<\/p>\n<p>Art. 19\u00ba A abertura do processo, com apresenta\u00e7\u00e3o dos documentos citados, dever\u00e1 ser encaminhada pelo aluno ao colegiado do curso at\u00e9 a metade do semestre anterior a realiza\u00e7\u00e3o do est\u00e1gio, sendo que, no primeiro semestre ser\u00e1 no m\u00eas de maio e no segundo semestre, no m\u00eas de setembro.<\/p>\n<p>Art. 20\u00ba Os casos omissos ser\u00e3o analisados pelo Colegiado do Curso de Educa\u00e7\u00e3o Especial.<\/p>\n","protected":false},"excerpt":{"rendered":"<p>NORMAS DE EST\u00c1GIO FORA DO MUNIC\u00cdPIO DE SANTA MARIA \/RS Cap\u00edtulo I \u2013 Do Est\u00e1gio Acad\u00eamico Art. 1\u00ba O Curso de Educa\u00e7\u00e3o Especial permitir\u00e1 a realiza\u00e7\u00e3o dos est\u00e1gios curriculares fora de Santa Maria, desde que n\u00e3o haja preju\u00edzo \u00e0s disciplinas do semestre correspondente aos est\u00e1gios: I \u2013 Est\u00e1gio Supervisionado\/Dificuldade de Aprendizagem (sexto semestre);II \u2013 Est\u00e1gio [&hellip;]<\/p>\n","protected":false},"author":117,"featured_media":0,"parent":0,"menu_order":0,"comment_status":"closed","ping_status":"closed","template":"","meta":{"footnotes":""},"categories":[],"tags":[],"class_list":["post-160","page","type-page","status-publish","hentry"],"acf":[],"_links":{"self":[{"href":"https:\/\/www.ufsm.br\/cursos\/graduacao\/santa-maria\/educacao-especial\/wp-json\/wp\/v2\/pages\/160","targetHints":{"allow":["GET"]}}],"collection":[{"href":"https:\/\/www.ufsm.br\/cursos\/graduacao\/santa-maria\/educacao-especial\/wp-json\/wp\/v2\/pages"}],"about":[{"href":"https:\/\/www.ufsm.br\/cursos\/graduacao\/santa-maria\/educacao-especial\/wp-json\/wp\/v2\/types\/page"}],"author":[{"embeddable":true,"href":"https:\/\/www.ufsm.br\/cursos\/graduacao\/santa-maria\/educacao-especial\/wp-json\/wp\/v2\/users\/117"}],"replies":[{"embeddable":true,"href":"https:\/\/www.ufsm.br\/cursos\/graduacao\/santa-maria\/educacao-especial\/wp-json\/wp\/v2\/comments?post=160"}],"version-history":[{"count":0,"href":"https:\/\/www.ufsm.br\/cursos\/graduacao\/santa-maria\/educacao-especial\/wp-json\/wp\/v2\/pages\/160\/revisions"}],"wp:attachment":[{"href":"https:\/\/www.ufsm.br\/cursos\/graduacao\/santa-maria\/educacao-especial\/wp-json\/wp\/v2\/media?parent=160"}],"wp:term":[{"taxonomy":"category","embeddable":true,"href":"https:\/\/www.ufsm.br\/cursos\/graduacao\/santa-maria\/educacao-especial\/wp-json\/wp\/v2\/categories?post=160"},{"taxonomy":"post_tag","embeddable":true,"href":"https:\/\/www.ufsm.br\/cursos\/graduacao\/santa-maria\/educacao-especial\/wp-json\/wp\/v2\/tags?post=160"}],"curies":[{"name":"wp","href":"https:\/\/api.w.org\/{rel}","templated":true}]}}