{"id":161,"date":"2019-01-03T09:13:20","date_gmt":"2019-01-03T11:13:20","guid":{"rendered":"https:\/\/www.ufsm.br\/cursos\/graduacao\/santa-maria\/educacao-especial\/?page_id=161"},"modified":"2026-03-02T09:37:41","modified_gmt":"2026-03-02T12:37:41","slug":"acgdcg","status":"publish","type":"page","link":"https:\/\/www.ufsm.br\/cursos\/graduacao\/santa-maria\/educacao-especial\/acgdcg","title":{"rendered":"ACG|ACEx"},"content":{"rendered":"\n<p><strong>CURR\u00cdCULO FLEX\u00cdVEL \u2013 ACG E ACEx<\/strong><\/p>\n<p>O Projeto Pol\u00edtico-Pedag\u00f3gico do Curso de Educa\u00e7\u00e3o Especial, vers\u00e3o 2024, prev\u00ea nas suas estrat\u00e9gias pedag\u00f3gicas uma matriz curricular como parte flex\u00edvel da forma\u00e7\u00e3o, criando a possibilidade de os acad\u00eamicos\/as do Curso, ter acesso a disciplinas e\/ou atividades, cujos temas e conte\u00fados oportunizem o enriquecimento de seus conhecimentos. O objetivo desta parte flex\u00edvel do curr\u00edculo \u00e9 a forma\u00e7\u00e3o cada vez mais qualificada e adequada \u00e0s necessidades de seu tempo, considerando ainda a possibilidade de o acad\u00eamico participar da organiza\u00e7\u00e3o de seu curr\u00edculo de forma\u00e7\u00e3o.<\/p>\n<p>As <strong>ACExs<\/strong> -Atividades Complementares de Extens\u00e3o num total de 170 horas, e <strong>ACGs &#8211; <\/strong>Atividade Complementar de Gradua\u00e7\u00e3o com um total de 100 horas, s\u00e3o partes flex\u00edveis que constituem a integraliza\u00e7\u00e3o curricular do Curso de Educa\u00e7\u00e3o Especial.<\/p>\n<p>\u00a0A implementa\u00e7\u00e3o da parte flex\u00edvel da matriz curricular, ACEx e ACG, objetiva a autonomia e responsabilidade dos alunos com a sua forma\u00e7\u00e3o e seguir\u00e1 a seguinte metodologia:<\/p>\n<p><strong>1 &#8211;<\/strong>\u00a0\u00a0\u00a0<strong>ATIVIDADE COMPLEMENTAR DE GRADUA\u00c7\u00c3O &#8211; ACG<\/strong><\/p>\n<p>A carga hor\u00e1ria para as ACG do Curso de Educa\u00e7\u00e3o Especial \u00e9 de 100 horas, conforme o Art. 3\u00ba da Resolu\u00e7\u00e3o N.\u00ba 022\/99, que considera Atividades Complementares de Gradua\u00e7\u00e3o as modalidades abaixo relacionadas, com as respectivas cargas hor\u00e1rias:<\/p>\n<ol>\n<li>Participa\u00e7\u00e3o em eventos: at\u00e9 120 horas.<\/li>\n<li>Atua\u00e7\u00e3o em n\u00facleos tem\u00e1ticos: grupos de pesquisa: at\u00e9 10 horas por semestre.<\/li>\n<li>Atividades de inicia\u00e7\u00e3o cient\u00edfica e Pesquisa: at\u00e9 40 horas por projeto.<\/li>\n<li>Publica\u00e7\u00f5es de trabalho: at\u00e9 15 horas (resumo) e at\u00e9 40 horas (texto completo).<\/li>\n<li>Participa\u00e7\u00e3o em \u00f3rg\u00e3os colegiados e\/ou comiss\u00e3o: at\u00e9 10 horas por portaria.<\/li>\n<li>Monitoria: at\u00e9 60 horas por monitoria.<\/li>\n<li>Organiza\u00e7\u00e3o de eventos: at\u00e9 40 horas por evento.<\/li>\n<li>Atividades referentes a inclus\u00e3o de alunos com necessidades educacionais especiais: int\u00e9rprete de Libras, apoio a mobilidade, apoio pedag\u00f3gico e outros: at\u00e9 60 horas por item.<\/li>\n<li>Atividades vinculadas \u00e0 gest\u00e3o educacional: dire\u00e7\u00e3o de centro, coordena\u00e7\u00e3o de cursos, departamentos did\u00e1ticos, pr\u00f3-reitorias, \u00f3rg\u00e3os de apoio, tutoria EAD, entre outros: at\u00e9 60 horas por certificado.<\/li>\n<li>Apresenta\u00e7\u00e3o de p\u00f4ster, banner, outros: at\u00e9 20 horas por certificado<\/li>\n<li>Outras atividades a crit\u00e9rio do Colegiado: at\u00e9 60 horas por item<\/li>\n<\/ol>\n<p>Para\u00a0<strong>registro das Atividades Complementares de Gradua\u00e7\u00e3o (ACG)<\/strong> prevista na matriz curricular, parte flex\u00edvel, o acad\u00eamico dever\u00e1 apresentar os documentos no nono semestre do Curso, observando a Resolu\u00e7\u00e3o n\u00ba.\u00a0 022\/99. As atividades a serem computadas ser\u00e3o aquelas\u00a0 realizadas entre o ano de ingresso e o ano de finaliza\u00e7\u00e3o do curso pelo acad\u00eamico.<\/p>\n<p>A avalia\u00e7\u00e3o das ACG dos acad\u00eamicos do Curso de Educa\u00e7\u00e3o Especial cabe ao Colegiado do Curso que \u00e9 respons\u00e1vel por encaminhar a cada ano os processos e as formas de avalia\u00e7\u00e3o das mesmas.<\/p>\n<p><strong>2 \u2013\u00a0 ATIVIDADES COMPLEMENTARES DE EXTENS\u00c3O &#8211; ACExs<\/strong><\/p>\n<p>A carga hor\u00e1ria prevista para as ACExs do Curso de Educa\u00e7\u00e3o Especial \u00e9 de 170 horas.<\/p>\n<ol>\n<li><span style=\"font-weight: 400\">Projetos de extens\u00e3o: at\u00e9 40 horas por projeto<\/span><\/li>\n<li><span style=\"font-weight: 400\">Voluntariado que tenha rela\u00e7\u00e3o com a \u00e1rea do curso: at\u00e9 20 horas por certificado<\/span><\/li>\n<li><span style=\"font-weight: 400\">Outras atividades de extens\u00e3o a crit\u00e9rio do Colegiado: at\u00e9 20 horas por certificado<\/span><\/li>\n<\/ol>\n<p>A guarda da documenta\u00e7\u00e3o que comprova a realiza\u00e7\u00e3o das Atividades Complementares de Gradua\u00e7\u00e3o e as Atividades Complementares de Extens\u00e3o <strong>n\u00e3o<\/strong>\u00a0\u00e9 de responsabilidade da Coordena\u00e7\u00e3o do Curso e sim, do aluno.<\/p>\n<p><a href=\"https:\/\/www.ufsm.br\/app\/uploads\/sites\/457\/2025\/08\/ACGs-ACEx-3.pdf\" target=\"_blank\" rel=\"noopener\">Tabela resumo ACGs-ACEx<\/a><\/p>\n","protected":false},"excerpt":{"rendered":"<p>CURR\u00cdCULO FLEX\u00cdVEL \u2013 ACG E ACEx O Projeto Pol\u00edtico-Pedag\u00f3gico do Curso de Educa\u00e7\u00e3o Especial, vers\u00e3o 2024, prev\u00ea nas suas estrat\u00e9gias pedag\u00f3gicas uma matriz curricular como parte flex\u00edvel da forma\u00e7\u00e3o, criando a possibilidade de os acad\u00eamicos\/as do Curso, ter acesso a disciplinas e\/ou atividades, cujos temas e conte\u00fados oportunizem o enriquecimento de seus conhecimentos. O objetivo [&hellip;]<\/p>\n","protected":false},"author":117,"featured_media":0,"parent":0,"menu_order":0,"comment_status":"closed","ping_status":"closed","template":"","meta":{"footnotes":""},"categories":[],"tags":[],"class_list":["post-161","page","type-page","status-publish","hentry"],"acf":[],"_links":{"self":[{"href":"https:\/\/www.ufsm.br\/cursos\/graduacao\/santa-maria\/educacao-especial\/wp-json\/wp\/v2\/pages\/161","targetHints":{"allow":["GET"]}}],"collection":[{"href":"https:\/\/www.ufsm.br\/cursos\/graduacao\/santa-maria\/educacao-especial\/wp-json\/wp\/v2\/pages"}],"about":[{"href":"https:\/\/www.ufsm.br\/cursos\/graduacao\/santa-maria\/educacao-especial\/wp-json\/wp\/v2\/types\/page"}],"author":[{"embeddable":true,"href":"https:\/\/www.ufsm.br\/cursos\/graduacao\/santa-maria\/educacao-especial\/wp-json\/wp\/v2\/users\/117"}],"replies":[{"embeddable":true,"href":"https:\/\/www.ufsm.br\/cursos\/graduacao\/santa-maria\/educacao-especial\/wp-json\/wp\/v2\/comments?post=161"}],"version-history":[{"count":0,"href":"https:\/\/www.ufsm.br\/cursos\/graduacao\/santa-maria\/educacao-especial\/wp-json\/wp\/v2\/pages\/161\/revisions"}],"wp:attachment":[{"href":"https:\/\/www.ufsm.br\/cursos\/graduacao\/santa-maria\/educacao-especial\/wp-json\/wp\/v2\/media?parent=161"}],"wp:term":[{"taxonomy":"category","embeddable":true,"href":"https:\/\/www.ufsm.br\/cursos\/graduacao\/santa-maria\/educacao-especial\/wp-json\/wp\/v2\/categories?post=161"},{"taxonomy":"post_tag","embeddable":true,"href":"https:\/\/www.ufsm.br\/cursos\/graduacao\/santa-maria\/educacao-especial\/wp-json\/wp\/v2\/tags?post=161"}],"curies":[{"name":"wp","href":"https:\/\/api.w.org\/{rel}","templated":true}]}}