{"id":29,"date":"2018-01-18T09:10:07","date_gmt":"2018-01-18T11:10:07","guid":{"rendered":"https:\/\/www.ufsm.br\/cursos\/graduacao\/nutricao\/12352\/?page_id=29"},"modified":"2022-04-26T19:04:35","modified_gmt":"2022-04-26T22:04:35","slug":"contato","status":"publish","type":"page","link":"https:\/\/www.ufsm.br\/cursos\/graduacao\/santa-maria\/educacao-especial\/contato","title":{"rendered":"Contato"},"content":{"rendered":"<p><strong>Diurno:<\/strong><\/p>\n<div>Telefone:<\/div>\n<div>(55) 3220 8426<\/div>\n<div>E-mail:<\/div>\n<div><a href=\"mailto:educacaoespecialdiurno@ufsm.br\" target=\"_top\" rel=\"noopener\">educacaoespecialdiurno@ufsm.br<\/a><\/div>\n<div>Endere\u00e7o:<\/div>\n<div>Av. Roraima, n\u00ba 1000<\/div>\n<div>Pr\u00e9dio 16B, Sala 219<\/div>\n<div>Cidade Universit\u00e1ria<\/div>\n<div>Bairro Camobi<\/div>\n<div>Santa Maria &#8211; RS<\/div>\n<div>CEP: 97105-900<\/div>\n<div><\/div>\n<div><strong>Noturno:<\/strong><\/div>\n<div>Hor\u00e1rio de Atendimento ao p\u00fablico:<\/div>\n<div>Telefone:<\/div>\n<div>(55) 3220-8426<\/div>\n<div>E-mail:<\/div>\n<div><a href=\"mailto:eduespecialnoturno@ufsm.br\">eduespecialnoturno@ufsm.br<\/a><\/div>\n<div>Endere\u00e7o:<\/div>\n<div>Av. Roraima, n\u00ba 1000<\/div>\n<div>Pr\u00e9dio 16B, Sala 219<\/div>\n<div>Cidade Universit\u00e1ria<\/div>\n<div>Bairro Camobi<\/div>\n<div>Santa Maria &#8211; RS<\/div>\n<div>CEP: 97105-900<\/div>\n","protected":false},"excerpt":{"rendered":"<p>Diurno: Telefone: (55) 3220 8426 E-mail: educacaoespecialdiurno@ufsm.br Endere\u00e7o: Av. Roraima, n\u00ba 1000 Pr\u00e9dio 16B, Sala 219 Cidade Universit\u00e1ria Bairro Camobi Santa Maria &#8211; RS CEP: 97105-900 Noturno: Hor\u00e1rio de Atendimento ao p\u00fablico: Telefone: (55) 3220-8426 E-mail: eduespecialnoturno@ufsm.br Endere\u00e7o: Av. Roraima, n\u00ba 1000 Pr\u00e9dio 16B, Sala 219 Cidade Universit\u00e1ria Bairro Camobi Santa Maria &#8211; RS CEP: [&hellip;]<\/p>\n","protected":false},"author":8,"featured_media":0,"parent":0,"menu_order":0,"comment_status":"closed","ping_status":"closed","template":"","meta":{"footnotes":""},"categories":[],"tags":[],"class_list":["post-29","page","type-page","status-publish","hentry"],"acf":[],"_links":{"self":[{"href":"https:\/\/www.ufsm.br\/cursos\/graduacao\/santa-maria\/educacao-especial\/wp-json\/wp\/v2\/pages\/29","targetHints":{"allow":["GET"]}}],"collection":[{"href":"https:\/\/www.ufsm.br\/cursos\/graduacao\/santa-maria\/educacao-especial\/wp-json\/wp\/v2\/pages"}],"about":[{"href":"https:\/\/www.ufsm.br\/cursos\/graduacao\/santa-maria\/educacao-especial\/wp-json\/wp\/v2\/types\/page"}],"author":[{"embeddable":true,"href":"https:\/\/www.ufsm.br\/cursos\/graduacao\/santa-maria\/educacao-especial\/wp-json\/wp\/v2\/users\/8"}],"replies":[{"embeddable":true,"href":"https:\/\/www.ufsm.br\/cursos\/graduacao\/santa-maria\/educacao-especial\/wp-json\/wp\/v2\/comments?post=29"}],"version-history":[{"count":0,"href":"https:\/\/www.ufsm.br\/cursos\/graduacao\/santa-maria\/educacao-especial\/wp-json\/wp\/v2\/pages\/29\/revisions"}],"wp:attachment":[{"href":"https:\/\/www.ufsm.br\/cursos\/graduacao\/santa-maria\/educacao-especial\/wp-json\/wp\/v2\/media?parent=29"}],"wp:term":[{"taxonomy":"category","embeddable":true,"href":"https:\/\/www.ufsm.br\/cursos\/graduacao\/santa-maria\/educacao-especial\/wp-json\/wp\/v2\/categories?post=29"},{"taxonomy":"post_tag","embeddable":true,"href":"https:\/\/www.ufsm.br\/cursos\/graduacao\/santa-maria\/educacao-especial\/wp-json\/wp\/v2\/tags?post=29"}],"curies":[{"name":"wp","href":"https:\/\/api.w.org\/{rel}","templated":true}]}}