{"id":291,"date":"2021-12-13T15:47:19","date_gmt":"2021-12-13T18:47:19","guid":{"rendered":"https:\/\/www.ufsm.br\/cursos\/graduacao\/santa-maria\/enfermagem\/?page_id=291"},"modified":"2021-12-13T16:36:25","modified_gmt":"2021-12-13T19:36:25","slug":"laboratorio-de-enfermagem","status":"publish","type":"page","link":"https:\/\/www.ufsm.br\/cursos\/graduacao\/santa-maria\/enfermagem\/laboratorio-de-enfermagem","title":{"rendered":"Laborat\u00f3rio de Enfermagem"},"content":{"rendered":"\t\t<div data-elementor-type=\"wp-page\" data-elementor-id=\"291\" class=\"elementor elementor-291\">\n\t\t\t\t\t\t<section class=\"elementor-section elementor-top-section elementor-element elementor-element-a25a8ce elementor-section-boxed elementor-section-height-default elementor-section-height-default\" data-id=\"a25a8ce\" data-element_type=\"section\">\n\t\t\t\t\t\t<div class=\"elementor-container elementor-column-gap-default\">\n\t\t\t\t\t<div class=\"elementor-column elementor-col-100 elementor-top-column elementor-element elementor-element-b842411\" data-id=\"b842411\" data-element_type=\"column\">\n\t\t\t<div class=\"elementor-widget-wrap elementor-element-populated\">\n\t\t\t\t\t\t<div class=\"elementor-element elementor-element-e0f4d3f elementor-widget elementor-widget-text-editor\" data-id=\"e0f4d3f\" data-element_type=\"widget\" data-widget_type=\"text-editor.default\">\n\t\t\t\t<div class=\"elementor-widget-container\">\n\t\t\t\t\t\t\t<p>O laborat\u00f3rio de Enfermagem da Universidade Federal de Santa Maria- LABENF \u00e9 um ambiente de apoio did\u00e1tico-pedag\u00f3gico para as atividades de ensino, pesquisa e extens\u00e3o do Curso de Enfermagem. As metodologias de aprendizado deste espa\u00e7o favorecem a aquisi\u00e7\u00e3o de destreza manual e cognitiva do discente, em situa\u00e7\u00f5es simuladas, necess\u00e1rias para assist\u00eancia e cuidado de enfermagem.<\/p><p>Veja algumas imagens das pr\u00e1ticas desenvolvidas no LabEnf e <strong>logo abaixo<\/strong>\u00a0o anexo de <strong>v\u00eddeos de procedimentos\u00a0<\/strong>e materiais did\u00e1tico-pedag\u00f3gicos dispon\u00edveis.<\/p>\t\t\t\t\t\t<\/div>\n\t\t\t\t<\/div>\n\t\t\t\t\t<\/div>\n\t\t<\/div>\n\t\t\t\t\t<\/div>\n\t\t<\/section>\n\t\t\t\t<section class=\"elementor-section elementor-top-section elementor-element elementor-element-1c57a34 elementor-section-boxed elementor-section-height-default elementor-section-height-default\" data-id=\"1c57a34\" data-element_type=\"section\">\n\t\t\t\t\t\t<div class=\"elementor-container elementor-column-gap-default\">\n\t\t\t\t\t<div class=\"elementor-column elementor-col-100 elementor-top-column elementor-element elementor-element-70cbedd\" data-id=\"70cbedd\" data-element_type=\"column\">\n\t\t\t<div class=\"elementor-widget-wrap elementor-element-populated\">\n\t\t\t\t\t\t<div class=\"elementor-element elementor-element-de66156 elementor-widget elementor-widget-image-gallery\" data-id=\"de66156\" data-element_type=\"widget\" data-widget_type=\"image-gallery.default\">\n\t\t\t\t<div class=\"elementor-widget-container\">\n\t\t\t\t\t<div class=\"elementor-image-gallery\">\n\t\t\t<div id='gallery-1' class='gallery galleryid-291 gallery-columns-2 gallery-size-full'><figure class='gallery-item'>\n\t\t\t<div class='gallery-icon portrait'>\n\t\t\t\t<a data-elementor-open-lightbox=\"yes\" data-elementor-lightbox-slideshow=\"de66156\" data-elementor-lightbox-title=\"IMG-20211202-WA0014\" data-e-action-hash=\"#elementor-action%3Aaction%3Dlightbox%26settings%3DeyJpZCI6Mjk3LCJ1cmwiOiJodHRwczpcL1wvd3d3LnVmc20uYnJcL2FwcFwvdXBsb2Fkc1wvc2l0ZXNcLzQzN1wvMjAyMVwvMTJcL0lNRy0yMDIxMTIwMi1XQTAwMTQuanBnIiwic2xpZGVzaG93IjoiZGU2NjE1NiJ9\" href='https:\/\/www.ufsm.br\/app\/uploads\/sites\/437\/2021\/12\/IMG-20211202-WA0014.jpg'><img fetchpriority=\"high\" decoding=\"async\" width=\"774\" height=\"1032\" src=\"https:\/\/www.ufsm.br\/app\/uploads\/sites\/437\/2021\/12\/IMG-20211202-WA0014.jpg\" class=\"attachment-full size-full\" alt=\"\" srcset=\"https:\/\/www.ufsm.br\/app\/uploads\/sites\/437\/2021\/12\/IMG-20211202-WA0014.jpg 774w, https:\/\/www.ufsm.br\/app\/uploads\/sites\/437\/2021\/12\/IMG-20211202-WA0014-225x300.jpg 225w, https:\/\/www.ufsm.br\/app\/uploads\/sites\/437\/2021\/12\/IMG-20211202-WA0014-768x1024.jpg 768w\" sizes=\"(max-width: 774px) 100vw, 774px\" \/><\/a>\n\t\t\t<\/div><\/figure><figure class='gallery-item'>\n\t\t\t<div class='gallery-icon portrait'>\n\t\t\t\t<a data-elementor-open-lightbox=\"yes\" data-elementor-lightbox-slideshow=\"de66156\" data-elementor-lightbox-title=\"IMG-20211202-WA0013\" data-e-action-hash=\"#elementor-action%3Aaction%3Dlightbox%26settings%3DeyJpZCI6Mjk2LCJ1cmwiOiJodHRwczpcL1wvd3d3LnVmc20uYnJcL2FwcFwvdXBsb2Fkc1wvc2l0ZXNcLzQzN1wvMjAyMVwvMTJcL0lNRy0yMDIxMTIwMi1XQTAwMTMuanBnIiwic2xpZGVzaG93IjoiZGU2NjE1NiJ9\" href='https:\/\/www.ufsm.br\/app\/uploads\/sites\/437\/2021\/12\/IMG-20211202-WA0013.jpg'><img decoding=\"async\" width=\"1200\" height=\"1600\" src=\"https:\/\/www.ufsm.br\/app\/uploads\/sites\/437\/2021\/12\/IMG-20211202-WA0013.jpg\" class=\"attachment-full size-full\" alt=\"\" srcset=\"https:\/\/www.ufsm.br\/app\/uploads\/sites\/437\/2021\/12\/IMG-20211202-WA0013.jpg 1200w, https:\/\/www.ufsm.br\/app\/uploads\/sites\/437\/2021\/12\/IMG-20211202-WA0013-225x300.jpg 225w, https:\/\/www.ufsm.br\/app\/uploads\/sites\/437\/2021\/12\/IMG-20211202-WA0013-768x1024.jpg 768w, https:\/\/www.ufsm.br\/app\/uploads\/sites\/437\/2021\/12\/IMG-20211202-WA0013-1152x1536.jpg 1152w\" sizes=\"(max-width: 1200px) 100vw, 1200px\" \/><\/a>\n\t\t\t<\/div><\/figure><figure class='gallery-item'>\n\t\t\t<div class='gallery-icon portrait'>\n\t\t\t\t<a data-elementor-open-lightbox=\"yes\" data-elementor-lightbox-slideshow=\"de66156\" data-elementor-lightbox-title=\"IMG-20211202-WA0012\" data-e-action-hash=\"#elementor-action%3Aaction%3Dlightbox%26settings%3DeyJpZCI6Mjk1LCJ1cmwiOiJodHRwczpcL1wvd3d3LnVmc20uYnJcL2FwcFwvdXBsb2Fkc1wvc2l0ZXNcLzQzN1wvMjAyMVwvMTJcL0lNRy0yMDIxMTIwMi1XQTAwMTIuanBnIiwic2xpZGVzaG93IjoiZGU2NjE1NiJ9\" href='https:\/\/www.ufsm.br\/app\/uploads\/sites\/437\/2021\/12\/IMG-20211202-WA0012.jpg'><img decoding=\"async\" width=\"900\" height=\"1600\" src=\"https:\/\/www.ufsm.br\/app\/uploads\/sites\/437\/2021\/12\/IMG-20211202-WA0012.jpg\" class=\"attachment-full size-full\" alt=\"\" srcset=\"https:\/\/www.ufsm.br\/app\/uploads\/sites\/437\/2021\/12\/IMG-20211202-WA0012.jpg 900w, https:\/\/www.ufsm.br\/app\/uploads\/sites\/437\/2021\/12\/IMG-20211202-WA0012-169x300.jpg 169w, https:\/\/www.ufsm.br\/app\/uploads\/sites\/437\/2021\/12\/IMG-20211202-WA0012-576x1024.jpg 576w, https:\/\/www.ufsm.br\/app\/uploads\/sites\/437\/2021\/12\/IMG-20211202-WA0012-768x1365.jpg 768w, https:\/\/www.ufsm.br\/app\/uploads\/sites\/437\/2021\/12\/IMG-20211202-WA0012-864x1536.jpg 864w\" sizes=\"(max-width: 900px) 100vw, 900px\" \/><\/a>\n\t\t\t<\/div><\/figure><figure class='gallery-item'>\n\t\t\t<div class='gallery-icon portrait'>\n\t\t\t\t<a data-elementor-open-lightbox=\"yes\" data-elementor-lightbox-slideshow=\"de66156\" data-elementor-lightbox-title=\"IMG-20211202-WA0011\" data-e-action-hash=\"#elementor-action%3Aaction%3Dlightbox%26settings%3DeyJpZCI6Mjk0LCJ1cmwiOiJodHRwczpcL1wvd3d3LnVmc20uYnJcL2FwcFwvdXBsb2Fkc1wvc2l0ZXNcLzQzN1wvMjAyMVwvMTJcL0lNRy0yMDIxMTIwMi1XQTAwMTEuanBnIiwic2xpZGVzaG93IjoiZGU2NjE1NiJ9\" href='https:\/\/www.ufsm.br\/app\/uploads\/sites\/437\/2021\/12\/IMG-20211202-WA0011.jpg'><img loading=\"lazy\" decoding=\"async\" width=\"900\" height=\"1600\" src=\"https:\/\/www.ufsm.br\/app\/uploads\/sites\/437\/2021\/12\/IMG-20211202-WA0011.jpg\" class=\"attachment-full size-full\" alt=\"\" srcset=\"https:\/\/www.ufsm.br\/app\/uploads\/sites\/437\/2021\/12\/IMG-20211202-WA0011.jpg 900w, https:\/\/www.ufsm.br\/app\/uploads\/sites\/437\/2021\/12\/IMG-20211202-WA0011-169x300.jpg 169w, https:\/\/www.ufsm.br\/app\/uploads\/sites\/437\/2021\/12\/IMG-20211202-WA0011-576x1024.jpg 576w, https:\/\/www.ufsm.br\/app\/uploads\/sites\/437\/2021\/12\/IMG-20211202-WA0011-768x1365.jpg 768w, https:\/\/www.ufsm.br\/app\/uploads\/sites\/437\/2021\/12\/IMG-20211202-WA0011-864x1536.jpg 864w\" sizes=\"(max-width: 900px) 100vw, 900px\" \/><\/a>\n\t\t\t<\/div><\/figure><figure class='gallery-item'>\n\t\t\t<div class='gallery-icon portrait'>\n\t\t\t\t<a data-elementor-open-lightbox=\"yes\" data-elementor-lightbox-slideshow=\"de66156\" data-elementor-lightbox-title=\"IMG-20211202-WA0010\" data-e-action-hash=\"#elementor-action%3Aaction%3Dlightbox%26settings%3DeyJpZCI6MjkzLCJ1cmwiOiJodHRwczpcL1wvd3d3LnVmc20uYnJcL2FwcFwvdXBsb2Fkc1wvc2l0ZXNcLzQzN1wvMjAyMVwvMTJcL0lNRy0yMDIxMTIwMi1XQTAwMTAuanBnIiwic2xpZGVzaG93IjoiZGU2NjE1NiJ9\" href='https:\/\/www.ufsm.br\/app\/uploads\/sites\/437\/2021\/12\/IMG-20211202-WA0010.jpg'><img loading=\"lazy\" decoding=\"async\" width=\"900\" height=\"1600\" src=\"https:\/\/www.ufsm.br\/app\/uploads\/sites\/437\/2021\/12\/IMG-20211202-WA0010.jpg\" class=\"attachment-full size-full\" alt=\"\" srcset=\"https:\/\/www.ufsm.br\/app\/uploads\/sites\/437\/2021\/12\/IMG-20211202-WA0010.jpg 900w, https:\/\/www.ufsm.br\/app\/uploads\/sites\/437\/2021\/12\/IMG-20211202-WA0010-169x300.jpg 169w, https:\/\/www.ufsm.br\/app\/uploads\/sites\/437\/2021\/12\/IMG-20211202-WA0010-576x1024.jpg 576w, https:\/\/www.ufsm.br\/app\/uploads\/sites\/437\/2021\/12\/IMG-20211202-WA0010-768x1365.jpg 768w, https:\/\/www.ufsm.br\/app\/uploads\/sites\/437\/2021\/12\/IMG-20211202-WA0010-864x1536.jpg 864w\" sizes=\"(max-width: 900px) 100vw, 900px\" \/><\/a>\n\t\t\t<\/div><\/figure><figure class='gallery-item'>\n\t\t\t<div class='gallery-icon portrait'>\n\t\t\t\t<a data-elementor-open-lightbox=\"yes\" data-elementor-lightbox-slideshow=\"de66156\" data-elementor-lightbox-title=\"IMG-20211202-WA0009\" data-e-action-hash=\"#elementor-action%3Aaction%3Dlightbox%26settings%3DeyJpZCI6MjkyLCJ1cmwiOiJodHRwczpcL1wvd3d3LnVmc20uYnJcL2FwcFwvdXBsb2Fkc1wvc2l0ZXNcLzQzN1wvMjAyMVwvMTJcL0lNRy0yMDIxMTIwMi1XQTAwMDkuanBnIiwic2xpZGVzaG93IjoiZGU2NjE1NiJ9\" href='https:\/\/www.ufsm.br\/app\/uploads\/sites\/437\/2021\/12\/IMG-20211202-WA0009.jpg'><img loading=\"lazy\" decoding=\"async\" width=\"900\" height=\"1600\" src=\"https:\/\/www.ufsm.br\/app\/uploads\/sites\/437\/2021\/12\/IMG-20211202-WA0009.jpg\" class=\"attachment-full size-full\" alt=\"\" srcset=\"https:\/\/www.ufsm.br\/app\/uploads\/sites\/437\/2021\/12\/IMG-20211202-WA0009.jpg 900w, https:\/\/www.ufsm.br\/app\/uploads\/sites\/437\/2021\/12\/IMG-20211202-WA0009-169x300.jpg 169w, https:\/\/www.ufsm.br\/app\/uploads\/sites\/437\/2021\/12\/IMG-20211202-WA0009-576x1024.jpg 576w, https:\/\/www.ufsm.br\/app\/uploads\/sites\/437\/2021\/12\/IMG-20211202-WA0009-768x1365.jpg 768w, https:\/\/www.ufsm.br\/app\/uploads\/sites\/437\/2021\/12\/IMG-20211202-WA0009-864x1536.jpg 864w\" sizes=\"(max-width: 900px) 100vw, 900px\" \/><\/a>\n\t\t\t<\/div><\/figure>\n\t\t<\/div>\n\t\t<\/div>\n\t\t\t\t<\/div>\n\t\t\t\t<\/div>\n\t\t\t\t\t<\/div>\n\t\t<\/div>\n\t\t\t\t\t<\/div>\n\t\t<\/section>\n\t\t\t\t<\/div>\n\t\t","protected":false},"excerpt":{"rendered":"<p>O laborat\u00f3rio de Enfermagem da Universidade Federal de Santa Maria- LABENF \u00e9 um ambiente de apoio did\u00e1tico-pedag\u00f3gico para as atividades de ensino, pesquisa e extens\u00e3o do Curso de Enfermagem. As metodologias de aprendizado deste espa\u00e7o favorecem a aquisi\u00e7\u00e3o de destreza manual e cognitiva do discente, em situa\u00e7\u00f5es simuladas, necess\u00e1rias para assist\u00eancia e cuidado de enfermagem. [&hellip;]<\/p>\n","protected":false},"author":2685,"featured_media":0,"parent":0,"menu_order":0,"comment_status":"closed","ping_status":"closed","template":"","meta":{"footnotes":""},"categories":[],"tags":[],"class_list":["post-291","page","type-page","status-publish","hentry"],"acf":[],"_links":{"self":[{"href":"https:\/\/www.ufsm.br\/cursos\/graduacao\/santa-maria\/enfermagem\/wp-json\/wp\/v2\/pages\/291","targetHints":{"allow":["GET"]}}],"collection":[{"href":"https:\/\/www.ufsm.br\/cursos\/graduacao\/santa-maria\/enfermagem\/wp-json\/wp\/v2\/pages"}],"about":[{"href":"https:\/\/www.ufsm.br\/cursos\/graduacao\/santa-maria\/enfermagem\/wp-json\/wp\/v2\/types\/page"}],"author":[{"embeddable":true,"href":"https:\/\/www.ufsm.br\/cursos\/graduacao\/santa-maria\/enfermagem\/wp-json\/wp\/v2\/users\/2685"}],"replies":[{"embeddable":true,"href":"https:\/\/www.ufsm.br\/cursos\/graduacao\/santa-maria\/enfermagem\/wp-json\/wp\/v2\/comments?post=291"}],"version-history":[{"count":0,"href":"https:\/\/www.ufsm.br\/cursos\/graduacao\/santa-maria\/enfermagem\/wp-json\/wp\/v2\/pages\/291\/revisions"}],"wp:attachment":[{"href":"https:\/\/www.ufsm.br\/cursos\/graduacao\/santa-maria\/enfermagem\/wp-json\/wp\/v2\/media?parent=291"}],"wp:term":[{"taxonomy":"category","embeddable":true,"href":"https:\/\/www.ufsm.br\/cursos\/graduacao\/santa-maria\/enfermagem\/wp-json\/wp\/v2\/categories?post=291"},{"taxonomy":"post_tag","embeddable":true,"href":"https:\/\/www.ufsm.br\/cursos\/graduacao\/santa-maria\/enfermagem\/wp-json\/wp\/v2\/tags?post=291"}],"curies":[{"name":"wp","href":"https:\/\/api.w.org\/{rel}","templated":true}]}}