{"id":370,"date":"2025-06-08T12:42:22","date_gmt":"2025-06-08T15:42:22","guid":{"rendered":"https:\/\/www.ufsm.br\/cursos\/graduacao\/santa-maria\/enfermagem\/?page_id=370"},"modified":"2025-06-09T20:22:03","modified_gmt":"2025-06-09T23:22:03","slug":"recuperacao-de-avaliacao-prova-atrasada","status":"publish","type":"page","link":"https:\/\/www.ufsm.br\/cursos\/graduacao\/santa-maria\/enfermagem\/recuperacao-de-avaliacao-prova-atrasada","title":{"rendered":"Recupera\u00e7\u00e3o de Avalia\u00e7\u00e3o (prova atrasada)"},"content":{"rendered":"\n<p>Quando o aluno n\u00e3o puder comparecer em alguma avalia\u00e7\u00e3o, ele deve realizar a abertura de \u201c\u201cProcesso de Recupera\u00e7\u00e3o de Avalia\u00e7\u00e3o\u201d\u201d no Portal de Documentos da UFSM.<\/p>\n\n\n\n<p>Link do Portal:&nbsp;<a href=\"https:\/\/portal.ufsm.br\/documentos\" target=\"_blank\" rel=\"noreferrer noopener\">https:\/\/portal.ufsm.br\/documentos<\/a><\/p>\n\n\n\n<p>Link Tutorial para abertura de processo:&nbsp;<a href=\"https:\/\/www.ufsm.br\/orgaos-suplementares\/dag\/pen\/apoio-ao-usuario\/passo-a-passo-para-abertura-assinatura-e-tramite\/\" target=\"_blank\" rel=\"noreferrer noopener\">Passo a passo para: Abertura, Assinatura e Tramite<\/a><\/p>\n\n\n\n<p>Para o Processo online, a classifica\u00e7\u00e3o \u00e9 \u201c<em><strong>125.31 \u2013 Processo de recupera\u00e7\u00e3o de avalia\u00e7\u00e3o de aluno de gradua\u00e7\u00e3o<\/strong><\/em>\u201c.<\/p>\n\n\n\n<p>Preencha o\u00a0<strong><a href=\"https:\/\/www.ufsm.br\/app\/uploads\/sites\/437\/2025\/06\/Requerimentos-de-prova-atrasada-ccs_enfermagem-1.pdf\">Requerimento de prova atrasada<\/a><\/strong>\u00a0e adicione no processo, juntamente com o\u00a0Atestado\/Certid\u00e3o\/Comprovante.<\/p>\n\n\n\n<p>Este \u00e9 um formul\u00e1rio .pdf, que depois de preenchido e assinado, deve ser salvo em .pdf para poder incluir no processo.<\/p>\n\n\n\n<p>Ap\u00f3s inserir os documentos mencionados no processo eletr\u00f4nico, clicar em \u201cTramitar\u201d para que o mesmo tenha andamento.<\/p>\n\n\n\n<p>Feito isso, comunicar o(a) docente da disciplina para que j\u00e1 fique ciente da solicita\u00e7\u00e3o.<\/p>\n\n\n\n<p><strong>** Em caso de recupera\u00e7\u00e3o de avalia\u00e7\u00e3o em mais de uma disciplina, o aluno dever\u00e1 abrir processos individuais, um para cada disciplina.<\/strong><\/p>\n\n\n\n<p><br>Conforme o <a href=\"https:\/\/www.ufsm.br\/app\/uploads\/sites\/342\/2025\/02\/GUIA-ESTUDANTIL-UFSM-2025.pdf\">Guia Estudantil da UFSM<\/a> (vers\u00e3o 2025; 4.14) os alunos que, por motivos devidamente justificados e listados abaixo, n\u00e3o comparecerem \u00e0s atividades acad\u00eamicas sujeitas \u00e0 avalia\u00e7\u00e3o, poder\u00e3o requerer,&nbsp;<strong>no prazo m\u00e1ximo de 2 dias \u00fateis desde a data da avalia\u00e7\u00e3o<\/strong>, a oportunidade de realiz\u00e1-la em outra data, a crit\u00e9rio do departamento did\u00e1tico competente. S\u00e3o considerados motivos devidamente justificados:<\/p>\n\n\n\n<p>1. Doen\u00e7a que impossibilite o aluno de realizar avalia\u00e7\u00e3o, devidamente comprovada por Atestado M\u00e9dico com CID, assinatura, CRM e data<\/p>\n\n\n\n<p>2. Acompanhamento de familiar de primeiro grau (pais ou filhos) para tratamento de sa\u00fade, devidamente comprovado por Atestado M\u00e9dico com CID, assinatura, CRM e data<\/p>\n\n\n\n<p>3. \u00d3bito de familiar de primeiro grau (pais ou filhos)&nbsp;<\/p>\n\n\n\n<p>4. Participa\u00e7\u00e3o em eventos acad\u00eamicos com apresenta\u00e7\u00e3o de trabalho, desde que avisado com anteced\u00eancia m\u00ednima de 48h na Secretaria Integrada de Departamentos ao qual a disciplina do professor est\u00e1 vinculada e comprovado por atestado ou certificado de participa\u00e7\u00e3o<br><br><strong>Tutorial <\/strong>: <a href=\"https:\/\/www.ufsm.br\/app\/uploads\/sites\/473\/2022\/11\/Tutorial-Processo-de-Solicitacao-de-Recuperacao-de-Avaliacao.pdf\">PROCESSO DE RECUPERA\u00c7\u00c3O DE AVALIA\u00c7\u00c3O DE ALUNO DE GRADUA\u00c7\u00c3O<\/a><\/p>\n","protected":false},"excerpt":{"rendered":"<p>Quando o aluno n\u00e3o puder comparecer em alguma avalia\u00e7\u00e3o, ele deve realizar a abertura de \u201c\u201cProcesso de Recupera\u00e7\u00e3o de Avalia\u00e7\u00e3o\u201d\u201d no Portal de Documentos da UFSM. Link do Portal:&nbsp;https:\/\/portal.ufsm.br\/documentos Link Tutorial para abertura de processo:&nbsp;Passo a passo para: Abertura, Assinatura e Tramite Para o Processo online, a classifica\u00e7\u00e3o \u00e9 \u201c125.31 \u2013 Processo de recupera\u00e7\u00e3o de [&hellip;]<\/p>\n","protected":false},"author":5933,"featured_media":0,"parent":0,"menu_order":0,"comment_status":"closed","ping_status":"closed","template":"","meta":{"footnotes":""},"categories":[31],"tags":[],"class_list":["post-370","page","type-page","status-publish","hentry","category-pagina"],"acf":[],"_links":{"self":[{"href":"https:\/\/www.ufsm.br\/cursos\/graduacao\/santa-maria\/enfermagem\/wp-json\/wp\/v2\/pages\/370","targetHints":{"allow":["GET"]}}],"collection":[{"href":"https:\/\/www.ufsm.br\/cursos\/graduacao\/santa-maria\/enfermagem\/wp-json\/wp\/v2\/pages"}],"about":[{"href":"https:\/\/www.ufsm.br\/cursos\/graduacao\/santa-maria\/enfermagem\/wp-json\/wp\/v2\/types\/page"}],"author":[{"embeddable":true,"href":"https:\/\/www.ufsm.br\/cursos\/graduacao\/santa-maria\/enfermagem\/wp-json\/wp\/v2\/users\/5933"}],"replies":[{"embeddable":true,"href":"https:\/\/www.ufsm.br\/cursos\/graduacao\/santa-maria\/enfermagem\/wp-json\/wp\/v2\/comments?post=370"}],"version-history":[{"count":0,"href":"https:\/\/www.ufsm.br\/cursos\/graduacao\/santa-maria\/enfermagem\/wp-json\/wp\/v2\/pages\/370\/revisions"}],"wp:attachment":[{"href":"https:\/\/www.ufsm.br\/cursos\/graduacao\/santa-maria\/enfermagem\/wp-json\/wp\/v2\/media?parent=370"}],"wp:term":[{"taxonomy":"category","embeddable":true,"href":"https:\/\/www.ufsm.br\/cursos\/graduacao\/santa-maria\/enfermagem\/wp-json\/wp\/v2\/categories?post=370"},{"taxonomy":"post_tag","embeddable":true,"href":"https:\/\/www.ufsm.br\/cursos\/graduacao\/santa-maria\/enfermagem\/wp-json\/wp\/v2\/tags?post=370"}],"curies":[{"name":"wp","href":"https:\/\/api.w.org\/{rel}","templated":true}]}}