{"id":379,"date":"2025-07-19T15:20:17","date_gmt":"2025-07-19T18:20:17","guid":{"rendered":"https:\/\/www.ufsm.br\/cursos\/graduacao\/santa-maria\/enfermagem\/?page_id=379"},"modified":"2026-02-24T23:25:28","modified_gmt":"2026-02-25T02:25:28","slug":"estagios-supervisionados","status":"publish","type":"page","link":"https:\/\/www.ufsm.br\/cursos\/graduacao\/santa-maria\/enfermagem\/estagios-supervisionados","title":{"rendered":"Est\u00e1gios Supervisionados"},"content":{"rendered":"\n<p>Os Est\u00e1gios Supervisionados &#8220;A&#8221; e &#8220;B&#8221; s\u00e3o disciplinas curriculares obrigat\u00f3rias do Curso de Enfermagem.<br>As orienta\u00e7\u00f5es sobre regras gerais de Est\u00e1gio Obrigat\u00f3rio s\u00e3o passadas pela Comiss\u00e3o de Est\u00e1gios, durante os encontros.<br>As vagas (campos), enfermeiros supervisores e professores orientadores devem seguir o pactuado com a Comiss\u00e3o de Est\u00e1gios. Para o 1. Semestre letivo de 2026, o per\u00edodo estabelecido para os est\u00e1gios ser\u00e1 de <strong>09\/03\/2026 a 10\/07\/2026<\/strong>. <br>* Para est\u00e1gios no HUSM, a folha de frequ\u00eancia deve ser baixada do drive &#8220;<a href=\"https:\/\/drive.google.com\/drive\/folders\/1yv_jwZzmMZW7ruIS8kACAumENsekV74m?usp=sharing\" data-type=\"link\" data-id=\"https:\/\/drive.google.com\/drive\/folders\/1yv_jwZzmMZW7ruIS8kACAumENsekV74m?usp=sharing\">Frequ\u00eancia Est\u00e1gios<\/a>&#8220;. (A Coordena\u00e7\u00e3o enviar\u00e1 a todos os estagi\u00e1rios c\u00f3pia das folhas de frequ\u00eancia, mensalmente).<br><br><strong>Documentos<\/strong>:<br><a><strong>Est\u00e1gios Obrigat\u00f3rios no Servi\u00e7o Municipal de Sa\u00fade de Santa Maria<\/strong><\/a><\/p>\n\n\n\n<ul class=\"wp-block-list\">\n<li><strong>(125.22)<\/strong> Termo de compromisso de est\u00e1gio obrigat\u00f3rio de aluno de gradua\u00e7\u00e3o (<a href=\"https:\/\/www.ufsm.br\/app\/uploads\/sites\/437\/2026\/01\/2026-1-TCE-Estagio-Obrigatorio-NEPES-protegido_apolice_atualizada_em_16_05_2025.pdf\" data-type=\"link\" data-id=\"https:\/\/www.ufsm.br\/app\/uploads\/sites\/437\/2026\/01\/2026-1-TCE-Estagio-Obrigatorio-NEPES-protegido_apolice_atualizada_em_16_05_2025.pdf\">edit\u00e1vel<\/a>);<\/li>\n\n\n\n<li><strong>(125.22)<\/strong> Carta de apresenta\u00e7\u00e3o em est\u00e1gio de aluno de gradua\u00e7\u00e3o (conforme modelo &#8211; clique <a href=\"https:\/\/www.ufsm.br\/app\/uploads\/sites\/437\/2025\/12\/Carta-de-Apresentacao-ES_SMS-editavel-2026-09MAR2026.pdf\"><strong>aqui<\/strong><\/a> para editar);<\/li>\n\n\n\n<li><strong>(125.43)<\/strong> Cart\u00e3o SUS de aluno de gradua\u00e7\u00e3o;<\/li>\n\n\n\n<li><strong>(125.43)<\/strong> Comprovante de vacina\u00e7\u00e3o de aluno de gradua\u00e7\u00e3o;<\/li>\n\n\n\n<li><strong>(125.43)<\/strong> Documento de identifica\u00e7\u00e3o com CPF de aluno de gradua\u00e7\u00e3o (RG ou CNH);<\/li>\n\n\n\n<li><strong>(125.43)<\/strong> <a href=\"https:\/\/www.ufsm.br\/app\/uploads\/sites\/342\/2025\/04\/Apolice-01.82.003090_atualizada_em_08_04_2025.pdf\" target=\"_blank\" rel=\"noreferrer noopener\">Ap\u00f3lice de seguro de aluno de gradua\u00e7\u00e3o<\/a>&nbsp;(atualizada em 08\/04\/2025);<\/li>\n\n\n\n<li><strong>(125.22)<\/strong> Comprovante de matr\u00edcula em curso de gradua\u00e7\u00e3o 2026-1<\/li>\n<\/ul>\n\n\n\n<p><a><strong>Est\u00e1gios Obrigat\u00f3rios no Hospital Universit\u00e1rio de Santa Maria (HUSM)<\/strong><\/a><\/p>\n\n\n\n<ul class=\"wp-block-list\">\n<li><strong>(125.22)<\/strong> Termo de compromisso de est\u00e1gio (HUSM) obrigat\u00f3rio de aluno de gradua\u00e7\u00e3o (edit\u00e1vel);<\/li>\n\n\n\n<li><strong>(125.43)<\/strong> Cart\u00e3o SUS de aluno de gradua\u00e7\u00e3o;<\/li>\n\n\n\n<li><strong>(125.43)<\/strong> Comprovante de vacina\u00e7\u00e3o de aluno de gradua\u00e7\u00e3o (atualizadas: H1N1\/gripe, Hepatite B e Dupla Adulto\/DT);<\/li>\n\n\n\n<li><strong>(125.43)<\/strong> Documento de identifica\u00e7\u00e3o com CPF de aluno de gradua\u00e7\u00e3o (RG ou CNH);<\/li>\n\n\n\n<li><strong>(529.2)<\/strong> <a href=\"https:\/\/www.gov.br\/ebserh\/pt-br\/hospitais-universitarios\/regiao-sul\/husm-ufsm\/ensino-e-pesquisa\/capacitacoes\/curso_acolhimento_husm_2025.html\">Declara\u00e7\u00e3o de participa\u00e7\u00e3o no programa de acolhimento de estudantes no Hospital Universit\u00e1rio de Santa Maria<\/a>&nbsp;(a capacita\u00e7\u00e3o \u00e9 online e a apresenta\u00e7\u00e3o do certificado \u00e9 obrigat\u00f3ria para todos\/as os\/as estudantes, sejam da UFSM, sejam de outras IES)&nbsp;;<\/li>\n\n\n\n<li><strong>(125.43)<\/strong> <a href=\"https:\/\/www.ufsm.br\/app\/uploads\/sites\/342\/2025\/04\/Apolice-01.82.003090_atualizada_em_08_04_2025.pdf\" target=\"_blank\" rel=\"noreferrer noopener\">Ap\u00f3lice de seguro de aluno de gradua\u00e7\u00e3o<\/a>&nbsp;(atualizada em 08\/04\/2025);<\/li>\n\n\n\n<li><strong>(125.22)<\/strong> Comprovante de matr\u00edcula em curso de gradua\u00e7\u00e3o 2026-1<br>*Para est\u00e1gios no HUSM, n\u00e3o \u00e9 necess\u00e1ria a carta de apresenta\u00e7\u00e3o.<br><\/li>\n<\/ul>\n\n\n\n<p><s>Para abrir o Processo de Est\u00e1gio Obrigat\u00f3rio no PEN-SIE, basta estar logado no Portal Estudantil, acessar a p\u00e1gina de abertura de <a href=\"https:\/\/portal.ufsm.br\/documentos\/usuario\/documento\/form.html\">PROCESSOS<\/a> e escolher o tipo documental &#8220;<strong>Processo de homologa\u00e7\u00e3o de est\u00e1gio OBRIGAT\u00d3RIO de gradua\u00e7\u00e3o<\/strong>&#8221; (classifica\u00e7\u00e3o 125.22). Ap\u00f3s, confirmar o estudante como interessado e autor, e a descri\u00e7\u00e3o como &#8220;SOLICITA HOMOLOGA\u00c7\u00c3O DE EST\u00c1GIO&#8221;.<\/s> <br>Ap\u00f3s, basta que o estudante insira todos os documento necess\u00e1rios (conforme situa\u00e7\u00e3o HUSM ou Servi\u00e7o Municipal de Sa\u00fade) na ordem informada acima, devidamente preenchidos.<br>Conclu\u00edda essa etapa, revise a documenta\u00e7\u00e3o, assine eletronicamente os documentos do processo (na chave que aparece ao lado dos documentos) e tramite o processo para o pr\u00f3ximo passo (Professor Orientador assinar, informando o nome do professor orientador).<br>Acompanhe a tramita\u00e7\u00e3o de seu processo, avisando seu professor orientador que o processo foi tramitado.<br><br><strong>O Est\u00e1gio Supervisionado s\u00f3 deve iniciar ap\u00f3s o processo ser assinado pelas partes (aluno, professor, servi\u00e7o e coordena\u00e7\u00e3o).<\/strong><br><br><strong>&gt;<\/strong> Para os casos de Est\u00e1gio Supervisionado em Servi\u00e7o Municipal de Sa\u00fade, a <strong>Carta de Apresenta\u00e7\u00e3o<\/strong> dever\u00e1 ser preenchida no modelo (clique <a href=\"https:\/\/www.ufsm.br\/app\/uploads\/sites\/437\/2025\/07\/Carta-de-Apresentacao-ES_SMS-2025-2.pdf\" data-type=\"link\" data-id=\"https:\/\/www.ufsm.br\/app\/uploads\/sites\/437\/2025\/07\/Carta-de-Apresentacao-ES_SMS-2025-2.pdf\"><\/a><a href=\"https:\/\/www.ufsm.br\/app\/uploads\/sites\/437\/2025\/12\/Carta-de-Apresentacao-ES_SMS-editavel-2026-09MAR2026.pdf\"><strong>aqui<\/strong><\/a> para editar), baixada em .pdf e anexada no processo. Ela ser\u00e1 assinada pelo Coordenador do Curso eletronicamente, dentro do processo e ap\u00f3s a assinatura eletr\u00f4nica do NEPES, devendo o documento espec\u00edfico (s\u00f3 a Carta de Apresenta\u00e7\u00e3o) ser impressa (com as devidas assinaturas eletr\u00f4nicas e autentica\u00e7\u00e3o digital) para apresenta\u00e7\u00e3o no Servi\u00e7o, quando do in\u00edcio do est\u00e1gio.<br><strong>&gt;<\/strong> Para os casos de Est\u00e1gio Supervisionado no HUSM, ap\u00f3s o Professor Orientador assinar, o processo ser\u00e1 encaminhado para HUSM &#8211; onde ser\u00e1 analisado pela GEP, que acionar\u00e1 a unidade campo para assinatura eletr\u00f4nica do Enfermeiro Supervisor, anexa\u00e7\u00e3o de Despacho SEI e devolu\u00e7\u00e3o autorizada para a Coordena\u00e7\u00e3o do Curso.<\/p>\n\n\n\n<p><strong>Links \u00fateis:<\/strong><\/p>\n\n\n\n<p>* Instru\u00e7\u00e3o Normativa n. 001\/2022-PROGRAD\/UFSM<br><a href=\"https:\/\/www.ufsm.br\/app\/uploads\/sites\/342\/2024\/12\/Instrucao_Normativa_01_2022_Prograd_UFSM_Estagios_Versao_sem_anexos.pdf\">https:\/\/www.ufsm.br\/app\/uploads\/sites\/342\/2024\/12\/Instrucao_Normativa_01_2022_Prograd_UFSM_Estagios_Versao_sem_anexos.pdf<\/a><br><br>* Passo a passo para gerar autoriza\u00e7\u00e3o de assinatura eletr\u00f4nica PEN-SIE<br><a href=\"https:\/\/www.ufsm.br\/app\/uploads\/sites\/416\/2020\/04\/Passo-a-passo-termo-assinatura-eletronica-PEN-SIE.pdf\">https:\/\/www.ufsm.br\/app\/uploads\/sites\/416\/2020\/04\/Passo-a-passo-termo-assinatura-eletronica-PEN-SIE.pdf<\/a><\/p>\n\n\n\n<p><br><\/p>\n","protected":false},"excerpt":{"rendered":"<p>Os Est\u00e1gios Supervisionados &#8220;A&#8221; e &#8220;B&#8221; s\u00e3o disciplinas curriculares obrigat\u00f3rias do Curso de Enfermagem.As orienta\u00e7\u00f5es sobre regras gerais de Est\u00e1gio Obrigat\u00f3rio s\u00e3o passadas pela Comiss\u00e3o de Est\u00e1gios, durante os encontros.As vagas (campos), enfermeiros supervisores e professores orientadores devem seguir o pactuado com a Comiss\u00e3o de Est\u00e1gios. Para o 1. Semestre letivo de 2026, o per\u00edodo [&hellip;]<\/p>\n","protected":false},"author":5933,"featured_media":0,"parent":0,"menu_order":0,"comment_status":"closed","ping_status":"closed","template":"","meta":{"footnotes":""},"categories":[],"tags":[],"class_list":["post-379","page","type-page","status-publish","hentry"],"acf":[],"_links":{"self":[{"href":"https:\/\/www.ufsm.br\/cursos\/graduacao\/santa-maria\/enfermagem\/wp-json\/wp\/v2\/pages\/379","targetHints":{"allow":["GET"]}}],"collection":[{"href":"https:\/\/www.ufsm.br\/cursos\/graduacao\/santa-maria\/enfermagem\/wp-json\/wp\/v2\/pages"}],"about":[{"href":"https:\/\/www.ufsm.br\/cursos\/graduacao\/santa-maria\/enfermagem\/wp-json\/wp\/v2\/types\/page"}],"author":[{"embeddable":true,"href":"https:\/\/www.ufsm.br\/cursos\/graduacao\/santa-maria\/enfermagem\/wp-json\/wp\/v2\/users\/5933"}],"replies":[{"embeddable":true,"href":"https:\/\/www.ufsm.br\/cursos\/graduacao\/santa-maria\/enfermagem\/wp-json\/wp\/v2\/comments?post=379"}],"version-history":[{"count":0,"href":"https:\/\/www.ufsm.br\/cursos\/graduacao\/santa-maria\/enfermagem\/wp-json\/wp\/v2\/pages\/379\/revisions"}],"wp:attachment":[{"href":"https:\/\/www.ufsm.br\/cursos\/graduacao\/santa-maria\/enfermagem\/wp-json\/wp\/v2\/media?parent=379"}],"wp:term":[{"taxonomy":"category","embeddable":true,"href":"https:\/\/www.ufsm.br\/cursos\/graduacao\/santa-maria\/enfermagem\/wp-json\/wp\/v2\/categories?post=379"},{"taxonomy":"post_tag","embeddable":true,"href":"https:\/\/www.ufsm.br\/cursos\/graduacao\/santa-maria\/enfermagem\/wp-json\/wp\/v2\/tags?post=379"}],"curies":[{"name":"wp","href":"https:\/\/api.w.org\/{rel}","templated":true}]}}