{"id":153,"date":"2018-11-30T12:14:05","date_gmt":"2018-11-30T14:14:05","guid":{"rendered":"https:\/\/www.ufsm.br\/cursos\/graduacao\/santa-maria\/engenharia-acustica\/?page_id=153"},"modified":"2019-02-01T10:39:53","modified_gmt":"2019-02-01T12:39:53","slug":"pesquisa","status":"publish","type":"page","link":"https:\/\/www.ufsm.br\/cursos\/graduacao\/santa-maria\/engenharia-acustica\/pesquisa","title":{"rendered":"Pesquisa"},"content":{"rendered":"<div>Os links abaixo fornecem detalhes das principais linhas de pesquisa conduzidas pela Engenharia Ac\u00fastica da Universidade Federal de Santa Maria. Apesar serem apresentadas de maneira isolada, tais linhas comunicam-se entre si de maneira constante. Em outras palavras, a pesquisa conduzida em uma linha espec\u00edfica necessita, muitas vezes, da colabora\u00e7\u00e3o e do conhecimento de uma ou mais linhas descritas abaixo. Um bom exemplo disso \u00e9 a pesquisa relacionada \u00e0 Ac\u00fastica das Edifica\u00e7\u00f5es, a qual necessita invariavelmente de conhecimentos envolvendo a propaga\u00e7\u00e3o de som e energia vibrat\u00f3ria em s\u00f3lidos, pesquisada em Controle de Vibra\u00e7\u00f5es. Al\u00e9m disso, a Ac\u00fastica das Edifica\u00e7\u00f5es tamb\u00e9m se vale dos conhecimentos gerados na pesquisa conduzida na linha de M\u00e9todos Computacionais. Este \u00e9, portanto, um pequeno exemplo da constante intercomunica\u00e7\u00e3o entre as linhas de pesquisa apresentadas abaixo.<\/div>\n<div><\/div>\n<ul class=\"has-expander\" role=\"navigation\">\n<li style=\"list-style-type: none\">\n<ul class=\"has-expander\" role=\"navigation\">\n<li class=\"\">\n<div class=\"current-bg\" dir=\"ltr\"><a href=\"https:\/\/www.ufsm.br\/cursos\/graduacao\/santa-maria\/engenharia-acustica\/acustica-de-salas\/\">Ac\u00fastica de salas<\/a><\/div>\n<\/li>\n<\/ul>\n<\/li>\n<\/ul>\n<ul class=\"has-expander\" role=\"navigation\">\n<li style=\"list-style-type: none\">\n<ul class=\"has-expander\" role=\"navigation\">\n<li class=\"\">\n<div dir=\"ltr\"><a href=\"https:\/\/www.ufsm.br\/cursos\/graduacao\/santa-maria\/engenharia-acustica\/acustica-das-edificacoes\/\">Ac\u00fastica das edifica\u00e7\u00f5es<\/a><\/div>\n<\/li>\n<\/ul>\n<\/li>\n<\/ul>\n<ul class=\"has-expander\" role=\"navigation\">\n<li style=\"list-style-type: none\">\n<ul class=\"has-expander\" role=\"navigation\">\n<li class=\"\">\n<div dir=\"ltr\">\u00c1udio e processamento de sinais<\/div>\n<\/li>\n<\/ul>\n<\/li>\n<\/ul>\n<ul class=\"has-expander\" role=\"navigation\">\n<li style=\"list-style-type: none\">\n<ul class=\"has-expander\" role=\"navigation\">\n<li class=\"\">\n<div dir=\"ltr\">Controle de ru\u00eddo<\/div>\n<\/li>\n<\/ul>\n<\/li>\n<\/ul>\n<ul class=\"has-expander\" role=\"navigation\">\n<li style=\"list-style-type: none\">\n<ul class=\"has-expander\" role=\"navigation\">\n<li class=\"\">\n<div dir=\"ltr\">Eletroac\u00fastica e instrumenta\u00e7\u00e3o<\/div>\n<\/li>\n<\/ul>\n<\/li>\n<\/ul>\n<ul class=\"has-expander\" role=\"navigation\">\n<li style=\"list-style-type: none\">\n<ul class=\"has-expander\" role=\"navigation\">\n<li class=\"\">\n<div dir=\"ltr\">Materiais ac\u00fasticos<\/div>\n<\/li>\n<\/ul>\n<\/li>\n<\/ul>\n<ul class=\"has-expander\" role=\"navigation\">\n<li style=\"list-style-type: none\">\n<ul class=\"has-expander\" role=\"navigation\">\n<li class=\"\">\n<div dir=\"ltr\">M\u00e9todos num\u00e9ricos e computacionais<\/div>\n<\/li>\n<\/ul>\n<\/li>\n<\/ul>\n<ul class=\"has-expander\" role=\"navigation\">\n<li style=\"list-style-type: none\">\n<ul class=\"has-expander\" role=\"navigation\">\n<li class=\"\">\n<div dir=\"ltr\"><a href=\"https:\/\/www.ufsm.br\/cursos\/graduacao\/santa-maria\/engenharia-acustica\/psicoacustica-e-qualidade-sonora\/\">Psicoac\u00fastica e qualidade sonora<\/a><\/div>\n<\/li>\n<\/ul>\n<\/li>\n<\/ul>\n<ul class=\"has-expander\" role=\"navigation\">\n<li style=\"list-style-type: none\">\n<ul class=\"has-expander\" role=\"navigation\">\n<li class=\"\">\n<div dir=\"ltr\">Vibra\u00e7\u00f5es e seu controle<\/div>\n<\/li>\n<\/ul>\n<\/li>\n<\/ul>\n<ul class=\"has-expander\" role=\"navigation\">\n<li class=\"\">\n<div dir=\"ltr\"><a href=\"https:\/\/www.ufsm.br\/cursos\/graduacao\/santa-maria\/engenharia-acustica\/grupos-de-pesquisa\/\">Grupos de Pesquisa<\/a><\/div>\n<\/li>\n<\/ul>\n","protected":false},"excerpt":{"rendered":"<p>Os links abaixo fornecem detalhes das principais linhas de pesquisa conduzidas pela Engenharia Ac\u00fastica da Universidade Federal de Santa Maria. Apesar serem apresentadas de maneira isolada, tais linhas comunicam-se entre si de maneira constante. Em outras palavras, a pesquisa conduzida em uma linha espec\u00edfica necessita, muitas vezes, da colabora\u00e7\u00e3o e do conhecimento de uma ou [&hellip;]<\/p>\n","protected":false},"author":201,"featured_media":0,"parent":0,"menu_order":0,"comment_status":"closed","ping_status":"closed","template":"","meta":{"footnotes":""},"categories":[],"tags":[],"class_list":["post-153","page","type-page","status-publish","hentry"],"acf":[],"_links":{"self":[{"href":"https:\/\/www.ufsm.br\/cursos\/graduacao\/santa-maria\/engenharia-acustica\/wp-json\/wp\/v2\/pages\/153","targetHints":{"allow":["GET"]}}],"collection":[{"href":"https:\/\/www.ufsm.br\/cursos\/graduacao\/santa-maria\/engenharia-acustica\/wp-json\/wp\/v2\/pages"}],"about":[{"href":"https:\/\/www.ufsm.br\/cursos\/graduacao\/santa-maria\/engenharia-acustica\/wp-json\/wp\/v2\/types\/page"}],"author":[{"embeddable":true,"href":"https:\/\/www.ufsm.br\/cursos\/graduacao\/santa-maria\/engenharia-acustica\/wp-json\/wp\/v2\/users\/201"}],"replies":[{"embeddable":true,"href":"https:\/\/www.ufsm.br\/cursos\/graduacao\/santa-maria\/engenharia-acustica\/wp-json\/wp\/v2\/comments?post=153"}],"version-history":[{"count":0,"href":"https:\/\/www.ufsm.br\/cursos\/graduacao\/santa-maria\/engenharia-acustica\/wp-json\/wp\/v2\/pages\/153\/revisions"}],"wp:attachment":[{"href":"https:\/\/www.ufsm.br\/cursos\/graduacao\/santa-maria\/engenharia-acustica\/wp-json\/wp\/v2\/media?parent=153"}],"wp:term":[{"taxonomy":"category","embeddable":true,"href":"https:\/\/www.ufsm.br\/cursos\/graduacao\/santa-maria\/engenharia-acustica\/wp-json\/wp\/v2\/categories?post=153"},{"taxonomy":"post_tag","embeddable":true,"href":"https:\/\/www.ufsm.br\/cursos\/graduacao\/santa-maria\/engenharia-acustica\/wp-json\/wp\/v2\/tags?post=153"}],"curies":[{"name":"wp","href":"https:\/\/api.w.org\/{rel}","templated":true}]}}