{"id":162,"date":"2018-11-30T12:05:04","date_gmt":"2018-11-30T14:05:04","guid":{"rendered":"https:\/\/www.ufsm.br\/cursos\/graduacao\/santa-maria\/engenharia-acustica\/?page_id=162"},"modified":"2018-11-30T12:08:11","modified_gmt":"2018-11-30T14:08:11","slug":"psicoacustica-e-qualidade-sonora","status":"publish","type":"page","link":"https:\/\/www.ufsm.br\/cursos\/graduacao\/santa-maria\/engenharia-acustica\/psicoacustica-e-qualidade-sonora","title":{"rendered":"Psicoac\u00fastica e qualidade sonora"},"content":{"rendered":"\t\t<div data-elementor-type=\"wp-post\" data-elementor-id=\"162\" class=\"elementor elementor-162 elementor-bc-flex-widget\">\n\t\t\t\t\t\t<section class=\"elementor-section elementor-top-section elementor-element elementor-element-b05ed8b elementor-section-boxed elementor-section-height-default elementor-section-height-default\" data-id=\"b05ed8b\" data-element_type=\"section\">\n\t\t\t\t\t\t<div class=\"elementor-container elementor-column-gap-default\">\n\t\t\t\t\t<div class=\"elementor-column elementor-col-100 elementor-top-column elementor-element elementor-element-5cf0a1c\" data-id=\"5cf0a1c\" data-element_type=\"column\">\n\t\t\t<div class=\"elementor-widget-wrap elementor-element-populated\">\n\t\t\t\t\t\t<div class=\"elementor-element elementor-element-afcc4bc elementor-widget elementor-widget-text-editor\" data-id=\"afcc4bc\" data-element_type=\"widget\" data-widget_type=\"text-editor.default\">\n\t\t\t\t<div class=\"elementor-widget-container\">\n\t\t\t\t\t\t\t<p><span style=\"font-size: 12pt; color: #000000;\">A psicoac\u00fastica \u00e9 uma subdisciplina da psicof\u00edsica que estuda a rela\u00e7\u00e3o entre est\u00edmulos sonoros e as sensa\u00e7\u00f5es auditivas decorrentes destes est\u00edmulos. Ela pode ser dividida em psicoac\u00fastica externa e psicoac\u00fastica interna.\u00a0<\/span><\/p><div><span style=\"color: #000000;\"><span style=\"font-size: 12pt;\">\u00a0<\/span><span style=\"font-size: 12pt;\">A psicoac\u00fastica externa se preocupa com a quantifica\u00e7\u00e3o das sensa\u00e7\u00f5es auditivas e estabelece rela\u00e7\u00f5es matem\u00e1ticas entre os est\u00edmulos ac\u00fasticos e as sensa\u00e7\u00f5es auditivas. Desta forma pode-se prever sensa\u00e7\u00f5es auditivas, como a sensa\u00e7\u00e3o de volume sonoro ou a sensa\u00e7\u00e3o de tonalidade, a partir das caracter\u00edsticas f\u00edsicas do\u00a0est\u00edmulo sonoro. Entretanto a psicoac\u00fastica n\u00e3o pode prever a percep\u00e7\u00e3o sonora, como por exemplo o inc\u00f4modo gerado por um som pois ela n\u00e3o pode prever a interpreta\u00e7\u00e3o das sensa\u00e7\u00f5es auditivas por processos cognitivos. A predi\u00e7\u00e3o da influ\u00eancia destes processos cognitivos \u00e9 assunto da disciplina de ac\u00fastica subjetiva. Para medir as sensa\u00e7\u00f5es auditivas a psicoac\u00fastica usa m\u00e9todos de medi\u00e7\u00e3o psicol\u00f3gica e de medi\u00e7\u00e3o f\u00edsica. Os m\u00e9todos de medi\u00e7\u00e3o psicol\u00f3gica quantificam as sensa\u00e7\u00f5es auditivas a partir dos relatos ou rea\u00e7\u00f5es psicol\u00f3gicas do ouvinte. M\u00e9todos cl\u00e1ssicos s\u00e3o o tracking de B\u00e9kesy, Estimativa de Magnitude e o M\u00e9todo de Limites.\u00a0<\/span><\/span><\/div><div><div>\u00a0<\/div><\/div><div><p><span style=\"font-size: 12pt; color: #000000;\">Os m\u00e9todos de medi\u00e7\u00e3o f\u00edsica quantificam representa\u00e7\u00f5es f\u00edsiol\u00f3gicas das sensa\u00e7\u00f5es, normalmente a partir da medi\u00e7\u00e3o de potenciais evocados ou de ondas cerebrais.<\/span><\/p><\/div><div><p><span style=\"font-size: 12pt; color: #000000;\">J\u00e1 a psicoac\u00fastica interna estuda os mecanismos fisiol\u00f3gicos respons\u00e1veis pela transforma\u00e7\u00e3o do est\u00edmulo sonoro em sensa\u00e7\u00f5es auditivas. A partir destes estudos \u00e9 poss\u00edvel explicar processos como mascaramento no tempo e na frequ\u00eancia, discrimina\u00e7\u00e3o de frequ\u00eancias, entre outros. os conhecimentos sobre os processos fisiol\u00f3gicos respons\u00e1veis por estes fen\u00f4menos podem ser utilizados em aplica\u00e7\u00f5es t\u00e9cnicas, como no desenvolvimento de algoritmos de compress\u00e3o de dados de a\u00fadio (<i>codecs<\/i>), desenvolvimento de displays auditivos (<i>auditory displays<\/i>), sonifica\u00e7\u00e3o de dados, cria\u00e7\u00e3o de sinais de alerta, etc.\u00a0<\/span><\/p><p><span style=\"font-size: 12pt; color: #000000;\">Pela impossibilidade de quantificar o est\u00edmulo no local da ocorr\u00eancia dele, que seria na entrada da orelha interna, a psicoac\u00fastica, tanto externa como interna, estudam tamb\u00e9m a parte da transforma\u00e7\u00e3o do evento sonoro em est\u00edmulo sonoro, atrav\u00e9s do mecanismo f\u00edsico da audi\u00e7\u00e3o biauricular conforme mostra a Figura a lado.<\/span><\/p><p><span style=\"font-size: 12pt; color: #000000;\">Nos experimentos, que s\u00e3o parte essencial da psicoac\u00fastica, os est\u00edmulos normalmente s\u00e3o apresentados por alto-falantes ou fones de ouvido. Como resultado, obt\u00e9m-se uma rela\u00e7\u00e3o entre as magnitudes f\u00edsicas do est\u00edmulo e as magnitudes das sensa\u00e7\u00f5es auditivas evocadas pelo est\u00edmulo. Essa rela\u00e7\u00e3o pode ser dada tanto por equa\u00e7\u00f5es quanto por gr\u00e1ficos, e ela depender\u00e1 tamb\u00e9m do m\u00e9todo utilizado para medi-la.\u00a0<\/span><\/p><p><span style=\"font-size: 12pt; color: #000000;\">Uma das premissas da psicoac\u00fastica \u00e9 que uma pequena varia\u00e7\u00e3o na magnitude do est\u00edmulo n\u00e3o necessariamente leva a uma varia\u00e7\u00e3o na magnitude da sensa\u00e7\u00e3o. Isso ocorre porque \u00e9 necess\u00e1rio que haja uma varia\u00e7\u00e3o m\u00ednima no est\u00edmulo para que se tenha uma varia\u00e7\u00e3o na sensa\u00e7\u00e3o que pode ser diferenciada. A diferen\u00e7a na magnitude do est\u00edmulo que causa uma varia\u00e7\u00e3o que pode ser justamente percebida \u00e9 conhecida como diferen\u00e7a no limite do observ\u00e1vel (<i>Just Noticeable Difference<\/i>), limiar diferencial (<i>Difference Threshold<\/i>) ou diferen\u00e7a no limiar (<i>Difference Limen<\/i>). Desta forma a psicoac\u00fastica fornece informa\u00e7\u00f5es importantes para a engenharia de produtos ou para o controle de ru\u00eddo, pois em ambos os casos a altera\u00e7\u00e3o de uma caracter\u00edstica f\u00edsica do sinal, por exemplo do n\u00edvel de press\u00e3o sonoro, deve ser maior do que a diferen\u00e7a no limite do observ\u00e1vel para surtir algum efeito.<\/span><\/p><\/div>\t\t\t\t\t\t<\/div>\n\t\t\t\t<\/div>\n\t\t\t\t\t<\/div>\n\t\t<\/div>\n\t\t\t\t\t<\/div>\n\t\t<\/section>\n\t\t\t\t<section class=\"elementor-section elementor-top-section elementor-element elementor-element-28822a7 elementor-section-boxed elementor-section-height-default elementor-section-height-default\" data-id=\"28822a7\" data-element_type=\"section\">\n\t\t\t\t\t\t<div class=\"elementor-container elementor-column-gap-default\">\n\t\t\t\t\t<div class=\"elementor-column elementor-col-100 elementor-top-column elementor-element elementor-element-165cc7c\" data-id=\"165cc7c\" data-element_type=\"column\">\n\t\t\t<div class=\"elementor-widget-wrap elementor-element-populated\">\n\t\t\t\t\t\t<div class=\"elementor-element elementor-element-7f6ac94 elementor-widget elementor-widget-image\" data-id=\"7f6ac94\" data-element_type=\"widget\" data-widget_type=\"image.default\">\n\t\t\t\t<div class=\"elementor-widget-container\">\n\t\t\t\t\t\t\t\t\t\t\t\t\t<img fetchpriority=\"high\" decoding=\"async\" width=\"360\" height=\"413\" src=\"https:\/\/www.ufsm.br\/app\/uploads\/sites\/427\/2018\/11\/SistemaAudicao3.jpg\" class=\"attachment-large size-large wp-image-163\" alt=\"\" srcset=\"https:\/\/www.ufsm.br\/app\/uploads\/sites\/427\/2018\/11\/SistemaAudicao3.jpg 360w, https:\/\/www.ufsm.br\/app\/uploads\/sites\/427\/2018\/11\/SistemaAudicao3-262x300.jpg 262w\" sizes=\"(max-width: 360px) 100vw, 360px\" \/>\t\t\t\t\t\t\t\t\t\t\t\t\t<\/div>\n\t\t\t\t<\/div>\n\t\t\t\t\t<\/div>\n\t\t<\/div>\n\t\t\t\t\t<\/div>\n\t\t<\/section>\n\t\t\t\t<\/div>\n\t\t","protected":false},"excerpt":{"rendered":"<p>A psicoac\u00fastica \u00e9 uma subdisciplina da psicof\u00edsica que estuda a rela\u00e7\u00e3o entre est\u00edmulos sonoros e as sensa\u00e7\u00f5es auditivas decorrentes destes est\u00edmulos. Ela pode ser dividida em psicoac\u00fastica externa e psicoac\u00fastica interna.\u00a0 \u00a0A psicoac\u00fastica externa se preocupa com a quantifica\u00e7\u00e3o das sensa\u00e7\u00f5es auditivas e estabelece rela\u00e7\u00f5es matem\u00e1ticas entre os est\u00edmulos ac\u00fasticos e as sensa\u00e7\u00f5es auditivas. Desta [&hellip;]<\/p>\n","protected":false},"author":201,"featured_media":0,"parent":0,"menu_order":0,"comment_status":"closed","ping_status":"closed","template":"","meta":{"footnotes":""},"categories":[],"tags":[],"class_list":["post-162","page","type-page","status-publish","hentry"],"acf":[],"_links":{"self":[{"href":"https:\/\/www.ufsm.br\/cursos\/graduacao\/santa-maria\/engenharia-acustica\/wp-json\/wp\/v2\/pages\/162","targetHints":{"allow":["GET"]}}],"collection":[{"href":"https:\/\/www.ufsm.br\/cursos\/graduacao\/santa-maria\/engenharia-acustica\/wp-json\/wp\/v2\/pages"}],"about":[{"href":"https:\/\/www.ufsm.br\/cursos\/graduacao\/santa-maria\/engenharia-acustica\/wp-json\/wp\/v2\/types\/page"}],"author":[{"embeddable":true,"href":"https:\/\/www.ufsm.br\/cursos\/graduacao\/santa-maria\/engenharia-acustica\/wp-json\/wp\/v2\/users\/201"}],"replies":[{"embeddable":true,"href":"https:\/\/www.ufsm.br\/cursos\/graduacao\/santa-maria\/engenharia-acustica\/wp-json\/wp\/v2\/comments?post=162"}],"version-history":[{"count":0,"href":"https:\/\/www.ufsm.br\/cursos\/graduacao\/santa-maria\/engenharia-acustica\/wp-json\/wp\/v2\/pages\/162\/revisions"}],"wp:attachment":[{"href":"https:\/\/www.ufsm.br\/cursos\/graduacao\/santa-maria\/engenharia-acustica\/wp-json\/wp\/v2\/media?parent=162"}],"wp:term":[{"taxonomy":"category","embeddable":true,"href":"https:\/\/www.ufsm.br\/cursos\/graduacao\/santa-maria\/engenharia-acustica\/wp-json\/wp\/v2\/categories?post=162"},{"taxonomy":"post_tag","embeddable":true,"href":"https:\/\/www.ufsm.br\/cursos\/graduacao\/santa-maria\/engenharia-acustica\/wp-json\/wp\/v2\/tags?post=162"}],"curies":[{"name":"wp","href":"https:\/\/api.w.org\/{rel}","templated":true}]}}