{"id":164,"date":"2018-11-30T12:08:50","date_gmt":"2018-11-30T14:08:50","guid":{"rendered":"https:\/\/www.ufsm.br\/cursos\/graduacao\/santa-maria\/engenharia-acustica\/?page_id=164"},"modified":"2018-11-30T12:13:35","modified_gmt":"2018-11-30T14:13:35","slug":"grupos-de-pesquisa","status":"publish","type":"page","link":"https:\/\/www.ufsm.br\/cursos\/graduacao\/santa-maria\/engenharia-acustica\/grupos-de-pesquisa","title":{"rendered":"Grupos de Pesquisa"},"content":{"rendered":"\t\t<div data-elementor-type=\"wp-post\" data-elementor-id=\"164\" class=\"elementor elementor-164 elementor-bc-flex-widget\">\n\t\t\t\t\t\t<section class=\"elementor-section elementor-top-section elementor-element elementor-element-2c3db6b elementor-section-boxed elementor-section-height-default elementor-section-height-default\" data-id=\"2c3db6b\" data-element_type=\"section\">\n\t\t\t\t\t\t<div class=\"elementor-container elementor-column-gap-default\">\n\t\t\t\t\t<div class=\"elementor-column elementor-col-100 elementor-top-column elementor-element elementor-element-c2e6ef8\" data-id=\"c2e6ef8\" data-element_type=\"column\">\n\t\t\t<div class=\"elementor-widget-wrap elementor-element-populated\">\n\t\t\t\t\t\t<div class=\"elementor-element elementor-element-f3b0232 elementor-widget elementor-widget-image\" data-id=\"f3b0232\" data-element_type=\"widget\" data-widget_type=\"image.default\">\n\t\t\t\t<div class=\"elementor-widget-container\">\n\t\t\t\t\t\t\t\t\t\t\t\t\t<img fetchpriority=\"high\" decoding=\"async\" width=\"600\" height=\"121\" src=\"https:\/\/www.ufsm.br\/app\/uploads\/sites\/427\/2018\/11\/GPAV.jpg\" class=\"attachment-large size-large wp-image-165\" alt=\"\" srcset=\"https:\/\/www.ufsm.br\/app\/uploads\/sites\/427\/2018\/11\/GPAV.jpg 600w, https:\/\/www.ufsm.br\/app\/uploads\/sites\/427\/2018\/11\/GPAV-300x61.jpg 300w\" sizes=\"(max-width: 600px) 100vw, 600px\" \/>\t\t\t\t\t\t\t\t\t\t\t\t\t<\/div>\n\t\t\t\t<\/div>\n\t\t\t\t\t<\/div>\n\t\t<\/div>\n\t\t\t\t\t<\/div>\n\t\t<\/section>\n\t\t\t\t<section class=\"elementor-section elementor-top-section elementor-element elementor-element-ebeb5fc elementor-section-boxed elementor-section-height-default elementor-section-height-default\" data-id=\"ebeb5fc\" data-element_type=\"section\">\n\t\t\t\t\t\t<div class=\"elementor-container elementor-column-gap-default\">\n\t\t\t\t\t<div class=\"elementor-column elementor-col-100 elementor-top-column elementor-element elementor-element-ef41546\" data-id=\"ef41546\" data-element_type=\"column\">\n\t\t\t<div class=\"elementor-widget-wrap elementor-element-populated\">\n\t\t\t\t\t\t<div class=\"elementor-element elementor-element-7b449ef elementor-widget elementor-widget-text-editor\" data-id=\"7b449ef\" data-element_type=\"widget\" data-widget_type=\"text-editor.default\">\n\t\t\t\t<div class=\"elementor-widget-container\">\n\t\t\t\t\t\t\t<div><p><span style=\"font-size: 12pt;\">O grupo de Pesquisa em Ac\u00fastica e Vibra\u00e7\u00f5es (GPAV) tem como meta conduzir estudos avan\u00e7ados nas quest\u00f5es relacionadas ao som e a sistemas vibrat\u00f3rios. Nesse sentido, o GPAV se concentra no desenvolvimento de pesquisa das seguintes \u00e1reas:<\/span><\/p><p><span style=\"font-size: 12pt;\">&#8211; Controle de ru\u00eddo e vibra\u00e7\u00f5es;<\/span><\/p><p><span style=\"font-size: 12pt;\">&#8211; Beamforming e imageamento ac\u00fastico;<\/span><\/p><p><span style=\"font-size: 12pt;\">&#8211; Instrumenta\u00e7\u00e3o e eletroac\u00fastica;<\/span><\/p><p><span style=\"font-size: 12pt;\">&#8211; M\u00e9todos num\u00e9ricos para Ac\u00fastica e Vibra\u00e7\u00f5es;<\/span><\/p><p><span style=\"font-size: 12pt;\">&#8211; Materiais para controle de ru\u00eddo: porosos e pain\u00e9is;<\/span><\/p><p><span style=\"font-size: 12pt;\">&#8211; Ac\u00fastica de salas;<\/span><\/p><p><span style=\"font-size: 12pt;\">&#8211; Aeroac\u00fastica e ac\u00fastica de dutos;<\/span><\/p><p><span style=\"font-size: 12pt;\">&#8211; Fatores humanos: Psicoac\u00fastica e ac\u00fastica subjetiva.<\/span><\/p><p><span style=\"font-size: 12pt;\">O GPAV est\u00e1 vinculado ao Laborat\u00f3rio de\u00a0Ac\u00fastica do centro de tecnologia da Universidade Federal de Santa Maria.<\/span><\/p><\/div><h3>\u00a0<\/h3><h3><span style=\"color: #000000;\"><strong><span style=\"font-size: 12pt;\">\u00a0Integrantes:<\/span><\/strong><\/span><\/h3><div><ul><li><span style=\"color: #000000; font-size: 12pt;\">Prof. Eric Brand\u00e3o, Dr. Eng.<\/span><\/li><li><span style=\"color: #000000; font-size: 12pt;\">William D&#8217;Andrea Fonseca, Dr. Eng.<\/span><\/li><li><span style=\"color: #000000; font-size: 12pt;\">Paulo Henrique Mareze, Dr. Eng.<\/span><\/li><li><span style=\"color: #000000; font-size: 12pt;\">Prof. Stephan Paul, Dr. Eng.<\/span><\/li><li><span style=\"color: #000000; font-size: 12pt;\">Leonardo Ferreira Lopes, Dr. Eng.<\/span><\/li><li><span style=\"color: #000000; font-size: 12pt;\">Prof. Andrey Ricardo da Silva, Ph.D.<\/span><\/li><\/ul><\/div>\t\t\t\t\t\t<\/div>\n\t\t\t\t<\/div>\n\t\t\t\t\t<\/div>\n\t\t<\/div>\n\t\t\t\t\t<\/div>\n\t\t<\/section>\n\t\t\t\t<section class=\"elementor-section elementor-top-section elementor-element elementor-element-2d1bef9 elementor-section-boxed elementor-section-height-default elementor-section-height-default\" data-id=\"2d1bef9\" data-element_type=\"section\">\n\t\t\t\t\t\t<div class=\"elementor-container elementor-column-gap-default\">\n\t\t\t\t\t<div class=\"elementor-column elementor-col-100 elementor-top-column elementor-element elementor-element-fa768d2\" data-id=\"fa768d2\" data-element_type=\"column\">\n\t\t\t<div class=\"elementor-widget-wrap elementor-element-populated\">\n\t\t\t\t\t\t<div class=\"elementor-element elementor-element-997b3d4 elementor-widget elementor-widget-text-editor\" data-id=\"997b3d4\" data-element_type=\"widget\" data-widget_type=\"text-editor.default\">\n\t\t\t\t<div class=\"elementor-widget-container\">\n\t\t\t\t\t\t\t<h3><span style=\"font-size: 12pt; color: #000000;\">\u00a0Apoio:<\/span><\/h3>\t\t\t\t\t\t<\/div>\n\t\t\t\t<\/div>\n\t\t\t\t\t<\/div>\n\t\t<\/div>\n\t\t\t\t\t<\/div>\n\t\t<\/section>\n\t\t\t\t<section class=\"elementor-section elementor-top-section elementor-element elementor-element-dd0cc89 elementor-section-boxed elementor-section-height-default elementor-section-height-default\" data-id=\"dd0cc89\" data-element_type=\"section\">\n\t\t\t\t\t\t<div class=\"elementor-container elementor-column-gap-default\">\n\t\t\t\t\t<div class=\"elementor-column elementor-col-100 elementor-top-column elementor-element elementor-element-a37ede2\" data-id=\"a37ede2\" data-element_type=\"column\">\n\t\t\t<div class=\"elementor-widget-wrap elementor-element-populated\">\n\t\t\t\t\t\t<section class=\"elementor-section elementor-inner-section elementor-element elementor-element-a72fe4e elementor-section-boxed elementor-section-height-default elementor-section-height-default\" data-id=\"a72fe4e\" data-element_type=\"section\">\n\t\t\t\t\t\t<div class=\"elementor-container elementor-column-gap-default\">\n\t\t\t\t\t<div class=\"elementor-column elementor-col-50 elementor-inner-column elementor-element elementor-element-66c8157\" data-id=\"66c8157\" data-element_type=\"column\">\n\t\t\t<div class=\"elementor-widget-wrap elementor-element-populated\">\n\t\t\t\t\t\t<div class=\"elementor-element elementor-element-f3772ed elementor-widget elementor-widget-image\" data-id=\"f3772ed\" data-element_type=\"widget\" data-widget_type=\"image.default\">\n\t\t\t\t<div class=\"elementor-widget-container\">\n\t\t\t\t\t\t\t\t\t\t\t\t\t<img decoding=\"async\" width=\"200\" height=\"77\" src=\"https:\/\/www.ufsm.br\/app\/uploads\/sites\/427\/2018\/11\/images.jpeg\" class=\"attachment-large size-large wp-image-166\" alt=\"\" \/>\t\t\t\t\t\t\t\t\t\t\t\t\t<\/div>\n\t\t\t\t<\/div>\n\t\t\t\t\t<\/div>\n\t\t<\/div>\n\t\t\t\t<div class=\"elementor-column elementor-col-50 elementor-inner-column elementor-element elementor-element-cc370c0\" data-id=\"cc370c0\" data-element_type=\"column\">\n\t\t\t<div class=\"elementor-widget-wrap elementor-element-populated\">\n\t\t\t\t\t\t<div class=\"elementor-element elementor-element-3969062 elementor-widget elementor-widget-image\" data-id=\"3969062\" data-element_type=\"widget\" data-widget_type=\"image.default\">\n\t\t\t\t<div class=\"elementor-widget-container\">\n\t\t\t\t\t\t\t\t\t\t\t\t\t<img decoding=\"async\" width=\"316\" height=\"68\" src=\"https:\/\/www.ufsm.br\/app\/uploads\/sites\/427\/2018\/11\/images-1.jpeg\" class=\"attachment-large size-large wp-image-167\" alt=\"\" srcset=\"https:\/\/www.ufsm.br\/app\/uploads\/sites\/427\/2018\/11\/images-1.jpeg 316w, https:\/\/www.ufsm.br\/app\/uploads\/sites\/427\/2018\/11\/images-1-300x65.jpeg 300w\" sizes=\"(max-width: 316px) 100vw, 316px\" \/>\t\t\t\t\t\t\t\t\t\t\t\t\t<\/div>\n\t\t\t\t<\/div>\n\t\t\t\t\t<\/div>\n\t\t<\/div>\n\t\t\t\t\t<\/div>\n\t\t<\/section>\n\t\t\t\t\t<\/div>\n\t\t<\/div>\n\t\t\t\t\t<\/div>\n\t\t<\/section>\n\t\t\t\t<\/div>\n\t\t","protected":false},"excerpt":{"rendered":"<p>O grupo de Pesquisa em Ac\u00fastica e Vibra\u00e7\u00f5es (GPAV) tem como meta conduzir estudos avan\u00e7ados nas quest\u00f5es relacionadas ao som e a sistemas vibrat\u00f3rios. Nesse sentido, o GPAV se concentra no desenvolvimento de pesquisa das seguintes \u00e1reas: &#8211; Controle de ru\u00eddo e vibra\u00e7\u00f5es; &#8211; Beamforming e imageamento ac\u00fastico; &#8211; Instrumenta\u00e7\u00e3o e eletroac\u00fastica; &#8211; M\u00e9todos num\u00e9ricos [&hellip;]<\/p>\n","protected":false},"author":201,"featured_media":0,"parent":0,"menu_order":0,"comment_status":"closed","ping_status":"closed","template":"","meta":{"footnotes":""},"categories":[],"tags":[],"class_list":["post-164","page","type-page","status-publish","hentry"],"acf":[],"_links":{"self":[{"href":"https:\/\/www.ufsm.br\/cursos\/graduacao\/santa-maria\/engenharia-acustica\/wp-json\/wp\/v2\/pages\/164","targetHints":{"allow":["GET"]}}],"collection":[{"href":"https:\/\/www.ufsm.br\/cursos\/graduacao\/santa-maria\/engenharia-acustica\/wp-json\/wp\/v2\/pages"}],"about":[{"href":"https:\/\/www.ufsm.br\/cursos\/graduacao\/santa-maria\/engenharia-acustica\/wp-json\/wp\/v2\/types\/page"}],"author":[{"embeddable":true,"href":"https:\/\/www.ufsm.br\/cursos\/graduacao\/santa-maria\/engenharia-acustica\/wp-json\/wp\/v2\/users\/201"}],"replies":[{"embeddable":true,"href":"https:\/\/www.ufsm.br\/cursos\/graduacao\/santa-maria\/engenharia-acustica\/wp-json\/wp\/v2\/comments?post=164"}],"version-history":[{"count":0,"href":"https:\/\/www.ufsm.br\/cursos\/graduacao\/santa-maria\/engenharia-acustica\/wp-json\/wp\/v2\/pages\/164\/revisions"}],"wp:attachment":[{"href":"https:\/\/www.ufsm.br\/cursos\/graduacao\/santa-maria\/engenharia-acustica\/wp-json\/wp\/v2\/media?parent=164"}],"wp:term":[{"taxonomy":"category","embeddable":true,"href":"https:\/\/www.ufsm.br\/cursos\/graduacao\/santa-maria\/engenharia-acustica\/wp-json\/wp\/v2\/categories?post=164"},{"taxonomy":"post_tag","embeddable":true,"href":"https:\/\/www.ufsm.br\/cursos\/graduacao\/santa-maria\/engenharia-acustica\/wp-json\/wp\/v2\/tags?post=164"}],"curies":[{"name":"wp","href":"https:\/\/api.w.org\/{rel}","templated":true}]}}