{"id":169,"date":"2018-11-30T12:15:23","date_gmt":"2018-11-30T14:15:23","guid":{"rendered":"https:\/\/www.ufsm.br\/cursos\/graduacao\/santa-maria\/engenharia-acustica\/?page_id=169"},"modified":"2018-11-30T12:19:42","modified_gmt":"2018-11-30T14:19:42","slug":"absorcao-sonora-iso-10534-2-e-iso-354","status":"publish","type":"page","link":"https:\/\/www.ufsm.br\/cursos\/graduacao\/santa-maria\/engenharia-acustica\/absorcao-sonora-iso-10534-2-e-iso-354","title":{"rendered":"Absor\u00e7\u00e3o sonora (ISO 10534-2 e ISO 354)"},"content":{"rendered":"\t\t<div data-elementor-type=\"wp-post\" data-elementor-id=\"169\" class=\"elementor elementor-169 elementor-bc-flex-widget\">\n\t\t\t\t\t\t<section class=\"elementor-section elementor-top-section elementor-element elementor-element-b3f7530 elementor-section-boxed elementor-section-height-default elementor-section-height-default\" data-id=\"b3f7530\" data-element_type=\"section\">\n\t\t\t\t\t\t<div class=\"elementor-container elementor-column-gap-default\">\n\t\t\t\t\t<div class=\"elementor-column elementor-col-100 elementor-top-column elementor-element elementor-element-b93d69b\" data-id=\"b93d69b\" data-element_type=\"column\">\n\t\t\t<div class=\"elementor-widget-wrap elementor-element-populated\">\n\t\t\t\t\t\t<div class=\"elementor-element elementor-element-eba7ffe elementor-widget elementor-widget-text-editor\" data-id=\"eba7ffe\" data-element_type=\"widget\" data-widget_type=\"text-editor.default\">\n\t\t\t\t<div class=\"elementor-widget-container\">\n\t\t\t\t\t\t\t<div><span style=\"color: #000000; font-size: 12pt;\">Esta se\u00e7\u00e3o apresenta os m\u00e9todos para a medi\u00e7\u00e3o da absor\u00e7\u00e3o sonora. Existem dois\u00a0m\u00e9todos normatizados, a saber: a medi\u00e7\u00e3o da imped\u00e2ncia de superf\u00edcie\u00a0em tubo de imped\u00e2ncia (ISO 10534-2) e a medi\u00e7\u00e3o do coeficiente de absor\u00e7\u00e3o por incid\u00eancia\u00a0difusa em c\u00e2mara reverberante (ISO 354). O laborat\u00f3rio da engenharia ac\u00fastica tamb\u00e9m \u00e9 capaz de medir o que chamamos de par\u00e2metros macrosc\u00f3picos de materiais porosos. Tais par\u00e2metros governam a absor\u00e7\u00e3o sonora destes dispositivos e s\u00e3o eles: A resistividade ao fluxo, a tortuosidade e a porosidade.\u00a0<\/span><\/div><div><span style=\"color: #000000; font-size: 12pt;\">\u00a0<\/span><\/div><div><span style=\"font-size: 12pt; color: #000000;\"><b><u>1) ISO 10534: Tubo de imped\u00e2ncia (Coeficiente de absor\u00e7\u00e3o por incid\u00eancia normal)<\/u><\/b><\/span><\/div><div><span style=\"color: #000000; font-size: 12pt;\">\u00a0<\/span><\/div><div><div><span style=\"font-size: 12pt; color: #000000;\">Na medi\u00e7\u00e3o da absor\u00e7\u00e3o sonora usando o tubo de imped\u00e2ncia segue-se a norma ISO 10534-2 (Acoustics &#8211; Determination of sound absorption coefficient and impedance\u00a0in impedance tubes-Part 2: Transfer-function method.). Neste caso,\u00a0um ru\u00eddo de banda larga \u00e9 fornecido a um alto-falante posicionado em uma das extremidades do tubo. O alto-falante excita o campo ac\u00fastico no interior de um tubo, em cujo outro extremo encontra-se a amostra que se deseja caracterizar. Um esquema do tubo \u00e9 mostrado na Figura 1.\u00a0<\/span><\/div><\/div>\t\t\t\t\t\t<\/div>\n\t\t\t\t<\/div>\n\t\t\t\t\t<\/div>\n\t\t<\/div>\n\t\t\t\t\t<\/div>\n\t\t<\/section>\n\t\t\t\t<section class=\"elementor-section elementor-top-section elementor-element elementor-element-cd2aee6 elementor-section-boxed elementor-section-height-default elementor-section-height-default\" data-id=\"cd2aee6\" data-element_type=\"section\">\n\t\t\t\t\t\t<div class=\"elementor-container elementor-column-gap-default\">\n\t\t\t\t\t<div class=\"elementor-column elementor-col-100 elementor-top-column elementor-element elementor-element-0e7b363\" data-id=\"0e7b363\" data-element_type=\"column\">\n\t\t\t<div class=\"elementor-widget-wrap elementor-element-populated\">\n\t\t\t\t\t\t<section class=\"elementor-section elementor-inner-section elementor-element elementor-element-bc6db3f elementor-section-boxed elementor-section-height-default elementor-section-height-default\" data-id=\"bc6db3f\" data-element_type=\"section\">\n\t\t\t\t\t\t<div class=\"elementor-container elementor-column-gap-default\">\n\t\t\t\t\t<div class=\"elementor-column elementor-col-50 elementor-inner-column elementor-element elementor-element-f3aa3de\" data-id=\"f3aa3de\" data-element_type=\"column\">\n\t\t\t<div class=\"elementor-widget-wrap elementor-element-populated\">\n\t\t\t\t\t\t<div class=\"elementor-element elementor-element-36797b8 elementor-widget elementor-widget-image\" data-id=\"36797b8\" data-element_type=\"widget\" data-widget_type=\"image.default\">\n\t\t\t\t<div class=\"elementor-widget-container\">\n\t\t\t\t\t\t\t\t\t\t\t\t\t<img fetchpriority=\"high\" decoding=\"async\" width=\"398\" height=\"197\" src=\"https:\/\/www.ufsm.br\/app\/uploads\/sites\/427\/2018\/11\/ti.jpg\" class=\"attachment-large size-large wp-image-172\" alt=\"\" srcset=\"https:\/\/www.ufsm.br\/app\/uploads\/sites\/427\/2018\/11\/ti.jpg 398w, https:\/\/www.ufsm.br\/app\/uploads\/sites\/427\/2018\/11\/ti-300x148.jpg 300w\" sizes=\"(max-width: 398px) 100vw, 398px\" \/>\t\t\t\t\t\t\t\t\t\t\t\t\t<\/div>\n\t\t\t\t<\/div>\n\t\t\t\t\t<\/div>\n\t\t<\/div>\n\t\t\t\t<div class=\"elementor-column elementor-col-50 elementor-inner-column elementor-element elementor-element-ea43206\" data-id=\"ea43206\" data-element_type=\"column\">\n\t\t\t<div class=\"elementor-widget-wrap elementor-element-populated\">\n\t\t\t\t\t\t<div class=\"elementor-element elementor-element-b0cdb52 elementor-widget elementor-widget-image\" data-id=\"b0cdb52\" data-element_type=\"widget\" data-widget_type=\"image.default\">\n\t\t\t\t<div class=\"elementor-widget-container\">\n\t\t\t\t\t\t\t\t\t\t\t\t\t<img decoding=\"async\" width=\"399\" height=\"316\" src=\"https:\/\/www.ufsm.br\/app\/uploads\/sites\/427\/2018\/11\/ti2.jpg\" class=\"attachment-large size-large wp-image-170\" alt=\"\" srcset=\"https:\/\/www.ufsm.br\/app\/uploads\/sites\/427\/2018\/11\/ti2.jpg 399w, https:\/\/www.ufsm.br\/app\/uploads\/sites\/427\/2018\/11\/ti2-300x238.jpg 300w\" sizes=\"(max-width: 399px) 100vw, 399px\" \/>\t\t\t\t\t\t\t\t\t\t\t\t\t<\/div>\n\t\t\t\t<\/div>\n\t\t\t\t\t<\/div>\n\t\t<\/div>\n\t\t\t\t\t<\/div>\n\t\t<\/section>\n\t\t\t\t\t<\/div>\n\t\t<\/div>\n\t\t\t\t\t<\/div>\n\t\t<\/section>\n\t\t\t\t<section class=\"elementor-section elementor-top-section elementor-element elementor-element-bfb219d elementor-section-boxed elementor-section-height-default elementor-section-height-default\" data-id=\"bfb219d\" data-element_type=\"section\">\n\t\t\t\t\t\t<div class=\"elementor-container elementor-column-gap-default\">\n\t\t\t\t\t<div class=\"elementor-column elementor-col-100 elementor-top-column elementor-element elementor-element-d1bbc24\" data-id=\"d1bbc24\" data-element_type=\"column\">\n\t\t\t<div class=\"elementor-widget-wrap elementor-element-populated\">\n\t\t\t\t\t\t<div class=\"elementor-element elementor-element-875bf1c elementor-widget elementor-widget-text-editor\" data-id=\"875bf1c\" data-element_type=\"widget\" data-widget_type=\"text-editor.default\">\n\t\t\t\t<div class=\"elementor-widget-container\">\n\t\t\t\t\t\t\t<p><b>Figura 1: (a) &#8211; Esquema de um tubo de imped\u00e2ncia; (b) tubo de imped\u00e2ncia usado na engenharia ac\u00fastica.<\/b><\/p>\t\t\t\t\t\t<\/div>\n\t\t\t\t<\/div>\n\t\t\t\t\t<\/div>\n\t\t<\/div>\n\t\t\t\t\t<\/div>\n\t\t<\/section>\n\t\t\t\t<section class=\"elementor-section elementor-top-section elementor-element elementor-element-027cd92 elementor-section-boxed elementor-section-height-default elementor-section-height-default\" data-id=\"027cd92\" data-element_type=\"section\">\n\t\t\t\t\t\t<div class=\"elementor-container elementor-column-gap-default\">\n\t\t\t\t\t<div class=\"elementor-column elementor-col-100 elementor-top-column elementor-element elementor-element-34c1bed\" data-id=\"34c1bed\" data-element_type=\"column\">\n\t\t\t<div class=\"elementor-widget-wrap elementor-element-populated\">\n\t\t\t\t\t\t<div class=\"elementor-element elementor-element-59960a9 elementor-widget elementor-widget-text-editor\" data-id=\"59960a9\" data-element_type=\"widget\" data-widget_type=\"text-editor.default\">\n\t\t\t\t<div class=\"elementor-widget-container\">\n\t\t\t\t\t\t\t<div><span style=\"color: #000000; font-size: 12pt;\">Ondas planas tamb\u00e9m podem ser consideradas a uma certa dist\u00e2ncia\u00a0do alto-falante e a Fun\u00e7\u00e3o Resposta em Frequ\u00eancia (FRF) entre os\u00a0dois microfones \u00e9 usada para calcular a imped\u00e2ncia ac\u00fastica de superf\u00edcie e o coeficiente de absor\u00e7\u00e3o\u00a0da amostra para incid\u00eancia normal. O ensaio utiliza pequenas amostras de di\u00e2metro 27,2 [mm]. O ideal \u00e9 que haja um n\u00famero m\u00ednimo de amostras do mesmo material cortadas, a fim de se mensurar aspectos estat\u00edsticos como m\u00e9dia e vari\u00e2ncia. Nosso laborat\u00f3rio tamb\u00e9m conta com um segundo tubo de imped\u00e2ncia de di\u00e2metro maior (xx,xx [mm]).\u00a0<\/span><\/div><div>\u00a0<\/div><div><span style=\"color: #000000; font-size: 12pt;\"><b><u>2) ISO 354: C\u00e2mara reverberante\u00a0\u00a0(Coeficiente de absor\u00e7\u00e3o por incid\u00eancia difusa)<\/u><\/b><\/span><\/div><div><span style=\"color: #000000; font-size: 12pt;\">\u00a0<\/span><\/div><div><div><span style=\"color: #000000; font-size: 12pt;\">O m\u00e9todo de medi\u00e7\u00e3o do coeficiente de absor\u00e7\u00e3o em c\u00e2mara reverberante\u00a0\u00e9 baseado na teoria estat\u00edstica (ver Cap\u00edtulo 6) e descrito na norma\u00a0ISO 354 (Measurement of sound absorption in a reverberation room). A\u00a0medi\u00e7\u00e3o deve ser realizada em uma c\u00e2mara reverberante, onde se possa\u00a0considerar um campo ac\u00fastico difuso. Em palavras simples, um ambiente\u00a0em cujo interior h\u00e1 um campo ac\u00fastico difuso \u00e9 aquele em que a press\u00e3o\u00a0sonora \u00e9 uniformemente distribu\u00edda no espa\u00e7o. C\u00e2maras reverberantes\u00a0s\u00e3o, ent\u00e3o, ambientes especiais com condi\u00e7\u00f5es ac\u00fasticas controladas. A\u00a0Figura 2 mostra a foto de uma das c\u00e2maras reverberantes do laborat\u00f3rio\u00a0usado pela Engenharia Ac\u00fastica.<\/span><\/div><\/div>\t\t\t\t\t\t<\/div>\n\t\t\t\t<\/div>\n\t\t\t\t\t<\/div>\n\t\t<\/div>\n\t\t\t\t\t<\/div>\n\t\t<\/section>\n\t\t\t\t<section class=\"elementor-section elementor-top-section elementor-element elementor-element-0a7df35 elementor-section-boxed elementor-section-height-default elementor-section-height-default\" data-id=\"0a7df35\" data-element_type=\"section\">\n\t\t\t\t\t\t<div class=\"elementor-container elementor-column-gap-default\">\n\t\t\t\t\t<div class=\"elementor-column elementor-col-100 elementor-top-column elementor-element elementor-element-3c4552d\" data-id=\"3c4552d\" data-element_type=\"column\">\n\t\t\t<div class=\"elementor-widget-wrap elementor-element-populated\">\n\t\t\t\t\t\t<div class=\"elementor-element elementor-element-27c2757 elementor-widget elementor-widget-image\" data-id=\"27c2757\" data-element_type=\"widget\" data-widget_type=\"image.default\">\n\t\t\t\t<div class=\"elementor-widget-container\">\n\t\t\t\t\t\t\t\t\t\t\t\t\t<img decoding=\"async\" width=\"399\" height=\"266\" src=\"https:\/\/www.ufsm.br\/app\/uploads\/sites\/427\/2018\/11\/IMG_8575.jpg\" class=\"attachment-large size-large wp-image-171\" alt=\"\" srcset=\"https:\/\/www.ufsm.br\/app\/uploads\/sites\/427\/2018\/11\/IMG_8575.jpg 399w, https:\/\/www.ufsm.br\/app\/uploads\/sites\/427\/2018\/11\/IMG_8575-300x200.jpg 300w, https:\/\/www.ufsm.br\/app\/uploads\/sites\/427\/2018\/11\/IMG_8575-272x182.jpg 272w\" sizes=\"(max-width: 399px) 100vw, 399px\" \/>\t\t\t\t\t\t\t\t\t\t\t\t\t<\/div>\n\t\t\t\t<\/div>\n\t\t\t\t\t<\/div>\n\t\t<\/div>\n\t\t\t\t\t<\/div>\n\t\t<\/section>\n\t\t\t\t<section class=\"elementor-section elementor-top-section elementor-element elementor-element-c23a9a9 elementor-section-boxed elementor-section-height-default elementor-section-height-default\" data-id=\"c23a9a9\" data-element_type=\"section\">\n\t\t\t\t\t\t<div class=\"elementor-container elementor-column-gap-default\">\n\t\t\t\t\t<div class=\"elementor-column elementor-col-100 elementor-top-column elementor-element elementor-element-32f6081\" data-id=\"32f6081\" data-element_type=\"column\">\n\t\t\t<div class=\"elementor-widget-wrap elementor-element-populated\">\n\t\t\t\t\t\t<div class=\"elementor-element elementor-element-56ac8c1 elementor-widget elementor-widget-text-editor\" data-id=\"56ac8c1\" data-element_type=\"widget\" data-widget_type=\"text-editor.default\">\n\t\t\t\t<div class=\"elementor-widget-container\">\n\t\t\t\t\t\t\t<p><b>Figura 2: Uma das c\u00e2maras reverberantes utilizadas pela engenharia ac\u00fastica.<\/b><\/p>\t\t\t\t\t\t<\/div>\n\t\t\t\t<\/div>\n\t\t\t\t\t<\/div>\n\t\t<\/div>\n\t\t\t\t\t<\/div>\n\t\t<\/section>\n\t\t\t\t<section class=\"elementor-section elementor-top-section elementor-element elementor-element-5653a55 elementor-section-boxed elementor-section-height-default elementor-section-height-default\" data-id=\"5653a55\" data-element_type=\"section\">\n\t\t\t\t\t\t<div class=\"elementor-container elementor-column-gap-default\">\n\t\t\t\t\t<div class=\"elementor-column elementor-col-100 elementor-top-column elementor-element elementor-element-a50747c\" data-id=\"a50747c\" data-element_type=\"column\">\n\t\t\t<div class=\"elementor-widget-wrap elementor-element-populated\">\n\t\t\t\t\t\t<div class=\"elementor-element elementor-element-403115a elementor-widget elementor-widget-text-editor\" data-id=\"403115a\" data-element_type=\"widget\" data-widget_type=\"text-editor.default\">\n\t\t\t\t<div class=\"elementor-widget-container\">\n\t\t\t\t\t\t\t<div><div><span style=\"color: #000000; font-size: 12pt;\">As c\u00e2maras reverberantes s\u00e3o ambientes volumosos, com paredes\u00a0r\u00edgidas e reflexivas. A pr\u00f3pria tinta usada para pintar as paredes tem\u00a0propriedades tais, que, ao cobrir os poros do concreto ou tijolo, o deixa\u00a0mais reflexivo. Algumas paredes s\u00e3o inclinadas para evitar problemas\u00a0como comb filtering. Elementos difusores s\u00e3o espalhados\u00a0pela sala para ajudar na cria\u00e7\u00e3o do campo difuso, como se pode ver no teto\u00a0da foto da Figura 2.6. Elementos de absor\u00e7\u00e3o podem estar presentes para\u00a0conformar a c\u00e2mara \u00e0s normas internacionais, como os absorvedores de\u00a0membrana mostrados nas paredes da foto.<\/span><\/div><\/div><div><span style=\"color: #000000; font-size: 12pt;\">\u00a0<\/span><\/div><div><div><span style=\"color: #000000; font-size: 12pt;\">O procedimento de medi\u00e7\u00e3o do coeficiente de absor\u00e7\u00e3o por incid\u00eancia\u00a0difusa consiste em realizar medi\u00e7\u00f5es\u00a0tempo de de reverbera\u00e7\u00e3o (T60) da sala em duas condi\u00e7\u00f5es distintas.\u00a0Na primeira medi\u00e7\u00e3o do T60, a c\u00e2mara reverberante\u00a0est\u00e1 vazia, e na segunda, a amostra a ser caracterizada \u00e9 posicionada e a\u00a0segunda medida de T60 \u00e9 tomada. A compara\u00e7\u00e3o das duas condi\u00e7\u00f5es permite\u00a0o c\u00e1lculo do coeficiente de absor\u00e7\u00e3o por incid\u00eancia difusa em bandas de oitava ou ter\u00e7o de oitava. As amostras medidas neste ensaio devem ter entre 10 &#8211; 12 [m<sup>2<\/sup>].<\/span><\/div><\/div><div><span style=\"color: #000000; font-size: 12pt;\">\u00a0<\/span><\/div><div><span style=\"color: #000000; font-size: 12pt;\"><b><u>3) Par\u00e2metros macrosc\u00f3picos: Resistividade ao fluxo<\/u><\/b><\/span><\/div><div><span style=\"color: #000000; font-size: 12pt;\"><b><u>4) Par\u00e2metros macrosc\u00f3picos: Tortuosidade<\/u><\/b><\/span><\/div><div><span style=\"color: #000000; font-size: 12pt;\"><b><u>5) Par\u00e2metros macrosc\u00f3picos: Porosidade<\/u><\/b><\/span><\/div>\t\t\t\t\t\t<\/div>\n\t\t\t\t<\/div>\n\t\t\t\t\t<\/div>\n\t\t<\/div>\n\t\t\t\t\t<\/div>\n\t\t<\/section>\n\t\t\t\t<\/div>\n\t\t","protected":false},"excerpt":{"rendered":"<p>Esta se\u00e7\u00e3o apresenta os m\u00e9todos para a medi\u00e7\u00e3o da absor\u00e7\u00e3o sonora. Existem dois\u00a0m\u00e9todos normatizados, a saber: a medi\u00e7\u00e3o da imped\u00e2ncia de superf\u00edcie\u00a0em tubo de imped\u00e2ncia (ISO 10534-2) e a medi\u00e7\u00e3o do coeficiente de absor\u00e7\u00e3o por incid\u00eancia\u00a0difusa em c\u00e2mara reverberante (ISO 354). O laborat\u00f3rio da engenharia ac\u00fastica tamb\u00e9m \u00e9 capaz de medir o que chamamos de [&hellip;]<\/p>\n","protected":false},"author":201,"featured_media":0,"parent":0,"menu_order":0,"comment_status":"closed","ping_status":"closed","template":"","meta":{"footnotes":""},"categories":[],"tags":[],"class_list":["post-169","page","type-page","status-publish","hentry"],"acf":[],"_links":{"self":[{"href":"https:\/\/www.ufsm.br\/cursos\/graduacao\/santa-maria\/engenharia-acustica\/wp-json\/wp\/v2\/pages\/169","targetHints":{"allow":["GET"]}}],"collection":[{"href":"https:\/\/www.ufsm.br\/cursos\/graduacao\/santa-maria\/engenharia-acustica\/wp-json\/wp\/v2\/pages"}],"about":[{"href":"https:\/\/www.ufsm.br\/cursos\/graduacao\/santa-maria\/engenharia-acustica\/wp-json\/wp\/v2\/types\/page"}],"author":[{"embeddable":true,"href":"https:\/\/www.ufsm.br\/cursos\/graduacao\/santa-maria\/engenharia-acustica\/wp-json\/wp\/v2\/users\/201"}],"replies":[{"embeddable":true,"href":"https:\/\/www.ufsm.br\/cursos\/graduacao\/santa-maria\/engenharia-acustica\/wp-json\/wp\/v2\/comments?post=169"}],"version-history":[{"count":0,"href":"https:\/\/www.ufsm.br\/cursos\/graduacao\/santa-maria\/engenharia-acustica\/wp-json\/wp\/v2\/pages\/169\/revisions"}],"wp:attachment":[{"href":"https:\/\/www.ufsm.br\/cursos\/graduacao\/santa-maria\/engenharia-acustica\/wp-json\/wp\/v2\/media?parent=169"}],"wp:term":[{"taxonomy":"category","embeddable":true,"href":"https:\/\/www.ufsm.br\/cursos\/graduacao\/santa-maria\/engenharia-acustica\/wp-json\/wp\/v2\/categories?post=169"},{"taxonomy":"post_tag","embeddable":true,"href":"https:\/\/www.ufsm.br\/cursos\/graduacao\/santa-maria\/engenharia-acustica\/wp-json\/wp\/v2\/tags?post=169"}],"curies":[{"name":"wp","href":"https:\/\/api.w.org\/{rel}","templated":true}]}}