{"id":174,"date":"2018-11-30T12:24:34","date_gmt":"2018-11-30T14:24:34","guid":{"rendered":"https:\/\/www.ufsm.br\/cursos\/graduacao\/santa-maria\/engenharia-acustica\/?page_id=174"},"modified":"2018-11-30T12:24:35","modified_gmt":"2018-11-30T14:24:35","slug":"parcerias","status":"publish","type":"page","link":"https:\/\/www.ufsm.br\/cursos\/graduacao\/santa-maria\/engenharia-acustica\/parcerias","title":{"rendered":"Parcerias"},"content":{"rendered":"<p><a name=\"parcerias_acad\u00eamicas\"><\/a>Parcerias Acad\u00eamicas<\/p>\n<div>\n<p>Laborat\u00f3rio de Modelagem Ac\u00fastica Computacional\u00a0(Computational Acoustic Modeling Laboratory &#8211; CAML) da McGill University &#8211; Montreal &#8211; Canad\u00e1.\u00a0<a title=\"http:\/\/www.music.mcgill.ca\/caml\/\" href=\"http:\/\/www.music.mcgill.ca\/caml\/\" rel=\"nofollow\">link<\/a><br \/>\nContato:\u00a0Prof. Andrey R. da Silva<\/p>\n<ul>\n<li>\n<div>Psicoac\u00fastica de sons aerodin\u00e2micos;<\/div>\n<\/li>\n<li>\n<div>Modelagem num\u00e9rica de fen\u00f4menos aeroac\u00fasticos internos;<\/div>\n<\/li>\n<li>\n<div>S\u00edntese sonora de sons aerodin\u00e2micos.<\/div>\n<\/li>\n<\/ul>\n<p>Instituto de Ac\u00fastica T\u00e9cnica\u00a0(Institut f\u00fcr Technische Akustik) da Universidade T\u00e9cnica de Aachen (RWTH Aachen), Alemanha\u00a0<a title=\"http:\/\/www.akustik.rwth-aachen.de\/\" href=\"http:\/\/www.akustik.rwth-aachen.de\/\" rel=\"nofollow\">link<\/a><br \/>\nContato:\u00a0Prof. Stephan Paul<\/p>\n<ul>\n<li>\n<div><a title=\"http:\/\/www.akustik.rwth-aachen.de\/Forschung\/Projekte\/pdi_auralizationbox\" href=\"http:\/\/www.akustik.rwth-aachen.de\/Forschung\/Projekte\/pdi_auralizationbox\" rel=\"nofollow\">Auralization Box<\/a>;<\/div>\n<\/li>\n<li>\n<div><a title=\"http:\/\/www.akustik.rwth-aachen.de\/Forschung\/Forschungsgebiete\/mess\" href=\"http:\/\/www.akustik.rwth-aachen.de\/Forschung\/Forschungsgebiete\/mess\" rel=\"nofollow\">Measurement Techniques<\/a>;<\/div>\n<\/li>\n<li>\n<div><a title=\"http:\/\/www.akustik.rwth-aachen.de\/Forschung\/Projekte\/pdi_itatoolbox\" href=\"http:\/\/www.akustik.rwth-aachen.de\/Forschung\/Projekte\/pdi_itatoolbox\" rel=\"nofollow\">ITAToolbox<\/a>.<\/div>\n<\/li>\n<\/ul>\n<p>Grupo de Fen\u00f4menos de Transporte\u00a0da Universidade Technol\u00f3gica de Eindhoven (TU\/e), Holanda.\u00a0<a title=\"http:\/\/web.phys.tue.nl\/en\/\" href=\"http:\/\/web.phys.tue.nl\/en\/\" rel=\"nofollow\">link<\/a><br \/>\nContato:\u00a0Prof. Andrey R. da Silva<\/p>\n<ul>\n<li>\n<div>Cria\u00e7\u00e3o do curso sobre a t\u00e9cnica de lattice Boltzmann em ac\u00fastica;<\/div>\n<\/li>\n<li>Colabora\u00e7\u00e3o na pesquisa do desenvolvimento de um modelo aeroac\u00fastico de silenciadores.\n<div><\/div>\n<\/li>\n<\/ul>\n<\/div>\n","protected":false},"excerpt":{"rendered":"<p>Parcerias Acad\u00eamicas Laborat\u00f3rio de Modelagem Ac\u00fastica Computacional\u00a0(Computational Acoustic Modeling Laboratory &#8211; CAML) da McGill University &#8211; Montreal &#8211; Canad\u00e1.\u00a0link Contato:\u00a0Prof. Andrey R. da Silva Psicoac\u00fastica de sons aerodin\u00e2micos; Modelagem num\u00e9rica de fen\u00f4menos aeroac\u00fasticos internos; S\u00edntese sonora de sons aerodin\u00e2micos. Instituto de Ac\u00fastica T\u00e9cnica\u00a0(Institut f\u00fcr Technische Akustik) da Universidade T\u00e9cnica de Aachen (RWTH Aachen), Alemanha\u00a0link Contato:\u00a0Prof. [&hellip;]<\/p>\n","protected":false},"author":201,"featured_media":0,"parent":0,"menu_order":0,"comment_status":"closed","ping_status":"closed","template":"","meta":{"footnotes":""},"categories":[],"tags":[],"class_list":["post-174","page","type-page","status-publish","hentry"],"acf":[],"_links":{"self":[{"href":"https:\/\/www.ufsm.br\/cursos\/graduacao\/santa-maria\/engenharia-acustica\/wp-json\/wp\/v2\/pages\/174","targetHints":{"allow":["GET"]}}],"collection":[{"href":"https:\/\/www.ufsm.br\/cursos\/graduacao\/santa-maria\/engenharia-acustica\/wp-json\/wp\/v2\/pages"}],"about":[{"href":"https:\/\/www.ufsm.br\/cursos\/graduacao\/santa-maria\/engenharia-acustica\/wp-json\/wp\/v2\/types\/page"}],"author":[{"embeddable":true,"href":"https:\/\/www.ufsm.br\/cursos\/graduacao\/santa-maria\/engenharia-acustica\/wp-json\/wp\/v2\/users\/201"}],"replies":[{"embeddable":true,"href":"https:\/\/www.ufsm.br\/cursos\/graduacao\/santa-maria\/engenharia-acustica\/wp-json\/wp\/v2\/comments?post=174"}],"version-history":[{"count":0,"href":"https:\/\/www.ufsm.br\/cursos\/graduacao\/santa-maria\/engenharia-acustica\/wp-json\/wp\/v2\/pages\/174\/revisions"}],"wp:attachment":[{"href":"https:\/\/www.ufsm.br\/cursos\/graduacao\/santa-maria\/engenharia-acustica\/wp-json\/wp\/v2\/media?parent=174"}],"wp:term":[{"taxonomy":"category","embeddable":true,"href":"https:\/\/www.ufsm.br\/cursos\/graduacao\/santa-maria\/engenharia-acustica\/wp-json\/wp\/v2\/categories?post=174"},{"taxonomy":"post_tag","embeddable":true,"href":"https:\/\/www.ufsm.br\/cursos\/graduacao\/santa-maria\/engenharia-acustica\/wp-json\/wp\/v2\/tags?post=174"}],"curies":[{"name":"wp","href":"https:\/\/api.w.org\/{rel}","templated":true}]}}