{"id":176,"date":"2018-11-30T12:26:04","date_gmt":"2018-11-30T14:26:04","guid":{"rendered":"https:\/\/www.ufsm.br\/cursos\/graduacao\/santa-maria\/engenharia-acustica\/?page_id=176"},"modified":"2018-11-30T12:26:05","modified_gmt":"2018-11-30T14:26:05","slug":"publicacoes","status":"publish","type":"page","link":"https:\/\/www.ufsm.br\/cursos\/graduacao\/santa-maria\/engenharia-acustica\/publicacoes","title":{"rendered":"Publica\u00e7\u00f5es"},"content":{"rendered":"<p>&nbsp;<\/p>\n<p><span style=\"font-size: 12pt\">Livros\u00a0<\/span><\/p>\n<div>\n<ul>\n<li><span style=\"font-size: 12pt\">da Silva, A. R. \u201cAeroacoustics of Wind Instruments: Investigations and Numerical Methods\u201d 1. ed. Berlin: VDM Verlag,\u00a0<strong>ISBN: 3639210646<\/strong>, v. 1236 p,\u00a0<strong>(2009)<\/strong>.\u00a0<\/span><\/li>\n<\/ul>\n<\/div>\n<h2><\/h2>\n<p><span style=\"font-size: 12pt\">Artigos em Jornais e Revistas Especializadas<\/span><\/p>\n<div><\/div>\n<div>\n<ul>\n<li><span style=\"font-size: 12pt\">da Silva, A. R., Mareze, P. H. e Lenzi, A. (2012) &#8220;Approximate Expressions for the Reflection Coefficient of Ducts Terminated by Circular Flanges&#8221;,\u00a0<b>Journal of the Brazilian Society of Mechanical Sciences and Engineering,<\/b>\u00a0v. 34, 219 &#8211; 224.<\/span><\/li>\n<li><span style=\"font-size: 12pt\">Brand\u00e3o, E.,\u00a0Lenzi, Arcanjo, Cordioli, Julio. (2012) &#8220;Estimation and minimization of errors caused by sample size effect in the measurement of the normal absorption coefficient of a locally reactive surface&#8221;,\u00a0<b>Applied Acoustics<\/b>, v. 73, p. 543-556.\u00a0<\/span><\/li>\n<\/ul>\n<ul>\n<li><span style=\"font-size: 12pt\">Brand\u00e3o, E.,\u00a0Flesch, Rodolfo C. C., Lenzi, Arcanjo, Flesch, Carlos A. (2011) &#8220;Estimation of pressure-particle velocity impedance measurement uncertainty using the Monte Carlo method&#8221;,\u00a0<b>The Journal of the Acoustical Society of America<\/b>, v. 130, p. EL25-7.<\/span><\/li>\n<\/ul>\n<ul>\n<li><span style=\"font-size: 12pt\">Brand\u00e3o, Eric\u00a0; Tijs, Emiel ; Lenzi, Arcanjo ; de Bree, Hans-Elias. (2011) &#8220;A Comparison of Three Methods to Calculate the Surface Impedance and Absorption Coefficient from Measurements Under Free Field or in situ Conditions&#8221;\u00a0<b>Acustica United with Acta Acustica<\/b>, v. 97, p. 1025-1033.<\/span><\/li>\n<\/ul>\n<ul>\n<li><span style=\"font-size: 12pt\">da Silva, A. R., Scavone, G. P., Lenzi, A. (2010). \u201cNumerical Investigation of the Mean Flow Effect on the Acoustic Reflection at the Open End of Clarinet-Like Instruments\u201d,<strong>\u00a0<\/strong><b>Acustica United with Acta Acustica<\/b><strong>, 96<\/strong>, 959-966.<\/span><\/li>\n<\/ul>\n<ul>\n<li><span style=\"font-size: 12pt\">Souza, J.J.L. de; Paul, S. (2010) \u201cFerramentas para uma padroniza\u00e7\u00e3o dos termos utilizados em ac\u00fastica e vibra\u00e7\u00f5es\u201d,\u00a0<strong>Ac\u00fastica &amp; Vibra\u00e7\u00f5es, 42<\/strong>, 6-9.<\/span><\/li>\n<\/ul>\n<ul>\n<li><span style=\"font-size: 12pt\">Paul, S. (2010) \u201cAdjetivos como descritores sem\u00e2nticos para sons e ru\u00eddos automotivos e no interior de aeronaves\u201d,<strong>Ac\u00fastica &amp; Vibra\u00e7\u00f5es, 42<\/strong>, 18-28.<\/span><\/li>\n<\/ul>\n<ul>\n<li><span style=\"font-size: 12pt\">da Silva, A. R., Scavone, G., and Lefebvre, A. (2009). \u201cSound reflection at the open-end axisymmetric ducts issuing a subsonic mean flow: A numerical study\u201d,\u00a0<strong>Journal of Sound and Vibration, 327<\/strong>, 507-528.<\/span><\/li>\n<\/ul>\n<ul>\n<li><span style=\"font-size: 12pt\">Vendrami, C.E., Paul, S. (2009) \u201cRu\u00eddo Ferrovi\u00e1rio\u201d,\u00a0<strong>Ac\u00fastica &amp; Vibra\u00e7\u00f5es, 41<\/strong>, 55-63.<\/span><\/li>\n<\/ul>\n<ul>\n<li><span style=\"font-size: 12pt\">Paul, S. (2009). \u201cBinaural Recording Technology: A Historical Review and Possible Future Developments\u201d,\u00a0<strong>Acustica United with Acta Acustica, 95<\/strong>, 767-788.<\/span><\/li>\n<\/ul>\n<ul>\n<li><span style=\"font-size: 12pt\">Leite, R.P., Paul, S., Gerges, S.N. (2009). \u201cA sound quality-based investigation of the HVAC system noise of an automobile model\u201d,\u00a0<strong>Applied Acoustics, 70 (4)<\/strong>, 636-645.<\/span><\/li>\n<\/ul>\n<ul>\n<li><span style=\"font-size: 12pt\">Paul, S. (2009) \u201cTecnologia de acquisi\u00e7\u00e3o de sinais biauriculares &#8211; um hist\u00f3rico at\u00e9 os projetos atuais\u201d,\u00a0<strong>Ac\u00fastica &amp; Vibra\u00e7\u00f5es, 40<\/strong>, 26-47.<\/span><\/li>\n<\/ul>\n<ul>\n<li><span style=\"font-size: 12pt\">de Andrade, A.L; Cruz, R.M.; Paul, S.; de Bitencourt, R.F.\u00a0<strong>(2009)<\/strong>\u00a0\u201cConstru\u00e7\u00e3o de escalas de diferencial sem\u00e2ntico: medida de avalia\u00e7\u00e3o de sons no interior de aeronaves\u201d,\u00a0<strong>Avali\u00e7\u00e3o piscol\u00f3gica, 8 (2)<\/strong>, 197-208.<\/span><\/li>\n<\/ul>\n<ul>\n<li><span style=\"font-size: 12pt\">Scavone, G., Lefevre, A., and da Silva, A. R. (2008). \u201cMeasurement of vocal-tract influence during saxophone performance\u201d,\u00a0<strong>Journal of the Acoustical Society of America 123<\/strong>, 2391-2400.<\/span><\/li>\n<\/ul>\n<ul>\n<li><span style=\"font-size: 12pt\">da Silva, A. R., Scavone, G., and van Walstijn, M. (2007). \u201cNumerical simulations of fluid-structure interactions in single-reed\u00a0mouthpieces\u201d,\u00a0<strong>Journal of the Acoustical Society of America 122<\/strong>, 1798-1810.<\/span><\/li>\n<\/ul>\n<ul>\n<li><span style=\"font-size: 12pt\">da Silva, A. R. and Scavone, G. P. (2007). \u201cLattice Boltzmann simulations of the acoustical radiation from waveguides\u201d,\u00a0<strong>Journal of Physics A: Mathematical and Theoretical 40<\/strong>, 397-408.<\/span><\/li>\n<\/ul>\n<ul>\n<li><span style=\"font-size: 12pt\">Leite, R.P., Paul, S. (2006). \u201cQualidade sonora: conceitos b\u00e1sicos ilustrados com um exemplo da \u00e1rea automotiva\u201d,<strong>Ac\u00fastica &amp; Vibra\u00e7\u00f5es, 37<\/strong>, 28-37.<\/span><\/li>\n<\/ul>\n<div><span style=\"font-family: 'Lucida Grande', Verdana, Lucida, Helvetica, Arial, sans-serif;font-size: 12pt\">\u00a0<\/span><\/div>\n<div>\n<p><span style=\"font-size: 12pt\">Artigos em Confer\u00eancias<\/span><\/p>\n<\/div>\n<\/div>\n<ul>\n<li><span style=\"font-size: 12pt\">da Silva, A.R.,\u00a0CARNEIRO, E. B. ; PAUL, S. (2012). Assessing Sound Directivity of Ducts. In: Internoise, 2012, New York. Proceedings of Internoise.<\/span><\/li>\n<\/ul>\n<ul>\n<li><span style=\"font-size: 12pt\">ROCHA, R. R.,\u00a0da Silva, Andrey R\u00a0. (2012) Mapeamento da qualidade ac\u00fastica das escolas de ensino fundamental na cidade de Santa Maria. In: VIII Congresso Ibero_Americano de Ac\u00fastica, \u00c9vora. Anais do VIII Congresso Ibero_Americano de Ac\u00fastica, 2012.<\/span><\/li>\n<\/ul>\n<ul>\n<li><span style=\"font-size: 12pt\">MYRRIA, G.,\u00a0da Silva, A.R.,\u00a0<a href=\"http:\/\/lattes.cnpq.br\/6190020312452988\" target=\"_blank\" rel=\"noopener\">LENZI, Arcanjo<\/a>.\u00a0(2011) On the Control of Suction Valve of a Reciprocating Compressor. In: 21st International Congress of Mechanical Engineering, 2011, Natal. Proceedings of the 21st International Congress of Mechanical Engineering. v. 1.<\/span><\/li>\n<\/ul>\n<ul>\n<li><span style=\"font-size: 12pt\">Andrey Ricardo da Silva,\u00a0Paulo Mareze,\u00a0<a href=\"http:\/\/lattes.cnpq.br\/6190020312452988\" target=\"_blank\" rel=\"noopener\">LENZI, Arcanjo<\/a>. (2010) Approximate Expressions for the Reflection Coefficient at the Open end of Cylindrical Ducts Terminated by Flanges of Finite Sizes. In: InterNoise, 2010, Lisboa. Proceedings of Internoise.<\/span><\/li>\n<\/ul>\n<ul>\n<li><span style=\"font-size: 12pt\">Paul, S.\u00a0(2010)\u00a0\u201cPortuguese descriptors for automotive sounds extracted from automotive literature\u201d in Proc. Society of Automotive Engineers, paper 2010-36-0451P.<\/span><\/li>\n<\/ul>\n<ul>\n<li><span style=\"font-size: 12pt\">Paul, S.\u00a0(2010)\u00a0\u201cSom e ru\u00eddo &#8211; releitura cr\u00edticas de textos brasileiros\u201d, in Anais do XXIII Encontro da Sociedade Brasileira de Ac\u00fastica, Salvador, BA.<\/span><\/li>\n<\/ul>\n<ul>\n<li><span style=\"font-size: 12pt\">Paul, S., Barros, R. and da Paix\u00e3o, D. X.\u00a0(2009)\u00a0\u201cEducation in engineering &#8211; interdisciplinary approaches required\u201d, in Proceedings of 20th International Congress of Mechanical Engineering, Gramado, Brasil.<\/span><\/li>\n<\/ul>\n<ul>\n<li><span style=\"font-size: 12pt\">Paul, S.; Dietrich, P.\u00a0(2009)\u00a0\u201cQuantifying slow amplitude and frequency modulations with psychoacoustic models &#8211; problems and preliminary solutions\u201d, Proc. Society of Automotive Engineers, paper 2009-36-0357.<\/span><\/li>\n<\/ul>\n<ul>\n<li><span style=\"font-size: 12pt\">de Vasconcelos, F.H.; Paul, S.\u00a0(2009)\u00a0\u201cA computerized interface for sound evaluation with the semantic differential technique\u201d, Anais do 7o Congresso de Engenharia de A\u00fadio e da 13a Conven\u00e7\u00e3o Nacional da AES Brasil, S\u00e3o Paulo, Brasil.<\/span><\/li>\n<\/ul>\n<ul>\n<li><span style=\"font-size: 12pt\">Dietrich, P.; Lievens, M.; Paul, S.\u00a0(2009)\u00a0\u201cMeasurement Technique for High Quality Input Data for Auralization\u201d, in Proceedings of 20th International Congress of Mechanical Engineering, (Gramado, Brasil).<\/span><\/li>\n<li>\n<div>\n<div><span style=\"color: #666666;font-size: 12pt\"><b>\u00a0<\/b><\/span><\/div>\n<\/div>\n<\/li>\n<li>\n<div>\n<div><span style=\"color: #666666;font-size: 12pt\"><b>da Silva, A.R.<\/b>\u00a0; Scavone, Gary . The influence of the mean flow on the transmission properties of wind instruments. In: International Congress on Acoustics 2008, 2008, Paris. Proceedings of the International Congress on Acoustics, 2008. p. 3447.<\/span><\/div>\n<\/div>\n<\/li>\n<li>\n<div><\/div>\n<\/li>\n<\/ul>\n<ul>\n<li><span style=\"font-size: 12pt\">Paul, S.\u00a0<em>et. al.<\/em>,\u00a0(2008)\u00a0\u201cUtilizando a t\u00e9cnica de grava\u00e7\u00e3o e an\u00e1lise biauricular para an\u00e1lise do ru\u00eddo em um frigor\u00edfico\u201d, in proceedings of VI Congreso Iberoamericano de Ac\u00fastica &#8211; FIA 2008, Buenos Aires.<\/span><\/li>\n<\/ul>\n<ul>\n<li><span style=\"font-size: 12pt\">Paul, S.\u00a0(2008)\u00a0\u201cCabe\u00e7as artificiais e manequins: um resgate hist\u00f3rico\u201d, in Proc. 6o Congresso da AES Brasil, 12a Conven\u00e7\u00e3o Nacional da AES Brasil, S\u00e3o Paulo<\/span><\/li>\n<\/ul>\n<ul>\n<li><span style=\"font-size: 12pt\">Paul, S., Vasconcelos, F., Zmijevski, T.\u00a0(2008)\u00a0\u201cDeveloping a computerized interface for sound quality evaluation\u201d, Proc. SAE Brasil 2008 NVH Congress<\/span><\/li>\n<\/ul>\n<ul>\n<li><span style=\"font-size: 12pt\">Paul, S.\u00a0(2008)\u00a0<a title=\"http:\/\/scitation.aip.org\/vsearch\/servlet\/VerityServlet?KEY=ASADL&amp;smode=strresults&amp;sort=chron&amp;maxdisp=25&amp;threshold=0&amp;pjournals=journals&amp;pjournals=JASMAN&amp;pjournals=ARLOFJ&amp;pjournals=ATCODK&amp;pjournals=NOCOAN&amp;pjournals=SOUCAU&amp;pjournals=PMARCW&amp;possible1=Assessment+of+simulation+quality&amp;possible1zone=article&amp;fromyear=2008&amp;OUTLOG=NO&amp;arttype=Abstract&amp;arttype=Technical&amp;arttype=Patent&amp;viewabs=JASMAN&amp;key=DISPLAY&amp;docID=1&amp;page=1&amp;chapter=0\" href=\"http:\/\/scitation.aip.org\/vsearch\/servlet\/VerityServlet?KEY=ASADL&amp;smode=strresults&amp;sort=chron&amp;maxdisp=25&amp;threshold=0&amp;pjournals=journals&amp;pjournals=JASMAN&amp;pjournals=ARLOFJ&amp;pjournals=ATCODK&amp;pjournals=NOCOAN&amp;pjournals=SOUCAU&amp;pjournals=PMARCW&amp;possible1=Assessment+of+simulation+quality&amp;possible1zone=article&amp;fromyear=2008&amp;OUTLOG=NO&amp;arttype=Abstract&amp;arttype=Technical&amp;arttype=Patent&amp;viewabs=JASMAN&amp;key=DISPLAY&amp;docID=1&amp;page=1&amp;chapter=0\" rel=\"nofollow\">Assessment of simulation quality of three different auralization procedures (A)<\/a>, J. Acoust. Soc. Am.,\u00a0123, 3862, full paper in Proceedings of acoustics08 SFA-ASA-EAA joint meeting, Paris, Fran\u00c1a<\/span><\/li>\n<\/ul>\n","protected":false},"excerpt":{"rendered":"<p>&nbsp; Livros\u00a0 da Silva, A. R. \u201cAeroacoustics of Wind Instruments: Investigations and Numerical Methods\u201d 1. ed. Berlin: VDM Verlag,\u00a0ISBN: 3639210646, v. 1236 p,\u00a0(2009).\u00a0 Artigos em Jornais e Revistas Especializadas da Silva, A. R., Mareze, P. H. e Lenzi, A. (2012) &#8220;Approximate Expressions for the Reflection Coefficient of Ducts Terminated by Circular Flanges&#8221;,\u00a0Journal of the Brazilian [&hellip;]<\/p>\n","protected":false},"author":201,"featured_media":0,"parent":0,"menu_order":0,"comment_status":"closed","ping_status":"closed","template":"","meta":{"footnotes":""},"categories":[],"tags":[],"class_list":["post-176","page","type-page","status-publish","hentry"],"acf":[],"_links":{"self":[{"href":"https:\/\/www.ufsm.br\/cursos\/graduacao\/santa-maria\/engenharia-acustica\/wp-json\/wp\/v2\/pages\/176","targetHints":{"allow":["GET"]}}],"collection":[{"href":"https:\/\/www.ufsm.br\/cursos\/graduacao\/santa-maria\/engenharia-acustica\/wp-json\/wp\/v2\/pages"}],"about":[{"href":"https:\/\/www.ufsm.br\/cursos\/graduacao\/santa-maria\/engenharia-acustica\/wp-json\/wp\/v2\/types\/page"}],"author":[{"embeddable":true,"href":"https:\/\/www.ufsm.br\/cursos\/graduacao\/santa-maria\/engenharia-acustica\/wp-json\/wp\/v2\/users\/201"}],"replies":[{"embeddable":true,"href":"https:\/\/www.ufsm.br\/cursos\/graduacao\/santa-maria\/engenharia-acustica\/wp-json\/wp\/v2\/comments?post=176"}],"version-history":[{"count":0,"href":"https:\/\/www.ufsm.br\/cursos\/graduacao\/santa-maria\/engenharia-acustica\/wp-json\/wp\/v2\/pages\/176\/revisions"}],"wp:attachment":[{"href":"https:\/\/www.ufsm.br\/cursos\/graduacao\/santa-maria\/engenharia-acustica\/wp-json\/wp\/v2\/media?parent=176"}],"wp:term":[{"taxonomy":"category","embeddable":true,"href":"https:\/\/www.ufsm.br\/cursos\/graduacao\/santa-maria\/engenharia-acustica\/wp-json\/wp\/v2\/categories?post=176"},{"taxonomy":"post_tag","embeddable":true,"href":"https:\/\/www.ufsm.br\/cursos\/graduacao\/santa-maria\/engenharia-acustica\/wp-json\/wp\/v2\/tags?post=176"}],"curies":[{"name":"wp","href":"https:\/\/api.w.org\/{rel}","templated":true}]}}