{"id":182,"date":"2018-11-30T12:38:14","date_gmt":"2018-11-30T14:38:14","guid":{"rendered":"https:\/\/www.ufsm.br\/cursos\/graduacao\/santa-maria\/engenharia-acustica\/?page_id=182"},"modified":"2022-12-07T10:27:36","modified_gmt":"2022-12-07T13:27:36","slug":"links-uteis","status":"publish","type":"page","link":"https:\/\/www.ufsm.br\/cursos\/graduacao\/santa-maria\/engenharia-acustica\/links-uteis","title":{"rendered":"Links \u00dateis"},"content":{"rendered":"\t\t<div data-elementor-type=\"wp-post\" data-elementor-id=\"182\" class=\"elementor elementor-182\">\n\t\t\t\t\t\t<section class=\"elementor-section elementor-top-section elementor-element elementor-element-ec49336 elementor-section-boxed elementor-section-height-default elementor-section-height-default\" data-id=\"ec49336\" data-element_type=\"section\">\n\t\t\t\t\t\t<div class=\"elementor-container elementor-column-gap-default\">\n\t\t\t\t\t<div class=\"elementor-column elementor-col-100 elementor-top-column elementor-element elementor-element-e3529c7\" data-id=\"e3529c7\" data-element_type=\"column\">\n\t\t\t<div class=\"elementor-widget-wrap elementor-element-populated\">\n\t\t\t\t\t\t<div class=\"elementor-element elementor-element-594ba2e elementor-widget elementor-widget-text-editor\" data-id=\"594ba2e\" data-element_type=\"widget\" data-widget_type=\"text-editor.default\">\n\t\t\t\t<div class=\"elementor-widget-container\">\n\t\t\t\t\t\t\t<ul><li><a href=\"https:\/\/www.ufsm.br\/app\/uploads\/sites\/342\/2019\/04\/guia_academico_ufsm_2019.pdf\" target=\"_blank\" rel=\"noopener\">Guia Acad\u00eamico UFSM<\/a><\/li><li><a href=\"https:\/\/www.ufsm.br\/app\/uploads\/sites\/427\/2022\/12\/Mapa-UFSM.pdf\" target=\"_blank\" rel=\"noopener\">Mapa da UFSM<\/a><\/li><li><a href=\"https:\/\/portal.ufsm.br\/aluno\/\" target=\"_blank\" rel=\"noopener\">Portal do Aluno<\/a><\/li><li><a href=\"https:\/\/ead06.proj.ufsm.br\/moodle\/login\/index.php\" target=\"_blank\" rel=\"noopener\">Moodle UFSM<\/a><\/li><li><a href=\"https:\/\/portal.ufsm.br\/documentos\/login.html\" target=\"_blank\" rel=\"noopener\">Pen-Sie UFSM<\/a><\/li><li><a style=\"color: #204c90\" href=\"https:\/\/drive.google.com\/file\/d\/1lUlRfyN_ynp8V6CeXlE4Me9-9c1Qwi9f\/view\" target=\"_blank\" rel=\"noopener\">Lista das\u00a0Salas e Ramais dos Docentes do CT<\/a><\/li><\/ul>\t\t\t\t\t\t<\/div>\n\t\t\t\t<\/div>\n\t\t\t\t\t<\/div>\n\t\t<\/div>\n\t\t\t\t\t<\/div>\n\t\t<\/section>\n\t\t\t\t<section class=\"elementor-section elementor-top-section elementor-element elementor-element-37d2149 elementor-section-boxed elementor-section-height-default elementor-section-height-default\" data-id=\"37d2149\" data-element_type=\"section\">\n\t\t\t\t\t\t<div class=\"elementor-container elementor-column-gap-default\">\n\t\t\t\t\t<div class=\"elementor-column elementor-col-50 elementor-top-column elementor-element elementor-element-7f58002\" data-id=\"7f58002\" data-element_type=\"column\">\n\t\t\t<div class=\"elementor-widget-wrap elementor-element-populated\">\n\t\t\t\t\t\t<div class=\"elementor-element elementor-element-9fe0144 elementor-widget elementor-widget-text-editor\" data-id=\"9fe0144\" data-element_type=\"widget\" data-widget_type=\"text-editor.default\">\n\t\t\t\t<div class=\"elementor-widget-container\">\n\t\t\t\t\t\t\t<div><p><a name=\"sociedades_ac\u00fasticas\"><\/a><strong>Sociedades ac\u00fasticas<\/strong><\/p><\/div><div><ul><li><a title=\"http:\/\/acousticalsociety.org\/\" href=\"http:\/\/acousticalsociety.org\/\" rel=\"nofollow\">The Acoustical Society of America<\/a><\/li><li><a title=\"http:\/\/www.eaa-fenestra.org\/\" href=\"http:\/\/www.eaa-fenestra.org\/\" rel=\"nofollow\">European Acoustics Association<\/a><\/li><li><a title=\"http:\/\/www.dega-akustik.de\/\" href=\"http:\/\/www.dega-akustik.de\/\" rel=\"nofollow\">Deutsche Gesellschaft f\u00fcr Akustik<\/a><\/li><li><a title=\"http:\/\/www.sea-acustica.es\/\" href=\"http:\/\/www.sea-acustica.es\/\" rel=\"nofollow\">Sociedad Espa\u00f1ola de Ac\u00fastica<\/a><\/li><li><a title=\"http:\/\/www.caa-aca.ca\/\" href=\"http:\/\/www.caa-aca.ca\/\" rel=\"nofollow\">Canadian Acoustical Association<\/a><\/li><li><a title=\"http:\/\/www.acustica.org.br\/\" href=\"http:\/\/www.acustica.org.br\/\" rel=\"nofollow\">Sociedade Brasileira de Ac\u00fastica<\/a><\/li><li><a title=\"http:\/\/www.aes.org\/\" href=\"http:\/\/www.aes.org\/\" rel=\"nofollow\">Audio Engineering Society<\/a><\/li><\/ul><p><strong>\u00a0<\/strong><\/p><\/div><p><strong>Dicion\u00e1rio T\u00e9cnico Ingl\u00eas-Portugu\u00eas<\/strong><\/p><div><ul><li><a title=\"http:\/\/inadbrasil.org\/dicionario\/\" href=\"http:\/\/inadbrasil.org\/dicionario\/\" rel=\"nofollow\">Dicion\u00e1rio dos termos de ac\u00fastica\u00a0<\/a><\/li><\/ul><p><a name=\"peri\u00f3dicos_em_ac\u00fastica_e_vibra\u00e7\u00f5es\"><\/a><\/p><\/div><p><strong>\u00a0<\/strong><\/p><p><strong>Peri\u00f3dicos em ac\u00fastica e vibra\u00e7\u00f5es<\/strong><\/p><div><ul><li><a title=\"http:\/\/scitation.aip.org\/jasa\/\" href=\"http:\/\/scitation.aip.org\/jasa\/\" rel=\"nofollow\">Journal of the Acoustical Society of America<\/a><\/li><li><a title=\"http:\/\/ees.elsevier.com\/jsv\/\" href=\"http:\/\/ees.elsevier.com\/jsv\/\" rel=\"nofollow\">Journal of Sound and Vibration<\/a><\/li><li><a title=\"http:\/\/www.acta-acustica-united-with-acustica.com\/\" href=\"http:\/\/www.acta-acustica-united-with-acustica.com\/\" rel=\"nofollow\">Acta Acustica united with Acustica<\/a><\/li><li><a title=\"http:\/\/www.sciencedirect.com\/science\/journal\/0003682X\" href=\"http:\/\/www.sciencedirect.com\/science\/journal\/0003682X\" rel=\"nofollow\">Applied Acoustics<\/a><\/li><li><a title=\"http:\/\/www.aiaa.org\/content.cfm?pageid=322&amp;lupubid=2\" href=\"http:\/\/www.aiaa.org\/content.cfm?pageid=322&amp;lupubid=2\" rel=\"nofollow\">American Institute of Aeronautics and Astronautics Journal<\/a><\/li><li><a title=\"http:\/\/www.sciencedirect.com\/science\/journal\/00219991\" href=\"http:\/\/www.sciencedirect.com\/science\/journal\/00219991\" rel=\"nofollow\">Journal of Computational Physics<\/a><\/li><li><a title=\"http:\/\/www.iop.org\/EJ\/journal\/JPhysA\" href=\"http:\/\/www.iop.org\/EJ\/journal\/JPhysA\" rel=\"nofollow\">Journal of Physics A: Mathematical and Theoretical<\/a><\/li><li><a title=\"http:\/\/www.laermbekaempfung.de\/laerm\/\" href=\"http:\/\/www.laermbekaempfung.de\/laerm\/\" rel=\"nofollow\">Zeitschrift f\u00fcr L\u00e4rmbek\u00e4mpfung<\/a>\u00a0<\/li><\/ul><\/div>\t\t\t\t\t\t<\/div>\n\t\t\t\t<\/div>\n\t\t\t\t\t<\/div>\n\t\t<\/div>\n\t\t\t\t<div class=\"elementor-column elementor-col-50 elementor-top-column elementor-element elementor-element-fd377c5\" data-id=\"fd377c5\" data-element_type=\"column\">\n\t\t\t<div class=\"elementor-widget-wrap elementor-element-populated\">\n\t\t\t\t\t\t<div class=\"elementor-element elementor-element-aa15d56 elementor-widget elementor-widget-text-editor\" data-id=\"aa15d56\" data-element_type=\"widget\" data-widget_type=\"text-editor.default\">\n\t\t\t\t<div class=\"elementor-widget-container\">\n\t\t\t\t\t\t\t<p><a name=\"campanhas_de_conscientiza\u00e7\u00e3o_sobre_o_ru\u00eddo_polui\u00e7\u00e3o_sonora_e_sa\u00fade_auditiva\"><\/a><span style=\"font-family: georgia, palatino, serif;font-size: 12pt\"><strong>Campanhas de Conscientiza\u00e7\u00e3o sobre o Ru\u00eddo, Polui\u00e7\u00e3o sonora e Sa\u00fade Auditiva<\/strong><\/span><\/p><div><ul><li><a title=\"http:\/\/inadbrasil.org\/\" href=\"http:\/\/inadbrasil.org\/\" rel=\"nofollow\">Dia Internacional da Conscientiza\u00e7\u00e3o sobre o Ru\u00eddo<\/a><\/li><li><a title=\"http:\/\/www.dangerousdecibels.org\/\" href=\"http:\/\/www.dangerousdecibels.org\/\" rel=\"nofollow\">Dangerous Decibels<\/a><\/li><\/ul><p><a name=\"centros_de_pesquisa_em_vibra\u00e7\u00f5es_e_ac\u00fastica\"><\/a><\/p><p>\u00a0<\/p><p><a name=\"centros_de_pesquisa_em_vibra\u00e7\u00f5es_e_ac\u00fastica\"><\/a><b>Centros de pesquisa em vibra\u00e7\u00f5es e ac\u00fastica<\/b><\/p><p><a name=\"centros_de_pesquisa_em_vibra\u00e7\u00f5es_e_ac\u00fastica\"><\/a><\/p><div><div><ul><li><a title=\"http:\/\/www.eaa-fenestra.org\/schola\" href=\"http:\/\/www.eaa-fenestra.org\/schola\" rel=\"nofollow\">EAA Schola &#8211; the European Web-based University Guide<\/a><\/li><li><a title=\"http:\/\/www.akustik.rwth-aachen.de\/\" href=\"http:\/\/www.akustik.rwth-aachen.de\/\" rel=\"nofollow\">Institute of Technical Acoustics<\/a>, Aachen, Alemanha<\/li><li><a title=\"http:\/\/www.akustik.tu-berlin.de\/menue\/home\/parameter\/en\/\" href=\"http:\/\/www.akustik.tu-berlin.de\/menue\/home\/parameter\/en\/\" rel=\"nofollow\">Department of Fluid Mechanics and Engineering Acoustics<\/a>, Berlim, Alemanha<\/li><li><a title=\"http:\/\/www.akustik.uni-oldenburg.de\/\" href=\"http:\/\/www.akustik.uni-oldenburg.de\/\" rel=\"nofollow\">Acoustics Group at the University of Oldenburg<\/a><\/li><li><a title=\"http:\/\/www.ibp.fraunhofer.de\/Kompetenzen\/akustik\/\" href=\"http:\/\/www.ibp.fraunhofer.de\/Kompetenzen\/akustik\/\" rel=\"nofollow\">Fraunhofer IBP<\/a><\/li><li><a title=\"http:\/\/www.lva.ufsc.br\/\" href=\"http:\/\/www.lva.ufsc.br\/\" rel=\"nofollow\">Vibration and Acoustics Technology Group<\/a>, Florian\u00f3polis, Brasil<\/li><li><a title=\"http:\/\/www.nrc-cnrc.gc.ca\/eng\/programs\/irc\/ie\/projects-list.html\" href=\"http:\/\/www.nrc-cnrc.gc.ca\/eng\/programs\/irc\/ie\/projects-list.html\" rel=\"nofollow\">Acoustics @ National Research Council Canada<\/a>, Ottawa, Canad\u00e1<\/li><li><a title=\"http:\/\/www.isvr.soton.ac.uk\/\" href=\"http:\/\/www.isvr.soton.ac.uk\/\" rel=\"nofollow\">Institute of Sound and Vibration<\/a>, Southampton &#8211; Inglaterra<\/li><li><a title=\"http:\/\/laum.univ-lemans.fr\/spip\/spip.php?rubrique110\" href=\"http:\/\/laum.univ-lemans.fr\/spip\/spip.php?rubrique110\" rel=\"nofollow\">Laboratoire d&#8217;Acoustique<\/a>, Universit\u00e9 du Maine, Fran\u00e7a<\/li><li><a title=\"http:\/\/www.lma.cnrs-mrs.fr\/sommaire.en.html\" href=\"http:\/\/www.lma.cnrs-mrs.fr\/sommaire.en.html\" rel=\"nofollow\">Laboratory of Mechanics and Acoustics<\/a>, Marselha, Fran\u00e7a<\/li><li><a title=\"http:\/\/www.flyg.kth.se\/facilities\/mwl\/menu.html\" href=\"http:\/\/www.flyg.kth.se\/facilities\/mwl\/menu.html\" rel=\"nofollow\">The Marcus Wallenberg Laboratory (MWL)<\/a>, Stockholm, Su\u00e9cia\u00a0<\/li><\/ul><p>\u00a0<\/p><p><a name=\"centros_de_pesquisa_em_ac\u00fastica_musical\"><\/a><strong>Centros de pesquisa em ac\u00fastica musical<\/strong><\/p><div><ul><li><a title=\"http:\/\/iwk.mdw.ac.at\/mb\/\" href=\"http:\/\/iwk.mdw.ac.at\/mb\/\" rel=\"nofollow\">Institute for Musical Acoustics<\/a>, Viena, Austria<\/li><li><a title=\"http:\/\/www.music.mcgill.ca\/musictech\/caml\/\" href=\"http:\/\/www.music.mcgill.ca\/musictech\/caml\/\" rel=\"nofollow\">Computational Acoustic Modeling Laboratory<\/a>, Montreal, Canad\u00e1<\/li><li><a title=\"http:\/\/www.cirmmt.mcgill.ca\/\" href=\"http:\/\/www.cirmmt.mcgill.ca\/\" rel=\"nofollow\">Centre for Interdisciplinary Research in Music, Media and Technology (CIRMMT)<\/a>, Montreal, Canada<\/li><li><a title=\"http:\/\/ccrma.stanford.edu\/\" href=\"http:\/\/ccrma.stanford.edu\/\" rel=\"nofollow\">Center for Computer Research in Music and Acoustics (CCRMA)<\/a>, Stanford, USA<\/li><li><a title=\"http:\/\/www.sarc.qub.ac.uk\/main.php?page=projects&amp;projID=35\" href=\"http:\/\/www.sarc.qub.ac.uk\/main.php?page=projects&amp;projID=35\" rel=\"nofollow\">Sonic Art Research Centre (SARC)<\/a>, Belfast UK<\/li><li><a title=\"http:\/\/www.cefala.org\/?q=en\/node\" href=\"http:\/\/www.cefala.org\/?q=en\/node\" rel=\"nofollow\">Center for Research on Speech, Acoustics and Language (CEFALA)<\/a>, Belo Horizonte, Brazil<\/li><li><a title=\"http:\/\/www.ircam.fr\/?L=1\" href=\"http:\/\/www.ircam.fr\/?L=1\" rel=\"nofollow\">Institut de Recherche et Coordination Acoustique\/Musique (IRCAM)<\/a>, Paris, Fran\u00e7a<\/li><li><a title=\"http:\/\/www.phys.unsw.edu.au\/music\/\" href=\"http:\/\/www.phys.unsw.edu.au\/music\/\" rel=\"nofollow\">University of New South Wales Acoustics Laboratory, Australia<\/a><\/li><li><a title=\"http:\/\/www.ccr.jussieu.fr\/lab\/p6\/ufr923\/lab2\/d.html\" href=\"http:\/\/www.ccr.jussieu.fr\/lab\/p6\/ufr923\/lab2\/d.html\" rel=\"nofollow\">Laboratoire d&#8217; Acoustique Musicale (LAM)<\/a>, Paris, Fran\u00e7a<\/li><li><a title=\"http:\/\/www.speech.kth.se\/\" href=\"http:\/\/www.speech.kth.se\/\" rel=\"nofollow\">Department of Speech, Music and Hearing<\/a>, Stockholm, Su\u00e9cia<\/li><li><a title=\"http:\/\/www.eca.usp.br\/nucleos\/lami\/\" href=\"http:\/\/www.eca.usp.br\/nucleos\/lami\/\" rel=\"nofollow\">Laborat\u00f3rio de Ac\u00fastica Musical e Inform\u00e1tica (LAMI)<\/a>, S\u00e3o Paulo, Brasil\u00a0<\/li><\/ul><\/div><\/div><\/div><\/div>\t\t\t\t\t\t<\/div>\n\t\t\t\t<\/div>\n\t\t\t\t\t<\/div>\n\t\t<\/div>\n\t\t\t\t\t<\/div>\n\t\t<\/section>\n\t\t\t\t<\/div>\n\t\t","protected":false},"excerpt":{"rendered":"<p>Guia Acad\u00eamico UFSM Mapa da UFSM Portal do Aluno Moodle UFSM Pen-Sie UFSM Lista das\u00a0Salas e Ramais dos Docentes do CT Sociedades ac\u00fasticas The Acoustical Society of America European Acoustics Association Deutsche Gesellschaft f\u00fcr Akustik Sociedad Espa\u00f1ola de Ac\u00fastica Canadian Acoustical Association Sociedade Brasileira de Ac\u00fastica Audio Engineering Society \u00a0 Dicion\u00e1rio T\u00e9cnico Ingl\u00eas-Portugu\u00eas Dicion\u00e1rio dos [&hellip;]<\/p>\n","protected":false},"author":201,"featured_media":0,"parent":0,"menu_order":0,"comment_status":"closed","ping_status":"closed","template":"","meta":{"footnotes":""},"categories":[],"tags":[],"class_list":["post-182","page","type-page","status-publish","hentry"],"acf":[],"_links":{"self":[{"href":"https:\/\/www.ufsm.br\/cursos\/graduacao\/santa-maria\/engenharia-acustica\/wp-json\/wp\/v2\/pages\/182","targetHints":{"allow":["GET"]}}],"collection":[{"href":"https:\/\/www.ufsm.br\/cursos\/graduacao\/santa-maria\/engenharia-acustica\/wp-json\/wp\/v2\/pages"}],"about":[{"href":"https:\/\/www.ufsm.br\/cursos\/graduacao\/santa-maria\/engenharia-acustica\/wp-json\/wp\/v2\/types\/page"}],"author":[{"embeddable":true,"href":"https:\/\/www.ufsm.br\/cursos\/graduacao\/santa-maria\/engenharia-acustica\/wp-json\/wp\/v2\/users\/201"}],"replies":[{"embeddable":true,"href":"https:\/\/www.ufsm.br\/cursos\/graduacao\/santa-maria\/engenharia-acustica\/wp-json\/wp\/v2\/comments?post=182"}],"version-history":[{"count":0,"href":"https:\/\/www.ufsm.br\/cursos\/graduacao\/santa-maria\/engenharia-acustica\/wp-json\/wp\/v2\/pages\/182\/revisions"}],"wp:attachment":[{"href":"https:\/\/www.ufsm.br\/cursos\/graduacao\/santa-maria\/engenharia-acustica\/wp-json\/wp\/v2\/media?parent=182"}],"wp:term":[{"taxonomy":"category","embeddable":true,"href":"https:\/\/www.ufsm.br\/cursos\/graduacao\/santa-maria\/engenharia-acustica\/wp-json\/wp\/v2\/categories?post=182"},{"taxonomy":"post_tag","embeddable":true,"href":"https:\/\/www.ufsm.br\/cursos\/graduacao\/santa-maria\/engenharia-acustica\/wp-json\/wp\/v2\/tags?post=182"}],"curies":[{"name":"wp","href":"https:\/\/api.w.org\/{rel}","templated":true}]}}