{"id":197,"date":"2018-11-30T12:53:27","date_gmt":"2018-11-30T14:53:27","guid":{"rendered":"https:\/\/www.ufsm.br\/cursos\/graduacao\/santa-maria\/engenharia-acustica\/?page_id=197"},"modified":"2018-11-30T12:53:28","modified_gmt":"2018-11-30T14:53:28","slug":"laboratorio-e-estrutura","status":"publish","type":"page","link":"https:\/\/www.ufsm.br\/cursos\/graduacao\/santa-maria\/engenharia-acustica\/laboratorio-e-estrutura","title":{"rendered":"Laborat\u00f3rio e estrutura"},"content":{"rendered":"<div>\n<p>Equipamentos<\/p>\n<ul>\n<li>c\u00e2mara de dois pavimentos para avalia\u00e7\u00e3o da transmiss\u00e3o sonora por impacto<\/li>\n<li>c\u00e2mara reverberante de 207 m<sup>3\u00a0<\/sup>para determina\u00e7\u00e3o de pot\u00eancia sonora e coeficientes de absor\u00e7\u00e3o ac\u00fastica.<\/li>\n<li>c\u00e2mara reverberante dupla de 60 \/ 67\u00a0m<sup>3\u00a0<\/sup>para avalia\u00e7\u00e3o de transmiss\u00e3o sonora\n<div><\/div>\n<\/li>\n<li>\n<div>medidores de n\u00edvel de press\u00e3o sonora BK 2270<\/div>\n<\/li>\n<li>\n<div>microfones para campos livre difuso e de press\u00e3o<\/div>\n<\/li>\n<li>\n<div>aceler\u00f4metros<\/div>\n<\/li>\n<li>\n<div>shakers e martelos de impacto com cabe\u00e7a de imped\u00e2ncia<\/div>\n<\/li>\n<li>\n<div>analisadores de sinais<\/div>\n<\/li>\n<li>\n<div>manequim para medi\u00e7\u00f5es biauriculares e de fones de ouvido<\/div>\n<\/li>\n<li>\n<div>medidor de vibra\u00e7\u00e3o no corpo humano<\/div>\n<\/li>\n<li>\n<div>fontes sonora omnidirecionais<\/div>\n<\/li>\n<li>\n<div>fonte sonora de diretividade vari\u00e1vel (monopolo ou dipolo)<\/div>\n<\/li>\n<li>\n<div>fonte sonora especial para ac\u00fastica de dutos e silenciodores<\/div>\n<\/li>\n<li>\n<div><i>tapping machines<\/i>\u00a0para avalia\u00e7\u00e3o de ru\u00eddo de impacto<\/div>\n<\/li>\n<li>\n<div>sonda de medi\u00e7\u00e3o de intensidade sonora<\/div>\n<\/li>\n<li>\n<div>fones de ouvido eletrodin\u00e2micos Sennheiser HD 60<\/p>\n<div><\/div>\n<\/div>\n<\/li>\n<\/ul>\n<\/div>\n<p><a name=\"software\"><\/a>Software<\/p>\n<div>\n<ul>\n<li>\n<div><a title=\"http:\/\/www.head-acoustics.de\/eng\/nvh_artemis.htm\" href=\"http:\/\/www.head-acoustics.de\/eng\/nvh_artemis.htm\" rel=\"nofollow\">ArtemiS<\/a>, an\u00e1lise de sinais (desde FFT at\u00e9 psicoac\u00fastica, an\u00e1lise de correla\u00e7\u00e3o, \u2026)<\/div>\n<\/li>\n<li>\n<div><a title=\"http:\/\/www.esi-group.com\/products\/vibro-acoustics\" href=\"http:\/\/www.esi-group.com\/products\/vibro-acoustics\" rel=\"nofollow\">VAone<\/a>, simula\u00e7\u00e3o FEM e SEA<\/div>\n<\/li>\n<li>\n<div><a title=\"http:\/\/www.odeon.dk\/Odeon-version-9.0\" href=\"http:\/\/www.odeon.dk\/Odeon-version-9.0\" rel=\"nofollow\">Odeon<\/a>, simula\u00e7\u00e3o ac\u00fastica de salas<\/div>\n<\/li>\n<li>\n<div><a title=\"http:\/\/www.soundplan.eu\/start.php?kat=2&amp;\" href=\"http:\/\/www.soundplan.eu\/start.php?kat=2&amp;\" rel=\"nofollow\">SoundPlan<\/a>, simula\u00e7\u00e3o de propaga\u00e7\u00e3o sonora\u00a0<i>outdoors<\/i><\/div>\n<\/li>\n<li>\n<div>Bastian: simlua\u00e7\u00e3o de transmiss\u00e3o sonora em edifica\u00e7\u00f5es<\/div>\n<\/li>\n<li>\n<div>Dirac: medi\u00e7\u00e3o de par\u00e2metros ac\u00fasticos de salas<\/div>\n<\/li>\n<li>\n<div>Intensidade Sonora: determina\u00e7\u00e3o da intensidade sonora<\/div>\n<\/li>\n<li>\n<div>ITAToolbox: medi\u00e7\u00e3o e processamento de sinais, medi\u00e7\u00e3o de alto-falantes<\/div>\n<\/li>\n<\/ul>\n<p><a title=\"https:\/\/sites.google.com\/a\/eac.ufsm.br\/equipamentos-eac\/home\" href=\"http:\/\/sites.google.com\/a\/eac.ufsm.br\/equipamentos-eac\/home\" rel=\"nofollow\">P\u00e1gina dos equipamentos &#8211; LEAC<\/a><\/p>\n<\/div>\n","protected":false},"excerpt":{"rendered":"<p>Equipamentos c\u00e2mara de dois pavimentos para avalia\u00e7\u00e3o da transmiss\u00e3o sonora por impacto c\u00e2mara reverberante de 207 m3\u00a0para determina\u00e7\u00e3o de pot\u00eancia sonora e coeficientes de absor\u00e7\u00e3o ac\u00fastica. c\u00e2mara reverberante dupla de 60 \/ 67\u00a0m3\u00a0para avalia\u00e7\u00e3o de transmiss\u00e3o sonora medidores de n\u00edvel de press\u00e3o sonora BK 2270 microfones para campos livre difuso e de press\u00e3o aceler\u00f4metros shakers [&hellip;]<\/p>\n","protected":false},"author":201,"featured_media":0,"parent":0,"menu_order":0,"comment_status":"closed","ping_status":"closed","template":"","meta":{"footnotes":""},"categories":[],"tags":[],"class_list":["post-197","page","type-page","status-publish","hentry"],"acf":[],"_links":{"self":[{"href":"https:\/\/www.ufsm.br\/cursos\/graduacao\/santa-maria\/engenharia-acustica\/wp-json\/wp\/v2\/pages\/197","targetHints":{"allow":["GET"]}}],"collection":[{"href":"https:\/\/www.ufsm.br\/cursos\/graduacao\/santa-maria\/engenharia-acustica\/wp-json\/wp\/v2\/pages"}],"about":[{"href":"https:\/\/www.ufsm.br\/cursos\/graduacao\/santa-maria\/engenharia-acustica\/wp-json\/wp\/v2\/types\/page"}],"author":[{"embeddable":true,"href":"https:\/\/www.ufsm.br\/cursos\/graduacao\/santa-maria\/engenharia-acustica\/wp-json\/wp\/v2\/users\/201"}],"replies":[{"embeddable":true,"href":"https:\/\/www.ufsm.br\/cursos\/graduacao\/santa-maria\/engenharia-acustica\/wp-json\/wp\/v2\/comments?post=197"}],"version-history":[{"count":0,"href":"https:\/\/www.ufsm.br\/cursos\/graduacao\/santa-maria\/engenharia-acustica\/wp-json\/wp\/v2\/pages\/197\/revisions"}],"wp:attachment":[{"href":"https:\/\/www.ufsm.br\/cursos\/graduacao\/santa-maria\/engenharia-acustica\/wp-json\/wp\/v2\/media?parent=197"}],"wp:term":[{"taxonomy":"category","embeddable":true,"href":"https:\/\/www.ufsm.br\/cursos\/graduacao\/santa-maria\/engenharia-acustica\/wp-json\/wp\/v2\/categories?post=197"},{"taxonomy":"post_tag","embeddable":true,"href":"https:\/\/www.ufsm.br\/cursos\/graduacao\/santa-maria\/engenharia-acustica\/wp-json\/wp\/v2\/tags?post=197"}],"curies":[{"name":"wp","href":"https:\/\/api.w.org\/{rel}","templated":true}]}}