{"id":205,"date":"2019-02-01T10:40:54","date_gmt":"2019-02-01T12:40:54","guid":{"rendered":"https:\/\/www.ufsm.br\/cursos\/graduacao\/santa-maria\/engenharia-acustica\/?page_id=205"},"modified":"2019-02-01T10:40:56","modified_gmt":"2019-02-01T12:40:56","slug":"objetivos","status":"publish","type":"page","link":"https:\/\/www.ufsm.br\/cursos\/graduacao\/santa-maria\/engenharia-acustica\/objetivos","title":{"rendered":"Objetivos"},"content":{"rendered":"\n<p><span style=\"font-size: small\">A Engenharia Ac\u00fastica da Universidade Federal de Santa Maria tem como\u00a0miss\u00e3o ser um centro de\u00a0excel\u00eancia\u00a0na pesquisa e no fomento de conhecimento em t\u00f3picos\u00a0relacionadas \u00e0 ac\u00fastica e vibra\u00e7\u00f5es. Neste contexto, os objetivos\u00a0da EAC\u00a0s\u00e3o:<\/span><\/p>\n<p><b>1.<\/b>\u00a0Formar profissionais de alta capacita\u00e7\u00e3o t\u00e9cnica e cient\u00edfica;<\/p>\n<p><b>2<\/b>. Contribuir no desenvolvimento de pesquisa fundamental e aplicada e<\/p>\n<p><b>3.<\/b>\u00a0Prestar servi\u00e7os profissionais avan\u00e7ados em quest\u00f5es envolvendo ac\u00fastica e vibra\u00e7\u00f5es.<\/p>\n<pre>\u00a0<\/pre>\n","protected":false},"excerpt":{"rendered":"<p>A Engenharia Ac\u00fastica da Universidade Federal de Santa Maria tem como\u00a0miss\u00e3o ser um centro de\u00a0excel\u00eancia\u00a0na pesquisa e no fomento de conhecimento em t\u00f3picos\u00a0relacionadas \u00e0 ac\u00fastica e vibra\u00e7\u00f5es. Neste contexto, os objetivos\u00a0da EAC\u00a0s\u00e3o: 1.\u00a0Formar profissionais de alta capacita\u00e7\u00e3o t\u00e9cnica e cient\u00edfica; 2. Contribuir no desenvolvimento de pesquisa fundamental e aplicada e 3.\u00a0Prestar servi\u00e7os profissionais avan\u00e7ados em [&hellip;]<\/p>\n","protected":false},"author":194,"featured_media":0,"parent":0,"menu_order":0,"comment_status":"closed","ping_status":"closed","template":"","meta":{"footnotes":""},"categories":[],"tags":[],"class_list":["post-205","page","type-page","status-publish","hentry"],"acf":[],"_links":{"self":[{"href":"https:\/\/www.ufsm.br\/cursos\/graduacao\/santa-maria\/engenharia-acustica\/wp-json\/wp\/v2\/pages\/205","targetHints":{"allow":["GET"]}}],"collection":[{"href":"https:\/\/www.ufsm.br\/cursos\/graduacao\/santa-maria\/engenharia-acustica\/wp-json\/wp\/v2\/pages"}],"about":[{"href":"https:\/\/www.ufsm.br\/cursos\/graduacao\/santa-maria\/engenharia-acustica\/wp-json\/wp\/v2\/types\/page"}],"author":[{"embeddable":true,"href":"https:\/\/www.ufsm.br\/cursos\/graduacao\/santa-maria\/engenharia-acustica\/wp-json\/wp\/v2\/users\/194"}],"replies":[{"embeddable":true,"href":"https:\/\/www.ufsm.br\/cursos\/graduacao\/santa-maria\/engenharia-acustica\/wp-json\/wp\/v2\/comments?post=205"}],"version-history":[{"count":0,"href":"https:\/\/www.ufsm.br\/cursos\/graduacao\/santa-maria\/engenharia-acustica\/wp-json\/wp\/v2\/pages\/205\/revisions"}],"wp:attachment":[{"href":"https:\/\/www.ufsm.br\/cursos\/graduacao\/santa-maria\/engenharia-acustica\/wp-json\/wp\/v2\/media?parent=205"}],"wp:term":[{"taxonomy":"category","embeddable":true,"href":"https:\/\/www.ufsm.br\/cursos\/graduacao\/santa-maria\/engenharia-acustica\/wp-json\/wp\/v2\/categories?post=205"},{"taxonomy":"post_tag","embeddable":true,"href":"https:\/\/www.ufsm.br\/cursos\/graduacao\/santa-maria\/engenharia-acustica\/wp-json\/wp\/v2\/tags?post=205"}],"curies":[{"name":"wp","href":"https:\/\/api.w.org\/{rel}","templated":true}]}}