{"id":493,"date":"2022-12-07T10:49:22","date_gmt":"2022-12-07T13:49:22","guid":{"rendered":"https:\/\/www.ufsm.br\/cursos\/graduacao\/santa-maria\/engenharia-acustica\/?page_id=493"},"modified":"2025-11-19T09:22:37","modified_gmt":"2025-11-19T12:22:37","slug":"faq","status":"publish","type":"page","link":"https:\/\/www.ufsm.br\/cursos\/graduacao\/santa-maria\/engenharia-acustica\/faq","title":{"rendered":"FAQ"},"content":{"rendered":"\t\t<div data-elementor-type=\"wp-page\" data-elementor-id=\"493\" class=\"elementor elementor-493\">\n\t\t\t\t\t\t<section class=\"elementor-section elementor-top-section elementor-element elementor-element-1ce4415 elementor-section-boxed elementor-section-height-default elementor-section-height-default\" data-id=\"1ce4415\" data-element_type=\"section\">\n\t\t\t\t\t\t<div class=\"elementor-container elementor-column-gap-default\">\n\t\t\t\t\t<div class=\"elementor-column elementor-col-100 elementor-top-column elementor-element elementor-element-fee8572\" data-id=\"fee8572\" data-element_type=\"column\">\n\t\t\t<div class=\"elementor-widget-wrap elementor-element-populated\">\n\t\t\t\t\t\t<div class=\"elementor-element elementor-element-54c9dc9 elementor-widget elementor-widget-text-editor\" data-id=\"54c9dc9\" data-element_type=\"widget\" data-widget_type=\"text-editor.default\">\n\t\t\t\t<div class=\"elementor-widget-container\">\n\t\t\t\t\t\t\t<h5><strong>Acessos e Benef\u00edcios ao Estudante:<\/strong><\/h5><ul><li><a href=\"https:\/\/www.ufsm.br\/app\/uploads\/sites\/427\/2022\/12\/Como-ter-acesso-ao-Restaurante-Universitario-RU.pdf\" target=\"_blank\" rel=\"noopener\">Como ter acesso ao Restaurante Universit\u00e1rio?<\/a><\/li><li><a href=\"https:\/\/www.ufsm.br\/app\/uploads\/sites\/427\/2022\/12\/Como-obter-50-por-cento-de-desconto-no-transporte-coletivo-da-ATU.pdf\" target=\"_blank\" rel=\"noopener\">Como obter 50% de desconto no transporte coletivo?<\/a><\/li><li><a href=\"https:\/\/www.ufsm.br\/app\/uploads\/sites\/427\/2022\/12\/Como-obter-o-Beneficio-Socioeconomico-BSE.pdf\" target=\"_blank\" rel=\"noopener\">Como obter o Benef\u00edcio S\u00f3cioecon\u00f4mico (BSE)?<\/a><\/li><li><a href=\"https:\/\/www.ufsm.br\/app\/uploads\/sites\/427\/2022\/12\/O-que-e-a-Bolsa-Formacao-e-como-solicita-la.pdf\" target=\"_blank\" rel=\"noopener\">O que \u00e9 a Bolsa Forma\u00e7\u00e3o e como solicit\u00e1-la?<\/a><\/li><li><a href=\"https:\/\/www.ufsm.br\/unidades-universitarias\/ct\/bolsas\/\" target=\"_blank\" rel=\"noopener\">O que s\u00e3o Bolsas Estudantis de Ensino, de Pesquisa e de Extens\u00e3o e como obt\u00ea-las?<\/a><\/li><li><a href=\"https:\/\/www.ufsm.br\/app\/uploads\/sites\/427\/2022\/12\/O-que-e-o-Auxilio-Material-Pedagogico-e-como-solicita-lo.pdf\" target=\"_blank\" rel=\"noopener\">O que \u00e9 o Aux\u00edlio Material Pedag\u00f3gico e como solicit\u00e1-lo?<\/a><\/li><\/ul>\t\t\t\t\t\t<\/div>\n\t\t\t\t<\/div>\n\t\t\t\t\t<\/div>\n\t\t<\/div>\n\t\t\t\t\t<\/div>\n\t\t<\/section>\n\t\t\t\t<section class=\"elementor-section elementor-top-section elementor-element elementor-element-270b9fb elementor-section-boxed elementor-section-height-default elementor-section-height-default\" data-id=\"270b9fb\" data-element_type=\"section\">\n\t\t\t\t\t\t<div class=\"elementor-container elementor-column-gap-default\">\n\t\t\t\t\t<div class=\"elementor-column elementor-col-100 elementor-top-column elementor-element elementor-element-8c5394d\" data-id=\"8c5394d\" data-element_type=\"column\">\n\t\t\t<div class=\"elementor-widget-wrap elementor-element-populated\">\n\t\t\t\t\t\t<div class=\"elementor-element elementor-element-aac7ee4 elementor-widget elementor-widget-text-editor\" data-id=\"aac7ee4\" data-element_type=\"widget\" data-widget_type=\"text-editor.default\">\n\t\t\t\t<div class=\"elementor-widget-container\">\n\t\t\t\t\t\t\t<h5><b>Servi\u00e7os Administrativos:<\/b><\/h5><ul><li><a href=\"https:\/\/www.ufsm.br\/orgaos-suplementares\/dag\/pen\/apoio-ao-usuario\/\" target=\"_blank\" rel=\"noopener\">Tutoriais para utiliza\u00e7\u00e3o do sistema Pen-Sie<\/a><\/li><li><a href=\"https:\/\/www.ufsm.br\/app\/uploads\/sites\/427\/2023\/03\/Tutorial-para-acessar-a-ementa-completa-das-disciplinas.pdf\" target=\"_blank\" rel=\"noopener\">Como acessar as ementas das disciplinas?<\/a><\/li><li><a href=\"https:\/\/www.ufsm.br\/pro-reitorias\/prograd\/cofre-corem\/solicitacao-de-registro-de-acg\" target=\"_blank\" rel=\"noopener\">Como solicitar o registro de ACG&#8217;s?\u00a0<\/a><\/li><\/ul>\t\t\t\t\t\t<\/div>\n\t\t\t\t<\/div>\n\t\t\t\t\t<\/div>\n\t\t<\/div>\n\t\t\t\t\t<\/div>\n\t\t<\/section>\n\t\t\t\t<section class=\"elementor-section elementor-top-section elementor-element elementor-element-bd5076e elementor-section-boxed elementor-section-height-default elementor-section-height-default\" data-id=\"bd5076e\" data-element_type=\"section\">\n\t\t\t\t\t\t<div class=\"elementor-container elementor-column-gap-default\">\n\t\t\t\t\t<div class=\"elementor-column elementor-col-100 elementor-top-column elementor-element elementor-element-677815c\" data-id=\"677815c\" data-element_type=\"column\">\n\t\t\t<div class=\"elementor-widget-wrap elementor-element-populated\">\n\t\t\t\t\t\t<div class=\"elementor-element elementor-element-c6f0976 elementor-widget elementor-widget-text-editor\" data-id=\"c6f0976\" data-element_type=\"widget\" data-widget_type=\"text-editor.default\">\n\t\t\t\t<div class=\"elementor-widget-container\">\n\t\t\t\t\t\t\t<h5><strong>Afastamentos:<\/strong><\/h5><ul><li><a href=\"https:\/\/www.ufsm.br\/app\/uploads\/sites\/427\/2022\/12\/Tutorial-para-solicitar-a-recuperacao-de-uma-avaliacao-1.pdf\" target=\"_blank\" rel=\"noopener\">Como solicitar a recupera\u00e7\u00e3o de uma avalia\u00e7\u00e3o (prova substitutiva)?<\/a><\/li><li><a href=\"https:\/\/www.ufsm.br\/app\/uploads\/sites\/427\/2023\/12\/Tutorial-para-solicitar-o-regime-de-exercicios-domiciliares-para-afastamento-superior-a-5-dias.pdf\" target=\"_blank\" rel=\"noopener\">Como solicitar o regime de exerc\u00edcios domiciliares para afastamento superior a 5 dias?<\/a><\/li><\/ul>\t\t\t\t\t\t<\/div>\n\t\t\t\t<\/div>\n\t\t\t\t\t<\/div>\n\t\t<\/div>\n\t\t\t\t\t<\/div>\n\t\t<\/section>\n\t\t\t\t<section class=\"elementor-section elementor-top-section elementor-element elementor-element-5f73e71 elementor-section-boxed elementor-section-height-default elementor-section-height-default\" data-id=\"5f73e71\" data-element_type=\"section\">\n\t\t\t\t\t\t<div class=\"elementor-container elementor-column-gap-default\">\n\t\t\t\t\t<div class=\"elementor-column elementor-col-100 elementor-top-column elementor-element elementor-element-8848868\" data-id=\"8848868\" data-element_type=\"column\">\n\t\t\t<div class=\"elementor-widget-wrap elementor-element-populated\">\n\t\t\t\t\t\t<div class=\"elementor-element elementor-element-02a22d7 elementor-widget elementor-widget-text-editor\" data-id=\"02a22d7\" data-element_type=\"widget\" data-widget_type=\"text-editor.default\">\n\t\t\t\t<div class=\"elementor-widget-container\">\n\t\t\t\t\t\t\t<h5><strong>Est\u00e1gios<\/strong>:<\/h5><ul><li><p><a href=\"https:\/\/www.youtube.com\/watch?v=8gRAb8wNfnw\" target=\"_blank\" rel=\"noopener\">Como abrir um processo de est\u00e1gio no sistema Pen-Sie?<\/a><\/p><\/li><\/ul>\t\t\t\t\t\t<\/div>\n\t\t\t\t<\/div>\n\t\t\t\t\t<\/div>\n\t\t<\/div>\n\t\t\t\t\t<\/div>\n\t\t<\/section>\n\t\t\t\t<section class=\"elementor-section elementor-top-section elementor-element elementor-element-448fe15 elementor-section-boxed elementor-section-height-default elementor-section-height-default\" data-id=\"448fe15\" data-element_type=\"section\">\n\t\t\t\t\t\t<div class=\"elementor-container elementor-column-gap-default\">\n\t\t\t\t\t<div class=\"elementor-column elementor-col-100 elementor-top-column elementor-element elementor-element-4b8dafd\" data-id=\"4b8dafd\" data-element_type=\"column\">\n\t\t\t<div class=\"elementor-widget-wrap elementor-element-populated\">\n\t\t\t\t\t\t<div class=\"elementor-element elementor-element-3693001 elementor-widget elementor-widget-text-editor\" data-id=\"3693001\" data-element_type=\"widget\" data-widget_type=\"text-editor.default\">\n\t\t\t\t<div class=\"elementor-widget-container\">\n\t\t\t\t\t\t\t<h5><strong>Outros<\/strong><\/h5><ul><li><a href=\"https:\/\/www.ufsm.br\/app\/uploads\/sites\/427\/2022\/12\/Tutorial-para-solicitar-a-revisao-e-reconsideracao-de-uma-avaliacao-1.pdf\" target=\"_blank\" rel=\"noopener\">Como solicitar a revis\u00e3o e reconsidera\u00e7\u00e3o de uma avalia\u00e7\u00e3o?<\/a><\/li><li><a href=\"https:\/\/docs.google.com\/forms\/d\/e\/1FAIpQLSetEZkCYmZ9m1MCdS28unOXRgnHRm0Iq4O4SKrd1qUPlmysRQ\/viewform\" target=\"_blank\" rel=\"noopener\">Como solicitar comprovante de monitoria?<\/a><\/li><li><a href=\"https:\/\/www.ufsm.br\/pro-reitorias\/prograd\/tutoriais\" target=\"_blank\" rel=\"noopener\">Acessar a p\u00e1gina de guias e tutoriais da Prograd<\/a><\/li><\/ul>\t\t\t\t\t\t<\/div>\n\t\t\t\t<\/div>\n\t\t\t\t\t<\/div>\n\t\t<\/div>\n\t\t\t\t\t<\/div>\n\t\t<\/section>\n\t\t\t\t<\/div>\n\t\t","protected":false},"excerpt":{"rendered":"<p>Acessos e Benef\u00edcios ao Estudante: Como ter acesso ao Restaurante Universit\u00e1rio? Como obter 50% de desconto no transporte coletivo? Como obter o Benef\u00edcio S\u00f3cioecon\u00f4mico (BSE)? O que \u00e9 a Bolsa Forma\u00e7\u00e3o e como solicit\u00e1-la? O que s\u00e3o Bolsas Estudantis de Ensino, de Pesquisa e de Extens\u00e3o e como obt\u00ea-las? O que \u00e9 o Aux\u00edlio Material [&hellip;]<\/p>\n","protected":false},"author":3940,"featured_media":0,"parent":0,"menu_order":0,"comment_status":"closed","ping_status":"closed","template":"","meta":{"footnotes":""},"categories":[],"tags":[],"class_list":["post-493","page","type-page","status-publish","hentry"],"acf":[],"_links":{"self":[{"href":"https:\/\/www.ufsm.br\/cursos\/graduacao\/santa-maria\/engenharia-acustica\/wp-json\/wp\/v2\/pages\/493","targetHints":{"allow":["GET"]}}],"collection":[{"href":"https:\/\/www.ufsm.br\/cursos\/graduacao\/santa-maria\/engenharia-acustica\/wp-json\/wp\/v2\/pages"}],"about":[{"href":"https:\/\/www.ufsm.br\/cursos\/graduacao\/santa-maria\/engenharia-acustica\/wp-json\/wp\/v2\/types\/page"}],"author":[{"embeddable":true,"href":"https:\/\/www.ufsm.br\/cursos\/graduacao\/santa-maria\/engenharia-acustica\/wp-json\/wp\/v2\/users\/3940"}],"replies":[{"embeddable":true,"href":"https:\/\/www.ufsm.br\/cursos\/graduacao\/santa-maria\/engenharia-acustica\/wp-json\/wp\/v2\/comments?post=493"}],"version-history":[{"count":0,"href":"https:\/\/www.ufsm.br\/cursos\/graduacao\/santa-maria\/engenharia-acustica\/wp-json\/wp\/v2\/pages\/493\/revisions"}],"wp:attachment":[{"href":"https:\/\/www.ufsm.br\/cursos\/graduacao\/santa-maria\/engenharia-acustica\/wp-json\/wp\/v2\/media?parent=493"}],"wp:term":[{"taxonomy":"category","embeddable":true,"href":"https:\/\/www.ufsm.br\/cursos\/graduacao\/santa-maria\/engenharia-acustica\/wp-json\/wp\/v2\/categories?post=493"},{"taxonomy":"post_tag","embeddable":true,"href":"https:\/\/www.ufsm.br\/cursos\/graduacao\/santa-maria\/engenharia-acustica\/wp-json\/wp\/v2\/tags?post=493"}],"curies":[{"name":"wp","href":"https:\/\/api.w.org\/{rel}","templated":true}]}}