{"id":520,"date":"2023-09-15T17:55:52","date_gmt":"2023-09-15T20:55:52","guid":{"rendered":"https:\/\/www.ufsm.br\/cursos\/graduacao\/santa-maria\/engenharia-acustica\/?page_id=520"},"modified":"2023-09-15T17:55:53","modified_gmt":"2023-09-15T20:55:53","slug":"nde","status":"publish","type":"page","link":"https:\/\/www.ufsm.br\/cursos\/graduacao\/santa-maria\/engenharia-acustica\/nde","title":{"rendered":"NDE"},"content":{"rendered":"\n<p>Composi\u00e7\u00e3o atual do N\u00facleo Docente Estruturante do curso de Engenharia Ac\u00fastica conforme PORTARIA DE PESSOAL CT\/UFSM N.201, DE 04 DE OUTUBRO DE 2022<\/p>\n<p>William D&#8217;Andrea Fonseca 2044425 Docente Presidente<br \/>Christian dos Santos 1296337 Docente Secret\u00e1rio<br \/>Eric Brand\u00e3o Carneiro 1879118 Docente Participante<br \/>Paulo Henrique Mareze 2047901 Docente Participante<br \/>Roberto Aizik Tenenbaum 24396 Docente Participante<br \/>Viviane Suzey Gomes de Melo 2423822 Docente Participante<\/p>\n<p>\u00a0<\/p>\n","protected":false},"excerpt":{"rendered":"<p>Composi\u00e7\u00e3o atual do N\u00facleo Docente Estruturante do curso de Engenharia Ac\u00fastica conforme PORTARIA DE PESSOAL CT\/UFSM N.201, DE 04 DE OUTUBRO DE 2022 William D&#8217;Andrea Fonseca 2044425 Docente PresidenteChristian dos Santos 1296337 Docente Secret\u00e1rioEric Brand\u00e3o Carneiro 1879118 Docente ParticipantePaulo Henrique Mareze 2047901 Docente ParticipanteRoberto Aizik Tenenbaum 24396 Docente ParticipanteViviane Suzey Gomes de Melo 2423822 Docente [&hellip;]<\/p>\n","protected":false},"author":453,"featured_media":0,"parent":0,"menu_order":0,"comment_status":"closed","ping_status":"closed","template":"","meta":{"footnotes":""},"categories":[],"tags":[],"class_list":["post-520","page","type-page","status-publish","hentry"],"acf":[],"_links":{"self":[{"href":"https:\/\/www.ufsm.br\/cursos\/graduacao\/santa-maria\/engenharia-acustica\/wp-json\/wp\/v2\/pages\/520","targetHints":{"allow":["GET"]}}],"collection":[{"href":"https:\/\/www.ufsm.br\/cursos\/graduacao\/santa-maria\/engenharia-acustica\/wp-json\/wp\/v2\/pages"}],"about":[{"href":"https:\/\/www.ufsm.br\/cursos\/graduacao\/santa-maria\/engenharia-acustica\/wp-json\/wp\/v2\/types\/page"}],"author":[{"embeddable":true,"href":"https:\/\/www.ufsm.br\/cursos\/graduacao\/santa-maria\/engenharia-acustica\/wp-json\/wp\/v2\/users\/453"}],"replies":[{"embeddable":true,"href":"https:\/\/www.ufsm.br\/cursos\/graduacao\/santa-maria\/engenharia-acustica\/wp-json\/wp\/v2\/comments?post=520"}],"version-history":[{"count":0,"href":"https:\/\/www.ufsm.br\/cursos\/graduacao\/santa-maria\/engenharia-acustica\/wp-json\/wp\/v2\/pages\/520\/revisions"}],"wp:attachment":[{"href":"https:\/\/www.ufsm.br\/cursos\/graduacao\/santa-maria\/engenharia-acustica\/wp-json\/wp\/v2\/media?parent=520"}],"wp:term":[{"taxonomy":"category","embeddable":true,"href":"https:\/\/www.ufsm.br\/cursos\/graduacao\/santa-maria\/engenharia-acustica\/wp-json\/wp\/v2\/categories?post=520"},{"taxonomy":"post_tag","embeddable":true,"href":"https:\/\/www.ufsm.br\/cursos\/graduacao\/santa-maria\/engenharia-acustica\/wp-json\/wp\/v2\/tags?post=520"}],"curies":[{"name":"wp","href":"https:\/\/api.w.org\/{rel}","templated":true}]}}