{"id":179,"date":"2018-11-29T09:58:44","date_gmt":"2018-11-29T11:58:44","guid":{"rendered":"https:\/\/www.ufsm.br\/cursos\/graduacao\/santa-maria\/engenharia-aeroespacial\/?page_id=179"},"modified":"2025-12-04T10:38:54","modified_gmt":"2025-12-04T13:38:54","slug":"acgs","status":"publish","type":"page","link":"https:\/\/www.ufsm.br\/cursos\/graduacao\/santa-maria\/engenharia-aeroespacial\/acgs","title":{"rendered":"ACGs e ACEXs"},"content":{"rendered":"<p>Atividades Complementares de Gradua\u00e7\u00e3o (ACG) entende-se como toda e qualquer atividade pertinente e \u00fatil para a forma\u00e7\u00e3o humana e profissional do acad\u00eamico, aceita para compor o plano de estudo de um curso.<\/p>\n<p>Carga Hor\u00e1ria M\u00ednima Exigida: 90 horas (Curr\u00edculo vers\u00e3o 2018)<\/p>\n<p>Carga Hor\u00e1ria M\u00ednima Exigida: 60 horas (Curr\u00edculo vers\u00e3o 2023)<\/p>\n<p>Verificar normas espec\u00edficas para cada vers\u00e3o.<\/p>\n<p><strong>Procedimentos para o c\u00f4mputo de ACGs:<\/strong><\/p>\n<p>A partir do 8\u00ba semestre, o aluno pode entregar a tabela de ACGs juntamente com as c\u00f3pias numeradas de todos os certificados para que os mesmos sejam analisados pelo colegiado.<\/p>\n<p>Deve ser enviado o arquivo <strong>TABELA DE CONTROLE DE ACGS EDIT\u00c1VEL<\/strong> e os documentos numerados conforme inseridos na tabela (exemplo: 1_CERTIFICADO_EXEMPLO.pdf, 2-COMPROVANTE_EXEMPLO.pdf, etc&#8230;). Os arquivos devem ser compactados atrav\u00e9s de arquivo \u00fanico .ZIP.<\/p>\n<p>O arquivo deve ser enviado ao e-mail do curso engaero@ufsm.br com o t\u00edtulo &#8211; AVALIA\u00c7\u00c3O DE ACGS &#8211; &#8220;NOME DO ALUNO&#8221; &#8211; &#8220;MATRICULA DO ALUNO&#8221;.<\/p>\n<p><strong>Regras aprovadas no colegiado a partir do 2\u00ba semestre de 2025 (as regras antigas de 2023 ser\u00e3o uma alternativa v\u00e1lida at\u00e9 o final de 2026):<\/strong><\/p>\n<p>A carga hor\u00e1ria m\u00ednima de ACGs \u00e9 60 horas, com carga hor\u00e1ria m\u00e1xima contabiliz\u00e1vel por modalidade.<\/p>\n<p>Somente s\u00e3o consideradas atividades ap\u00f3s a entrada do aluno no curso.<\/p>\n<table style=\"width: 74.9847%\" border=\"1\" width=\"100%\">\n<tbody>\n<tr>\n<td style=\"width: 4.03082%\" width=\"36\">\n<p style=\"text-align: center\"><strong>Grupo<\/strong><\/p>\n<\/td>\n<td style=\"width: 19.656%\" width=\"129\"><strong>Nome da ACG<\/strong><\/td>\n<td style=\"width: 6.12001%;text-align: center\" width=\"45\"><strong>CH m\u00edn.<\/strong><\/td>\n<td style=\"width: 7.53448%;text-align: center\" width=\"47\"><strong>CH m\u00e1x.<\/strong><\/td>\n<td style=\"width: 35.2483%\" width=\"329\"><strong>Formas de valida\u00e7\u00e3o<\/strong><\/td>\n<\/tr>\n<tr>\n<td style=\"width: 4.03082%;text-align: center\" width=\"36\"><strong>1<\/strong><\/td>\n<td style=\"width: 19.656%\" width=\"129\"><strong>Idioma estrangeiro<\/strong><\/td>\n<td style=\"width: 6.12001%;text-align: center\" width=\"45\">0<\/td>\n<td style=\"width: 7.53448%;text-align: center\" width=\"47\">10<\/td>\n<td style=\"width: 35.2483%\" width=\"329\">Aprova\u00e7\u00e3o em prova de sufici\u00eancia ou de profici\u00eancia (10 horas). Realizar disciplina na UFSM ou em escola privada.<\/td>\n<\/tr>\n<tr>\n<td style=\"width: 4.03082%;text-align: center\" width=\"36\"><strong>2<\/strong><\/td>\n<td style=\"width: 19.656%\" width=\"129\"><strong>Estudos em Engenharia<\/strong><\/td>\n<td style=\"width: 6.12001%;text-align: center\" width=\"45\">0<\/td>\n<td style=\"width: 7.53448%;text-align: center\" width=\"47\">20<\/td>\n<td style=\"width: 35.2483%\" width=\"329\">Palestras, visitas t\u00e9cnicas, eventos, cursos. (m\u00e1ximo de 8h\/certificado).Defesas de PFC, Mestrado ou Doutorado em Engenharia. (1h\/defesa).<\/td>\n<\/tr>\n<tr>\n<td style=\"width: 4.03082%;text-align: center\" width=\"36\"><strong>3<\/strong><\/td>\n<td style=\"width: 19.656%\" width=\"129\"><strong>Publica\u00e7\u00e3o de trabalhos<\/strong><\/td>\n<td style=\"width: 6.12001%;text-align: center\" width=\"45\">0<\/td>\n<td style=\"width: 7.53448%;text-align: center\" width=\"47\">20<\/td>\n<td style=\"width: 35.2483%\" width=\"329\">Publica\u00e7\u00e3o de trabalhos (10h\/trabalho), dep\u00f3sito de patentes (10h\/patente).<\/td>\n<\/tr>\n<tr>\n<td style=\"width: 4.03082%;text-align: center\" width=\"36\"><strong>4<\/strong><\/td>\n<td style=\"width: 19.656%\" width=\"129\"><strong>Ensino<\/strong><\/td>\n<td style=\"width: 6.12001%;text-align: center\" width=\"45\">0<\/td>\n<td style=\"width: 7.53448%;text-align: center\" width=\"47\">20<\/td>\n<td style=\"width: 35.2483%\" width=\"329\">Participa\u00e7\u00e3o em projeto de ensino registrado ou monitoria de disciplina (10h\/semestre).<\/td>\n<\/tr>\n<tr>\n<td style=\"width: 4.03082%;text-align: center\" width=\"36\"><strong>5<\/strong><\/td>\n<td style=\"width: 19.656%\" width=\"129\"><strong>Inicia\u00e7\u00e3o cient\u00edfica e pesquisa<\/strong><\/td>\n<td style=\"width: 6.12001%;text-align: center\" width=\"45\">0<\/td>\n<td style=\"width: 7.53448%;text-align: center\" width=\"47\">20<\/td>\n<td style=\"width: 35.2483%\" width=\"329\">Participa\u00e7\u00e3o em projeto de pesquisa registrado e inicia\u00e7\u00e3o cient\u00edfica (10h\/semestre).<\/td>\n<\/tr>\n<tr>\n<td style=\"width: 4.03082%;text-align: center\" width=\"36\"><strong>6<\/strong><\/td>\n<td style=\"width: 19.656%\" width=\"129\"><strong>Est\u00e1gio extracurricular<\/strong><\/td>\n<td style=\"width: 6.12001%;text-align: center\" width=\"45\">0<\/td>\n<td style=\"width: 7.53448%;text-align: center\" width=\"47\">20<\/td>\n<td style=\"width: 35.2483%\" width=\"329\">Realizar est\u00e1gio extracurricular fora da UFSM (10h\/semestre).<\/td>\n<\/tr>\n<tr>\n<td style=\"width: 4.03082%;text-align: center\" width=\"36\"><strong>7<\/strong><\/td>\n<td style=\"width: 19.656%\" width=\"129\"><strong>Mobilidade acad\u00eamica<\/strong><\/td>\n<td style=\"width: 6.12001%;text-align: center\" width=\"45\">0<\/td>\n<td style=\"width: 7.53448%;text-align: center\" width=\"47\">30<\/td>\n<td style=\"width: 35.2483%\" width=\"329\">Mobilidade acad\u00eamica nacional ou internacional (contabiliza 30 horas).<\/td>\n<\/tr>\n<tr>\n<td style=\"width: 4.03082%;text-align: center\" width=\"36\"><strong>8<\/strong><\/td>\n<td style=\"width: 19.656%\" width=\"129\"><strong>N\u00facleos tem\u00e1ticos<\/strong><\/td>\n<td style=\"width: 6.12001%;text-align: center\" width=\"45\">0<\/td>\n<td style=\"width: 7.53448%;text-align: center\" width=\"47\">20<\/td>\n<td style=\"width: 35.2483%\" width=\"329\">Empresa j\u00fanior, programas PET, grupos de competi\u00e7\u00e3o em engenharia (10h\/semestre). *<\/td>\n<\/tr>\n<tr>\n<td style=\"width: 4.03082%;text-align: center\" width=\"36\"><strong>9<\/strong><\/td>\n<td style=\"width: 19.656%\" width=\"129\"><strong>Pr\u00f3-atividade e distin\u00e7\u00f5es<\/strong><\/td>\n<td style=\"width: 6.12001%;text-align: center\" width=\"45\">0<\/td>\n<td style=\"width: 7.53448%;text-align: center\" width=\"47\">30<\/td>\n<td style=\"width: 35.2483%\" width=\"329\">Viv\u00eancias em empreendedorismo (incubadora, s\u00f3cio de empresa). Obten\u00e7\u00e3o de pr\u00eamios individuais.\u00a0 Organiza\u00e7\u00e3o de eventos (15h\/certificado). Palestrar e ministrar cursos. *<\/td>\n<\/tr>\n<tr>\n<td style=\"width: 4.03082%;text-align: center\" width=\"36\"><strong>10<\/strong><\/td>\n<td style=\"width: 19.656%\" width=\"129\"><strong>Comiss\u00f5es ou grupos institucionais<\/strong><\/td>\n<td style=\"width: 6.12001%;text-align: center\" width=\"45\">0<\/td>\n<td style=\"width: 7.53448%;text-align: center\" width=\"47\">20<\/td>\n<td style=\"width: 35.2483%\" width=\"329\">Participa\u00e7\u00e3o em comiss\u00f5es da UFSM, diret\u00f3rio acad\u00eamico ou projetos de desenvolvimento institucional da UFSM (10h\/semestre).<\/td>\n<\/tr>\n<tr>\n<td style=\"width: 4.03082%;text-align: center\" width=\"36\"><strong>11<\/strong><\/td>\n<td style=\"width: 19.656%\" width=\"129\"><strong>Atividades adicionais<\/strong><\/td>\n<td style=\"width: 6.12001%;text-align: center\" width=\"45\">0<\/td>\n<td style=\"width: 7.53448%;text-align: center\" width=\"47\">20<\/td>\n<td style=\"width: 35.2483%\" width=\"329\">Doa\u00e7\u00e3o de sangue (5h\/doa\u00e7\u00e3o).Voluntariado em projetos de tema social e ambiental ou pr\u00e1tica de esportes (10h\/semestre).<\/td>\n<\/tr>\n<tr>\n<td style=\"width: 4.03082%\" width=\"36\"><\/td>\n<td style=\"width: 19.656%;text-align: center\" width=\"129\"><strong>CH total<\/strong><\/td>\n<td style=\"width: 6.12001%;text-align: center\" width=\"45\"><strong>60<\/strong><\/td>\n<td style=\"width: 7.53448%\" width=\"47\"><strong>\u00a0<\/strong><\/td>\n<td style=\"width: 35.2483%\" width=\"329\"><\/td>\n<\/tr>\n<\/tbody>\n<\/table>\n<p>* N\u00e3o contabilizados se as horas j\u00e1 foram consideradas em projeto de ensino (grupo 4) ou pesquisa (grupo 5). Se for projeto de extens\u00e3o ser\u00e1 contabilizado como ACEx.<\/p>\n<p><span style=\"background-color: #ffff00\">Antes de enviar, certifique-se de que tenha todas as horas necess\u00e1rias para concluir a carga hor\u00e1ria completa da sua vers\u00e3o do curr\u00edculo. Quaisquer duvidas entrem em contato com a Secretaria Integrada III.<\/span><\/p>\n<p><strong>Procedimentos para o c\u00f4mputo de ACEXs (horas de extens\u00e3o):<\/strong><\/p>\n<p>As horas de atividades complementares de extens\u00e3o devem ser encaminhadas juntamente com as ACGs.<\/p>\n<p>Deve ser enviado o arquivo <strong>TABELA DE CONTROLE DE ACEXs<\/strong> e os documentos numerados conforme inseridos na tabela (exemplo: 1_CERTIFICADO_EXEMPLO.pdf, 2-COMPROVANTE_EXEMPLO.pdf, etc&#8230;). Os arquivos devem ser compactados atrav\u00e9s de arquivo \u00fanico .ZIP.<\/p>\n<p>As horas de ACEXs n\u00e3o sofrem adapta\u00e7\u00e3o de carga hor\u00e1ria.<\/p>\n<p>Conforme o PPC do curso, s\u00e3o necess\u00e1rias 385 horas de extens\u00e3o para finaliza\u00e7\u00e3o curricular. Essas horas podem ser completadas com a soma das DCEx (disciplinas) e\/ou das <span class=\"il\">ACEx<\/span>\u00a0(projetos). Aten\u00e7\u00e3o que os projetos somente contam se forem categorizados como: <strong>CLASSIFICA\u00c7\u00c3O PRINCIPAL: EXTENS\u00c3O.<\/strong><\/p>\n<p>No Portal de Projetos \u00e9 poss\u00edvel realizar busca dos projetos que se enquadram nessa categoria: <a href=\"https:\/\/portal.ufsm.br\/projetos\/index.html\" target=\"_blank\" rel=\"noopener\" data-saferedirecturl=\"https:\/\/www.google.com\/url?q=https:\/\/portal.ufsm.br\/projetos\/index.html&amp;source=gmail&amp;ust=1743251743121000&amp;usg=AOvVaw3QZlgoxuX9ybMoAOQaq5_1\">https:\/\/portal.ufsm.br\/projetos\/index.html<\/a><\/p>\n<p>Qualquer projeto cadastrado como extens\u00e3o no portal da UFSM \u00e9 contabilizado, n\u00e3o precisa ser apenas do CT.<\/p>\n","protected":false},"excerpt":{"rendered":"<p>Atividades Complementares de Gradua\u00e7\u00e3o (ACG) entende-se como toda e qualquer atividade pertinente e \u00fatil para a forma\u00e7\u00e3o humana e profissional do acad\u00eamico, aceita para compor o plano de estudo de um curso. Carga Hor\u00e1ria M\u00ednima Exigida: 90 horas (Curr\u00edculo vers\u00e3o 2018) Carga Hor\u00e1ria M\u00ednima Exigida: 60 horas (Curr\u00edculo vers\u00e3o 2023) Verificar normas espec\u00edficas para cada [&hellip;]<\/p>\n","protected":false},"author":117,"featured_media":0,"parent":0,"menu_order":0,"comment_status":"closed","ping_status":"closed","template":"","meta":{"footnotes":""},"categories":[],"tags":[],"class_list":["post-179","page","type-page","status-publish","hentry"],"acf":[],"_links":{"self":[{"href":"https:\/\/www.ufsm.br\/cursos\/graduacao\/santa-maria\/engenharia-aeroespacial\/wp-json\/wp\/v2\/pages\/179","targetHints":{"allow":["GET"]}}],"collection":[{"href":"https:\/\/www.ufsm.br\/cursos\/graduacao\/santa-maria\/engenharia-aeroespacial\/wp-json\/wp\/v2\/pages"}],"about":[{"href":"https:\/\/www.ufsm.br\/cursos\/graduacao\/santa-maria\/engenharia-aeroespacial\/wp-json\/wp\/v2\/types\/page"}],"author":[{"embeddable":true,"href":"https:\/\/www.ufsm.br\/cursos\/graduacao\/santa-maria\/engenharia-aeroespacial\/wp-json\/wp\/v2\/users\/117"}],"replies":[{"embeddable":true,"href":"https:\/\/www.ufsm.br\/cursos\/graduacao\/santa-maria\/engenharia-aeroespacial\/wp-json\/wp\/v2\/comments?post=179"}],"version-history":[{"count":0,"href":"https:\/\/www.ufsm.br\/cursos\/graduacao\/santa-maria\/engenharia-aeroespacial\/wp-json\/wp\/v2\/pages\/179\/revisions"}],"wp:attachment":[{"href":"https:\/\/www.ufsm.br\/cursos\/graduacao\/santa-maria\/engenharia-aeroespacial\/wp-json\/wp\/v2\/media?parent=179"}],"wp:term":[{"taxonomy":"category","embeddable":true,"href":"https:\/\/www.ufsm.br\/cursos\/graduacao\/santa-maria\/engenharia-aeroespacial\/wp-json\/wp\/v2\/categories?post=179"},{"taxonomy":"post_tag","embeddable":true,"href":"https:\/\/www.ufsm.br\/cursos\/graduacao\/santa-maria\/engenharia-aeroespacial\/wp-json\/wp\/v2\/tags?post=179"}],"curies":[{"name":"wp","href":"https:\/\/api.w.org\/{rel}","templated":true}]}}