{"id":586,"date":"2021-10-06T14:54:29","date_gmt":"2021-10-06T17:54:29","guid":{"rendered":"https:\/\/www.ufsm.br\/cursos\/graduacao\/santa-maria\/engenharia-aeroespacial\/?page_id=586"},"modified":"2025-11-04T08:26:59","modified_gmt":"2025-11-04T11:26:59","slug":"estagio-extra-curricular","status":"publish","type":"page","link":"https:\/\/www.ufsm.br\/cursos\/graduacao\/santa-maria\/engenharia-aeroespacial\/estagio-extra-curricular","title":{"rendered":"Est\u00e1gio Extra Curricular (n\u00e3o obrigat\u00f3rio)"},"content":{"rendered":"\n<p><span style=\"background-color: #ffff00\"><strong>ETAPAS PARA IN\u00cdCIO DO EST\u00c1GIO EXTRA CURRICULAR:<\/strong><\/span><\/p>\n<p><span style=\"color: #ffffff\"><strong><span style=\"background-color: #ff0000\">[ATEN\u00c7\u00c3O]: \u00c9 proibido o in\u00edcio do est\u00e1gio sem assinatura do termo de compromisso por todas as partes participantes e homologa\u00e7\u00e3o no PEN-SIE<\/span><\/strong><\/span><\/p>\n<ul>\n<li>Encaminhar via Portal estudantil o Termo de Compromisso de Est\u00e1gio Extracurricular para assinatura de todos os envolvidos; (ver anexos e <a href=\"https:\/\/ntetube.nte.ufsm.br\/v\/1759941155\">tutorial<\/a>)<\/li>\n<li>Encaminhar via Portal estudantil juntamente com o Termo de Compromisso, o Plano de Trabalho de Est\u00e1gio Extracurricular;<\/li>\n<li><strong>DOCUMENTOS OBRIGAT\u00d3RIOS(com c\u00f3digo do PEN-SIE):<\/strong>\n<ul>\n<li>125.62 \u2013 Termo de compromisso de est\u00e1gio n\u00e3o obrigat\u00f3rio de aluno de gradua\u00e7\u00e3o<em>\u00a0(Conforme orienta\u00e7\u00f5es abaixo)<\/em><\/li>\n<li>125.43 \u2013 Ap\u00f3lice de seguro de aluno de gradua\u00e7\u00e3o\u00a0<em>(Conforme a legisla\u00e7\u00e3o vigente, \u00e9 obriga\u00e7\u00e3o da empresa concedente a oferta da ap\u00f3lice de seguro de est\u00e1gio<\/em><\/li>\n<\/ul>\n<\/li>\n<\/ul>\n<div class=\"entry-content\">\n<p><span style=\"background-color: #00ccff\"><strong>Termo de Compromisso de Est\u00e1gio Extracurricular:<\/strong><\/span><\/p>\n<ul>\n<li>O termo de compromisso de Est\u00e1gio Extracurricular deve ser assinado por todas as partes via Processo Eletr\u00f4nico Nacional (PEN) ou PEN-SIE;<\/li>\n<li>As etapas necess\u00e1rias para realizar a inclus\u00e3o deste documento no PEN-SIE devem ser seguidas como\u00a0<a href=\"https:\/\/ntetube.nte.ufsm.br\/v\/1759941155\">neste tutorial;<\/a><\/li>\n<li>O n\u00famero do Seguro deve ser fornecido pela empresa contratante obrigatoriamente;<\/li>\n<li>O professor Orientador de est\u00e1gio \u00e9 o \u00fanico respons\u00e1vel pela assinatura da documenta\u00e7\u00e3o;<\/li>\n<\/ul>\n<\/div>\n<div class=\"entry-content\">\n<p style=\"text-align: left\" align=\"center\"><span style=\"background-color: #00ccff\"><strong>Em caso de altera\u00e7\u00f5es contratuais:<\/strong><\/span><\/p>\n<ul>\n<li>Modelo de Rescis\u00e3o de Termo de Compromisso de Est\u00e1gio: (ver anexos)<\/li>\n<li>Modelo de Aditivo (Prorroga\u00e7\u00e3o) ao Termo de Compromisso de Est\u00e1gio: (ver anexos)<\/li>\n<\/ul>\n<\/div>\n<p><span style=\"background-color: #ffff00\"><strong>ETAPAS PARA CONCLUS\u00c3O DO EST\u00c1GIO EXTRA CURRICULAR:<\/strong><\/span><\/p>\n<ul>\n<li>Entregar para a secretaria e prof. Orientador o Relat\u00f3rio Final de Est\u00e1gio Extracurricular em PDF; (ver anexos)<\/li>\n<li>Encaminhar juntamente com demais arquivos de ACG no per\u00edodo adequado para inclus\u00e3o no curr\u00edculo;<\/li>\n<li><strong>DOCUMENTOS OBRIGAT\u00d3RIOS(com c\u00f3digo do PEN-SIE):<\/strong>\n<ul>\n<li>125.62 \u2013 Relat\u00f3rio de atividades.\u00a0<strong>ATEN\u00c7\u00c3O:<\/strong>\u00a0Conforme IN 01\/22 \u2013 PROGRAD, o relat\u00f3rio\u00a0<strong>deve<\/strong>\u00a0ser inserido\u00a0a cada 6 meses\u00a0no processo PEN-SIE de homologa\u00e7\u00e3o de est\u00e1gio e \u00e9 de responsabilidade do estagi\u00e1rio e do professor orientador o cumprimento da norma.<\/li>\n<\/ul>\n<\/li>\n<\/ul>\n<p><span style=\"background-color: #ffff00\"><strong>DOCUMENTOS AUXILIARES:<\/strong><\/span><\/p>\n<ul>\n<li>Legisla\u00e7\u00e3o que regulamenta o Est\u00e1gio Supervisionado:\u00a0<a href=\"http:\/\/www.planalto.gov.br\/ccivil_03\/_ato2007-2010\/2008\/lei\/l11788.htm\" target=\"_blank\" rel=\"noopener noreferrer\">Lei 11.788 de 25\/09\/2008<\/a><\/li>\n<li>Norma de Est\u00e1gio Extracurricular:\u00a0<a href=\"https:\/\/www.ufsm.br\/cursos\/graduacao\/santa-maria\/engenharia-aeroespacial\/wp-content\/uploads\/sites\/428\/2019\/06\/NORMAS-EST%C3%81GIO.pdf\" target=\"_blank\" rel=\"noopener noreferrer\">clique aqui<\/a><\/li>\n<li>Norma de Est\u00e1gio Extracurricular INTERNACIONAL:\u00a0<a href=\"https:\/\/www.ufsm.br\/orgaos-de-apoio\/sai\/estagios-no-exterior\/\">clique aqui<\/a><\/li>\n<li>Modelo de Conv\u00eanio Est\u00e1gio:\u00a0<a href=\"https:\/\/www.ufsm.br\/cursos\/graduacao\/santa-maria\/engenharia-civil\/wp-content\/uploads\/sites\/434\/2018\/12\/modelo_conv_estagio.doc\" target=\"_blank\" rel=\"noopener noreferrer\">clique aqui<\/a><\/li>\n<li>Listagem atualizada de empresas conveniadas:\u00a0<a href=\"https:\/\/www.ufsm.br\/pro-reitorias\/proplan\/conceitos-convenios\/\">clique aqui<\/a><\/li>\n<\/ul>\n<div class=\"entry-content\">\n<p><span style=\"background-color: #ffff00\"><strong>APROVEITAMENTO COMO ACGS DO EST\u00c1GIO N\u00c3O OBRIGAT\u00d3RIO:<\/strong><\/span><\/p>\n<p>O aluno deve baixar o termo de compromisso assinado e enviar em conjunto com a planilha de ACGs conforme as regras do curso.<\/p>\n<p><span style=\"background-color: #ffff00\"><b>Conv\u00eanios<\/b><strong>\u00a0de Est\u00e1gio(opcional)<\/strong>:<\/span><\/p>\n<ul>\n<li>Documento firmado entre a UFSM e a Empresa Concedente de est\u00e1gio. \u2013 Quem assina o documento \u00e9 o Vice-Reitor e o Representante da Empresa.<\/li>\n<li>\n<ul>\n<li>Verificar se h\u00e1 conv\u00eanio,\u00a0<a href=\"https:\/\/www.ufsm.br\/pro-reitorias\/proplan\/fluxograma-de-convenios\/\">clique aqui<\/a>. (clicar em \u201cconv\u00eanios em vig\u00eancia\u201d)<\/li>\n<li>Modelo de conv\u00eanio,\u00a0<a href=\"https:\/\/www.ufsm.br\/pro-reitorias\/proplan\/servicos\/convenios-de-estagio-agente-de-integracao-internato-regional\/\">clique aqui<\/a>.<\/li>\n<li>Orienta\u00e7\u00f5es a respeito de conv\u00eanios de est\u00e1gio (<a href=\"https:\/\/www.ufsm.br\/pro-reitorias\/proplan\/conceitos-convenios\/#portal-siteactions\">clique aqui<\/a>):<\/li>\n<li>Maiores informa\u00e7\u00f5es: Pr\u00f3-Reitoria de Planejamento, Coordenadoria de Projetos e Conv\u00eanios (COPROC):\n<ul>\n<li><span id=\"cloak33830\"><a class=\"notranslate\" href=\"mailto:coproc@ufsm.br\">coproc@ufsm.br<\/a><\/span><\/li>\n<li>(55) 3220 8492<\/li>\n<li>Pr\u00e9dio 47, Reitoria, 5\u00ba andar<\/li>\n<\/ul>\n<\/li>\n<li>O est\u00e1gio poder\u00e1 iniciar antes da finaliza\u00e7\u00e3o dos tr\u00e2mites de homologa\u00e7\u00e3o de conv\u00eanio.Deve ser feito os tr\u00e2mites conforme abaixo. (A Coordena\u00e7\u00e3o do Curso n\u00e3o participa no primeiro momento) \u2013 D\u00favidas: coproc@ufsm.<\/li>\n<\/ul>\n<\/li>\n<\/ul>\n<\/div>\n<div class=\"entry-content\">\n<p><span style=\"background-color: #ffff00\">Anexos:<\/span><\/p>\n<p><a href=\"https:\/\/www.ufsm.br\/app\/uploads\/sites\/428\/2019\/06\/NORMAS-EST%C3%81GIO.pdf\">Normas de Est\u00e1gio Engenharia Aeroespacial<\/a><\/p>\n<p><a href=\"https:\/\/www.ufsm.br\/pro-reitorias\/prograd\/code\/estagios\/estagio-nao-obrigatorio\">Termo de Compromisso de Est\u00e1gio Extracurricular (baixar vers\u00e3o conforme modalidade)<\/a><\/p>\n<\/div>\n<p><a href=\"https:\/\/www.ufsm.br\/app\/uploads\/sites\/428\/2022\/02\/Anexo-IV-Relatorio-de-Atividades-de-Estagio_sugestao.docx\">Relat\u00f3rio de atividades Est\u00e1gio Extracurricular<\/a><\/p>\n<p><a href=\"https:\/\/www.ufsm.br\/app\/uploads\/sites\/428\/2022\/02\/Anexos-V-Termo-de-Aditamento_editavel.docx\">Termo de aditamento (prorroga\u00e7\u00e3o de est\u00e1gio)<\/a><\/p>\n<p><a href=\"https:\/\/www.ufsm.br\/app\/uploads\/sites\/428\/2022\/02\/Anexo-VI-Termo-de-Rescisao_editavel-1.docx\">Termo de Rescis\u00e3o<\/a><\/p>\n","protected":false},"excerpt":{"rendered":"<p>ETAPAS PARA IN\u00cdCIO DO EST\u00c1GIO EXTRA CURRICULAR: [ATEN\u00c7\u00c3O]: \u00c9 proibido o in\u00edcio do est\u00e1gio sem assinatura do termo de compromisso por todas as partes participantes e homologa\u00e7\u00e3o no PEN-SIE Encaminhar via Portal estudantil o Termo de Compromisso de Est\u00e1gio Extracurricular para assinatura de todos os envolvidos; (ver anexos e tutorial) Encaminhar via Portal estudantil juntamente [&hellip;]<\/p>\n","protected":false},"author":445,"featured_media":0,"parent":0,"menu_order":0,"comment_status":"closed","ping_status":"closed","template":"","meta":{"footnotes":""},"categories":[],"tags":[],"class_list":["post-586","page","type-page","status-publish","hentry"],"acf":[],"_links":{"self":[{"href":"https:\/\/www.ufsm.br\/cursos\/graduacao\/santa-maria\/engenharia-aeroespacial\/wp-json\/wp\/v2\/pages\/586","targetHints":{"allow":["GET"]}}],"collection":[{"href":"https:\/\/www.ufsm.br\/cursos\/graduacao\/santa-maria\/engenharia-aeroespacial\/wp-json\/wp\/v2\/pages"}],"about":[{"href":"https:\/\/www.ufsm.br\/cursos\/graduacao\/santa-maria\/engenharia-aeroespacial\/wp-json\/wp\/v2\/types\/page"}],"author":[{"embeddable":true,"href":"https:\/\/www.ufsm.br\/cursos\/graduacao\/santa-maria\/engenharia-aeroespacial\/wp-json\/wp\/v2\/users\/445"}],"replies":[{"embeddable":true,"href":"https:\/\/www.ufsm.br\/cursos\/graduacao\/santa-maria\/engenharia-aeroespacial\/wp-json\/wp\/v2\/comments?post=586"}],"version-history":[{"count":0,"href":"https:\/\/www.ufsm.br\/cursos\/graduacao\/santa-maria\/engenharia-aeroespacial\/wp-json\/wp\/v2\/pages\/586\/revisions"}],"wp:attachment":[{"href":"https:\/\/www.ufsm.br\/cursos\/graduacao\/santa-maria\/engenharia-aeroespacial\/wp-json\/wp\/v2\/media?parent=586"}],"wp:term":[{"taxonomy":"category","embeddable":true,"href":"https:\/\/www.ufsm.br\/cursos\/graduacao\/santa-maria\/engenharia-aeroespacial\/wp-json\/wp\/v2\/categories?post=586"},{"taxonomy":"post_tag","embeddable":true,"href":"https:\/\/www.ufsm.br\/cursos\/graduacao\/santa-maria\/engenharia-aeroespacial\/wp-json\/wp\/v2\/tags?post=586"}],"curies":[{"name":"wp","href":"https:\/\/api.w.org\/{rel}","templated":true}]}}