{"id":655,"date":"2023-06-07T09:48:23","date_gmt":"2023-06-07T12:48:23","guid":{"rendered":"https:\/\/www.ufsm.br\/cursos\/graduacao\/santa-maria\/engenharia-aeroespacial\/?page_id=655"},"modified":"2025-07-24T11:21:19","modified_gmt":"2025-07-24T14:21:19","slug":"atestados-faltas-e-provas-atrasadas","status":"publish","type":"page","link":"https:\/\/www.ufsm.br\/cursos\/graduacao\/santa-maria\/engenharia-aeroespacial\/atestados-faltas-e-provas-atrasadas","title":{"rendered":"Atestados, Faltas e Provas Atrasadas"},"content":{"rendered":"\n<p>Orientamos que, independente do n\u00famero de dias de afastamento, os alunos informem, por e-mail: a Coordena\u00e7\u00e3o do Curso e os professores respons\u00e1veis pelas disciplinas em que ir\u00e1 ausentar.<\/p>\n<p>Faltas em disciplinas n\u00e3o podem ser abonadas com exce\u00e7\u00e3o de servi\u00e7o militar como consta no guia acad\u00eamico da institui\u00e7\u00e3o.<\/p>\n<ol>\n<li><span style=\"background-color: #ffff00\">Afastamento de 5 ou menos dias (<strong>PROVAS ATRASADAS<\/strong>):<\/span>\n<ul>\n<li>Os alunos que, por motivos devidamente justificados e listados abaixo,<strong>\u00a0n\u00e3o comparecerem \u00e0s atividades acad\u00eamicas sujeitas \u00e0 avalia\u00e7\u00e3o<\/strong>, poder\u00e3o requerer, no prazo m\u00e1ximo de 2 dias \u00fateis desde a data da avalia\u00e7\u00e3o, a oportunidade de realiz\u00e1-la em outra data, a crit\u00e9rio do departamento did\u00e1tico competente.<\/li>\n<li>S\u00e3o considerados motivos devidamente justificados: doen\u00e7a que impossibilite o aluno de realizar a avalia\u00e7\u00e3o, devidamente comprovada por atestado m\u00e9dico com CID, assinatura, CRM e data; acompanhamento de familiar de primeiro grau (pais ou filhos) para tratamento de sa\u00fade, devidamente comprovado por atestado m\u00e9dico com CID, assinatura, CRM e data; \u00f3bito de familiar de primeiro grau (pais ou filhos); participa\u00e7\u00e3o em eventos acad\u00eamicos com apresenta\u00e7\u00e3o de trabalho, desde que avisado com anteced\u00eancia m\u00ednima de 48 horas ao departamento did\u00e1tico do professor da disciplina e comprovada por certificado ou atestado de participa\u00e7\u00e3o.<\/li>\n<li>\n<div>Segue abaixo o link com as instru\u00e7\u00f5es para o encaminhamento dos atestados para provas atrasadas <strong>(clicar na guia discentes)<\/strong>:<\/div>\n<div><a href=\"https:\/\/www.ufsm.br\/unidades-universitarias\/ct\/secretaria-integrada-de-departamentos-sidct\/\" target=\"_blank\" rel=\"noopener\" data-saferedirecturl=\"https:\/\/www.google.com\/url?q=https:\/\/www.ufsm.br\/unidades-universitarias\/ct\/secretaria-integrada-de-departamentos-sidct\/&amp;source=gmail&amp;ust=1686226440552000&amp;usg=AOvVaw2Wlt0MolbXX5I0Gwh5vSad\">https:\/\/www.ufsm.br\/unidades-universitarias\/ct\/secretaria-integrada-de-departamentos-sidct\/<\/a><\/div>\n<\/li>\n<\/ul>\n<\/li>\n<li><span style=\"background-color: #ffff00\">Afastamento de 6 ou mais dias (<strong>REGIME DOMICILIAR<\/strong>):<\/span>\n<ul>\n<li>Em caso de incapacidade de frequentar \u00e0s aulas, nos termos do Decreto-Lei N. 1.044\/1969, por per\u00edodo superior a cinco dias, os alunos poder\u00e3o requerer exerc\u00edcio de atividades domiciliares. Poder\u00e3o solicitar este benef\u00edcio, os alunos portadores de afec\u00e7\u00f5es cong\u00eanitas ou adquiridas, infec\u00e7\u00f5es, traumatismos ou outras condi\u00e7\u00f5es m\u00f3rbidas, dist\u00farbios agudos ou agonizados, caracterizados por: incapacidade f\u00edsica relativa incompat\u00edvel com a frequ\u00eancia aos trabalhos acad\u00eamicos, desde que se verifique a conserva\u00e7\u00e3o das condi\u00e7\u00f5es intelectuais e emocionais necess\u00e1rias para o prosseguimento da atividade acad\u00eamica em novos moldes.<\/li>\n<li>Link para o requerimento da solicita\u00e7\u00e3o de regime domiciliar: <a href=\"https:\/\/www.ufsm.br\/app\/uploads\/sites\/375\/2023\/05\/Requerimento-Regime-de-Exercicios-Domiciliares-de-graduacao.doc\">https:\/\/www.ufsm.br\/app\/uploads\/sites\/375\/2023\/05\/Requerimento-Regime-de-Exercicios-Domiciliares-de-graduacao.doc<\/a><\/li>\n<li>Tutorial no link abaixo: <a href=\"https:\/\/www.ufsm.br\/cursos\/graduacao\/santa-maria\/programa-especial-de-graduacao\/2021\/08\/18\/abertura-de-processos-de-regime-de-exercicio-domiciliar-de-alunos-de-graduacao-via-pen\/\" target=\"_blank\" rel=\"noopener\" data-saferedirecturl=\"https:\/\/www.google.com\/url?q=https:\/\/www.ufsm.br\/cursos\/graduacao\/santa-maria\/programa-especial-de-graduacao\/2021\/08\/18\/abertura-de-processos-de-regime-de-exercicio-domiciliar-de-alunos-de-graduacao-via-pen\/&amp;source=gmail&amp;ust=1686226440552000&amp;usg=AOvVaw2qHIqc_1_N06I7mulhVjHb\">https:\/\/www.ufsm.br\/cursos\/graduacao\/santa-maria\/programa-especial-de-graduacao\/2021\/08\/18\/abertura-de-processos-de-regime-de-exercicio-domiciliar-de-alunos-de-graduacao-via-pen\/<\/a><\/li>\n<li>Link para o site da PROGRAD: <a href=\"https:\/\/www.ufsm.br\/pro-reitorias\/prograd\/servicos\/regime-de-exercicios-domiciliares-2\">https:\/\/www.ufsm.br\/pro-reitorias\/prograd\/servicos\/regime-de-exercicios-domiciliares-2<\/a><\/li>\n<\/ul>\n<\/li>\n<\/ol>\n<p>\u00a0<\/p>\n","protected":false},"excerpt":{"rendered":"<p>Orientamos que, independente do n\u00famero de dias de afastamento, os alunos informem, por e-mail: a Coordena\u00e7\u00e3o do Curso e os professores respons\u00e1veis pelas disciplinas em que ir\u00e1 ausentar. Faltas em disciplinas n\u00e3o podem ser abonadas com exce\u00e7\u00e3o de servi\u00e7o militar como consta no guia acad\u00eamico da institui\u00e7\u00e3o. Afastamento de 5 ou menos dias (PROVAS ATRASADAS): [&hellip;]<\/p>\n","protected":false},"author":445,"featured_media":0,"parent":0,"menu_order":0,"comment_status":"closed","ping_status":"closed","template":"","meta":{"footnotes":""},"categories":[],"tags":[],"class_list":["post-655","page","type-page","status-publish","hentry"],"acf":[],"_links":{"self":[{"href":"https:\/\/www.ufsm.br\/cursos\/graduacao\/santa-maria\/engenharia-aeroespacial\/wp-json\/wp\/v2\/pages\/655","targetHints":{"allow":["GET"]}}],"collection":[{"href":"https:\/\/www.ufsm.br\/cursos\/graduacao\/santa-maria\/engenharia-aeroespacial\/wp-json\/wp\/v2\/pages"}],"about":[{"href":"https:\/\/www.ufsm.br\/cursos\/graduacao\/santa-maria\/engenharia-aeroespacial\/wp-json\/wp\/v2\/types\/page"}],"author":[{"embeddable":true,"href":"https:\/\/www.ufsm.br\/cursos\/graduacao\/santa-maria\/engenharia-aeroespacial\/wp-json\/wp\/v2\/users\/445"}],"replies":[{"embeddable":true,"href":"https:\/\/www.ufsm.br\/cursos\/graduacao\/santa-maria\/engenharia-aeroespacial\/wp-json\/wp\/v2\/comments?post=655"}],"version-history":[{"count":0,"href":"https:\/\/www.ufsm.br\/cursos\/graduacao\/santa-maria\/engenharia-aeroespacial\/wp-json\/wp\/v2\/pages\/655\/revisions"}],"wp:attachment":[{"href":"https:\/\/www.ufsm.br\/cursos\/graduacao\/santa-maria\/engenharia-aeroespacial\/wp-json\/wp\/v2\/media?parent=655"}],"wp:term":[{"taxonomy":"category","embeddable":true,"href":"https:\/\/www.ufsm.br\/cursos\/graduacao\/santa-maria\/engenharia-aeroespacial\/wp-json\/wp\/v2\/categories?post=655"},{"taxonomy":"post_tag","embeddable":true,"href":"https:\/\/www.ufsm.br\/cursos\/graduacao\/santa-maria\/engenharia-aeroespacial\/wp-json\/wp\/v2\/tags?post=655"}],"curies":[{"name":"wp","href":"https:\/\/api.w.org\/{rel}","templated":true}]}}