{"id":673,"date":"2024-02-21T08:06:08","date_gmt":"2024-02-21T11:06:08","guid":{"rendered":"https:\/\/www.ufsm.br\/cursos\/graduacao\/santa-maria\/engenharia-aeroespacial\/?page_id=673"},"modified":"2025-07-23T08:08:39","modified_gmt":"2025-07-23T11:08:39","slug":"matriculas","status":"publish","type":"page","link":"https:\/\/www.ufsm.br\/cursos\/graduacao\/santa-maria\/engenharia-aeroespacial\/matriculas","title":{"rendered":"Matr\u00edculas"},"content":{"rendered":"\n<p>As matr\u00edculas dos alunos da UFSM seguem o mesmo procedimento todo in\u00edcio de semestre, seguindo o calend\u00e1rio acad\u00eamico da institui\u00e7\u00e3o:<\/p>\n<p><blockquote class=\"wp-embedded-content\" data-secret=\"oVrGkbfUmF\"><a href=\"https:\/\/www.ufsm.br\/calendario\">Calend\u00e1rio Acad\u00eamico<\/a><\/blockquote><iframe class=\"wp-embedded-content\" sandbox=\"allow-scripts\" security=\"restricted\" style=\"position: absolute; clip: rect(1px, 1px, 1px, 1px);\" title=\"&#8220;Calend\u00e1rio Acad\u00eamico&#8221; &#8212; UFSM\" src=\"https:\/\/www.ufsm.br\/calendario\/embed#?secret=o2mySXbRgR#?secret=oVrGkbfUmF\" data-secret=\"oVrGkbfUmF\" width=\"500\" height=\"282\" frameborder=\"0\" marginwidth=\"0\" marginheight=\"0\" scrolling=\"no\"><\/iframe><\/p>\n<p><strong><span style=\"background-color: #ffff00\">1) SOLICITA\u00c7\u00d5ES DE MATR\u00cdCULAS VIA PORTAL DO ALUNO:<\/span><\/strong><\/p>\n<div>As\u00a0<strong>solicita\u00e7\u00f5es de matr\u00edculas web<\/strong>\u00a0ocorrer\u00e3o entre os dias dispostos no calend\u00e1rio via portal do aluno, com apenas 1 processamento no \u00faltimo dia da semana.<\/div>\n<div>\u00a0<\/div>\n<div>A\u00a0prefer\u00eancia dada pelo sistema ser\u00e1 o semestre ideal do aluno. Por exemplo: um aluno do 5\u00ba semestre ter\u00e1 prefer\u00eancia na solicita\u00e7\u00e3o das disciplinas do 5\u00ba semestre e n\u00e3o nos demais.<\/div>\n<div>\u00a0<\/div>\n<div>\u00c9 importante que o aluno fa\u00e7a a solicita\u00e7\u00e3o no m\u00e1ximo de disciplinas que puder neste per\u00edodo para n\u00e3o perder a prefer\u00eancia de vagas.<\/div>\n<div>\u00a0<\/div>\n<div><strong><span style=\"background-color: #ffff00\">2) AJUSTES DE MATR\u00cdCULAS VIA PORTAL DO ALUNO:<\/span><\/strong><\/div>\n<div>\u00a0<\/div>\n<p>Ap\u00f3s as solicita\u00e7\u00f5es de matr\u00edculas, todo semestre \u00e9 disponibilizada uma semana para ajustes via portal do aluno para que o aluno possa realizar ajustes ou corrigir poss\u00edveis enganos na primeira solicita\u00e7\u00e3o.\u00a0<\/p>\n<p><strong><span style=\"background-color: #ffff00\">3) AJUSTES DE MATR\u00cdCULAS NA SECRETARIA (VIA E-MAIL):<\/span><\/strong><\/p>\n<p>Na primeira semana de aulas ap\u00f3s os ajustes web \u00e9 realizado o \u00faltimo per\u00edodo de ajustes via e-mail para alunos que tiveram problemas nos ajustes via web.<\/p>\n<p>Todos os alunos do curso sem exce\u00e7\u00e3o devem, portanto, conferir seu portal do aluno ap\u00f3s a data do \u00faltimo processamento de matr\u00edculas, avaliar as suas necessidades e encaminhar o pedido de ajustes de acordo com o necess\u00e1rio.<\/p>\n<div>Assim, o restante dos ajustes ocorrerem via e-mail da coordena\u00e7\u00e3o:\u00a0<span style=\"background-color: #00ffff\">engaero@ufsm.br<\/span><\/div>\n<div>\n<div>\u00a0<\/div>\n<\/div>\n<div><span style=\"background-color: #00ffff\"><b>REGRAS\u00a0DO EMAIL DE\u00a0AJUSTE:<\/b><\/span><\/div>\n<div>\u00a0<\/div>\n<div>\n<table style=\"width: 100%;border-collapse: collapse;border-style: solid;border-color: #000000\">\n<tbody>\n<tr>\n<td style=\"width: 100%\">\n<div>O aluno deve encaminhar um e-mail a coordena\u00e7\u00e3o de curso da seguinte maneira:<\/div>\n<div>\u00a0<\/div>\n<div><b>Assunto do email:\u00a0<\/b><\/div>\n<div>\u00a0<\/div>\n<div>AJUSTE\u00a0DE MATR\u00cdCULA &#8211; (N\u00daMERO DE MATR\u00cdCULA DO ALUNO)<\/div>\n<div>\u00a0<\/div>\n<div><b>Corpo do e-mail:\u00a0<\/b><\/div>\n<div>\u00a0<\/div>\n<div>Nome completo: XXXXXXXXXXXX<\/div>\n<div>Matr\u00edcula do aluno: XXXXXXXXXX<\/div>\n<div>\u00a0<\/div>\n<div>ADICIONAR DISCIPLINAS:<\/div>\n<div>\u00a0<\/div>\n<div>-C\u00d3DIGO E NOME DA DISCIPLINA &#8211; TURMA<\/div>\n<div>-C\u00d3DIGO E NOME DA DISCIPLINA &#8211; TURMA\u00a0<\/div>\n<div>-C\u00d3DIGO E NOME DA DISCIPLINA &#8211; TURMA \u00a0<\/div>\n<div>&#8230;(adicionar todas as que for necess\u00e1rio)<\/div>\n<div>\u00a0<\/div>\n<div>RETIRAR DISCIPLINAS<\/div>\n<div>\u00a0<\/div>\n<div>-C\u00d3DIGO E NOME DA DISCIPLINA &#8211; TURMA\u00a0\u00a0<\/div>\n<div>-C\u00d3DIGO E NOME DA DISCIPLINA &#8211; TURMA\u00a0<\/div>\n<div>-C\u00d3DIGO E NOME DA DISCIPLINA &#8211; TURMA \u00a0<\/div>\n<div>&#8230;(adicionar todas as que for necess\u00e1rio)<\/div>\n<div>\u00a0<\/div>\n<\/td>\n<\/tr>\n<\/tbody>\n<\/table>\n<\/div>\n<div>\u00a0<\/div>\n<ul>\n<li><b>PR\u00c9-REQUISITOS<\/b><\/li>\n<\/ul>\n<div>Os alunos visualizar\u00e3o todas as disciplinas oferecidas pelo curso, por\u00e9m n\u00e3o visualizam no portal disciplinas das quais n\u00e3o tem os pr\u00e9-requisitos.<\/div>\n<div>\u00a0<\/div>\n<div>Os pr\u00e9-requisitos podem ser verificados no website do curso.<\/div>\n<div>\u00a0<\/div>\n<ul>\n<li><b>QUEBRAS DE PR\u00c9-REQUISITOS:<\/b><\/li>\n<\/ul>\n<p>Todos os alunos que precisarem de quebra de pr\u00e9-requisitos no\u00a0ajuste,\u00a0devem anexar o\u00a0<b>formul\u00e1rio de quebra de pr\u00e9-requisito<\/b>\u00a0Juntamente com o\u00a0<b>hist\u00f3rico escolar<\/b>\u00a0ao e-mail de\u00a0ajuste. O documento ser\u00e1 encaminhado ao coordenador do curso e quando autorizado, \u00e9 realizada a matr\u00edcula do aluno.<\/p>\n<div>\n<ul>\n<li style=\"list-style-type: none\">\n<ul class=\"subfieldlist\">\n<li><a href=\"https:\/\/www.ufsm.br\/app\/uploads\/sites\/428\/2023\/09\/REGRAS-QUEBRA-PRE-REQ.pdf\" target=\"_blank\" rel=\"noopener\">\u00a0Regras para quebra de pr\u00e9-requisitos<\/a><\/li>\n<li><a href=\"https:\/\/www.ufsm.br\/app\/uploads\/sites\/428\/2024\/03\/formulario_quebra_pre_requisitos-1.doc\" target=\"_blank\" rel=\"noopener\">\u00a0Formul\u00e1rio de quebra de pr\u00e9-requisitos<\/a><\/li>\n<\/ul>\n<\/li>\n<\/ul>\n<\/div>\n<ul>\n<li><b>CO-REQUISITOS<\/b><\/li>\n<\/ul>\n<div>Devido a inclus\u00e3o dos novos curr\u00edculos, o sistema web n\u00e3o foi configurado para verificar as solicita\u00e7\u00f5es de disciplinas com co-requisitos. Assim, durante o processamento, por n\u00e3o haver esta verifica\u00e7\u00e3o, o sistema pode acabar por n\u00e3o realizar a matr\u00edcula em disciplinas que exigem co-requisito, mesmo o aluno fazendo a solicita\u00e7\u00e3o dos co-requisitos.<\/div>\n<div>\u00a0<\/div>\n<div>Para resolver este problema,\u00a0<b>nos per\u00edodos de <span style=\"background-color: #00ffff\">ajuste web<\/span> o sistema de ajuste de disciplinas ser\u00e1 fechado todos os dias das 17:00 \u00e0s 18:30 horas para que seja realizado o processamento das solicita\u00e7\u00f5es realizadas no dia.<\/b><\/div>\n<div>\u00a0<\/div>\n<div>Portanto, todos os alunos devem realizar primeiramente a solicita\u00e7\u00e3o na disciplina que \u00e9 co-requisito, depois nas demais e ap\u00f3s aguardar o processamento di\u00e1rio. Ent\u00e3o deve\u00a0conferir todos os dias se conseguiram as\u00a0matr\u00edculas\u00a0nas disciplinas solicitadas e verificando que faltou alguma disciplina, realizar novamente o pedido no pr\u00f3ximo dia, sem preju\u00edzo de prefer\u00eancia das turmas.<\/div>\n<div>\u00a0<\/div>\n<div><strong><span style=\"background-color: #00ffff\">DISCIPLINAS DE PRIMEIRO SEMESTRE:<\/span><\/strong><\/div>\n<div>\u00a0<\/div>\n<div>As disciplinas de primeiro semestre s\u00e3o reservadas para alunos calouros portanto n\u00e3o aparecem no portal do aluno para matr\u00edcula. As vagas extras destas disciplinas s\u00e3o disponibilizadas aos demais alunos do curso no per\u00edodo de <span style=\"background-color: #00ffff\">ajuste por e-mail<\/span>.<\/div>\n<div>\u00a0<\/div>\n<div><strong><span style=\"background-color: #00ffff\">DISCIPLINAS DE TCC E EST\u00c1GIO:<\/span><\/strong><\/div>\n<div>\u00a0<\/div>\n<div>Todos os alunos que desejam realizar TCC ou est\u00e1gio devem enviar a <strong>declara\u00e7\u00e3o de orienta\u00e7\u00e3o<\/strong> antes do in\u00edcio do semestre com assinatura do orientador para o e-mail do curso: <span style=\"background-color: #00ffff\">engaero@ufsm.br<\/span><\/div>\n<div>\u00a0<\/div>\n<div>Ap\u00f3s o envio do documento \u00e9 aberta a turma em nome do orientador e realizada a matr\u00edcula do aluno.<\/div>\n<div><br \/>Os documentos modelos podem ser obtidos no site do curso nas p\u00e1ginas espec\u00edficas de cada item.<\/div>\n<div>\u00a0<\/div>\n<div>Prazo para que os alunos enviem o e-mail com a declara\u00e7\u00e3o: <b>primeira semana de aulas.<\/b><\/div>\n<div>\u00a0<\/div>\n<div><strong><span style=\"background-color: #00ffff\">DISCIPLINAS DE CPIO II E III:<\/span><\/strong><\/div>\n<div>\u00a0<\/div>\n<div>\n<div>As turmas de CPIO2 e CPIO3 n\u00e3o aparecem durante o per\u00edodo de solicita\u00e7\u00e3o de matr\u00edculas pois dependem de orienta\u00e7\u00e3o espec\u00edfica por grupos.<\/div>\n<div>\u00a0<\/div>\n<div>Assim, a disciplina somente ser\u00e1 lan\u00e7ada caso o\u00a0<b>professor orientador encaminhe e-mail \u00e0 coordena\u00e7\u00e3o do curso(<a href=\"mailto:engaero@ufsm.br\" target=\"_blank\" rel=\"noopener\">engaero@ufsm.br<\/a>) contendo:<\/b><\/div>\n<div>\n<ul>\n<li>Nomes dos alunos integrantes do grupo de\u00a0<span class=\"il\">CPIO<\/span>;<\/li>\n<li>N\u00famero do\u00a0<span class=\"il\">CPIO<\/span>\u00a0que o grupo realizar\u00e1 no semestre(II ou III);<\/li>\n<li>Nome do\u00a0professor\u00a0orientador.<\/li>\n<\/ul>\n<\/div>\n<div>Prazo para que os professores orientadores enviem o e-mail com as informa\u00e7\u00f5es dos grupos:\u00a0<b>primeira semana de aulas.<\/b><\/div>\n<div>\u00a0<\/div>\n<div>A matr\u00edcula dos alunos ser\u00e1 realizada somente no per\u00edodo de ajustes de matr\u00edculas, de acordo com os e-mails dos orientadores.<\/div>\n<\/div>\n<div>\u00a0<\/div>\n<div>\n<div><strong><span style=\"background-color: #ffff00\">4) MATR\u00cdCULAS EXTRACURRICULARES (VAGAS EM DISCIPLINAS DE OUTROS CURSOS)<\/span><\/strong><\/div>\n<div>\u00a0<\/div>\n<div>\n<p>Os cursos de gradua\u00e7\u00e3o do Centro de Tecnologia da UFSM adotar\u00e3o a\u00a0<b>solicita\u00e7\u00e3o de matr\u00edcula extracurricular via Portal Estudantil<\/b>, conforme\u00a0<a href=\"https:\/\/portal.ufsm.br\/documentos\/download.html?action=arquivosIndexados&amp;download=false&amp;id=13490099\" target=\"_blank\" rel=\"noopener\" data-saferedirecturl=\"https:\/\/www.google.com\/url?q=https:\/\/portal.ufsm.br\/documentos\/download.html?action%3DarquivosIndexados%26download%3Dfalse%26id%3D13490099&amp;source=gmail&amp;ust=1708606988853000&amp;usg=AOvVaw00iVMDA1bQsQ-E_dy6YVxp\">Instru\u00e7\u00e3o Normativa 001\/2021 PROGRAD<\/a>.<\/p>\n<p>Dessa forma, o per\u00edodo de matr\u00edcula extracurricular ser\u00e1 nos dias conforme <a href=\"https:\/\/www.ufsm.br\/calendario\/\" target=\"_blank\" rel=\"noopener\" data-saferedirecturl=\"https:\/\/www.google.com\/url?q=https:\/\/www.ufsm.br\/calendario\/&amp;source=gmail&amp;ust=1708606988853000&amp;usg=AOvVaw0WZkY6ZIDKaF4C_uoGI51C\">calend\u00e1rio acad\u00eamico da UFSM<\/a>.<\/p>\n<p>O processamento ser\u00e1 autom\u00e1tico atrav\u00e9s do sistema, conforme cronograma abaixo, fornecido pela PROGRAD:<\/p>\n<ul>\n<li>O sistema de solicita\u00e7\u00e3o ser\u00e1 aberto no primeiro dia, pr\u00f3ximo a meia noite.<\/li>\n<li>Ainda no primeiro dia:\n<ul>\n<li>O sistema ser\u00e1 fechado para solicita\u00e7\u00f5es \u00e0s 11h30min e ser\u00e1 reaberto logo ap\u00f3s o primeiro processamento.<\/li>\n<li>O sistema ser\u00e1 novamente fechado \u00e0s 17h e reaberto logo ap\u00f3s o segundo processamento.<\/li>\n<\/ul>\n<\/li>\n<li>No segundo dia:\n<ul>\n<li>O sistema ser\u00e1 fechado para solicita\u00e7\u00f5es \u00e0s 11h30min e ser\u00e1 reaberto logo ap\u00f3s o terceiro processamento.<\/li>\n<li>O sistema ser\u00e1 novamente fechado \u00e0s 17h e reaberto logo ap\u00f3s o quarto processamento.<\/li>\n<li>O sistema ser\u00e1 encerrado \u00e0s 23h59min.<\/li>\n<\/ul>\n<\/li>\n<li>No terceiro dia , pela manh\u00e3, o sistema far\u00e1 o \u00faltimo processamento de matr\u00edcula.<\/li>\n<\/ul>\n<p>As solicita\u00e7\u00f5es em caso de problemas dever\u00e3o ser analisadas pelos\/as Coordenadores\/as dos Cursos de interesse.<\/p>\n<p>Devido \u00e0 alta demanda de solicita\u00e7\u00f5es, n\u00e3o ser\u00e1 poss\u00edvel responder por e-mail, nem presencialmente.<\/p>\n<\/div>\n<\/div>\n","protected":false},"excerpt":{"rendered":"<p>As matr\u00edculas dos alunos da UFSM seguem o mesmo procedimento todo in\u00edcio de semestre, seguindo o calend\u00e1rio acad\u00eamico da institui\u00e7\u00e3o: Calend\u00e1rio Acad\u00eamico 1) SOLICITA\u00c7\u00d5ES DE MATR\u00cdCULAS VIA PORTAL DO ALUNO: As\u00a0solicita\u00e7\u00f5es de matr\u00edculas web\u00a0ocorrer\u00e3o entre os dias dispostos no calend\u00e1rio via portal do aluno, com apenas 1 processamento no \u00faltimo dia da semana. \u00a0 A\u00a0prefer\u00eancia [&hellip;]<\/p>\n","protected":false},"author":445,"featured_media":0,"parent":0,"menu_order":0,"comment_status":"closed","ping_status":"closed","template":"","meta":{"footnotes":""},"categories":[],"tags":[],"class_list":["post-673","page","type-page","status-publish","hentry"],"acf":[],"_links":{"self":[{"href":"https:\/\/www.ufsm.br\/cursos\/graduacao\/santa-maria\/engenharia-aeroespacial\/wp-json\/wp\/v2\/pages\/673","targetHints":{"allow":["GET"]}}],"collection":[{"href":"https:\/\/www.ufsm.br\/cursos\/graduacao\/santa-maria\/engenharia-aeroespacial\/wp-json\/wp\/v2\/pages"}],"about":[{"href":"https:\/\/www.ufsm.br\/cursos\/graduacao\/santa-maria\/engenharia-aeroespacial\/wp-json\/wp\/v2\/types\/page"}],"author":[{"embeddable":true,"href":"https:\/\/www.ufsm.br\/cursos\/graduacao\/santa-maria\/engenharia-aeroespacial\/wp-json\/wp\/v2\/users\/445"}],"replies":[{"embeddable":true,"href":"https:\/\/www.ufsm.br\/cursos\/graduacao\/santa-maria\/engenharia-aeroespacial\/wp-json\/wp\/v2\/comments?post=673"}],"version-history":[{"count":0,"href":"https:\/\/www.ufsm.br\/cursos\/graduacao\/santa-maria\/engenharia-aeroespacial\/wp-json\/wp\/v2\/pages\/673\/revisions"}],"wp:attachment":[{"href":"https:\/\/www.ufsm.br\/cursos\/graduacao\/santa-maria\/engenharia-aeroespacial\/wp-json\/wp\/v2\/media?parent=673"}],"wp:term":[{"taxonomy":"category","embeddable":true,"href":"https:\/\/www.ufsm.br\/cursos\/graduacao\/santa-maria\/engenharia-aeroespacial\/wp-json\/wp\/v2\/categories?post=673"},{"taxonomy":"post_tag","embeddable":true,"href":"https:\/\/www.ufsm.br\/cursos\/graduacao\/santa-maria\/engenharia-aeroespacial\/wp-json\/wp\/v2\/tags?post=673"}],"curies":[{"name":"wp","href":"https:\/\/api.w.org\/{rel}","templated":true}]}}