{"id":262,"date":"2018-12-05T10:19:43","date_gmt":"2018-12-05T12:19:43","guid":{"rendered":"https:\/\/www.ufsm.br\/cursos\/graduacao\/santa-maria\/engenharia-sanitaria-e-ambiental\/?page_id=262"},"modified":"2018-12-05T10:19:44","modified_gmt":"2018-12-05T12:19:44","slug":"empresas-oportunidades","status":"publish","type":"page","link":"https:\/\/www.ufsm.br\/cursos\/graduacao\/santa-maria\/engenharia-ambiental-e-sanitaria\/empresas-oportunidades","title":{"rendered":"Empresas \/ Oportunidades"},"content":{"rendered":"<p style=\"font-weight: 400\"><b><strong>DMAE- Porto Alegre<\/strong><\/b><\/p>\n<p style=\"font-weight: 400\">Para saber como candidatar-se a um est\u00e1gio no DMAE, clique\u00a0<a href=\"http:\/\/www2.portoalegre.rs.gov.br\/dmae\/default.php?reg=1&amp;p_secao=246\">aqui<\/a>.<\/p>\n<p style=\"font-weight: 400\">\n<p style=\"font-weight: 400\"><b><strong>SKILL Engenharia Ltda<\/strong><\/b><\/p>\n<p style=\"font-weight: 400\"><b><strong>EFEITO MAIS\u00a0<\/strong><\/b><\/p>\n<p style=\"font-weight: 400\">Est\u00e1gio Para Engenharia Ambiental Ou Engenharia Civil (1vaga) C\u00f3digo: 647<\/p>\n<p style=\"font-weight: 400\">Atividades:<br \/>\n-Auxiliar na opera\u00e7\u00e3o do aterro sanit\u00e1rio, desenvolver projetos t\u00e9cnicos espec\u00edficos da \u00e1rea de neg\u00f3cio.<br \/>\n-Acompanhamento de relat\u00f3rios operacionais e demais apoios espec\u00edficos.<\/p>\n<p>Requisitos:<br \/>\nCursando Engenharia Ambiental ou Engenharia Civil &#8211; a partir do 6\u00ba semestre<br \/>\nDesej\u00e1vel conhecimento em uma l\u00edngua estrangeira: espanhol ou ingl\u00eas.<\/p>\n<p>Benef\u00edcios:<br \/>\n-Vale-alimenta\u00e7\u00e3o<br \/>\n-Transporte<br \/>\n-Plano de desenvolvimento de carreira estruturado.<\/p>\n<p>Bolsa: R$ 1250.00<\/p>\n<p>Turno:\u00a0Indiferente<\/p>\n<p>Hor\u00e1rio de trabalho: Carga Hor\u00e1ria: 30 horas &#8211; 6 horas di\u00e1rias.<br \/>\nTipo de Contrata\u00e7\u00e3o: Estagi\u00e1rio<br \/>\nLocal: Santa Maria-RS<\/p>\n<p style=\"font-weight: 400\"><b><strong>CRVR<\/strong><\/b><\/p>\n<p style=\"font-weight: 400\">Vaga para est\u00e1gio extracurricular aqui na CRVR de Santa Maria.<\/p>\n<p style=\"font-weight: 400\"><b><strong>Atividades<\/strong><\/b>:<\/p>\n<ul style=\"font-weight: 400\">\n<li>Auxiliar na opera\u00e7\u00e3o do aterro sanit\u00e1rio, desenvolver projetos t\u00e9cnicos espec\u00edficos da \u00e1rea de neg\u00f3cio.<\/li>\n<li>Acompanhamento de relat\u00f3rios operacionais e demais apoios espec\u00edficos.<\/li>\n<\/ul>\n<p style=\"font-weight: 400\">Turno de prefer\u00eancia pela manh\u00e3, mas se o candidato for bom e tiver disponibilidade somente \u00e0 tarde, n\u00e3o tem problema.<\/p>\n<p style=\"font-weight: 400\">&#8211;\u00a0<b><strong>O Perfil para contrata\u00e7\u00e3o, baseia-se nos requisitos a seguir:<\/strong><\/b><\/p>\n<ul style=\"font-weight: 400\">\n<li>Idade:\u00a0de 18 a 25 anos;<\/li>\n<\/ul>\n<ul style=\"font-weight: 400\">\n<li>Diferencial: Conhecimento em uma l\u00edngua estrangeira, preferencialmente espanhol ou ingl\u00eas;<\/li>\n<\/ul>\n<ul style=\"font-weight: 400\">\n<li>N\u00edvel: Superior (n\u00e3o tecn\u00f3logo), Engenharia Civil ou Engenharia Ambiental;<\/li>\n<\/ul>\n<ul style=\"font-weight: 400\">\n<li>Disponibilidade:\u00a030hs semanais.<\/li>\n<\/ul>\n<p style=\"font-weight: 400\"><b><strong>IMPORTANTE: Cursando pen\u00faltimo ou \u00faltimo ano (n\u00e3o inferior a 12 meses de est\u00e1gio)<\/strong><\/b><\/p>\n<p style=\"font-weight: 400\"><b><strong>Benef\u00edcios<\/strong><\/b>:<\/p>\n<ul style=\"font-weight: 400\">\n<li>\u00a0Este estagi\u00e1rio far\u00e1 parte do nosso programa de est\u00e1gio, que tem como objetivo maior, desenvolver\u00a0 novos\u00a0 talentos\u00a0 para ocuparem futuras posi\u00e7\u00f5es chave na Organiza\u00e7\u00e3o, viabilizando assim \u00a0atender a cadeia sucess\u00f3ria da empresa.<\/li>\n<li>Plano de desenvolvimento de carreira estruturado.<\/li>\n<li>Remunera\u00e7\u00e3o: R$ 1.250,00, vale alimenta\u00e7\u00e3o e transporte.<\/li>\n<li>Admiss\u00e3o para Setembro de 2017.<\/li>\n<\/ul>\n<p style=\"font-weight: 400\">\n<p style=\"font-weight: 400\"><b><strong>LOUIS DREYFUS COMPANY<\/strong><\/b><\/p>\n<p style=\"font-weight: 400\">\n<p style=\"font-weight: 400\">Est\u00e3o abertas as inscri\u00e7\u00f5es para o Programa Trainee LDC 2018 e gostar\u00edamos de convidar os alunos e ex alunos da institui\u00e7\u00e3o para participarem do processo seletivo.<br \/>\nOs interessados devem realizar inscri\u00e7\u00e3o no site\u00a0<a href=\"http:\/\/ldc.across.jobs\/\">http:\/\/ldc.across.jobs\/<\/a><br \/>\nAt\u00e9 o dia 18\/09<br \/>\nAbaixo informa\u00e7\u00f5es sobre o programa e anexo cartaz para divulga\u00e7\u00e3o<br \/>\nCom dura\u00e7\u00e3o de dois anos, o programa tem uma estrutura de job rotation, para que os trainees sejam expostos a novas pessoas e projetos em diferentes \u00e1reas do neg\u00f3cio. \u00c9 um programa pr\u00e1tico, no qual toda aprendizagem \u00e9 relevante.<br \/>\nPr\u00e9-requisitos:<br \/>\n\u00b7 Forma\u00e7\u00e3o superior n\u00edvel bacharelado conclu\u00eddo entre dezembro\/2015 e dezembro de 2017 nos cursos: Agronomia; Engenharias; Administra\u00e7\u00e3o de empresas (considerando as diferentes \u00eanfases); Ci\u00eancia da Computa\u00e7\u00e3o; Contabilidade\/Ci\u00eancias Cont\u00e1beis; Economia; Estat\u00edstica; Log\u00edstica; Matem\u00e1tica; Tecnologia da Informa\u00e7\u00e3o; Sistemas da Informa\u00e7\u00e3o<br \/>\n\u00b7 Se for aprovado \u00e9 necess\u00e1rio ter disponibilidade para viagens e mudan\u00e7a para outros Estados.<br \/>\n\u00b7 Ingl\u00eas: n\u00edvel avan\u00e7ado<\/p>\n<p style=\"font-weight: 400\">\n<p style=\"font-weight: 400\"><b><strong>ANDRADE GUTIERREZ:<\/strong><\/b><\/p>\n<p style=\"font-weight: 400\">O\u00a0<b><strong>Programa de Trainee da Andrade Gutierrez<\/strong><\/b>\u00a0\u00e9 a oportunidade de crescimento que alavancar\u00e1 a sua carreira.<\/p>\n<p style=\"font-weight: 400\">Ao lado dos l\u00edderes da companhia, voc\u00ea vai lidar com\u00a0<b><strong>grandes desafios que fazem a diferen\u00e7a na vida de milh\u00f5es de pessoas<\/strong><\/b>. Este programa visa a forma\u00e7\u00e3o de jovens potenciais para serem os futuros gestores da AG.<\/p>\n<p style=\"font-weight: 400\">Data da publica\u00e7\u00e3o: agosto de 2017<\/p>\n<p style=\"font-weight: 400\"><b><strong>BRASKEM:<\/strong><\/b><\/p>\n<p style=\"font-weight: 400\">Diferenciais: A Braskem possui um programa de forma\u00e7\u00e3o para os estagi\u00e1rios que mescla atividades presenciais e ensino a dist\u00e2ncia, chamado Mundo Braskem . Al\u00e9m disso, apoia o processo de autoconhecimento do estudante e promove aprendizado sobre todos os aspectos do neg\u00f3cio e da cultura da empresa. Cada estagi\u00e1rio possui um L\u00edder educador, que d\u00e1 suporte por meio do PDE (Plano de Desenvolvimento de Est\u00e1gio), e precisa entregar, ao final do processo, um projeto aplicativo.<\/p>\n<p style=\"font-weight: 400\">P\u00fablico: Jovens universit\u00e1rios , cursando o pen\u00faltimo ou \u00faltimo ano dos cursos de Administra\u00e7\u00e3o, Engenharias (Produ\u00e7\u00e3o, Mec\u00e2nica, El\u00e9trica, de Materiais, Ambiental, da Computa\u00e7\u00e3o),Comunica\u00e7\u00e3o Social &#8211; \u00a0 Marketing , Rela\u00e7\u00f5es P\u00fablicas, Jornalismo -, Rela\u00e7\u00f5es Internacionais, Psicologia, Direito, Qu\u00edmica, Biotecnologia, Sistemas da Informa\u00e7\u00e3o e outros .<\/p>\n<p style=\"font-weight: 400\">Dura\u00e7\u00e3o do Programa: 1 a 2 anos<\/p>\n<p style=\"font-weight: 400\">Benef\u00edcios: \u00a0Bolsa auxilio compat\u00edvel com o mercado, transporte, alimenta\u00e7\u00e3o, assist\u00eancia m\u00e9dica e seguro de vida.<\/p>\n<p style=\"font-weight: 400\">Data da publica\u00e7\u00e3o: agosto de 2017<\/p>\n<p style=\"font-weight: 400\"><b><strong>QUERO-QUERO:<\/strong><\/b><\/p>\n<p style=\"font-weight: 400\">QUER UMA OPORTUNIDADE DE CRESCIMENTO ACELERADO?<br \/>\nPROGRAMA DE TRAINEES 2018 QUERO-QUERO\/ADVENT INTERNATIONAL<\/p>\n<p style=\"font-weight: 400\">A Quero-Quero atualmente conta com mais de 250 lojas no sul do Brasil e mais de 4.000 funcion\u00e1rios, sendo uma das maiores varejistas do segmento.<br \/>\nEstamos buscando jovens formados entre 2015 e 2018, proativos e interessados em desenvolver carreira no grupo Advent.<\/p>\n<p style=\"font-weight: 400\">Aten\u00e7\u00e3o: Estamos com vagas para o in\u00edcio do segundo semestre de 2017. Inscreva-se agora, poderemos entrar em contato com voc\u00ea desde j\u00e1, antecipando o processo seletivo!<\/p>\n<p style=\"font-weight: 400\">Inscri\u00e7\u00f5es atrav\u00e9s do link\u00a0<a href=\"http:\/\/www.queroquero.com.br\/trainee\/at\">http:\/\/www.queroquero.com.br\/trainee\/at<\/a>\u00e9 o dia 01 de Outubro.<\/p>\n<p style=\"font-weight: 400\">Mais informa\u00e7\u00f5es pelo e-mail\u00a0<a href=\"mailto:trainees.2018@quero-quero.com.br\">trainees.2018@quero-quero.com.br<\/a><\/p>\n<p style=\"font-weight: 400\">Data da publica\u00e7\u00e3o: agosto de 2017<\/p>\n<p style=\"font-weight: 400\">\n<p style=\"font-weight: 400\"><b><strong>EFEITO MAIS:<\/strong><\/b><\/p>\n<p style=\"font-weight: 400\">Est\u00e1gio Para Engenharia Ambiental Ou Engenharia Civil (1vaga) C\u00f3digo: 647<\/p>\n<p style=\"font-weight: 400\">Atividades:<\/p>\n<p style=\"font-weight: 400\">-Auxiliar na opera\u00e7\u00e3o do aterro sanit\u00e1rio, desenvolver projetos t\u00e9cnicos espec\u00edficos da \u00e1rea de neg\u00f3cio.<\/p>\n<p style=\"font-weight: 400\">-Acompanhamento de relat\u00f3rios operacionais e demais apoios espec\u00edficos.<\/p>\n<p style=\"font-weight: 400\">\u00a0Requisitos:<\/p>\n<p style=\"font-weight: 400\">Cursando Engenharia Ambiental ou Engenharia Civil &#8211; a partir do 6\u00ba semestre<\/p>\n<p style=\"font-weight: 400\">Desej\u00e1vel conhecimento em uma l\u00edngua estrangeira: espanhol ou ingl\u00eas.<\/p>\n<p style=\"font-weight: 400\">\u00a0Benef\u00edcios:<\/p>\n<p style=\"font-weight: 400\">-Vale-alimenta\u00e7\u00e3o<\/p>\n<p style=\"font-weight: 400\">-Transporte<\/p>\n<p style=\"font-weight: 400\">Plano de desenvolvimento de carreira estruturado.<\/p>\n<p style=\"font-weight: 400\">\u00a0Bolsa: R$ 1250.00<\/p>\n<p style=\"font-weight: 400\">\u00a0Turno:<\/p>\n<p style=\"font-weight: 400\">Indiferente<\/p>\n<p style=\"font-weight: 400\">Hor\u00e1rio de trabalho: Carga Hor\u00e1ria: 30 horas &#8211; 6 horas di\u00e1rias.<\/p>\n<p style=\"font-weight: 400\">Tipo de Contrata\u00e7\u00e3o: Estagi\u00e1rio<\/p>\n<p style=\"font-weight: 400\">Local: Santa Maria-RS<\/p>\n<p style=\"font-weight: 400\">Data da publica\u00e7\u00e3o: julho de 2017<\/p>\n<p style=\"font-weight: 400\">\n<p style=\"font-weight: 400\"><b><strong>EST\u00c1GIO CORSAN:<\/strong><\/b><\/p>\n<p style=\"font-weight: 400\">Unidade Especial de Saneamento \u2013 Santa Maria<br \/>\nCOORDENADORIA ESPECIAL DE PROJETOS E FISCALIZA\u00c7\u00c3O DE OBRAS<\/p>\n<p style=\"font-weight: 400\">Tipo: Est\u00e1gio supervisionado<\/p>\n<p style=\"font-weight: 400\">Inscri\u00e7\u00f5es: at\u00e9 28\/06\/2017<\/p>\n<p style=\"font-weight: 400\"><a href=\"https:\/\/www.dropbox.com\/s\/a0dsnpgkcmgndd9\/Chamada%20Estagi%C3%A1rios%20Corsan.pdf?dl=1\">Edital para concorrer a vaga.<\/a><\/p>\n<p style=\"font-weight: 400\">Data da publica\u00e7\u00e3o: junho de 2017<\/p>\n<p style=\"font-weight: 400\">\n<p style=\"font-weight: 400\"><b><strong>EST\u00c1GIO QU\u00cdMEA:<\/strong><\/b><\/p>\n<p style=\"font-weight: 400\">Tipo: Est\u00e1gio supervisionado<\/p>\n<p style=\"font-weight: 400\">Carga hor\u00e1ria: 20 h\/semanais<\/p>\n<p style=\"font-weight: 400\">Interessados enviar curr\u00edculo para<a href=\"mailto:%20%3Cscript%20type='text\/javascript'%3E%20%3C!--%20var%20prefix%20=%20'ma'%20+%20'il'%20+%20'to';%20var%20path%20=%20'hr'%20+%20'ef'%20+%20'=';%20var%20addy69721%20=%20'quimea'%20+%20'@';%20addy69721%20=%20addy69721%20+%20'quimea'%20+%20'.'%20+%20'com'%20+%20'.'%20+%20'br';%20document.write('%3Ca%20'%20+%20path%20+%20'\\''%20+%20prefix%20+%20':'%20+%20addy69721%20+%20'\\'%3E');%20document.write(addy69721);%20document.write('%3C\\\/a%3E');%20\/\/--%3E\\n%20%3C\/script%3E%3Cscript%20type='text\/javascript'%3E%20%3C!--%20document.write('%3Cspan%20style=\\'display:%20none;\\'%3E');%20\/\/--%3E%20%3C\/script%3EO%20endere%C3%A7o%20de%20e-mail%20address%20est%C3%A1%20sendo%20protegido%20de%20spambots.%20Voc%C3%AA%20precisa%20ativar%20o%20JavaScript%20enabled%20para%20v%C3%AA-lo.%20%3Cscript%20type='text\/javascript'%3E%20%3C!--%20document.write('%3C\/');%20document.write('span%3E');%20\/\/--%3E%20%3C\/script%3E\">\u00a0<\/a><a href=\"mailto:quimea@quimea.com.br\">quimea@quimea.com.br<\/a>.<\/p>\n<p style=\"font-weight: 400\">Data da publica\u00e7\u00e3o: junho de 2017.<\/p>\n<p style=\"font-weight: 400\">\n<p style=\"font-weight: 400\"><b><strong>EST\u00c1GIO S\u00c3O GABRIEL SANEAMENTO:<\/strong><\/b><\/p>\n<p style=\"font-weight: 400\">Data da publica\u00e7\u00e3o: maio de 2017.<\/p>\n<p style=\"font-weight: 400\">\n<p style=\"font-weight: 400\"><b><strong>EST\u00c1GIO CARGILL:<\/strong><\/b><\/p>\n<p style=\"font-weight: 400\">O est\u00e1gio \u00e9 uma das etapas mais marcantes e inspiradoras no processo de desenvolvimento e aprendizagem de todo aluno. A Cargill sabe da import\u00e2ncia desse momento e convida voc\u00ea a viver o melhor est\u00e1gio da sua vida em boa companhia. Venha escrever com a gente o in\u00edcio de uma hist\u00f3ria de conquistas e prosperidade na sua carreira. Inscreva-se j\u00e1 em nosso Programa de Est\u00e1gio N\u00edvel Superior Cargill 2017 e desperte todas as suas habilidades para a pr\u00e1tica e aprimoramento de uma carreira profissional brilhante.<\/p>\n<p style=\"font-weight: 400\">Pr\u00e9 \u2013 Requisitos:<\/p>\n<ul>\n<li style=\"font-weight: 400\">Cursos: Administra\u00e7\u00e3o (Todas as \u00eanfases); Engenharia (Todas as \u00eanfases; Ci\u00eancias Cont\u00e1beis; Ci\u00eancias Econ\u00f4micas; Economia Empresarial e Controladoria; Ci\u00eancia da Computa\u00e7\u00e3o; Ci\u00eancias Biol\u00f3gicas; Comunica\u00e7\u00e3o Social &#8211; Jornalismo; Comunica\u00e7\u00e3o Social &#8211; Publicidade e Propaganda; Comunica\u00e7\u00e3o Social &#8211; Rela\u00e7\u00f5es P\u00fablicas; Geografia; Gest\u00e3o Ambiental; Gest\u00e3o de Pol\u00edticas P\u00fablicas; Matem\u00e1tica; Sistema da Informa\u00e7\u00e3o e Tecnologia da Informa\u00e7\u00e3o.<br \/>\n\u00b7Conclus\u00e3o entre 12\/2017 a 07\/2019 \u2013 de acordo com a necessidade da vaga;<br \/>\n\u00b7Necess\u00e1ria gradua\u00e7\u00e3o com dura\u00e7\u00e3o m\u00ednima de 4 (quatro) anos;<br \/>\n\u00b7N\u00edvel do Ingl\u00eas &#8211; de acordo com a necessidade de cada vaga;<br \/>\n\u00b7Disponibilidade para estagiar em outra Cidade\/Estado \u2013 de acordo com a necessidade da vaga;<br \/>\n\u00b7Atender aos pr\u00e9-requisitos divulgados n\u00e3o garante a sua aprova\u00e7\u00e3o para a pr\u00f3xima fase. Ser\u00e1 realizada uma an\u00e1lise do perfil de cada candidato, levando em considera\u00e7\u00e3o diversas necessidades do programa, al\u00e9m das especifica\u00e7\u00f5es de cada vaga.<br \/>\nEtapas do processo:<\/li>\n<li style=\"font-weight: 400\">Per\u00edodo de Inscri\u00e7\u00e3o;<br \/>\n\u00b7An\u00e1lise qualitativa e quantitativa das fichas de inscri\u00e7\u00e3o;<br \/>\n\u00b7Avalia\u00e7\u00e3o online \u2013 Cia de Talentos;<br \/>\n\u00b7Etapa Final \u2013 Cargill;<br \/>\n\u00b7In\u00edcio do Est\u00e1gio \u2013 agosto de 2017;<br \/>\n\u00b7Caso seja necess\u00e1rio, as datas das etapas deste processo seletivo poder\u00e3o sofrer altera\u00e7\u00f5es sem aviso pr\u00e9vio.<br \/>\nBolsa aux\u00edlio:<\/li>\n<li style=\"font-weight: 400\">O valor da bolsa aux\u00edlio varia de acordo com o per\u00edodo e a regi\u00e3o.<br \/>\n\u00b7Benef\u00edcios:<br \/>\n\u00b7assist\u00eancia m\u00e9dica;<br \/>\n\u00b7assist\u00eancia odontol\u00f3gica;<br \/>\n\u00b7seguro de vida;<br \/>\n\u00b7vale alimenta\u00e7\u00e3o ou refeit\u00f3rio no local;<br \/>\n\u00b7aux\u00edlio transporte.<br \/>\nINSCRI\u00c7\u00d5ES AT\u00c9 O DIA 02\/05\/2017!<\/li>\n<\/ul>\n<p style=\"font-weight: 400\">INSCREVA-SE:\u00a0<a href=\"http:\/\/novostalentoscargill.com.br\/\">http:\/\/novostalentoscargill.com.br\/<\/a><\/p>\n<p style=\"font-weight: 400\">\n<p style=\"font-weight: 400\"><b><strong>EST\u00c1GIO NA FEPAM (SANTA MARIA):<\/strong><\/b><\/p>\n<table>\n<tbody>\n<tr>\n<td>&nbsp;<\/td>\n<td><span>Balc\u00e3o de Licenciamento Ambiental Unificado como alternativa para a realiza\u00e7\u00e3o de est\u00e1gios curriculares\u00a0<\/span><span>obrigat\u00f3rios.<\/span><\/p>\n<p><span>Orienta\u00e7\u00f5es da FEPAM &#8211;\u00a0<a href=\"https:\/\/www.dropbox.com\/s\/yn5rpm1lorz62su\/FEPAM_normas_estagio.docx?dl=0\">aqui<\/a><\/span><\/td>\n<\/tr>\n<\/tbody>\n<\/table>\n<p>&nbsp;<\/p>\n<p><b><strong>EST\u00c1GIO NA TOPOCART:<\/strong><\/b><\/p>\n<p>Est\u00e1gio para atender o setor de Meio Ambiente da empresa, e ainda ter\u00e1 a oportunidade de vivenciar projetos de infraestrutura e urbanismo. \u00c9 uma boa oportunidade de vivenciar trabalhos fora do Rio Grande do Sul. Mais informa\u00e7\u00f5es no site da catho, interessados mandem curr\u00edculo para <a href=\"mailto:antolini81@gmail.com\">antolini81@gmail.com<\/a>.<\/p>\n<p>&nbsp;<\/p>\n<p><b><strong>EST\u00c1GIO RENTED SANTA MARIA &#8211; Tratamento de esgoto dom\u00e9stico por wetland constru\u00eddo de fluxo vertical<\/strong><\/b><\/p>\n<p>Atividades a serem desenvolvidas: opera\u00e7\u00e3o e manuten\u00e7\u00e3o da ETE, coleta de amostras e realiza\u00e7\u00e3o de an\u00e1lises f\u00edsico-qu\u00edmicas e biol\u00f3gicas.<\/p>\n<p>Coordena\u00e7\u00e3o: Professora Delmira Beatriz Wolff<\/p>\n<p>Contato:\u00a0\u00a0<a href=\"mailto:delmirawolff@hotmail.com\">delmirawolff@hotmail.com<\/a><\/p>\n<p>&nbsp;<\/p>\n<p><b><strong>VAGA NA BOURSCHEID ENGENHARIA &#8211;\u00a0j\u00e1 preenchida<\/strong><\/b><\/p>\n<p>Procura um profissional com experiencia para trabalhar na supervis\u00e3o das melhorias do sistema de drenagem na Ford Land na Planta da Troller em Fortaleza\/CE. Se algu\u00e9m do grupo tenha interesse na oportunidade ou conhece algu\u00e9m que possa se interessar, favor enviar curriculum para\u00a0<a href=\"mailto:diogo.silveira@bourscheid.com.br\">diogo.silveira@bourscheid.com.br<\/a>.<\/p>\n<p>Objeto: Suporte T\u00e9cnico Engenharia Ford Land na Planta da Troller em Fortaleza\/CE.<\/p>\n<p>Escopo: O escopo consiste em fornecimento de servi\u00e7os de t\u00e9cnico por 05 meses para atender as obras de melhorias do sistema de drenagem no site, com experi\u00eancia de mais de 10 anos, para suporte ao Ford Land na Planta da Troller em Fortaleza\/CE. Sendo, dos 5 meses previstos para o gerenciamento de obra, 01 m\u00eas ser\u00e1 para acompanhar atividades em per\u00edodo noturno.<\/p>\n<p>Forma\u00e7\u00e3o: T\u00e9cnico ou Engenharia.<\/p>\n<p style=\"font-weight: 400\"><b><strong>PROGRAMA SUPERVISOR TRAINEE BRF<\/strong><\/b><\/p>\n<p style=\"font-weight: 400\">\nA BRF est\u00e1 lan\u00e7ando a segunda turma do programa Supervisor Trainee que selecionar\u00e1 estagi\u00e1rios com potencial que ser\u00e3o desenvolvidos e treinados pelos melhores talentos da BRF para que, ao final do programa, se tornem l\u00edderes da companhia, COM EFETIVA\u00c7\u00c3O NO CARGO DE SUPERVISOR.<br \/>\nOs acad\u00eamicos que se encaixarem no perfil devem fazer a inscri\u00e7\u00e3o no site Vagas.com no link:\u00a0<a href=\"https:\/\/www.vagas.com.br\/vagas\/v1413170\/supervisor-trainee-brf-2017\">https:\/\/www.vagas.com.br\/vagas\/v1413170\/supervisor-trainee-brf-2017<\/a><\/p>\n<p>A Unidade da BRF de Videira\/SC disp\u00f5e de 9 vagas!<\/p>\n<p>Pr\u00e9-requisitos mandat\u00f3rios:<\/p>\n<p style=\"font-weight: 400\">Gradua\u00e7\u00e3o prevista entre Julho\/17 e Dezembro\/17;<br \/>\nCursos relacionados ao neg\u00f3cio BRF: Administra\u00e7\u00e3o, Ci\u00eancias Cont\u00e1beis, Biotecnologia, Engenharia de Alimentos; Engenharia Qu\u00edmica; Engenharia Sanit\u00e1ria e Ambiental; Engenharia Civil, Engenharia Mec\u00e2nica; Engenharia da Produ\u00e7\u00e3o, Engenharia El\u00e9trica, Agronomia, Medicina Veterin\u00e1ria, Zootecnia, entre outros.<br \/>\nIngl\u00eas intermedi\u00e1rio\/avan\u00e7ado.<\/p>\n<p style=\"font-weight: 400\">REMUNERA\u00c7\u00c3O &amp; BENEF\u00cdCIOS<\/p>\n<p style=\"font-weight: 400\">Bolsa Est\u00e1gio de R$2.000,00;<br \/>\nAux\u00edlio moradia (para dist\u00e2ncias acima de 50km do local de trabalho); Atendimento m\u00e9dico interno; Atendimento odontol\u00f3gico; Conv\u00eanio m\u00e9dico; Academia; Conv\u00eanio com farm\u00e1cias; Restaurante Interno; Lojinha BRF (revenda de produtos); Vale transporte; Seguro de vida; Clube para funcion\u00e1rios (SERP).<\/p>\n<p style=\"font-weight: 400\">Maiores informa\u00e7\u00f5es:\u00a0<a href=\"mailto:pricila.sonego@brf-br.com\">pricila.sonego@brf-br.com<\/a><\/p>\n<p style=\"font-weight: 400\"><b><strong>\u00a0<\/strong><\/b><\/p>\n<p style=\"font-weight: 400\">\n<p style=\"font-weight: 400\"><b><strong>EFEITO\u00a0<\/strong><\/b><b><strong>MAIS<\/strong><\/b><b><strong>\u00a0SELECIONA:<\/strong><\/b><\/p>\n<p style=\"font-weight: 400\"><b><strong>Est\u00e1gio Para Engenharia Ambiental Ou Engenharia Civil (1vaga)\u00a0C\u00f3digo: 647<\/strong><\/b><\/p>\n<p style=\"font-weight: 400\"><b><strong>Atividades:<\/strong><\/b><br \/>\n-Auxiliar na opera\u00e7\u00e3o do aterro sanit\u00e1rio, desenvolver projetos t\u00e9cnicos espec\u00edficos da \u00e1rea de neg\u00f3cio.<br \/>\n-Acompanhamento de relat\u00f3rios operacionais e demais apoios espec\u00edficos.<\/p>\n<p style=\"font-weight: 400\">\n<p style=\"font-weight: 400\"><b><strong>Requisitos:<\/strong><\/b><\/p>\n<p style=\"font-weight: 400\">Cursando Engenharia Ambiental ou Engenharia Civil &#8211; a partir do 6\u00ba semestre<\/p>\n<p style=\"font-weight: 400\">Desej\u00e1vel conhecimento em uma l\u00edngua estrangeira: espanhol ou ingl\u00eas.<\/p>\n<p style=\"font-weight: 400\">\n<p style=\"font-weight: 400\"><b><strong>Benef\u00edcios:<\/strong><\/b><\/p>\n<p style=\"font-weight: 400\">-Vale-alimenta\u00e7\u00e3o<br \/>\n-Transporte<br \/>\nPlano de desenvolvimento de carreira estruturado.<\/p>\n<p style=\"font-weight: 400\">\n<p style=\"font-weight: 400\"><b><strong>Bolsa:\u00a0<\/strong><\/b>R$ 1250.00<\/p>\n<p style=\"font-weight: 400\">\n<p style=\"font-weight: 400\"><b><strong>Turno:<\/strong><\/b><\/p>\n<p style=\"font-weight: 400\">Indiferente<\/p>\n<p style=\"font-weight: 400\">\n<p style=\"font-weight: 400\"><b><strong>Hor\u00e1rio de trabalho:\u00a0<\/strong><\/b>Carga Hor\u00e1ria: 30 horas &#8211; 6 horas di\u00e1rias.<\/p>\n<p style=\"font-weight: 400\">\n<p style=\"font-weight: 400\"><b><strong>Tipo de Contrata\u00e7\u00e3o:\u00a0<\/strong><\/b>Estagi\u00e1rio<\/p>\n<p style=\"font-weight: 400\"><b><strong>Local:\u00a0<\/strong><\/b>Santa Maria-RS<\/p>\n<h3><b><strong>Diferenciais:<\/strong><\/b>\u00a0A\u00a0Braskem\u00a0possui um programa de forma\u00e7\u00e3o para os estagi\u00e1rios que mescla atividades presenciais e ensino a dist\u00e2ncia, chamado\u00a0<a href=\"http:\/\/www.jovensbraskem.com.br\/noticias-detalhe\/inscreva-se-em-nossos-programas-de-estagio\">Mundo\u00a0Braskem\u00a0<\/a>. Al\u00e9m disso, apoia o processo de autoconhecimento do estudante e promove aprendizado sobre todos os aspectos do neg\u00f3cio e da cultura da empresa. Cada estagi\u00e1rio possui um L\u00edder educador, que d\u00e1 suporte por meio do\u00a0<a href=\"http:\/\/www.jovensbraskem.com.br\/noticias-detalhe\/inscreva-se-em-nossos-programas-de-estagio\">PDE\u00a0<\/a>(Plano de Desenvolvimento de Est\u00e1gio), e precisa entregar, ao final do processo, um projeto aplicativo.<\/h3>\n<p style=\"font-weight: 400\"><b><strong>P\u00fablico:\u00a0<\/strong><\/b>Jovens universit\u00e1rios\u00a0,\u00a0cursando o pen\u00faltimo ou \u00faltimo ano dos cursos de Administra\u00e7\u00e3o, Engenharias (Produ\u00e7\u00e3o, Mec\u00e2nica, El\u00e9trica, de Materiais, Ambiental, da Computa\u00e7\u00e3o),Comunica\u00e7\u00e3o Social &#8211; \u00a0\u00a0<a href=\"http:\/\/www.jovensbraskem.com.br\/noticias-detalhe\/inscreva-se-em-nossos-programas-de-estagio\">Marketing\u00a0<\/a>, Rela\u00e7\u00f5es P\u00fablicas, Jornalismo -, Rela\u00e7\u00f5es Internacionais, Psicologia, Direito, Qu\u00edmica, Biotecnologia,\u00a0<a href=\"http:\/\/www.jovensbraskem.com.br\/noticias-detalhe\/inscreva-se-em-nossos-programas-de-estagio\">Sistemas da Informa\u00e7\u00e3o<\/a>e\u00a0<a href=\"http:\/\/www.jovensbraskem.com.br\/noticias-detalhe\/inscreva-se-em-nossos-programas-de-estagio\">outros\u00a0<\/a>.<\/p>\n<p style=\"font-weight: 400\"><b><strong>Dura\u00e7\u00e3o do Programa:<\/strong><\/b>\u00a01 a 2 anos<\/p>\n<p style=\"font-weight: 400\"><b><strong>Benef\u00edcios:\u00a0<\/strong><\/b>\u00a0Bolsa auxilio compat\u00edvel com o mercado, transporte, alimenta\u00e7\u00e3o, assist\u00eancia m\u00e9dica e seguro de vida<\/p>\n","protected":false},"excerpt":{"rendered":"<p>DMAE- Porto Alegre Para saber como candidatar-se a um est\u00e1gio no DMAE, clique\u00a0aqui. SKILL Engenharia Ltda EFEITO MAIS\u00a0 Est\u00e1gio Para Engenharia Ambiental Ou Engenharia Civil (1vaga) C\u00f3digo: 647 Atividades: -Auxiliar na opera\u00e7\u00e3o do aterro sanit\u00e1rio, desenvolver projetos t\u00e9cnicos espec\u00edficos da \u00e1rea de neg\u00f3cio. -Acompanhamento de relat\u00f3rios operacionais e demais apoios espec\u00edficos. Requisitos: Cursando Engenharia Ambiental [&hellip;]<\/p>\n","protected":false},"author":201,"featured_media":0,"parent":0,"menu_order":0,"comment_status":"closed","ping_status":"closed","template":"","meta":{"footnotes":""},"categories":[],"tags":[],"class_list":["post-262","page","type-page","status-publish","hentry"],"acf":[],"_links":{"self":[{"href":"https:\/\/www.ufsm.br\/cursos\/graduacao\/santa-maria\/engenharia-ambiental-e-sanitaria\/wp-json\/wp\/v2\/pages\/262","targetHints":{"allow":["GET"]}}],"collection":[{"href":"https:\/\/www.ufsm.br\/cursos\/graduacao\/santa-maria\/engenharia-ambiental-e-sanitaria\/wp-json\/wp\/v2\/pages"}],"about":[{"href":"https:\/\/www.ufsm.br\/cursos\/graduacao\/santa-maria\/engenharia-ambiental-e-sanitaria\/wp-json\/wp\/v2\/types\/page"}],"author":[{"embeddable":true,"href":"https:\/\/www.ufsm.br\/cursos\/graduacao\/santa-maria\/engenharia-ambiental-e-sanitaria\/wp-json\/wp\/v2\/users\/201"}],"replies":[{"embeddable":true,"href":"https:\/\/www.ufsm.br\/cursos\/graduacao\/santa-maria\/engenharia-ambiental-e-sanitaria\/wp-json\/wp\/v2\/comments?post=262"}],"version-history":[{"count":0,"href":"https:\/\/www.ufsm.br\/cursos\/graduacao\/santa-maria\/engenharia-ambiental-e-sanitaria\/wp-json\/wp\/v2\/pages\/262\/revisions"}],"wp:attachment":[{"href":"https:\/\/www.ufsm.br\/cursos\/graduacao\/santa-maria\/engenharia-ambiental-e-sanitaria\/wp-json\/wp\/v2\/media?parent=262"}],"wp:term":[{"taxonomy":"category","embeddable":true,"href":"https:\/\/www.ufsm.br\/cursos\/graduacao\/santa-maria\/engenharia-ambiental-e-sanitaria\/wp-json\/wp\/v2\/categories?post=262"},{"taxonomy":"post_tag","embeddable":true,"href":"https:\/\/www.ufsm.br\/cursos\/graduacao\/santa-maria\/engenharia-ambiental-e-sanitaria\/wp-json\/wp\/v2\/tags?post=262"}],"curies":[{"name":"wp","href":"https:\/\/api.w.org\/{rel}","templated":true}]}}