{"id":158,"date":"2018-11-30T10:54:47","date_gmt":"2018-11-30T12:54:47","guid":{"rendered":"https:\/\/www.ufsm.br\/cursos\/graduacao\/santa-maria\/engenharia-civil\/?page_id=158"},"modified":"2018-11-30T10:54:48","modified_gmt":"2018-11-30T12:54:48","slug":"sobre-o-curso","status":"publish","type":"page","link":"https:\/\/www.ufsm.br\/cursos\/graduacao\/santa-maria\/engenharia-civil\/sobre-o-curso","title":{"rendered":"Sobre o curso"},"content":{"rendered":"<p style=\"text-align: left\" align=\"center\"><strong>Apresenta\u00e7\u00e3o<\/strong><strong><br \/>\n<\/strong><\/p>\n<p style=\"text-align: left\" align=\"center\">O Curso de Engenharia Civil da UFSM foi reconhecido nos termos\u00a0do Parecer n\u00b0 2.056\/75-CEF, tendo sido criado pela Lei n\u00b0 3.834-C\/60.<\/p>\n<p style=\"text-align: left\" align=\"center\">Nome\/Ano da vers\u00e3o: 2005<\/p>\n<p style=\"text-align: left\" align=\"center\">Situa\u00e7\u00e3o da vers\u00e3o: Corrente<\/p>\n<p style=\"text-align: left\" align=\"center\">Regime letivo: Semestral<\/p>\n<p style=\"text-align: left\" align=\"center\">Turno: Diurno<\/p>\n<p style=\"text-align: left\" align=\"center\">Carga hor\u00e1ria total: 3.990 h<\/p>\n<p style=\"text-align: left\" align=\"center\">Carga hor\u00e1ria por per\u00edodo: M\u00ednimo: 270 h \u00a0&#8211; \u00a0M\u00e1ximo: 540 h<\/p>\n<p style=\"text-align: left\" align=\"center\">N\u00famero de per\u00edodos: \u00a0Ideal: 10 \u00a0 &#8211; \u00a0 M\u00ednimo: 10 \u00a0 &#8211; \u00a0 M\u00e1ximo: 15<\/p>\n<p style=\"text-align: left\" align=\"center\">N\u00famero m\u00e1ximo de trancamentos: \u00a0Totais: 5 \u00a0 \u00a0&#8211; \u00a0 \u00a0Parciais: 12<\/p>\n<p style=\"text-align: left\" align=\"center\"><strong>Formas de Ingresso<\/strong><\/p>\n<p style=\"text-align: left\" align=\"center\">&#8211; Sistema de Sele\u00e7\u00e3o Unificado\/SISU (77 vagas, 39 para 1\u00aa turma e 38 para 2\u00aa turma);<\/p>\n<p style=\"text-align: left\" align=\"center\">&#8211; Processos de Transfer\u00eancia (Interna ou Externa) ou Ingresso\/Reingresso (conforme editais espec\u00edficos).<\/p>\n<p style=\"text-align: left\" align=\"center\"><strong>T\u00edtulo Profissional:\u00a0<\/strong>Engenheiro Civil.<\/p>\n<p style=\"text-align: left\" align=\"center\"><strong>Mercado de Trabalho<\/strong><\/p>\n<p style=\"text-align: left\" align=\"center\">O engenheiro civil possui um amplo mercado de trabalho, em fun\u00e7\u00e3o de suas in\u00fameras atribui\u00e7\u00f5es.\u00a0A maior demanda de atua\u00e7\u00e3o do engenheiro civil prov\u00e9m de escrit\u00f3rios e empresas de constru\u00e7\u00e3o, de materiais de constru\u00e7\u00e3o e ind\u00fastrias urbanas.\u00a0No setor p\u00fablico, pode desenvolver atividades ligadas ao planejamento, saneamento, constru\u00e7\u00e3o civil e transportes.<\/p>\n<p style=\"text-align: left\" align=\"center\"><strong>Objetivo do Curso<\/strong><\/p>\n<p style=\"text-align: left\">O Curso de Engenharia Civil da UFSM tem por objetivo geral, formar profissionais de n\u00edvel superior que tenham forma\u00e7\u00e3o generalista,\u00a0alicer\u00e7ada em s\u00f3lido aprendizado t\u00e9cnico-cient\u00edfico, gerencial e social, aptos a absorver e desenvolver novas tecnologias\u00a0e atuar criativa e criticamente na identifica\u00e7\u00e3o das demandas sociais e no desenvolvimento sustentado da regi\u00e3o e do pa\u00eds.<\/p>\n<p style=\"text-align: left\"><strong>Objetivos Espec\u00edficos<\/strong><\/p>\n<p style=\"text-align: left\">\u00b7 Oportunizar conhecimentos e capacitar a viv\u00eancia dos\u00a0 princ\u00edpios \u00e9ticos na sua atividade profissional;<\/p>\n<p style=\"text-align: left\">\u00b7 Formar profissionais conscientes da sua responsabilidade profissional e social;<\/p>\n<p style=\"text-align: left\">\u00b7 Capacitar seus egressos para elaborar, coordenar, implantar e operar projetos, fiscalizar as atividades profissionais referentes\u00a0\u00e0 geom\u00e1tica, hidrologia, hidr\u00e1ulica, geot\u00e9cnica, constru\u00e7\u00e3o civil, saneamento, transporte e meio ambiente;<\/p>\n<p style=\"text-align: left\">\u00b7 Avaliar o impacto de projetos de engenharia no contexto social e meio-ambiente.<\/p>\n<p style=\"text-align: left\" align=\"center\"><strong>Estrutura Curricular<\/strong><\/p>\n<p style=\"text-align: left\" align=\"center\">O curr\u00edculo do curso de Engenharia Civil da UFSM desenvolve-se amparado na Resolu\u00e7\u00e3o CNE\/CES, de 11 de mar\u00e7o de 2002, \u00a0que institui as Diretrizes Curriculares Nacionais do Curso de Gradua\u00e7\u00e3o em Engenharia, observando a exist\u00eancia tr\u00eas n\u00facleos de conte\u00fados.<\/p>\n<p style=\"text-align: left\" align=\"center\">1\u00ba) N\u00facleo de Conte\u00fados B\u00e1sicos<\/p>\n<p style=\"text-align: left\" align=\"center\">Metodologia Cient\u00edfica e Tecnol\u00f3gica, Comunica\u00e7\u00e3o e Express\u00e3o em l\u00edngua portuguesa e estrangeira, inform\u00e1tica,\u00a0Express\u00e3o Gr\u00e1fica, Matem\u00e1tica, F\u00edsica, Fen\u00f4menos dos Transportes, Mec\u00e2nica dos S\u00f3lidos,\u00a0Eletricidade Aplicada, Qu\u00edmica, Ci\u00eancia da Tecnologia dos Materiais, Administra\u00e7\u00e3o, Economia,\u00a0Ci\u00eancias do Ambiente e Humanidades, Ci\u00eancias Sociais e Cidadania,\u00a0constituindo-se disciplinas individuais ou distribu\u00eddos dentro de diversas disciplinas.<\/p>\n<p style=\"text-align: left\" align=\"center\">2\u00ba) N\u00facleo de Conte\u00fados Profissionalizantes<\/p>\n<p style=\"text-align: left\" align=\"center\">Algoritmos e Estruturas de Dados, Ci\u00eancias dos Materiais, Constru\u00e7\u00e3o Civil,\u00a0Geotecnia, Hidr\u00e1ulica, Hidrologia Aplicada, M\u00e9todos Num\u00e9ricos, Sistemas Estruturais\u00a0e Teoria das Estruturas, Topografia e Geod\u00e9sia, Transportes e Log\u00edstica.<\/p>\n<p style=\"text-align: left\" align=\"center\">3\u00ba) N\u00facleo de Conte\u00fados Espec\u00edficos<\/p>\n<p style=\"text-align: left\" align=\"center\">Disciplinas que complementam ou aprofundam os conte\u00fados profissionalizantes, completando a carga hor\u00e1ria do curso.<\/p>\n<p style=\"text-align: left\" align=\"center\"><strong>Perfil desejado do formando<\/strong><\/p>\n<p style=\"text-align: left\" align=\"center\">Um profissional consciente de sua responsabilidade profissional e social,\u00a0inserido no mundo produtivo, mantendo-se atualizado e contribuindo, efetivamente,\u00a0utilizando-se da tecnologia adquirida, em prol do desenvolvimento da sociedade em que vive.<\/p>\n<p style=\"text-align: left\" align=\"center\"><strong>Compet\u00eancias e Habilidades<\/strong><\/p>\n<p style=\"text-align: left\">Considerando o perfil desejado para o engenheiro civil, o formando dever\u00e1 desenvolver\u00a0as seguintes compet\u00eancias e habilidades para o exerc\u00edcio das suas atividades profissionais:<\/p>\n<p style=\"text-align: left\">\u00b7 aplicar os conhecimentos tradicionais da matem\u00e1tica, da qu\u00edmica e das ci\u00eancias f\u00edsicas,\u00a0aliados \u00e0s t\u00e9cnicas e ferramentas modernas para o desempenho das atribui\u00e7\u00f5es profissionais da engenharia civil;<\/p>\n<p style=\"text-align: left\">\u00b7 Projetar e conduzir experimentos, assim como analisar e interpretar resultados;<\/p>\n<p style=\"text-align: left\">\u00b7 Projetar sistemas, componentes e processos que os constituem, bem como outras atividades pertinentes de sua profiss\u00e3o;<\/p>\n<p style=\"text-align: left\">\u00b7 Atuar em equipes multidisciplinares;<\/p>\n<p style=\"text-align: left\">\u00b7 Diagnosticar e apresentar solu\u00e7\u00f5es aos problemas de engenharia;<\/p>\n<p style=\"text-align: left\">\u00b7 Compreens\u00e3o da \u00e9tica e responsabilidade profissional;<\/p>\n<p style=\"text-align: left\">\u00b7 Comunicar-se efetivamente em suas diversas formas;<\/p>\n<p style=\"text-align: left\">\u00b7 Entender o impacto das solu\u00e7\u00f5es da engenharia no contexto s\u00f3cio-econ\u00f4mico e ambiental;<\/p>\n<p style=\"text-align: left\">\u00b7 Engajar-se no processo de aprendizagem permanente.<\/p>\n<p style=\"text-align: left\" align=\"center\"><strong>\u00c1reas de Atua\u00e7\u00e3o<\/strong><\/p>\n<p style=\"text-align: left\" align=\"center\">A Engenharia Civil \u00e9 uma modalidade muito abrangente, podendo-se\u00a0atuar na \u00e1rea consultiva e de constru\u00e7\u00e3o.<\/p>\n<p style=\"text-align: left\" align=\"center\">A Engenharia Consultiva permite ao profissional projetar\u00a0qualquer tipo de obra: edif\u00edcios, galp\u00f5es, estradas, barragens, pontes, ferrovias, entre outros.\u00a0Cada tipo de obra \u00e9 composta por diversos tipos de projetos.<\/p>\n<p style=\"text-align: left\" align=\"center\"><strong>Funda\u00e7\u00f5es<\/strong><\/p>\n<p style=\"text-align: left\" align=\"center\">Atrav\u00e9s do conhecimento do tipo de solo, no local onde ser\u00e1 implantada a obra, das caracter\u00edsticas\u00a0da edifica\u00e7\u00e3o a ser constru\u00edda, o engenheiro especifica e dimensiona o tipo de funda\u00e7\u00e3o adequada.<\/p>\n<p style=\"text-align: left\" align=\"center\"><strong>Estruturas<\/strong><\/p>\n<p style=\"text-align: left\" align=\"center\">O profissional projeta o &#8220;esqueleto&#8221; da edifica\u00e7\u00e3o, de maneira a proporcionar\u00a0seguran\u00e7a e o m\u00e1ximo desempenho durante a vida \u00fatil.<\/p>\n<p style=\"text-align: left\" align=\"center\"><strong>Instala\u00e7\u00f5es<\/strong><\/p>\n<p style=\"text-align: left\" align=\"center\">Hidr\u00e1ulica, el\u00e9trica, telefonia, seguran\u00e7a.<\/p>\n<p style=\"text-align: left\" align=\"center\"><strong>Materiais<\/strong><\/p>\n<p style=\"text-align: left\" align=\"center\">Atrav\u00e9s do estudo da Ci\u00eancia dos Materiais, pesquisas e ensaios em laborat\u00f3rios,\u00a0o profissional se intera dos materiais e suas caracter\u00edsticas e propriedades,\u00a0de maneira a se adotar melhor utiliza\u00e7\u00e3o.<\/p>\n<p style=\"text-align: left\" align=\"center\"><strong>Tecnologia e Produ\u00e7\u00e3o<\/strong><\/p>\n<p style=\"text-align: left\" align=\"center\">O engenheiro visa a racionaliza\u00e7\u00e3o de projetos e obra, de maneira a otimiz\u00e1-los,\u00a0aumentando a produtividade, reduzindo desperd\u00edcio de material\u00a0e m\u00e3o-de-obra, al\u00e9m da ergonomia e qualidade.<\/p>\n<p style=\"text-align: left\" align=\"center\"><strong>Patologias<\/strong><\/p>\n<p style=\"text-align: left\" align=\"center\">O profissional faz o diagn\u00f3stico das constru\u00e7\u00f5es, determinando as poss\u00edveis\u00a0causas das deteriora\u00e7\u00f5es, bem como especifica reparos necess\u00e1rios.<\/p>\n<p style=\"text-align: left\" align=\"center\"><strong>Incorpora\u00e7\u00f5es e Empreendimentos<\/strong><\/p>\n<p style=\"text-align: left\" align=\"center\">O engenheiro, muitas vezes atuando como empres\u00e1rio, estuda a viabilidade econ\u00f4mica do empreendimento.<\/p>\n","protected":false},"excerpt":{"rendered":"<p>Apresenta\u00e7\u00e3o O Curso de Engenharia Civil da UFSM foi reconhecido nos termos\u00a0do Parecer n\u00b0 2.056\/75-CEF, tendo sido criado pela Lei n\u00b0 3.834-C\/60. Nome\/Ano da vers\u00e3o: 2005 Situa\u00e7\u00e3o da vers\u00e3o: Corrente Regime letivo: Semestral Turno: Diurno Carga hor\u00e1ria total: 3.990 h Carga hor\u00e1ria por per\u00edodo: M\u00ednimo: 270 h \u00a0&#8211; \u00a0M\u00e1ximo: 540 h N\u00famero de per\u00edodos: \u00a0Ideal: [&hellip;]<\/p>\n","protected":false},"author":194,"featured_media":0,"parent":0,"menu_order":0,"comment_status":"closed","ping_status":"closed","template":"","meta":{"footnotes":""},"categories":[],"tags":[],"class_list":["post-158","page","type-page","status-publish","hentry"],"acf":[],"_links":{"self":[{"href":"https:\/\/www.ufsm.br\/cursos\/graduacao\/santa-maria\/engenharia-civil\/wp-json\/wp\/v2\/pages\/158","targetHints":{"allow":["GET"]}}],"collection":[{"href":"https:\/\/www.ufsm.br\/cursos\/graduacao\/santa-maria\/engenharia-civil\/wp-json\/wp\/v2\/pages"}],"about":[{"href":"https:\/\/www.ufsm.br\/cursos\/graduacao\/santa-maria\/engenharia-civil\/wp-json\/wp\/v2\/types\/page"}],"author":[{"embeddable":true,"href":"https:\/\/www.ufsm.br\/cursos\/graduacao\/santa-maria\/engenharia-civil\/wp-json\/wp\/v2\/users\/194"}],"replies":[{"embeddable":true,"href":"https:\/\/www.ufsm.br\/cursos\/graduacao\/santa-maria\/engenharia-civil\/wp-json\/wp\/v2\/comments?post=158"}],"version-history":[{"count":0,"href":"https:\/\/www.ufsm.br\/cursos\/graduacao\/santa-maria\/engenharia-civil\/wp-json\/wp\/v2\/pages\/158\/revisions"}],"wp:attachment":[{"href":"https:\/\/www.ufsm.br\/cursos\/graduacao\/santa-maria\/engenharia-civil\/wp-json\/wp\/v2\/media?parent=158"}],"wp:term":[{"taxonomy":"category","embeddable":true,"href":"https:\/\/www.ufsm.br\/cursos\/graduacao\/santa-maria\/engenharia-civil\/wp-json\/wp\/v2\/categories?post=158"},{"taxonomy":"post_tag","embeddable":true,"href":"https:\/\/www.ufsm.br\/cursos\/graduacao\/santa-maria\/engenharia-civil\/wp-json\/wp\/v2\/tags?post=158"}],"curies":[{"name":"wp","href":"https:\/\/api.w.org\/{rel}","templated":true}]}}