{"id":160,"date":"2018-11-30T11:11:48","date_gmt":"2018-11-30T13:11:48","guid":{"rendered":"https:\/\/www.ufsm.br\/cursos\/graduacao\/santa-maria\/engenharia-civil\/?page_id=160"},"modified":"2021-10-18T13:51:47","modified_gmt":"2021-10-18T16:51:47","slug":"departamentos-relacionados-ao-curso","status":"publish","type":"page","link":"https:\/\/www.ufsm.br\/cursos\/graduacao\/santa-maria\/engenharia-civil\/departamentos-relacionados-ao-curso","title":{"rendered":"Departamentos relacionados ao curso"},"content":{"rendered":"<div class=\"item-page\">\n<p><strong>Segue link para contato dos docentes do curso, atualizado para o segundo semestre de 2021: <a href=\"https:\/\/docs.google.com\/spreadsheets\/d\/1MeV1yrDX3koNgKCXYxs1iDKxoFN18sxJ7oX8riWLdpM\/edit?usp=sharing\">clique aqui!<\/a><br \/>\nDepartamentos relacionados ao Curso de Engenharia Civil:<\/strong><\/p>\n<table style=\"height: 1816px\" border=\"1px\" cellspacing=\"0\" cellpadding=\"0\">\n<tbody>\n<tr style=\"height: 24px\">\n<td style=\"height: 24px;width: 279px\" align=\"center\"><strong>Departamento<\/strong><\/td>\n<td style=\"height: 24px;width: 559px\" align=\"center\"><strong>Disciplinas<\/strong><\/td>\n<td style=\"height: 24px;width: 85px\" align=\"center\"><strong>Contato<\/strong><\/td>\n<\/tr>\n<tr style=\"height: 24px\">\n<td style=\"height: 24px;width: 279px\" align=\"center\">\u00a0Computa\u00e7\u00e3o Aplicada<\/td>\n<td style=\"height: 24px;width: 559px\" align=\"center\">\u00a0ELC1000 &#8211; Introdu\u00e7\u00e3o \u00e0 Inform\u00e1tica<\/td>\n<td style=\"height: 24px;width: 85px\" align=\"center\">\u00a03220 6113<\/td>\n<\/tr>\n<tr style=\"height: 24px\">\n<td style=\"height: 24px;width: 279px\" align=\"center\">\u00a0<a href=\"http:\/\/www.ufsm.br\/direito\" target=\"_blank\" rel=\"noopener\">Direito<\/a><\/td>\n<td style=\"height: 24px;width: 559px\" align=\"center\">\u00a0JUR 116- Legisla\u00e7\u00e3o para Engenharia<\/td>\n<td style=\"height: 24px;width: 85px\" align=\"center\">\u00a03220 9252<\/td>\n<\/tr>\n<tr style=\"height: 24px\">\n<td style=\"height: 24px;width: 279px\" align=\"center\">\u00a0Eletromec\u00e2nica e Sistemas de Pot\u00eancia<\/td>\n<td style=\"height: 24px;width: 559px\" align=\"center\">\u00a0ESP1001- Eletricidade na Engenharia Civil<\/td>\n<td style=\"height: 24px;width: 85px\" align=\"center\">\u00a03220 8147<\/td>\n<\/tr>\n<tr style=\"height: 48px\">\n<td style=\"height: 48px;width: 279px\" align=\"center\">\u00a0<a href=\"http:\/\/www.ufsm.br\/dps\" target=\"_blank\" rel=\"noopener\">Engenharia de Produ\u00e7\u00e3o e Sistemas<\/a><\/td>\n<td style=\"height: 48px;width: 559px\" align=\"center\">\u00a0DPS1002- Empreendedorismo em Engenharia Civil<br \/>\nDPS1003- Engenharia Econ\u00f4mica<\/td>\n<td style=\"height: 48px;width: 85px\" align=\"center\">\u00a03220 8442<\/td>\n<\/tr>\n<tr style=\"height: 56px\">\n<td style=\"height: 56px;width: 279px\" align=\"center\">\u00a0Engenharia Rural<\/td>\n<td style=\"height: 56px;width: 559px\" align=\"center\">\u00a0EGR1008- Topografia e Elementos de Geod\u00e9sia<\/td>\n<td style=\"height: 56px;width: 85px\" align=\"center\">\u00a03220 8261<\/td>\n<\/tr>\n<tr style=\"height: 216px\">\n<td style=\"height: 216px;width: 279px\" align=\"center\">\u00a0<a href=\"http:\/\/www.ufsm.br\/desa\" target=\"_blank\" rel=\"noopener\">Engenharia Sanit\u00e1ria e Ambiental<\/a><\/td>\n<td style=\"height: 216px;width: 559px\" align=\"center\">\u00a0HDS1000- Mec\u00e2nica dos Flu\u00eddos<br \/>\nHDS1001\u2013 Tratamento de Res\u00edduos e Impacto Ambiental<br \/>\nHDS1002\u2013 Abastecimento e Tratamento de \u00c1gua<br \/>\nHDS1003- Hidr\u00e1ulica \u201cA\u201d<br \/>\nHDS1004- Hidrologia \u201cA\u201d<br \/>\nHDS1005- Hidr\u00e1ulica \u201cB\u201d<br \/>\nHDS1006\u2013 Instala\u00e7\u00f5es Prediais Hidrossanit\u00e1rias de G\u00e1s e Combate a Inc\u00eandio<br \/>\nHDS1007\u2013 Sistemas de Esgoto e Drenagem Urbana<br \/>\nHDS1009\u2013 Geoprocessamento em Recursos H\u00eddrico<\/td>\n<td style=\"height: 216px;width: 85px\" align=\"center\">3220 8423<\/td>\n<\/tr>\n<tr style=\"height: 24px\">\n<td style=\"height: 24px;width: 279px\" align=\"center\">\u00a0<a href=\"http:\/\/www.ufsm.br\/estat\" target=\"_blank\" rel=\"noopener\">Estat\u00edstica<\/a><\/td>\n<td style=\"height: 24px;width: 559px\" align=\"center\">\u00a0STC1009- Estat\u00edstica &#8220;A&#8221;<\/td>\n<td style=\"height: 24px;width: 85px\" align=\"center\">3220 8486<\/td>\n<\/tr>\n<tr style=\"height: 608px\">\n<td style=\"height: 608px;width: 279px\" align=\"center\">\u00a0Estruturas e Constru\u00e7\u00e3o Civil<\/td>\n<td style=\"height: 608px;width: 559px\" align=\"center\">\u00a0ECC1000 &#8211; Materiais de Constru\u00e7\u00e3o Civil \u201cA\u201d<br \/>\nECC1001 &#8211; Mec\u00e2nica para Engenharia Civil<br \/>\nECC1002 &#8211; An\u00e1lise Matricial de Estruturas \u201dA\u201d<br \/>\nECC1003 &#8211; Materiais de Constru\u00e7\u00e3o Civil \u201cB\u201d<br \/>\nECC1004 &#8211; Resist\u00eancia dos Materiais \u201cA\u201d<br \/>\nECC1005 &#8211; Isost\u00e1tica<br \/>\nECC1006 &#8211; Concreto Armado \u201cA\u201d<br \/>\nECC1007 &#8211; Concreto Armado \u201cB\u201d<br \/>\nECC1008 &#8211; Estrutura de Concreto<br \/>\nECC1009 &#8211; Funda\u00e7\u00f5es \u201cA\u201d<br \/>\nECC1010 &#8211; Or\u00e7amento e Programa\u00e7\u00e3o de Edifica\u00e7\u00f5es<br \/>\nECC1011 &#8211; Resist\u00eancia dos Materiais \u201cB\u201d<br \/>\nECC1012 &#8211; Seguran\u00e7a Estrutural<br \/>\nECC1013 &#8211; Teoria das Estruturas \u201cA\u201d<br \/>\nECC1014 &#8211; Teoria das Estruturas \u201cB\u201d<br \/>\nECC1018 &#8211; Princ\u00edpios B\u00e1sicos de Alvenaria Estrutural<br \/>\nECC1030 &#8211; Metodologia Cient\u00edfica<br \/>\nECC 414 &#8211; Constru\u00e7\u00e3o Civil I-A<br \/>\nECC 416 &#8211; Constru\u00e7\u00e3o Civil II-A<br \/>\nECC 520 &#8211; Estrutura de A\u00e7o e Madeira \u201cA\u201d<br \/>\nECC 601 &#8211; Arquitetura\u00a0\u00a0\u201cA\u201d<br \/>\nECC 605 &#8211; Concreto Protendido<br \/>\nECC 606 &#8211; Pontes<br \/>\nECC 611 &#8211; Gerenciamento da Constru\u00e7\u00e3o Civil<\/td>\n<td style=\"height: 608px;width: 85px\" align=\"center\">3220 8144<\/td>\n<\/tr>\n<tr style=\"height: 152px\">\n<td style=\"height: 152px;width: 279px\" align=\"center\">\u00a0<a href=\"http:\/\/www.ufsm.br\/depg\" target=\"_blank\" rel=\"noopener\">Express\u00e3o Gr\u00e1fica<\/a><\/td>\n<td style=\"height: 152px;width: 559px\" align=\"center\">\u00a0EPG1000 &#8211; Desenho B\u00e1sico<br \/>\nEPG1001 &#8211; Desenho T\u00e9cnico para Engenharia civil I<br \/>\nEPG1002 &#8211; Desenho T\u00e9cnico para Engenharia civil II<br \/>\nEPG1003 &#8211; Geometria Descritiva para Engenharia Civil<br \/>\nEPG1011 &#8211; Desenho Digital para Engenharia Civil<\/td>\n<td style=\"height: 152px;width: 85px\" align=\"center\">3220 8146<\/td>\n<\/tr>\n<tr style=\"height: 96px\">\n<td style=\"height: 96px;width: 279px\" align=\"center\">\u00a0<a href=\"http:\/\/www.ufsm.br\/dfisica\" target=\"_blank\" rel=\"noopener\">F\u00edsica<\/a><\/td>\n<td style=\"height: 96px;width: 559px\" align=\"center\">\u00a0FSC1024- F\u00edsica Geral e Experimental I<br \/>\nFSC1025- F\u00edsica Geral e Experimental II<br \/>\nFSC1026- F\u00edsica Geral e Experimental III<br \/>\nFSC 222\u2013 Princ\u00edpios de F\u00edsico-Qu\u00edmica \u201cA\u201d<\/td>\n<td style=\"height: 96px;width: 85px\" align=\"center\">3220 8137<\/td>\n<\/tr>\n<tr style=\"height: 24px\">\n<td style=\"height: 24px;width: 279px\" align=\"center\">\u00a0<a href=\"http:\/\/www.ufsm.br\/depgeo\" target=\"_blank\" rel=\"noopener\">Geoci\u00eancias<\/a><\/td>\n<td style=\"height: 24px;width: 559px\" align=\"center\">\u00a0GCC1005- Geologia Aplicada \u00e0 Engenharia<\/td>\n<td style=\"height: 24px;width: 85px\" align=\"center\">3220 8143<\/td>\n<\/tr>\n<tr style=\"height: 24px\">\n<td style=\"height: 24px;width: 279px\" align=\"center\">\u00a0Linguagens e Sistemas de Computa\u00e7\u00e3o<\/td>\n<td style=\"height: 24px;width: 559px\" align=\"center\">\u00a0ELC106 &#8211; Algoritmo e Programa\u00e7\u00e3o<\/td>\n<td style=\"height: 24px;width: 85px\" align=\"center\">3220 8523<\/td>\n<\/tr>\n<tr style=\"height: 144px\">\n<td style=\"height: 144px;width: 279px\" align=\"center\">\u00a0<a href=\"http:\/\/www.ufsm.br\/depmat\" target=\"_blank\" rel=\"noopener\">Matem\u00e1tica<\/a><\/td>\n<td style=\"height: 144px;width: 559px\" align=\"center\">\u00a0MTM1018 &#8211; \u00c1lgebra Linear<br \/>\nMTM1019 &#8211; C\u00e1lculo \u201cA\u201d<br \/>\nMTM1020 &#8211; C\u00e1lculo \u201cB\u201d<br \/>\nMTM1021 &#8211; Equa\u00e7\u00f5es Diferenciais \u201cA\u201d<br \/>\nMTM1022 &#8211; Equa\u00e7\u00f5es Diferenciais \u201cB\u201d<br \/>\nMTM 224 &#8211; M\u00e9todos Num\u00e9ricos Computacionais<\/td>\n<td style=\"height: 144px;width: 85px\" align=\"center\">\u00a03220 8136<\/td>\n<\/tr>\n<tr style=\"height: 56px\">\n<td style=\"height: 56px;width: 279px\" align=\"center\">\u00a0<a href=\"http:\/\/www.ufsm.br\/quimica\/\" target=\"_blank\" rel=\"noopener\">Qu\u00edmica<\/a><\/td>\n<td style=\"height: 56px;width: 559px\" align=\"center\">\u00a0QMC1017- Qu\u00edmica Aplicada \u00e0 Engenharia Civil<\/td>\n<td style=\"height: 56px;width: 85px\" align=\"center\">\u00a03220 8138<\/td>\n<\/tr>\n<tr style=\"height: 272px\">\n<td style=\"height: 272px;width: 279px\" align=\"center\">Transportes<\/td>\n<td style=\"height: 272px;width: 559px\" align=\"center\">TRP1000 &#8211; Sistemas de Transportes<br \/>\nTRP1001-\u00a0 Infraestrutura de Transportes<br \/>\nTRP1002 &#8211; Materiais para Infraestrutura de Transportes<br \/>\nTRP1003 &#8211; Mec\u00e2nica dos Solos<br \/>\nTRP1004 &#8211; Obras de Terra \u201cA\u201d<br \/>\nTRP1005 &#8211; Rodovias I<br \/>\nTRP1006 &#8211; Rodovias II<br \/>\nTRP1007 &#8211; Engenharia de Tr\u00e1fego<br \/>\nTRP1008 &#8211; Transporte P\u00fablico<br \/>\nTRP1009 &#8211; Ferrovias<\/td>\n<td style=\"height: 272px;width: 85px\" align=\"center\">\u00a03220 8432<\/td>\n<\/tr>\n<\/tbody>\n<\/table>\n<\/div>\n","protected":false},"excerpt":{"rendered":"<p>Segue link para contato dos docentes do curso, atualizado para o segundo semestre de 2021: clique aqui! Departamentos relacionados ao Curso de Engenharia Civil: Departamento Disciplinas Contato \u00a0Computa\u00e7\u00e3o Aplicada \u00a0ELC1000 &#8211; Introdu\u00e7\u00e3o \u00e0 Inform\u00e1tica \u00a03220 6113 \u00a0Direito \u00a0JUR 116- Legisla\u00e7\u00e3o para Engenharia \u00a03220 9252 \u00a0Eletromec\u00e2nica e Sistemas de Pot\u00eancia \u00a0ESP1001- Eletricidade na Engenharia Civil \u00a03220 [&hellip;]<\/p>\n","protected":false},"author":194,"featured_media":0,"parent":0,"menu_order":0,"comment_status":"closed","ping_status":"closed","template":"","meta":{"footnotes":""},"categories":[],"tags":[],"class_list":["post-160","page","type-page","status-publish","hentry"],"acf":[],"_links":{"self":[{"href":"https:\/\/www.ufsm.br\/cursos\/graduacao\/santa-maria\/engenharia-civil\/wp-json\/wp\/v2\/pages\/160","targetHints":{"allow":["GET"]}}],"collection":[{"href":"https:\/\/www.ufsm.br\/cursos\/graduacao\/santa-maria\/engenharia-civil\/wp-json\/wp\/v2\/pages"}],"about":[{"href":"https:\/\/www.ufsm.br\/cursos\/graduacao\/santa-maria\/engenharia-civil\/wp-json\/wp\/v2\/types\/page"}],"author":[{"embeddable":true,"href":"https:\/\/www.ufsm.br\/cursos\/graduacao\/santa-maria\/engenharia-civil\/wp-json\/wp\/v2\/users\/194"}],"replies":[{"embeddable":true,"href":"https:\/\/www.ufsm.br\/cursos\/graduacao\/santa-maria\/engenharia-civil\/wp-json\/wp\/v2\/comments?post=160"}],"version-history":[{"count":0,"href":"https:\/\/www.ufsm.br\/cursos\/graduacao\/santa-maria\/engenharia-civil\/wp-json\/wp\/v2\/pages\/160\/revisions"}],"wp:attachment":[{"href":"https:\/\/www.ufsm.br\/cursos\/graduacao\/santa-maria\/engenharia-civil\/wp-json\/wp\/v2\/media?parent=160"}],"wp:term":[{"taxonomy":"category","embeddable":true,"href":"https:\/\/www.ufsm.br\/cursos\/graduacao\/santa-maria\/engenharia-civil\/wp-json\/wp\/v2\/categories?post=160"},{"taxonomy":"post_tag","embeddable":true,"href":"https:\/\/www.ufsm.br\/cursos\/graduacao\/santa-maria\/engenharia-civil\/wp-json\/wp\/v2\/tags?post=160"}],"curies":[{"name":"wp","href":"https:\/\/api.w.org\/{rel}","templated":true}]}}