{"id":169,"date":"2018-11-30T11:20:23","date_gmt":"2018-11-30T13:20:23","guid":{"rendered":"https:\/\/www.ufsm.br\/cursos\/graduacao\/santa-maria\/engenharia-civil\/?page_id=169"},"modified":"2023-02-16T11:17:01","modified_gmt":"2023-02-16T14:17:01","slug":"premio-destaque-universitario-seasm","status":"publish","type":"page","link":"https:\/\/www.ufsm.br\/cursos\/graduacao\/santa-maria\/engenharia-civil\/premio-destaque-universitario-seasm","title":{"rendered":"Pr\u00eamio &#8220;Destaque Universit\u00e1rio SEASM&#8221;"},"content":{"rendered":"<p style=\"text-align: left\" align=\"center\">A Sociedade de Engenharia e Arquitetura de Santa Maria &#8211; SEASM, institui, periodicamente o Pr\u00eamio &#8220;DESTAQUE UNIVERSIT\u00c1RIO SEASM&#8221;, com o objetivo de incentivar e valorizar a ampla forma\u00e7\u00e3o dos futuros profissionais, atrav\u00e9s de seu engajamento com a totalidade das pr\u00e1ticas sociais curriculares e extracurriculares (ensino, pesquisa e extens\u00e3o) nas \u00e1reas de Engenharia e Arquitetura.<\/p>\n<p style=\"text-align: left\" align=\"center\">O Pr\u00eamio ser\u00e1 concedido para formandos dos seguintes cursos: Engenharia Civil, Engenharia El\u00e9trica, Engenharia Mec\u00e2nica, Engenharia Qu\u00edmica, Engenharia Sanit\u00e1ria e Ambiental, Engenharia Ac\u00fastica, Engenharia de Computa\u00e7\u00e3o, Engenharia de Controle e Automa\u00e7\u00e3o, Engenharia de Produ\u00e7\u00e3o e Arquitetura e Urbanismo, sendo um pr\u00eamio por curso a cada semestre.<\/p>\n<p style=\"text-align: left\" align=\"center\">As inscri\u00e7\u00f5es ao Pr\u00eamio ser\u00e3o realizadas nas respectivas coordena\u00e7\u00f5es dos cursos.<\/p>\n<p style=\"text-align: left\" align=\"center\">A premia\u00e7\u00e3o consistir\u00e1 de diploma e isen\u00e7\u00e3o da anuidade de s\u00f3cio da SEASM por um ano.<\/p>\n<p style=\"text-align: left\" align=\"center\">Os(as) aluno(as) formandos(as) do 2\u00ba semestre de 2022, interessados(as) em concorrer ao Pr\u00eamio SEASM, dever\u00e3o providenciar sua inscri\u00e7\u00e3o at\u00e9 o dia 24 de fevereiro de 2023, atrav\u00e9s do <a href=\"https:\/\/forms.gle\/8WhxnX7xpnh9DLAk9\">link<\/a>.<\/p>\n<p style=\"text-align: left\" align=\"center\">Regulamento &#8211;\u00a0<a href=\"https:\/\/www.ufsm.br\/cursos\/graduacao\/santa-maria\/engenharia-civil\/wp-content\/uploads\/sites\/434\/2018\/11\/PREMIO-SEASM_REGULAMENTO_NOVO.pdf\" target=\"_blank\" rel=\"noopener noreferrer\">clique aqui<\/a><\/p>\n<p style=\"text-align: left\" align=\"center\">\n","protected":false},"excerpt":{"rendered":"<p>A Sociedade de Engenharia e Arquitetura de Santa Maria &#8211; SEASM, institui, periodicamente o Pr\u00eamio &#8220;DESTAQUE UNIVERSIT\u00c1RIO SEASM&#8221;, com o objetivo de incentivar e valorizar a ampla forma\u00e7\u00e3o dos futuros profissionais, atrav\u00e9s de seu engajamento com a totalidade das pr\u00e1ticas sociais curriculares e extracurriculares (ensino, pesquisa e extens\u00e3o) nas \u00e1reas de Engenharia e Arquitetura. O [&hellip;]<\/p>\n","protected":false},"author":194,"featured_media":0,"parent":0,"menu_order":0,"comment_status":"closed","ping_status":"closed","template":"","meta":{"footnotes":""},"categories":[],"tags":[],"class_list":["post-169","page","type-page","status-publish","hentry"],"acf":[],"_links":{"self":[{"href":"https:\/\/www.ufsm.br\/cursos\/graduacao\/santa-maria\/engenharia-civil\/wp-json\/wp\/v2\/pages\/169","targetHints":{"allow":["GET"]}}],"collection":[{"href":"https:\/\/www.ufsm.br\/cursos\/graduacao\/santa-maria\/engenharia-civil\/wp-json\/wp\/v2\/pages"}],"about":[{"href":"https:\/\/www.ufsm.br\/cursos\/graduacao\/santa-maria\/engenharia-civil\/wp-json\/wp\/v2\/types\/page"}],"author":[{"embeddable":true,"href":"https:\/\/www.ufsm.br\/cursos\/graduacao\/santa-maria\/engenharia-civil\/wp-json\/wp\/v2\/users\/194"}],"replies":[{"embeddable":true,"href":"https:\/\/www.ufsm.br\/cursos\/graduacao\/santa-maria\/engenharia-civil\/wp-json\/wp\/v2\/comments?post=169"}],"version-history":[{"count":0,"href":"https:\/\/www.ufsm.br\/cursos\/graduacao\/santa-maria\/engenharia-civil\/wp-json\/wp\/v2\/pages\/169\/revisions"}],"wp:attachment":[{"href":"https:\/\/www.ufsm.br\/cursos\/graduacao\/santa-maria\/engenharia-civil\/wp-json\/wp\/v2\/media?parent=169"}],"wp:term":[{"taxonomy":"category","embeddable":true,"href":"https:\/\/www.ufsm.br\/cursos\/graduacao\/santa-maria\/engenharia-civil\/wp-json\/wp\/v2\/categories?post=169"},{"taxonomy":"post_tag","embeddable":true,"href":"https:\/\/www.ufsm.br\/cursos\/graduacao\/santa-maria\/engenharia-civil\/wp-json\/wp\/v2\/tags?post=169"}],"curies":[{"name":"wp","href":"https:\/\/api.w.org\/{rel}","templated":true}]}}