{"id":172,"date":"2018-11-30T11:22:26","date_gmt":"2018-11-30T13:22:26","guid":{"rendered":"https:\/\/www.ufsm.br\/cursos\/graduacao\/santa-maria\/engenharia-civil\/?page_id=172"},"modified":"2018-11-30T11:22:27","modified_gmt":"2018-11-30T13:22:27","slug":"empresas-juniores","status":"publish","type":"page","link":"https:\/\/www.ufsm.br\/cursos\/graduacao\/santa-maria\/engenharia-civil\/empresas-juniores","title":{"rendered":"Empresas Juniores"},"content":{"rendered":"<h2 style=\"text-align: left\">Base Jr<\/h2>\n<p style=\"text-align: left\" align=\"center\"><strong>Empresa J\u00fanior de Engenharia Civil<\/strong><\/p>\n<p style=\"text-align: left\">A Base Jr. Empresa J\u00fanior de Engenharia Civil \u00e9 uma associa\u00e7\u00e3o civil\u00a0sem fins lucrativos, mas com fins educacionais, formada exclusivamente por\u00a0estudantes em fase de gradua\u00e7\u00e3o. O principal objetivo \u00e9 capacitar os\u00a0membros na realiza\u00e7\u00e3o de projetos e na gest\u00e3o empresarial, possibilitando\u00a0a eles, ainda na gradua\u00e7\u00e3o, ter contato com as dificuldades do mercado\u00a0de trabalho.<\/p>\n<p style=\"text-align: left\" align=\"center\"><strong>Contatos:<\/strong><\/p>\n<p style=\"text-align: left\" align=\"center\">UFSM &#8211; Universidade Federal de Santa Maria<br \/>\nCT &#8211; Centro de Tecnologia<br \/>\nAv. Roraima, n\u00b0 1000, pr\u00e9dio 7 anexo C, sala 1103A<br \/>\nCEP 97105-900 &#8211; Santa Maria &#8211; RS<\/p>\n<p style=\"text-align: left\" align=\"center\"><strong>Site:\u00a0<a href=\"http:\/\/www.basejr.com.br\/\" target=\"_blank\" rel=\"noopener\">http:\/\/www.basejr.com.br\/<\/a><\/strong><\/p>\n<p style=\"text-align: left\" align=\"center\"><strong>Fone: (55) 98100 3212<\/strong><\/p>\n<p style=\"text-align: left\" align=\"center\"><strong>E-mail:\u00a0<a href=\"mailto:contato@basejr.com.br\" target=\"_blank\" rel=\"noopener\">contato@basejr.com.br<\/a><\/strong><\/p>\n<p style=\"text-align: left\" align=\"center\"><strong>Face:\u00a0<a href=\"https:\/\/www.facebook.com\/EmpresaBaseJr\/\" target=\"_blank\" rel=\"noopener\">https:\/\/www.facebook.com\/EmpresaBaseJr\/<\/a><\/strong><\/p>\n","protected":false},"excerpt":{"rendered":"<p>Base Jr Empresa J\u00fanior de Engenharia Civil A Base Jr. Empresa J\u00fanior de Engenharia Civil \u00e9 uma associa\u00e7\u00e3o civil\u00a0sem fins lucrativos, mas com fins educacionais, formada exclusivamente por\u00a0estudantes em fase de gradua\u00e7\u00e3o. O principal objetivo \u00e9 capacitar os\u00a0membros na realiza\u00e7\u00e3o de projetos e na gest\u00e3o empresarial, possibilitando\u00a0a eles, ainda na gradua\u00e7\u00e3o, ter contato com as [&hellip;]<\/p>\n","protected":false},"author":194,"featured_media":0,"parent":0,"menu_order":0,"comment_status":"closed","ping_status":"closed","template":"","meta":{"footnotes":""},"categories":[],"tags":[],"class_list":["post-172","page","type-page","status-publish","hentry"],"acf":[],"_links":{"self":[{"href":"https:\/\/www.ufsm.br\/cursos\/graduacao\/santa-maria\/engenharia-civil\/wp-json\/wp\/v2\/pages\/172","targetHints":{"allow":["GET"]}}],"collection":[{"href":"https:\/\/www.ufsm.br\/cursos\/graduacao\/santa-maria\/engenharia-civil\/wp-json\/wp\/v2\/pages"}],"about":[{"href":"https:\/\/www.ufsm.br\/cursos\/graduacao\/santa-maria\/engenharia-civil\/wp-json\/wp\/v2\/types\/page"}],"author":[{"embeddable":true,"href":"https:\/\/www.ufsm.br\/cursos\/graduacao\/santa-maria\/engenharia-civil\/wp-json\/wp\/v2\/users\/194"}],"replies":[{"embeddable":true,"href":"https:\/\/www.ufsm.br\/cursos\/graduacao\/santa-maria\/engenharia-civil\/wp-json\/wp\/v2\/comments?post=172"}],"version-history":[{"count":0,"href":"https:\/\/www.ufsm.br\/cursos\/graduacao\/santa-maria\/engenharia-civil\/wp-json\/wp\/v2\/pages\/172\/revisions"}],"wp:attachment":[{"href":"https:\/\/www.ufsm.br\/cursos\/graduacao\/santa-maria\/engenharia-civil\/wp-json\/wp\/v2\/media?parent=172"}],"wp:term":[{"taxonomy":"category","embeddable":true,"href":"https:\/\/www.ufsm.br\/cursos\/graduacao\/santa-maria\/engenharia-civil\/wp-json\/wp\/v2\/categories?post=172"},{"taxonomy":"post_tag","embeddable":true,"href":"https:\/\/www.ufsm.br\/cursos\/graduacao\/santa-maria\/engenharia-civil\/wp-json\/wp\/v2\/tags?post=172"}],"curies":[{"name":"wp","href":"https:\/\/api.w.org\/{rel}","templated":true}]}}