{"id":173,"date":"2018-11-30T11:24:01","date_gmt":"2018-11-30T13:24:01","guid":{"rendered":"https:\/\/www.ufsm.br\/cursos\/graduacao\/santa-maria\/engenharia-civil\/?page_id=173"},"modified":"2020-06-12T10:21:08","modified_gmt":"2020-06-12T13:21:08","slug":"pet-engenharia-civil","status":"publish","type":"page","link":"https:\/\/www.ufsm.br\/cursos\/graduacao\/santa-maria\/engenharia-civil\/pet-engenharia-civil","title":{"rendered":"PET &#8211; Engenharia Civil"},"content":{"rendered":"<p style=\"text-align: left\"><img fetchpriority=\"high\" decoding=\"async\" class=\"alignnone size-medium wp-image-1776\" src=\"https:\/\/www.ufsm.br\/cursos\/graduacao\/santa-maria\/engenharia-civil\/wp-content\/uploads\/sites\/434\/2020\/06\/Logo-2019-Preto-HD-300x188.png\" alt=\"\" width=\"300\" height=\"188\" srcset=\"https:\/\/www.ufsm.br\/app\/uploads\/sites\/434\/2020\/06\/Logo-2019-Preto-HD-300x188.png 300w, https:\/\/www.ufsm.br\/app\/uploads\/sites\/434\/2020\/06\/Logo-2019-Preto-HD-1024x640.png 1024w, https:\/\/www.ufsm.br\/app\/uploads\/sites\/434\/2020\/06\/Logo-2019-Preto-HD-768x480.png 768w, https:\/\/www.ufsm.br\/app\/uploads\/sites\/434\/2020\/06\/Logo-2019-Preto-HD-1536x960.png 1536w, https:\/\/www.ufsm.br\/app\/uploads\/sites\/434\/2020\/06\/Logo-2019-Preto-HD.png 1920w\" sizes=\"(max-width: 300px) 100vw, 300px\" \/><\/p>\n<p style=\"text-align: left\">Um dos objetivos do PET \u00e9 fazer com que os alunos \u00a0bolsistas induzam e\u00a0estimulem os h\u00e1bitos de estudos dos outros alunos do curso al\u00e9m de melhorar a integra\u00e7\u00e3o entre todos.<\/p>\n<p style=\"text-align: left\"><strong>Contato:<\/strong><\/p>\n<p style=\"text-align: left\" align=\"center\">UFSM &#8211; Universidade Federal de Santa Maria<br \/>\nCT &#8211; Centro de Tecnologia<br \/>\nAv. Roraima, n\u00b0 1000, pr\u00e9dio 7, sala 141<br \/>\nCEP 97105-900 &#8211; Santa Maria &#8211; RS<\/p>\n<div>E-mail:\u00a0 <a title=\"petegcufsm@gmail.com\" href=\"https:\/\/outlook.live.com\/mail\/inbox\/id\/petegcufsm@gmail.com\" target=\"_blank\" rel=\"noopener noreferrer\" data-saferedirecturl=\"https:\/\/www.google.com\/url?q=https:\/\/outlook.live.com\/mail\/inbox\/id\/petegcufsm@gmail.com&amp;source=gmail&amp;ust=1592053983762000&amp;usg=AFQjCNELNA_dFHGVsvPn81g39a2pwjU3Fg\">petegcufsm@gmail.com<\/a><\/div>\n<div>Facebook:\u00a0\u00a0<a title=\"facebook.com\/petcivilufsm\" href=\"https:\/\/outlook.live.com\/mail\/inbox\/id\/facebook.com\/petcivilufsm\" target=\"_blank\" rel=\"noopener noreferrer\" data-saferedirecturl=\"https:\/\/www.google.com\/url?q=https:\/\/outlook.live.com\/mail\/inbox\/id\/facebook.com\/petcivilufsm&amp;source=gmail&amp;ust=1592053983762000&amp;usg=AFQjCNFFkqKYlw2GHsqMxpC7uDZXs8z4MQ\">facebook.com\/petcivilufsm<\/a><\/div>\n<div>Instagram:\u00a0\u00a0<a title=\"instagram.com\/petcivilufsm\" href=\"https:\/\/outlook.live.com\/mail\/inbox\/id\/instagram.com\/petcivilufsm\" target=\"_blank\" rel=\"noopener noreferrer\" data-saferedirecturl=\"https:\/\/www.google.com\/url?q=https:\/\/outlook.live.com\/mail\/inbox\/id\/instagram.com\/petcivilufsm&amp;source=gmail&amp;ust=1592053983762000&amp;usg=AFQjCNE_1oc_p-USnuekD2zCwwH9bQE1OA\">instagram.com\/petcivilufsm<\/a><\/div>\n","protected":false},"excerpt":{"rendered":"<p>Um dos objetivos do PET \u00e9 fazer com que os alunos \u00a0bolsistas induzam e\u00a0estimulem os h\u00e1bitos de estudos dos outros alunos do curso al\u00e9m de melhorar a integra\u00e7\u00e3o entre todos. Contato: UFSM &#8211; Universidade Federal de Santa Maria CT &#8211; Centro de Tecnologia Av. Roraima, n\u00b0 1000, pr\u00e9dio 7, sala 141 CEP 97105-900 &#8211; Santa [&hellip;]<\/p>\n","protected":false},"author":194,"featured_media":0,"parent":0,"menu_order":0,"comment_status":"closed","ping_status":"closed","template":"","meta":{"footnotes":""},"categories":[],"tags":[],"class_list":["post-173","page","type-page","status-publish","hentry"],"acf":[],"_links":{"self":[{"href":"https:\/\/www.ufsm.br\/cursos\/graduacao\/santa-maria\/engenharia-civil\/wp-json\/wp\/v2\/pages\/173","targetHints":{"allow":["GET"]}}],"collection":[{"href":"https:\/\/www.ufsm.br\/cursos\/graduacao\/santa-maria\/engenharia-civil\/wp-json\/wp\/v2\/pages"}],"about":[{"href":"https:\/\/www.ufsm.br\/cursos\/graduacao\/santa-maria\/engenharia-civil\/wp-json\/wp\/v2\/types\/page"}],"author":[{"embeddable":true,"href":"https:\/\/www.ufsm.br\/cursos\/graduacao\/santa-maria\/engenharia-civil\/wp-json\/wp\/v2\/users\/194"}],"replies":[{"embeddable":true,"href":"https:\/\/www.ufsm.br\/cursos\/graduacao\/santa-maria\/engenharia-civil\/wp-json\/wp\/v2\/comments?post=173"}],"version-history":[{"count":0,"href":"https:\/\/www.ufsm.br\/cursos\/graduacao\/santa-maria\/engenharia-civil\/wp-json\/wp\/v2\/pages\/173\/revisions"}],"wp:attachment":[{"href":"https:\/\/www.ufsm.br\/cursos\/graduacao\/santa-maria\/engenharia-civil\/wp-json\/wp\/v2\/media?parent=173"}],"wp:term":[{"taxonomy":"category","embeddable":true,"href":"https:\/\/www.ufsm.br\/cursos\/graduacao\/santa-maria\/engenharia-civil\/wp-json\/wp\/v2\/categories?post=173"},{"taxonomy":"post_tag","embeddable":true,"href":"https:\/\/www.ufsm.br\/cursos\/graduacao\/santa-maria\/engenharia-civil\/wp-json\/wp\/v2\/tags?post=173"}],"curies":[{"name":"wp","href":"https:\/\/api.w.org\/{rel}","templated":true}]}}