{"id":177,"date":"2018-12-03T08:38:34","date_gmt":"2018-12-03T10:38:34","guid":{"rendered":"https:\/\/www.ufsm.br\/cursos\/graduacao\/santa-maria\/engenharia-civil\/?page_id=177"},"modified":"2025-12-15T08:31:35","modified_gmt":"2025-12-15T11:31:35","slug":"tcc","status":"publish","type":"page","link":"https:\/\/www.ufsm.br\/cursos\/graduacao\/santa-maria\/engenharia-civil\/tcc","title":{"rendered":"TCC"},"content":{"rendered":"<h4 style=\"text-align: left\">O d\u00e9cimo (10\u00b0) Semestre do curso \u00e9 dedicado exclusivamente \u00e0s Disciplinas \u00a0ENG1001 &#8211; Est\u00e1gio Supervisionado Obrigat\u00f3rio e ENG1002 &#8211; Trabalho de Conclus\u00e3o de Curso\/TCC.<\/h4>\n<p style=\"text-align: left\" align=\"center\">Orienta\u00e7\u00f5es para matr\u00edcula:<\/p>\n<p style=\"text-align: left\"><strong>Disciplina ENG1002 &#8211; TRABALHO DE CONCLUS\u00c3O DE CURSO<\/strong><\/p>\n<p style=\"text-align: left\">&#8211;<span style=\"color: #ff0000\"> A matr\u00edcula ser\u00e1 realizada exclusivamente pela Coordena\u00e7\u00e3o do Curso<\/span>, durante o per\u00edodo de ajuste de matr\u00edcula, conforme previsto no Calend\u00e1rio Acad\u00eamico da Institui\u00e7\u00e3o.\u00a0Para efetiva\u00e7\u00e3o da matr\u00edcula o (a) aluno (a) dever\u00e1 enviar por e-mail (engcivil@ufsm.br), a <a href=\"https:\/\/www.ufsm.br\/app\/uploads\/sites\/434\/2021\/08\/DECLARACAO-PROF-ORIENTADOR-DE-TCC-PADRAO-2021-REDE.doc\">Declara\u00e7\u00e3o de Professor Orientador de Trabalho de Conclus\u00e3o de Curso.<\/a><\/p>\n<ul id=\"block-02d4f537-f76e-4b58-968c-e5a143eef23b\" class=\"block-editor-block-list__block wp-block is-selected rich-text block-editor-rich-text__editable is-hovered wp-block\" role=\"textbox\" aria-label=\"Escrever lista...\" data-block=\"02d4f537-f76e-4b58-968c-e5a143eef23b\" data-type=\"core\/list\" data-title=\"Lista\">\n<li>Alunos que j\u00e1 estavam cursando TCC no semestre anterior e necessitam de prorroga\u00e7\u00e3o de prazo, dever\u00e3o solicitar aos seus orientadores que os coloquem em situa\u00e7\u00e3o incompleta e n\u00e3o necessitam realizar nova matr\u00edcula.<\/li>\n<\/ul>\n<p style=\"text-align: left\" align=\"center\">&#8211; Recomenda-se que o (a) estudante que postule efetuar matr\u00edcula em Trabalho de Conclus\u00e3o de Curso procure um (a) Professor (a) Orientador (a) no t\u00e9rmino do semestre anterior ao semestre que deseja realiz\u00e1-lo.<\/p>\n<p style=\"text-align: left\" align=\"center\">&#8211; A matr\u00edcula e todos os aspectos relacionados ao Trabalho de Conclus\u00e3o de Curso est\u00e3o disciplinados pelo Regulamento do Trabalho de Conclus\u00e3o de Curso, aprovado pelo Colegiado do Curso, dispon\u00edvel para consulta no site do Curso.<\/p>\n<p style=\"text-align: left\" align=\"center\">Declara\u00e7\u00e3o de Orientador(a) de TCC:\u00a0<a href=\"https:\/\/www.ufsm.br\/app\/uploads\/sites\/434\/2021\/08\/DECLARACAO-PROF-ORIENTADOR-DE-TCC-PADRAO-2021-REDE.doc\" target=\"_blank\" rel=\"noopener noreferrer\">clique aqui<\/a><\/p>\n<p style=\"text-align: left\" align=\"center\">Regulamento do Trabalho de Conclus\u00e3o de Curso (Constitui\u00e7\u00e3o das bancas):\u00a0<a href=\"https:\/\/www.ufsm.br\/cursos\/graduacao\/santa-maria\/engenharia-civil\/wp-content\/uploads\/sites\/434\/2018\/12\/Regulamento_TCC-2017_09_21.pdf\" target=\"_blank\" rel=\"noopener noreferrer\">clique aqui<\/a><\/p>\n<p style=\"text-align: left\" align=\"center\">Formul\u00e1rios para a avalia\u00e7\u00e3o (Ata da Banca) do\u00a0Trabalho de Conclus\u00e3o de Curso:\u00a0<a href=\"https:\/\/www.ufsm.br\/cursos\/graduacao\/santa-maria\/engenharia-civil\/wp-content\/uploads\/sites\/434\/2018\/12\/Ata_defesa_TCC.doc\" target=\"_blank\" rel=\"noopener noreferrer\">clique aqui<\/a><\/p>\n<p style=\"text-align: left\" align=\"center\">Autoriza\u00e7\u00e3o p\/ libera\u00e7\u00e3o do TCC no Manancial: <a href=\"https:\/\/www.ufsm.br\/cursos\/graduacao\/santa-maria\/engenharia-civil\/wp-content\/uploads\/sites\/434\/2019\/09\/autorizacao_tcc_graduacao_online_2016-1-1.doc\">clique aqui<\/a><br \/>&#8211;<span style=\"background-color: #ffff00\"> TCCs a partir de 2019 podem ser obtidos no manancial da UFSM.<\/span><\/p>\n<p style=\"text-align: left\" align=\"center\">\u00a0Manual de Disserta\u00e7\u00f5es e Teses da UFSM &#8211; MDT\/2015:\u00a0<a href=\"https:\/\/drive.google.com\/file\/d\/0B0ZjVFjTsQo-ZkU3QU81S1RxSkU\/view\" target=\"_blank\" rel=\"noopener noreferrer\">clique aqui<\/a><\/p>\n<p style=\"text-align: left\">CURR\u00cdCULO 2023:<\/p>\n<p>Planilhas de Avalia\u00e7\u00e3o:<\/p>\n\n\n<div class=\"wp-block-file\"><a id=\"wp-block-file--media-d7b4e153-effa-44d3-a132-4e0af4cdfa4b\" href=\"https:\/\/www.ufsm.br\/app\/uploads\/sites\/434\/2025\/12\/MODELO_Planilha-de-Avaliacao-PFC.xlsx\">MODELO_Planilha de Avalia\u00e7\u00e3o &#8211; PFC<\/a><a href=\"https:\/\/www.ufsm.br\/app\/uploads\/sites\/434\/2025\/12\/MODELO_Planilha-de-Avaliacao-PFC.xlsx\" class=\"wp-block-file__button wp-element-button\" download aria-describedby=\"wp-block-file--media-d7b4e153-effa-44d3-a132-4e0af4cdfa4b\">Baixar<\/a><\/div>\n","protected":false},"excerpt":{"rendered":"<p>O d\u00e9cimo (10\u00b0) Semestre do curso \u00e9 dedicado exclusivamente \u00e0s Disciplinas \u00a0ENG1001 &#8211; Est\u00e1gio Supervisionado Obrigat\u00f3rio e ENG1002 &#8211; Trabalho de Conclus\u00e3o de Curso\/TCC. Orienta\u00e7\u00f5es para matr\u00edcula: Disciplina ENG1002 &#8211; TRABALHO DE CONCLUS\u00c3O DE CURSO &#8211; A matr\u00edcula ser\u00e1 realizada exclusivamente pela Coordena\u00e7\u00e3o do Curso, durante o per\u00edodo de ajuste de matr\u00edcula, conforme previsto no [&hellip;]<\/p>\n","protected":false},"author":194,"featured_media":0,"parent":0,"menu_order":0,"comment_status":"closed","ping_status":"closed","template":"","meta":{"footnotes":""},"categories":[],"tags":[],"class_list":["post-177","page","type-page","status-publish","hentry"],"acf":[],"_links":{"self":[{"href":"https:\/\/www.ufsm.br\/cursos\/graduacao\/santa-maria\/engenharia-civil\/wp-json\/wp\/v2\/pages\/177","targetHints":{"allow":["GET"]}}],"collection":[{"href":"https:\/\/www.ufsm.br\/cursos\/graduacao\/santa-maria\/engenharia-civil\/wp-json\/wp\/v2\/pages"}],"about":[{"href":"https:\/\/www.ufsm.br\/cursos\/graduacao\/santa-maria\/engenharia-civil\/wp-json\/wp\/v2\/types\/page"}],"author":[{"embeddable":true,"href":"https:\/\/www.ufsm.br\/cursos\/graduacao\/santa-maria\/engenharia-civil\/wp-json\/wp\/v2\/users\/194"}],"replies":[{"embeddable":true,"href":"https:\/\/www.ufsm.br\/cursos\/graduacao\/santa-maria\/engenharia-civil\/wp-json\/wp\/v2\/comments?post=177"}],"version-history":[{"count":0,"href":"https:\/\/www.ufsm.br\/cursos\/graduacao\/santa-maria\/engenharia-civil\/wp-json\/wp\/v2\/pages\/177\/revisions"}],"wp:attachment":[{"href":"https:\/\/www.ufsm.br\/cursos\/graduacao\/santa-maria\/engenharia-civil\/wp-json\/wp\/v2\/media?parent=177"}],"wp:term":[{"taxonomy":"category","embeddable":true,"href":"https:\/\/www.ufsm.br\/cursos\/graduacao\/santa-maria\/engenharia-civil\/wp-json\/wp\/v2\/categories?post=177"},{"taxonomy":"post_tag","embeddable":true,"href":"https:\/\/www.ufsm.br\/cursos\/graduacao\/santa-maria\/engenharia-civil\/wp-json\/wp\/v2\/tags?post=177"}],"curies":[{"name":"wp","href":"https:\/\/api.w.org\/{rel}","templated":true}]}}