{"id":195,"date":"2018-12-03T08:59:09","date_gmt":"2018-12-03T10:59:09","guid":{"rendered":"https:\/\/www.ufsm.br\/cursos\/graduacao\/santa-maria\/engenharia-civil\/?page_id=195"},"modified":"2026-03-10T08:45:26","modified_gmt":"2026-03-10T11:45:26","slug":"estagio-nao-obrigatorio","status":"publish","type":"page","link":"https:\/\/www.ufsm.br\/cursos\/graduacao\/santa-maria\/engenharia-civil\/estagio-nao-obrigatorio","title":{"rendered":"Est\u00e1gio N\u00e3o Obrigat\u00f3rio"},"content":{"rendered":"<p>A partir de Outubro de 2025, os est\u00e1gio ser\u00e3o formalizados via solicita\u00e7\u00e3o no Portal Estudantil. Para abertura do processo, siga a instru\u00e7\u00e3o do seguinte tutorial:<\/p>\n<p><a href=\"https:\/\/ntetube.nte.ufsm.br\/v\/1759941155\">https:\/\/ntetube.nte.ufsm.br\/v\/1759941155<\/a><\/p>\n<p>\u00a0<\/p>\n<ul>\n<li style=\"font-weight: 400\"><span style=\"color: #000000\"><span style=\"font-weight: 400\">DOCUMENTOS<\/span><span style=\"font-weight: 400\">:<\/span><\/span>\n<ul>\n<li style=\"font-weight: 400\"><span style=\"font-weight: 400\">125.62 \u2013 Termo de compromisso de est\u00e1gio n\u00e3o obrigat\u00f3rio de aluno de gradua\u00e7\u00e3o<\/span><i><span style=\"font-weight: 400\"> &#8211; <\/span><\/i><a href=\"https:\/\/www.ufsm.br\/app\/uploads\/sites\/434\/2025\/04\/TCE-Estagio-Nao-Obrigatorio-Externo_protegida-1-1.docx\"><i><span style=\"font-weight: 400\">clique aqui<\/span><\/i><\/a><\/li>\n<li style=\"font-weight: 400\"><span style=\"font-weight: 400\">125.43 \u2013 Ap\u00f3lice de seguro de aluno de gradua\u00e7\u00e3o <\/span><i><span style=\"font-weight: 400\">(Conforme a legisla\u00e7\u00e3o vigente, \u00e9 obriga\u00e7\u00e3o da empresa concedente a oferta da ap\u00f3lice de seguro de est\u00e1gio)<\/span><\/i><\/li>\n<li style=\"font-weight: 400\"><span style=\"font-weight: 400\">125.62 \u2013 Relat\u00f3rio de atividades, <\/span><a href=\"https:\/\/docs.google.com\/document\/d\/19QBNE5dsNNHE2tecVxBFIw14ZgwiSlWJ\/edit?usp=sharing&amp;ouid=104912608605207273585&amp;rtpof=true&amp;sd=true\"><span style=\"font-weight: 400\">clique aqui<\/span><\/a><span style=\"font-weight: 400\">. <\/span><span style=\"color: #000000\"><span style=\"font-weight: 400\">ATEN\u00c7\u00c3O: Conforme IN 01\/22 \u2013 PROGRAD, o relat\u00f3rio <\/span><span style=\"font-weight: 400\">deve<\/span><span style=\"font-weight: 400\"> ser inserido <\/span><span style=\"font-weight: 400\">a cada 6 meses<\/span><span style=\"font-weight: 400\"> no processo PEN-SIE de homologa\u00e7\u00e3o de est\u00e1gio e \u00e9 de responsabilidade do estagi\u00e1rio e do professor orientador o cumprimento da norma.<\/span><\/span><\/li>\n<\/ul>\n<\/li>\n<\/ul>\n<p><span style=\"font-weight: 400;color: #000000\">ATEN\u00c7\u00c3O: Os documentos DEVER\u00c3O ser inseridos, em pdf, no portal estudantil para poderem ser assinados eletronicamente (professores, alunos e empresas). Caso a Empresa Concedente utilize outros programas para assinatura eletr\u00f4nica, o aluno deve, mesmo assim, criar um processo no portal estudantil para homologa\u00e7\u00e3o do termo de est\u00e1gio.<\/span><\/p>\n<p><span style=\"font-weight: 400\">Termo de Compromisso de Est\u00e1gio Extracurricular <\/span><span style=\"font-weight: 400\">\u2013 n\u00e3o entregar c\u00f3pia f\u00edsica na Secretaria do Curso j\u00e1 que todo processo <\/span><span style=\"font-weight: 400\">DEVER\u00c1<\/span><span style=\"font-weight: 400\"> ser feito via portal estudantil, conforme orienta\u00e7\u00f5es acima.<\/span><\/p>\n<ul>\n<li style=\"font-weight: 400\"><span style=\"font-weight: 400\">D\u00favidas e esclarecimentos devem ser solicitados \u00e0 equipe do PEN-SIE pelo e-mail <\/span><span style=\"font-weight: 400\">pen@ufsm.br<\/span><\/li>\n<\/ul>\n<ul>\n<li style=\"font-weight: 400\"><span style=\"font-weight: 400\">Para preenchimento dos dados do Professor Orientador, solicitar informa\u00e7\u00f5es por e-mail, para a secretaria do Curso. N\u00e3o deve mais ser colocado o nome do Coordenador do Curso.<\/span><\/li>\n<\/ul>\n<ul>\n<li style=\"font-weight: 400\"><span style=\"font-weight: 400\">Termo aditivo, <\/span><a href=\"https:\/\/docs.google.com\/document\/d\/1Y4zoV3Cc2nHHKsYxqRYhlBKmsEYDjsq-\/edit?usp=sharing&amp;ouid=104912608605207273585&amp;rtpof=true&amp;sd=true\"><span style=\"font-weight: 400\">clique aqui<\/span><\/a><span style=\"font-weight: 400\">.<\/span><\/li>\n<li style=\"font-weight: 400\"><span style=\"font-weight: 400\">Termo de rescis\u00e3o, <\/span><a href=\"https:\/\/docs.google.com\/document\/d\/17fcwdpoKH8QZ9JkJxacMtjB5b_44QZXD\/edit?usp=sharing&amp;ouid=104912608605207273585&amp;rtpof=true&amp;sd=true\"><span style=\"font-weight: 400\">clique aqui<\/span><\/a><span style=\"font-weight: 400\">.\u00a0<\/span><\/li>\n<\/ul>\n<p><span style=\"font-weight: 400\">ATEN\u00c7\u00c3O! <\/span><span style=\"font-weight: 400\">Conforme a legisla\u00e7\u00e3o vigente, a ap\u00f3lice de seguro no est\u00e1gio extracurricular dever\u00e1 ser ofertada pela empresa concedente<\/span><span style=\"font-weight: 400\">:<\/span><\/p>\n<p><span style=\"font-weight: 400\">Art. 9\u00ba As pessoas jur\u00eddicas de direito privado e os \u00f3rg\u00e3os da administra\u00e7\u00e3o p\u00fablica direta, aut\u00e1rquica e fundacional de qualquer dos Poderes da Uni\u00e3o, dos Estados, do Distrito Federal e dos Munic\u00edpios, bem como profissionais liberais de n\u00edvel superior devidamente registrados em seus respectivos conselhos de fiscaliza\u00e7\u00e3o profissional, <\/span><span style=\"font-weight: 400\">podem oferecer est\u00e1gio, observadas as seguintes obriga\u00e7\u00f5es<\/span><span style=\"font-weight: 400\">:<\/span><\/p>\n<p><span style=\"font-weight: 400\">(\u2026) IV \u2013 contratar em favor do estagi\u00e1rio seguro contra acidentes pessoais, cuja ap\u00f3lice seja compat\u00edvel com valores de mercado, conforme fique estabelecido no termo de compromisso<\/span><span style=\"font-weight: 400\">;<\/span><\/p>\n<p><span style=\"font-weight: 400\">PARA UTILIZA\u00c7\u00c3O COMO ACG (30h)<\/span><\/p>\n<p><span style=\"font-weight: 400\">Para ser computado como carga hor\u00e1ria de Atividade Complementar de Gradua\u00e7\u00e3o, conforme orienta\u00e7\u00f5es neste <\/span><a href=\"https:\/\/www.ufsm.br\/cursos\/graduacao\/santa-maria\/engenharia-civil\/acgs\/\"><span style=\"font-weight: 400\">link<\/span><\/a><span style=\"font-weight: 400\">, o aluno dever\u00e1, <\/span><span style=\"font-weight: 400\">ap\u00f3s o t\u00e9rmino do per\u00edodo de est\u00e1gio<\/span><span style=\"font-weight: 400\">, anexar na solicita\u00e7\u00e3o de Dispensa de ACG:<\/span><\/p>\n<ul>\n<li style=\"font-weight: 400\"><span style=\"font-weight: 400\">Processo PEN com homologa\u00e7\u00e3o do termo de est\u00e1gio onde deve estar inserido o relat\u00f3rio de atividades, conforme modelo acima e\/ou Declara\u00e7\u00e3o para c\u00f4mputo de horas, conforme modelo neste <\/span><a href=\"https:\/\/docs.google.com\/document\/d\/1oI9r7TLnkIqOJtElYHEfJzLJVx9Ww-xE\/edit?usp=sharing&amp;ouid=104912608605207273585&amp;rtpof=true&amp;sd=true\"><span style=\"font-weight: 400\">link<\/span><\/a><\/li>\n<\/ul>\n<p><span style=\"font-weight: 400\">Legisla\u00e7\u00e3o que regulamenta os est\u00e1gios:<\/span><\/p>\n<ul>\n<li style=\"font-weight: 400\"><a href=\"http:\/\/www.planalto.gov.br\/ccivil_03\/_ato2007-2010\/2008\/lei\/l11788.htm\"><span style=\"font-weight: 400\">Lei n\u00b0 11.788<\/span><\/a><span style=\"font-weight: 400\"> de 25 de setembro de 2008.<\/span><\/li>\n<li style=\"font-weight: 400\"><a href=\"https:\/\/www.ufsm.br\/cursos\/graduacao\/santa-maria\/engenharia-mecanica\/wp-content\/uploads\/sites\/435\/2018\/12\/025-1.pdf\"><span style=\"font-weight: 400\">Resolu\u00e7\u00e3o 025\/2010 UFSM<\/span><\/a><span style=\"font-weight: 400\"> \u2013 Regulamenta, no \u00e2mbito da UFSM, a concess\u00e3o de est\u00e1gios supervisionados obrigat\u00f3rios e n\u00e3o obrigat\u00f3rios a alunos de gradua\u00e7\u00e3o e de ensino m\u00e9dio e tecnol\u00f3gico.<\/span><\/li>\n<li style=\"font-weight: 400\"><a href=\"https:\/\/portal.ufsm.br\/documentos\/publico\/documento.html?id=13946288\"><span style=\"font-weight: 400\">Instru\u00e7\u00e3o Normativa PROGRAD\/UFSM N. 001\/2022<\/span><\/a><span style=\"font-weight: 400\"> de 26\/01\/2022 \u2013 Orienta a respeito da formaliza\u00e7\u00e3o dos est\u00e1gios de gradua\u00e7\u00e3o, regulando o registro das atividades de est\u00e1gio no Sistema Integrado para o Ensino (SIE), bem como a atribui\u00e7\u00e3o de encargos did\u00e1ticos \u00e0 atividade de orienta\u00e7\u00e3o de est\u00e1gio n\u00e3o obrigat\u00f3rio.<\/span><\/li>\n<li style=\"font-weight: 400\"><span style=\"font-weight: 400\">Orienta\u00e7\u00f5es da UFSM para est\u00e1gios: <\/span><a href=\"https:\/\/www.ufsm.br\/pro-reitorias\/prograd\/code\/estagios\"><span style=\"font-weight: 400\">ufsm.br\/est\u00e1gios<\/span><\/a><\/li>\n<\/ul>\n<table>\n<tbody>\n<tr>\n<td>\n<p><span style=\"font-weight: 400\">ATEN\u00c7\u00c3O!<\/span><\/p>\n<p><span style=\"font-weight: 400\">CONV\u00caNIO DE EST\u00c1GIO:<\/span><\/p>\n<p><span style=\"font-weight: 400\">Documento firmado entre a UFSM e a Empresa Concedente de est\u00e1gio. \u2013 Quem assina o documento \u00e9 a Vice-Reitora e Representante da Empresa.<\/span><\/p>\n<p><span style=\"font-weight: 400\">\u2013 Devem ser feitos os tr\u00e2mites conforme abaixo. (A Coordena\u00e7\u00e3o do Curso n\u00e3o participa no primeiro momento)<\/span><\/p>\n<ul>\n<li style=\"font-weight: 400\"><span style=\"font-weight: 400\">Verificar se h\u00e1 conv\u00eanio, <\/span><a href=\"https:\/\/www.ufsm.br\/pro-reitorias\/proplan\/fluxograma-de-convenios\/\"><span style=\"font-weight: 400\">clique aqui<\/span><\/a><span style=\"font-weight: 400\">. (clicar em \u201cconv\u00eanios em vig\u00eancia\u201d)<\/span><\/li>\n<li style=\"font-weight: 400\"><span style=\"font-weight: 400\">Modelo de conv\u00eanio, <\/span><a href=\"https:\/\/www.ufsm.br\/pro-reitorias\/proplan\/servicos\/convenios-de-estagio-agente-de-integracao-internato-regional\/\"><span style=\"font-weight: 400\">clique aqui<\/span><\/a><span style=\"font-weight: 400\">.<\/span><\/li>\n<li style=\"font-weight: 400\"><span style=\"font-weight: 400\">Orienta\u00e7\u00f5es a respeito de conv\u00eanios de est\u00e1gio (<\/span><a href=\"https:\/\/www.ufsm.br\/pro-reitorias\/proplan\/conceitos-convenios\/#portal-siteactions\"><span style=\"font-weight: 400\">clique aqui<\/span><\/a><span style=\"font-weight: 400\">):<\/span><\/li>\n<li style=\"font-weight: 400\"><span style=\"font-weight: 400\">Maiores informa\u00e7\u00f5es: Pr\u00f3-Reitoria de Planejamento, Coordenadoria de Projetos e Conv\u00eanios (COPROC):<\/span>\n<ul>\n<li style=\"font-weight: 400\"><span style=\"font-weight: 400\">coproc@ufsm.br<\/span><\/li>\n<li style=\"font-weight: 400\"><span style=\"font-weight: 400\">(55) 3220 8492<\/span><\/li>\n<li style=\"font-weight: 400\"><span style=\"font-weight: 400\">Pr\u00e9dio 47, Reitoria, 5\u00ba andar<\/span><\/li>\n<\/ul>\n<\/li>\n<\/ul>\n<p><span style=\"font-weight: 400\">CONTRATO DE EST\u00c1GIO (Termo de Compromisso de Est\u00e1gio)<\/span><\/p>\n<p><span style=\"font-weight: 400\">\u2013 Documento firmado entre o Curso, Empresa Concedente de est\u00e1gio e Aluno Estagi\u00e1rio.<\/span><\/p>\n<p><span style=\"font-weight: 400\">\u2013 Quem assina o documento: Professor (a) Orientador (a), Representante da Empresa, Aluno (a) Estagi\u00e1rio (a).<\/span><\/p>\n<\/td>\n<\/tr>\n<\/tbody>\n<\/table>\n\n\n<p><\/p>\n","protected":false},"excerpt":{"rendered":"<p>A partir de Outubro de 2025, os est\u00e1gio ser\u00e3o formalizados via solicita\u00e7\u00e3o no Portal Estudantil. Para abertura do processo, siga a instru\u00e7\u00e3o do seguinte tutorial: https:\/\/ntetube.nte.ufsm.br\/v\/1759941155 \u00a0 DOCUMENTOS: 125.62 \u2013 Termo de compromisso de est\u00e1gio n\u00e3o obrigat\u00f3rio de aluno de gradua\u00e7\u00e3o &#8211; clique aqui 125.43 \u2013 Ap\u00f3lice de seguro de aluno de gradua\u00e7\u00e3o (Conforme a [&hellip;]<\/p>\n","protected":false},"author":194,"featured_media":0,"parent":0,"menu_order":0,"comment_status":"closed","ping_status":"closed","template":"","meta":{"footnotes":""},"categories":[],"tags":[],"class_list":["post-195","page","type-page","status-publish","hentry"],"acf":[],"_links":{"self":[{"href":"https:\/\/www.ufsm.br\/cursos\/graduacao\/santa-maria\/engenharia-civil\/wp-json\/wp\/v2\/pages\/195","targetHints":{"allow":["GET"]}}],"collection":[{"href":"https:\/\/www.ufsm.br\/cursos\/graduacao\/santa-maria\/engenharia-civil\/wp-json\/wp\/v2\/pages"}],"about":[{"href":"https:\/\/www.ufsm.br\/cursos\/graduacao\/santa-maria\/engenharia-civil\/wp-json\/wp\/v2\/types\/page"}],"author":[{"embeddable":true,"href":"https:\/\/www.ufsm.br\/cursos\/graduacao\/santa-maria\/engenharia-civil\/wp-json\/wp\/v2\/users\/194"}],"replies":[{"embeddable":true,"href":"https:\/\/www.ufsm.br\/cursos\/graduacao\/santa-maria\/engenharia-civil\/wp-json\/wp\/v2\/comments?post=195"}],"version-history":[{"count":0,"href":"https:\/\/www.ufsm.br\/cursos\/graduacao\/santa-maria\/engenharia-civil\/wp-json\/wp\/v2\/pages\/195\/revisions"}],"wp:attachment":[{"href":"https:\/\/www.ufsm.br\/cursos\/graduacao\/santa-maria\/engenharia-civil\/wp-json\/wp\/v2\/media?parent=195"}],"wp:term":[{"taxonomy":"category","embeddable":true,"href":"https:\/\/www.ufsm.br\/cursos\/graduacao\/santa-maria\/engenharia-civil\/wp-json\/wp\/v2\/categories?post=195"},{"taxonomy":"post_tag","embeddable":true,"href":"https:\/\/www.ufsm.br\/cursos\/graduacao\/santa-maria\/engenharia-civil\/wp-json\/wp\/v2\/tags?post=195"}],"curies":[{"name":"wp","href":"https:\/\/api.w.org\/{rel}","templated":true}]}}