{"id":2004,"date":"2022-06-30T12:47:22","date_gmt":"2022-06-30T15:47:22","guid":{"rendered":"https:\/\/www.ufsm.br\/cursos\/graduacao\/santa-maria\/engenharia-civil\/?page_id=2004"},"modified":"2022-07-05T16:54:56","modified_gmt":"2022-07-05T19:54:56","slug":"atestados-justificar-faltas","status":"publish","type":"page","link":"https:\/\/www.ufsm.br\/cursos\/graduacao\/santa-maria\/engenharia-civil\/atestados-justificar-faltas","title":{"rendered":"Atestados\/Justificar Faltas"},"content":{"rendered":"\n<ul>\n<li style=\"text-align: justify\">Orientamos que, independente do n\u00famero de dias de afastamento, os alunos informem, por e-mail: a Coordena\u00e7\u00e3o do Curso, professor respons\u00e1vel pelas disciplinas em que ir\u00e1 ausentar, Departamentos respons\u00e1veis pela disciplinas.\n<ul>\n<li>Para disciplinas do Centro de Tecnologia, enviar e-mail para sid.ct@ufsm.br<\/li>\n<\/ul>\n<\/li>\n<li style=\"text-align: justify\">Afastamento\u00a0inferior a 05 dias:\n<ul>\n<li>Os alunos que, por motivos devidamente justificados e listados abaixo,<strong>\u00a0n\u00e3o comparecerem \u00e0s atividades acad\u00eamicas sujeitas \u00e0 avalia\u00e7\u00e3o<\/strong>, poder\u00e3o requerer, no prazo m\u00e1ximo de 2 dias \u00fateis desde a data da avalia\u00e7\u00e3o, a oportunidade de realiz\u00e1-la em outra data, a crit\u00e9rio do departamento did\u00e1tico competente.<\/li>\n<li>S\u00e3o considerados motivos devidamente justificados: doen\u00e7a que impossibilite o aluno de realizar a avalia\u00e7\u00e3o, devidamente comprovada por atestado m\u00e9dico com CID, assinatura, CRM e data; acompanhamento de familiar de primeiro grau (pais ou filhos) para tratamento de sa\u00fade, devidamente comprovado por atestado m\u00e9dico com CID, assinatura, CRM e data; \u00f3bito de familiar de primeiro grau (pais ou filhos); participa\u00e7\u00e3o em eventos acad\u00eamicos com apresenta\u00e7\u00e3o de trabalho, desde que avisado com anteced\u00eancia m\u00ednima de 48 horas ao departamento did\u00e1tico do professor da disciplina e comprovada por certificado ou atestado de participa\u00e7\u00e3o.<\/li>\n<\/ul>\n<\/li>\n<li style=\"text-align: justify\">Afastamento\u00a0superior a 05 dias:\n<ul>\n<li>Em caso de incapacidade de frequentar \u00e0s aulas, nos termos do Decreto-Lei N. 1.044\/1969, por per\u00edodo superior a cinco dias, os alunos poder\u00e3o requerer exerc\u00edcio de atividades domiciliares. Poder\u00e3o solicitar este benef\u00edcio, os alunos portadores de afec\u00e7\u00f5es cong\u00eanitas ou adquiridas, infec\u00e7\u00f5es, traumatismos ou outras condi\u00e7\u00f5es m\u00f3rbidas, dist\u00farbios agudos ou agonizados, caracterizados por: incapacidade f\u00edsica relativa incompat\u00edvel com a frequ\u00eancia aos trabalhos acad\u00eamicos, desde que se verifique a conserva\u00e7\u00e3o das condi\u00e7\u00f5es intelectuais e emocionais necess\u00e1rias para o prosseguimento da atividade acad\u00eamica em novos moldes.<\/li>\n<\/ul>\n<\/li>\n<li style=\"text-align: justify\">Tutorial para abertura de processo PEN-SIE para requisi\u00e7\u00e3o de exerc\u00edcios de atividades domiciliares:\n<ol>\n<li>Para abertura de PEN o aluno dever\u00e1 acessar o\u00a0<a href=\"http:\/\/portal.ufsm.br\/documentos\">Portal Documentos<\/a>, realizar o login com n\u00famero de matr\u00edcula e senha do portal do aluno e, ap\u00f3s, selecionar a op\u00e7\u00e3o \u2018Novo\u2019;<\/li>\n<li>No campo \u201cTipo documental\u201d, realizar a busca textual e selecionar a op\u00e7\u00e3o \u2018Processos de regime domiciliar de aluno de gradua\u00e7\u00e3o (125.52)\u2019. Os outros dos campos desta tela ser\u00e3o preenchidos automaticamente;<\/li>\n<li>Na tela seguinte dever\u00e3o ser adicionados os documentos necess\u00e1rios para abertura, conforme necessidade, sendo o Requerimento de regime de exerc\u00edcios domiciliares e o Atestado m\u00e9dico itens obrigat\u00f3rios.\n<ol>\n<li>O requerimento de regime de exerc\u00edcios domiciliares pode ser uma declara\u00e7\u00e3o simples, confeccionada pelo pr\u00f3prio aluno. Sugest\u00e3o de texto: \u201cEu, [nome do aluno], matr\u00edcula [n\u00famero de matr\u00edcula], solicito Regime de Exerc\u00edcios Domiciliares, conforme atestado em anexo.\u201d<\/li>\n<\/ol>\n<\/li>\n<li>O aluno deve assinar o requerimento eletronicamente, caso j\u00e1 tenha sua assinatura cadastrada no PEN-SIE.\n<ol>\n<li>Para se cadastrar, basta seguir Passo a passo para assinatura do Termo de Concord\u00e2ncia Assinatura Eletr\u00f4nica Cadastrada no SIE, dispon\u00edvel na Se\u00e7\u00e3o \u2018Apoio ao usu\u00e1rio\u2019, na\u00a0<a href=\"https:\/\/www.ufsm.br\/orgaos-suplementares\/dag\/pen\/apoio-ao-usuario\/\">p\u00e1gina do PEN<\/a>.<\/li>\n<\/ol>\n<\/li>\n<li>Ap\u00f3s incluir a documenta\u00e7\u00e3o no PEN, o aluno dever\u00e1 tramitar o processo para a Coordena\u00e7\u00e3o do Curso, que proceder\u00e1 a an\u00e1lise da solicita\u00e7\u00e3o e demais provid\u00eancias.\u00a0<\/li>\n<li>Para acompanhar o processo, o aluno poder\u00e1 adicion\u00e1-lo aos favoritos, no bot\u00e3o \u201ca\u00e7\u00f5es\u201d. Assim, a cada movimenta\u00e7\u00e3o do processo, o aluno receber\u00e1 notifica\u00e7\u00e3o por e-mail.<\/li>\n<li>Demais orienta\u00e7\u00f5es de abertura de processos: clique aqui.<\/li>\n<\/ol>\n<\/li>\n<li style=\"text-align: justify\">Orienta\u00e7\u00f5es da Secretaria Integrada de Departamentos do <strong>Centro de Tecnologia (CT)<\/strong>, <a href=\"https:\/\/www.ufsm.br\/unidades-universitarias\/ct\/secretaria-integrada-de-departamentos-sidct\/\">clique aqui<\/a>.<\/li>\n<li>Orienta\u00e7\u00f5es da Secretaria Integrada de Departamentos do <strong>Centro de Ci\u00eancias Naturais e Exatas (CCNE)<\/strong>,\n<ul>\n<li>Os alunos poder\u00e3o abrir processo eletr\u00f4nico (PEN), tipo documental Processo de justificativa de faltas de aluno de gradua\u00e7\u00e3o, e anexar os atestados m\u00e9dicos.<\/li>\n<li>Orienta\u00e7\u00f5es para abertura de processo de justificativa de faltas e recupera\u00e7\u00e3o de avalia\u00e7\u00e3o (para afastamentos inferiores a 5 dias) \u2013 <a href=\"https:\/\/drive.google.com\/file\/d\/12KfWKvzjOXmPWhNKNDiUwI9XZTb9607U\/view\">clique aqui<\/a>.<\/li>\n<li>Requerimento para justificativa de faltas e recupera\u00e7\u00e3o de avalia\u00e7\u00e3o \u2013 <a href=\"https:\/\/docs.google.com\/document\/d\/1kF7zJ2z297q0-TT2YGgyq66I7I2ki4-j\/edit\">clique aqui<\/a>.<\/li>\n<\/ul>\n<\/li>\n<\/ul>\n","protected":false},"excerpt":{"rendered":"<p>Orientamos que, independente do n\u00famero de dias de afastamento, os alunos informem, por e-mail: a Coordena\u00e7\u00e3o do Curso, professor respons\u00e1vel pelas disciplinas em que ir\u00e1 ausentar, Departamentos respons\u00e1veis pela disciplinas. Para disciplinas do Centro de Tecnologia, enviar e-mail para sid.ct@ufsm.br Afastamento\u00a0inferior a 05 dias: Os alunos que, por motivos devidamente justificados e listados abaixo,\u00a0n\u00e3o comparecerem [&hellip;]<\/p>\n","protected":false},"author":1023,"featured_media":0,"parent":0,"menu_order":0,"comment_status":"closed","ping_status":"closed","template":"","meta":{"footnotes":""},"categories":[],"tags":[],"class_list":["post-2004","page","type-page","status-publish","hentry"],"acf":[],"_links":{"self":[{"href":"https:\/\/www.ufsm.br\/cursos\/graduacao\/santa-maria\/engenharia-civil\/wp-json\/wp\/v2\/pages\/2004","targetHints":{"allow":["GET"]}}],"collection":[{"href":"https:\/\/www.ufsm.br\/cursos\/graduacao\/santa-maria\/engenharia-civil\/wp-json\/wp\/v2\/pages"}],"about":[{"href":"https:\/\/www.ufsm.br\/cursos\/graduacao\/santa-maria\/engenharia-civil\/wp-json\/wp\/v2\/types\/page"}],"author":[{"embeddable":true,"href":"https:\/\/www.ufsm.br\/cursos\/graduacao\/santa-maria\/engenharia-civil\/wp-json\/wp\/v2\/users\/1023"}],"replies":[{"embeddable":true,"href":"https:\/\/www.ufsm.br\/cursos\/graduacao\/santa-maria\/engenharia-civil\/wp-json\/wp\/v2\/comments?post=2004"}],"version-history":[{"count":0,"href":"https:\/\/www.ufsm.br\/cursos\/graduacao\/santa-maria\/engenharia-civil\/wp-json\/wp\/v2\/pages\/2004\/revisions"}],"wp:attachment":[{"href":"https:\/\/www.ufsm.br\/cursos\/graduacao\/santa-maria\/engenharia-civil\/wp-json\/wp\/v2\/media?parent=2004"}],"wp:term":[{"taxonomy":"category","embeddable":true,"href":"https:\/\/www.ufsm.br\/cursos\/graduacao\/santa-maria\/engenharia-civil\/wp-json\/wp\/v2\/categories?post=2004"},{"taxonomy":"post_tag","embeddable":true,"href":"https:\/\/www.ufsm.br\/cursos\/graduacao\/santa-maria\/engenharia-civil\/wp-json\/wp\/v2\/tags?post=2004"}],"curies":[{"name":"wp","href":"https:\/\/api.w.org\/{rel}","templated":true}]}}