{"id":202,"date":"2018-12-03T09:10:05","date_gmt":"2018-12-03T11:10:05","guid":{"rendered":"https:\/\/www.ufsm.br\/cursos\/graduacao\/santa-maria\/engenharia-civil\/?page_id=202"},"modified":"2026-03-06T10:39:47","modified_gmt":"2026-03-06T13:39:47","slug":"formatura-de-gabinete","status":"publish","type":"page","link":"https:\/\/www.ufsm.br\/cursos\/graduacao\/santa-maria\/engenharia-civil\/formatura-de-gabinete","title":{"rendered":"Formatura de Gabinete"},"content":{"rendered":"<p style=\"text-align: left\" align=\"center\"><strong>&gt;&gt;&gt; (Per\u00edodo de Formaturas\/1\u00ba Semestre-2026: Verificar com Dire\u00e7\u00e3o do CT) &lt;&lt;&lt;<\/strong><\/p>\n<p style=\"text-align: left\" align=\"center\">Portanto, solicita-se que os(as) prov\u00e1veis formandos(as), interessados(as) em realizar formatura de gabinete, encaminhem \u00e0 Secretaria do Curso todos os documentos necess\u00e1rios para o agendamento da formatura, sendo eles:<br \/>\nEST\u00c1GIO:<br \/>\n1)\u00a0<a href=\"https:\/\/www.ufsm.br\/cursos\/graduacao\/santa-maria\/engenharia-civil\/wp-content\/uploads\/sites\/434\/2019\/07\/Parecer_do_Supervisor-de-Estagio-NOVA-1.doc\" target=\"_blank\" rel=\"noopener\" data-saferedirecturl=\"https:\/\/www.google.com\/url?q=https:\/\/www.ufsm.br\/cursos\/graduacao\/santa-maria\/engenharia-civil\/wp-content\/uploads\/sites\/434\/2019\/07\/Parecer_do_Supervisor-de-Estagio-NOVA-1.doc&amp;source=gmail&amp;ust=1634906291010000&amp;usg=AFQjCNFPJMzBuXP8dY2a-UoZEB2dm0NbCg\">Avalia\u00e7\u00e3o do supervisor de est\u00e1gio<\/a>;<br \/>\n2)\u00a0<a href=\"https:\/\/www.ufsm.br\/cursos\/graduacao\/santa-maria\/engenharia-civil\/wp-content\/uploads\/sites\/434\/2018\/12\/Avaliacao_estagio-NOVA.doc\" target=\"_blank\" rel=\"noopener\" data-saferedirecturl=\"https:\/\/www.google.com\/url?q=https:\/\/www.ufsm.br\/cursos\/graduacao\/santa-maria\/engenharia-civil\/wp-content\/uploads\/sites\/434\/2018\/12\/Avaliacao_estagio-NOVA.doc&amp;source=gmail&amp;ust=1634906291010000&amp;usg=AFQjCNH9ffO8LKkupOrAQ33n9hP5EJn3qQ\">Ata de defesa<\/a>;<br \/>\n3) PDF final corrigido e desbloqueado;<br \/>\n4) C\u00f3pia do \u00faltimo termo de contrato.<br \/>\nTCC:<br \/>\n1)\u00a0<a href=\"https:\/\/www.ufsm.br\/cursos\/graduacao\/santa-maria\/engenharia-civil\/wp-content\/uploads\/sites\/434\/2019\/09\/autorizacao_tcc_graduacao_online_2016-1-1.doc\" target=\"_blank\" rel=\"noopener\" data-saferedirecturl=\"https:\/\/www.google.com\/url?q=https:\/\/www.ufsm.br\/cursos\/graduacao\/santa-maria\/engenharia-civil\/wp-content\/uploads\/sites\/434\/2019\/09\/autorizacao_tcc_graduacao_online_2016-1-1.doc&amp;source=gmail&amp;ust=1634906291010000&amp;usg=AFQjCNH3DDQCA35_c-KMpWbarVs2uj_0ZA\">Autoriza\u00e7\u00e3o de publica\u00e7\u00e3o no manancial da UFSM<\/a>;<br \/>\n2)\u00a0<a href=\"https:\/\/www.ufsm.br\/cursos\/graduacao\/santa-maria\/engenharia-civil\/wp-content\/uploads\/sites\/434\/2018\/12\/Ata_defesa_TCC.doc\" target=\"_blank\" rel=\"noopener\" data-saferedirecturl=\"https:\/\/www.google.com\/url?q=https:\/\/www.ufsm.br\/cursos\/graduacao\/santa-maria\/engenharia-civil\/wp-content\/uploads\/sites\/434\/2018\/12\/Ata_defesa_TCC.doc&amp;source=gmail&amp;ust=1634906291010000&amp;usg=AFQjCNEB0yYR5HJ4_2OUsFxzXfv4Uew5gg\">Ata de defesa<\/a>;<br \/>\n3) PDF corrigido e desbloqueado.<\/p>\n<p style=\"text-align: left\" align=\"center\">As solicita\u00e7\u00f5es de formaturas de gabinete fora do per\u00edodo acima descrito,\u00a0dever\u00e3o ser aprovadas pela Pr\u00f3-Reitoria de Gradua\u00e7\u00e3o\/PROGRAD,\u00a0conforme prev\u00ea o Art.1\u00ba, Par\u00e1grafo 6\u00ba, da Resolu\u00e7\u00e3o N\u00ba 011\/2018.<\/p>\n<p style=\"text-align: left\" align=\"center\">No momento da formaliza\u00e7\u00e3o do pedido de formatura de gabinete,\u00a0o(a) formando(a) <strong>dever\u00e1 estar com a Integraliza\u00e7\u00e3o Curricular completa, bem como rescis\u00e3o do est\u00e1gio e regularidade no ENADE.<\/strong><\/p>\n<p style=\"text-align: left\" align=\"center\">Resolu\u00e7\u00e3o N\u00ba 011\/2018 &#8211;\u00a0<a href=\"https:\/\/www.ufsm.br\/cursos\/graduacao\/santa-maria\/engenharia-civil\/wp-content\/uploads\/sites\/434\/2018\/12\/RESOLUCAO-2018_011-30_05_2018.pdf\" target=\"_blank\" rel=\"noopener noreferrer\">clique aqui<\/a><\/p>\n<p style=\"text-align: left\" align=\"center\">(Normatiza as solenidades de cola\u00e7\u00e3o de grau dos cursos de gradua\u00e7\u00e3o da Universidade Federal de Santa Maria).<\/p>\n<div class=\"item-page\">\n<p style=\"text-align: left\"><strong>Lembretes importantes<\/strong>:<\/p>\n<p style=\"text-align: left\">i) Providenciar o envio de an\u00e1lise de ACGs, via portal do aluno, o mais breve poss\u00edvel dentro do semestre.<\/p>\n<p style=\"text-align: left\" align=\"center\">&#8211; Verificar as tabelas na aba ACGs do site do curso.<\/p>\n<p style=\"text-align: left\" align=\"center\">ii) Solicitar, diretamente no Portal do Aluno, Dispensa\/Aproveitamento de disciplinas, para aqueles que cursaram disciplinas em outros cursos ou outras Institui\u00e7\u00f5es de Ensino.<\/p>\n<p style=\"text-align: left\" align=\"center\">Contatos do CREA\/RS &#8211; Inspetoria de Santa Maria:<\/p>\n<p style=\"text-align: left\" align=\"center\">Fone &#8211; (55) 3222 7366.<\/p>\n<p style=\"text-align: left\" align=\"center\">E-mail &#8211;\u00a0<a href=\"mailto:santa.maria@crea-rs.org.br\" target=\"_blank\" rel=\"noopener noreferrer\">\u00a0<\/a><a href=\"mailto:santa.maria@crea-rs.org.br\">\u00a0<\/a><a href=\"mailto:santa.maria@crea-rs.org.br\">santa.maria@crea-rs.org.br<\/a><a href=\"mailto:santa.maria@crea-rs.org.br\">\u00a0<\/a><\/p>\n<p style=\"text-align: left\" align=\"center\">Site &#8211;\u00a0<a href=\"http:\/\/www.crea-rs.org.br\/site\/index.php\" target=\"_blank\" rel=\"noopener noreferrer\">\u00a0<\/a><a href=\"http:\/\/www.crea-rs.org.br\/site\/index.php\" target=\"_blank\" rel=\"noopener noreferrer\">http:\/\/www.crea-rs.org.br\/site\/index.php<\/a><\/p>\n<p style=\"text-align: left\" align=\"center\">\n<\/div>\n","protected":false},"excerpt":{"rendered":"<p>&gt;&gt;&gt; (Per\u00edodo de Formaturas\/1\u00ba Semestre-2026: Verificar com Dire\u00e7\u00e3o do CT) &lt;&lt;&lt; Portanto, solicita-se que os(as) prov\u00e1veis formandos(as), interessados(as) em realizar formatura de gabinete, encaminhem \u00e0 Secretaria do Curso todos os documentos necess\u00e1rios para o agendamento da formatura, sendo eles: EST\u00c1GIO: 1)\u00a0Avalia\u00e7\u00e3o do supervisor de est\u00e1gio; 2)\u00a0Ata de defesa; 3) PDF final corrigido e desbloqueado; 4) [&hellip;]<\/p>\n","protected":false},"author":194,"featured_media":0,"parent":0,"menu_order":0,"comment_status":"closed","ping_status":"closed","template":"","meta":{"footnotes":""},"categories":[],"tags":[],"class_list":["post-202","page","type-page","status-publish","hentry"],"acf":[],"_links":{"self":[{"href":"https:\/\/www.ufsm.br\/cursos\/graduacao\/santa-maria\/engenharia-civil\/wp-json\/wp\/v2\/pages\/202","targetHints":{"allow":["GET"]}}],"collection":[{"href":"https:\/\/www.ufsm.br\/cursos\/graduacao\/santa-maria\/engenharia-civil\/wp-json\/wp\/v2\/pages"}],"about":[{"href":"https:\/\/www.ufsm.br\/cursos\/graduacao\/santa-maria\/engenharia-civil\/wp-json\/wp\/v2\/types\/page"}],"author":[{"embeddable":true,"href":"https:\/\/www.ufsm.br\/cursos\/graduacao\/santa-maria\/engenharia-civil\/wp-json\/wp\/v2\/users\/194"}],"replies":[{"embeddable":true,"href":"https:\/\/www.ufsm.br\/cursos\/graduacao\/santa-maria\/engenharia-civil\/wp-json\/wp\/v2\/comments?post=202"}],"version-history":[{"count":0,"href":"https:\/\/www.ufsm.br\/cursos\/graduacao\/santa-maria\/engenharia-civil\/wp-json\/wp\/v2\/pages\/202\/revisions"}],"wp:attachment":[{"href":"https:\/\/www.ufsm.br\/cursos\/graduacao\/santa-maria\/engenharia-civil\/wp-json\/wp\/v2\/media?parent=202"}],"wp:term":[{"taxonomy":"category","embeddable":true,"href":"https:\/\/www.ufsm.br\/cursos\/graduacao\/santa-maria\/engenharia-civil\/wp-json\/wp\/v2\/categories?post=202"},{"taxonomy":"post_tag","embeddable":true,"href":"https:\/\/www.ufsm.br\/cursos\/graduacao\/santa-maria\/engenharia-civil\/wp-json\/wp\/v2\/tags?post=202"}],"curies":[{"name":"wp","href":"https:\/\/api.w.org\/{rel}","templated":true}]}}