{"id":2088,"date":"2023-03-16T15:55:18","date_gmt":"2023-03-16T18:55:18","guid":{"rendered":"https:\/\/www.ufsm.br\/cursos\/graduacao\/santa-maria\/engenharia-civil\/?page_id=2088"},"modified":"2023-03-17T10:25:48","modified_gmt":"2023-03-17T13:25:48","slug":"disciplinas-sem-saldo-de-vagas","status":"publish","type":"page","link":"https:\/\/www.ufsm.br\/cursos\/graduacao\/santa-maria\/engenharia-civil\/disciplinas-sem-saldo-de-vagas","title":{"rendered":"Disciplinas sem saldo de vagas"},"content":{"rendered":"\t\t<div data-elementor-type=\"wp-page\" data-elementor-id=\"2088\" class=\"elementor elementor-2088\">\n\t\t\t\t\t\t<section class=\"elementor-section elementor-top-section elementor-element elementor-element-10f894e4 elementor-section-boxed elementor-section-height-default elementor-section-height-default\" data-id=\"10f894e4\" data-element_type=\"section\">\n\t\t\t\t\t\t<div class=\"elementor-container elementor-column-gap-default\">\n\t\t\t\t\t<div class=\"elementor-column elementor-col-100 elementor-top-column elementor-element elementor-element-33555b88\" data-id=\"33555b88\" data-element_type=\"column\">\n\t\t\t<div class=\"elementor-widget-wrap elementor-element-populated\">\n\t\t\t\t\t\t<div class=\"elementor-element elementor-element-50bad352 elementor-widget elementor-widget-text-editor\" data-id=\"50bad352\" data-element_type=\"widget\" data-widget_type=\"text-editor.default\">\n\t\t\t\t<div class=\"elementor-widget-container\">\n\t\t\t\t\t\t\t<!-- wp:tadv\/classic-paragraph -->\n<ul>\n<li style=\"font-weight: 400;text-align: justify\"><span style=\"font-weight: 400\">Ser\u00e1 disponibilizado um formul\u00e1rio, de 15 a 22\/03.\u00a0 (o acesso ao link \u00e9 restrito para quem estiver logado no pr\u00f3prio e-mail acad\u00eamico)<\/span><\/li>\n<li style=\"font-weight: 400;text-align: justify\"><span style=\"font-weight: 400\">O aluno dever\u00e1 fazer uma solicita\u00e7\u00e3o por disciplina.<\/span><\/li>\n<li style=\"font-weight: 400;text-align: justify\"><span style=\"font-weight: 400\">A coordena\u00e7\u00e3o do respectivo Curso analisar\u00e1 as solicita\u00e7\u00f5es e, se autorizado, o ajuste ser\u00e1 feito <\/span><b>at\u00e9 o dia 24\/03<\/b><span style=\"font-weight: 400\">.<\/span><\/li>\n<li style=\"font-weight: 400;text-align: justify\"><span style=\"font-weight: 400\">Caso o sistema acuse inconsist\u00eancia (choque de hor\u00e1rio, por exemplo), a solicita\u00e7\u00e3o ser\u00e1 desconsiderada.<\/span><\/li>\n<li style=\"font-weight: 400;text-align: justify\"><span style=\"font-weight: 400\">Solicita\u00e7\u00f5es incompletas (com documenta\u00e7\u00e3o errada, com informa\u00e7\u00f5es incompletas) ser\u00e3o desconsideradas.<\/span><\/li>\n<li style=\"font-weight: 400;text-align: justify\"><span style=\"font-weight: 400\">Os alunos poder\u00e3o verificar o andamento das solicita\u00e7\u00f5es atrav\u00e9s dos links abaixo.\u00a0 (o acesso ao link \u00e9 restrito para quem estiver logado no pr\u00f3prio e-mail acad\u00eamico) \u2013 como LEITOR.<\/span><\/li>\n<\/ul>\n<!-- \/wp:tadv\/classic-paragraph -->\t\t\t\t\t\t<\/div>\n\t\t\t\t<\/div>\n\t\t\t\t\t<\/div>\n\t\t<\/div>\n\t\t\t\t\t<\/div>\n\t\t<\/section>\n\t\t\t\t<section class=\"elementor-section elementor-top-section elementor-element elementor-element-ff3e305 elementor-section-boxed elementor-section-height-default elementor-section-height-default\" data-id=\"ff3e305\" data-element_type=\"section\">\n\t\t\t\t\t\t<div class=\"elementor-container elementor-column-gap-default\">\n\t\t\t\t\t<div class=\"elementor-column elementor-col-100 elementor-top-column elementor-element elementor-element-f507bea\" data-id=\"f507bea\" data-element_type=\"column\">\n\t\t\t<div class=\"elementor-widget-wrap elementor-element-populated\">\n\t\t\t\t\t\t<div class=\"elementor-element elementor-element-9f6d525 elementor-tabs-view-horizontal elementor-widget elementor-widget-tabs\" data-id=\"9f6d525\" data-element_type=\"widget\" data-widget_type=\"tabs.default\">\n\t\t\t\t<div class=\"elementor-widget-container\">\n\t\t\t\t\t<div class=\"elementor-tabs\">\n\t\t\t<div class=\"elementor-tabs-wrapper\" role=\"tablist\" >\n\t\t\t\t\t\t\t\t\t<div id=\"elementor-tab-title-1671\" class=\"elementor-tab-title elementor-tab-desktop-title\" aria-selected=\"true\" data-tab=\"1\" role=\"tab\" tabindex=\"0\" aria-controls=\"elementor-tab-content-1671\" aria-expanded=\"false\">Engenharia Civil<\/div>\n\t\t\t\t\t\t\t\t\t<div id=\"elementor-tab-title-1672\" class=\"elementor-tab-title elementor-tab-desktop-title\" aria-selected=\"false\" data-tab=\"2\" role=\"tab\" tabindex=\"-1\" aria-controls=\"elementor-tab-content-1672\" aria-expanded=\"false\">Engenharia El\u00e9trica<\/div>\n\t\t\t\t\t\t\t\t\t<div id=\"elementor-tab-title-1673\" class=\"elementor-tab-title elementor-tab-desktop-title\" aria-selected=\"false\" data-tab=\"3\" role=\"tab\" tabindex=\"-1\" aria-controls=\"elementor-tab-content-1673\" aria-expanded=\"false\">Engenharia Mec\u00e2nica<\/div>\n\t\t\t\t\t\t\t\t\t<div id=\"elementor-tab-title-1674\" class=\"elementor-tab-title elementor-tab-desktop-title\" aria-selected=\"false\" data-tab=\"4\" role=\"tab\" tabindex=\"-1\" aria-controls=\"elementor-tab-content-1674\" aria-expanded=\"false\">Engenharia Qu\u00edmica<\/div>\n\t\t\t\t\t\t\t<\/div>\n\t\t\t<div class=\"elementor-tabs-content-wrapper\" role=\"tablist\" aria-orientation=\"vertical\">\n\t\t\t\t\t\t\t\t\t<div class=\"elementor-tab-title elementor-tab-mobile-title\" aria-selected=\"true\" data-tab=\"1\" role=\"tab\" tabindex=\"0\" aria-controls=\"elementor-tab-content-1671\" aria-expanded=\"false\">Engenharia Civil<\/div>\n\t\t\t\t\t<div id=\"elementor-tab-content-1671\" class=\"elementor-tab-content elementor-clearfix\" data-tab=\"1\" role=\"tabpanel\" aria-labelledby=\"elementor-tab-title-1671\" tabindex=\"0\" hidden=\"false\"><ul>\n<li style=\"font-weight: 400;text-align: justify\"><span style=\"font-weight: 400\">Formul\u00e1rio, <\/span><a href=\"https:\/\/forms.gle\/BXTbUU6hcVauA6WA8\"><span style=\"font-weight: 400\">clique aqui<\/span><\/a><span style=\"font-weight: 400\">.\u00a0 (o acesso ao link \u00e9 restrito para quem estiver logado no pr\u00f3prio e-mail acad\u00eamico)<\/span><\/li>\n<li style=\"font-weight: 400;text-align: justify\"><span style=\"font-weight: 400\">Acompanhamento das solicita\u00e7\u00f5es, <\/span><a href=\"https:\/\/docs.google.com\/spreadsheets\/d\/1C5RActj2as2LZU8kZEyo8kn8FwdkMkP6wxUjWLp0mGs\/edit?usp=sharing\"><span style=\"font-weight: 400\">clique aqui<\/span><\/a><span style=\"font-weight: 400\">.\u00a0 (o acesso ao link \u00e9 restrito para quem estiver logado no pr\u00f3prio e-mail acad\u00eamico) &#8211; como LEITOR.<\/span><\/li>\n<li style=\"font-weight: 400;text-align: justify\"><span style=\"font-weight: 400\">Ordem de matr\u00edcula, <\/span><a href=\"https:\/\/docs.google.com\/spreadsheets\/d\/1xAx21RznV34_6ibZG6upGxH81w2f8AMbESpguTbEbmg\/edit?usp=sharing\"><span style=\"font-weight: 400\">clique aqui<\/span><\/a><span style=\"font-weight: 400\">.\u00a0 (o acesso ao link \u00e9 restrito para quem estiver logado no pr\u00f3prio e-mail acad\u00eamico) &#8211; como LEITOR.<\/span><\/li>\n<\/ul><\/div>\n\t\t\t\t\t\t\t\t\t<div class=\"elementor-tab-title elementor-tab-mobile-title\" aria-selected=\"false\" data-tab=\"2\" role=\"tab\" tabindex=\"-1\" aria-controls=\"elementor-tab-content-1672\" aria-expanded=\"false\">Engenharia El\u00e9trica<\/div>\n\t\t\t\t\t<div id=\"elementor-tab-content-1672\" class=\"elementor-tab-content elementor-clearfix\" data-tab=\"2\" role=\"tabpanel\" aria-labelledby=\"elementor-tab-title-1672\" tabindex=\"0\" hidden=\"hidden\"><ul>\n<li style=\"font-weight: 400;text-align: justify\"><span style=\"font-weight: 400\">Formul\u00e1rio, <\/span><a href=\"https:\/\/forms.gle\/Yy5DoJfvfZFqY9H96\"><span style=\"font-weight: 400\">clique aqui<\/span><\/a><span style=\"font-weight: 400\">.\u00a0 (o acesso ao link \u00e9 restrito para quem estiver logado no pr\u00f3prio e-mail acad\u00eamico)<\/span><\/li>\n<li style=\"font-weight: 400;text-align: justify\"><span style=\"font-weight: 400\">Acompanhamento das solicita\u00e7\u00f5es, <\/span><a href=\"https:\/\/docs.google.com\/spreadsheets\/d\/1fkXFXh3qwR-8OhTq4PkiUdO4tojMjEEE3qMfBP_KgcQ\/edit?usp=sharing\"><span style=\"font-weight: 400\">clique aqui<\/span><\/a><span style=\"font-weight: 400\">.\u00a0 (o acesso ao link \u00e9 restrito para quem estiver logado no pr\u00f3prio e-mail acad\u00eamico) &#8211; como LEITOR.<\/span><\/li>\n<li style=\"font-weight: 400;text-align: justify\"><span style=\"font-weight: 400\">Ordem de matr\u00edcula, <\/span><a href=\"https:\/\/docs.google.com\/spreadsheets\/d\/1SczjN4zqE-sk_Gd-bkbyf3dDBBM687u_rn7ihaBmybE\/edit?usp=sharing\"><span style=\"font-weight: 400\">clique aqui<\/span><\/a><span style=\"font-weight: 400\">.\u00a0 (o acesso ao link \u00e9 restrito para quem estiver logado no pr\u00f3prio e-mail acad\u00eamico) &#8211; como LEITOR.<\/span><\/li>\n<\/ul><\/div>\n\t\t\t\t\t\t\t\t\t<div class=\"elementor-tab-title elementor-tab-mobile-title\" aria-selected=\"false\" data-tab=\"3\" role=\"tab\" tabindex=\"-1\" aria-controls=\"elementor-tab-content-1673\" aria-expanded=\"false\">Engenharia Mec\u00e2nica<\/div>\n\t\t\t\t\t<div id=\"elementor-tab-content-1673\" class=\"elementor-tab-content elementor-clearfix\" data-tab=\"3\" role=\"tabpanel\" aria-labelledby=\"elementor-tab-title-1673\" tabindex=\"0\" hidden=\"hidden\"><ul>\n<li style=\"font-weight: 400;text-align: justify\"><span style=\"font-weight: 400\">Formul\u00e1rio, <\/span><a href=\"https:\/\/forms.gle\/hEm9mmEdWJD2xuc37\"><span style=\"font-weight: 400\">clique aqui<\/span><\/a><span style=\"font-weight: 400\">.\u00a0 (o acesso ao link \u00e9 restrito para quem estiver logado no pr\u00f3prio e-mail acad\u00eamico)<\/span><\/li>\n<\/ul>\n<ul style=\"text-align: justify\">\n<li><span style=\"font-weight: 400\">Acompanhamento das solicita\u00e7\u00f5es, <\/span><a href=\"https:\/\/docs.google.com\/spreadsheets\/d\/1sjdRWpzbzcp9HD-hGmXpnQztqICC7pzdzLB7BOj9aPc\/edit?usp=sharing\"><span style=\"font-weight: 400\">clique aqui<\/span><\/a><span style=\"font-weight: 400\">.\u00a0 (o acesso ao link \u00e9 restrito para quem estiver logado no pr\u00f3prio e-mail acad\u00eamico) &#8211; como LEITOR.<\/span><\/li>\n<\/ul>\n<ul>\n<li style=\"font-weight: 400;text-align: justify\"><span style=\"font-weight: 400\">Ordem de matr\u00edcula, <\/span><a href=\"https:\/\/docs.google.com\/spreadsheets\/d\/1I0SNGLiyTStMYi1-bzizBH7OhTpg8KUpm7JsF_F4r74\/edit?usp=sharing\"><span style=\"font-weight: 400\">clique aqui<\/span><\/a><span style=\"font-weight: 400\">.\u00a0 (o acesso ao link \u00e9 restrito para quem estiver logado no pr\u00f3prio e-mail acad\u00eamico) &#8211; como LEITOR.<\/span><\/li>\n<\/ul><\/div>\n\t\t\t\t\t\t\t\t\t<div class=\"elementor-tab-title elementor-tab-mobile-title\" aria-selected=\"false\" data-tab=\"4\" role=\"tab\" tabindex=\"-1\" aria-controls=\"elementor-tab-content-1674\" aria-expanded=\"false\">Engenharia Qu\u00edmica<\/div>\n\t\t\t\t\t<div id=\"elementor-tab-content-1674\" class=\"elementor-tab-content elementor-clearfix\" data-tab=\"4\" role=\"tabpanel\" aria-labelledby=\"elementor-tab-title-1674\" tabindex=\"0\" hidden=\"hidden\"><ul>\n<li style=\"font-weight: 400;text-align: justify\"><span style=\"font-weight: 400\">Formul\u00e1rio, <\/span><a href=\"https:\/\/forms.gle\/Q2VoJwasLjviDNCQ6\"><span style=\"font-weight: 400\">clique aqui.<\/span><\/a><span style=\"font-weight: 400\">&nbsp; (o acesso ao link \u00e9 restrito para quem estiver logado no pr\u00f3prio e-mail acad\u00eamico)<\/span><\/li>\n<\/ul>\n<ul style=\"text-align: justify\">\n<li><span style=\"font-weight: 400\">Acompanhamento das solicita\u00e7\u00f5es, <\/span><span style=\"font-weight: 400\"><a href=\"https:\/\/docs.google.com\/spreadsheets\/d\/1iG9pjlENVeUme8n1DubGfR-a8JRUQ5yi66_94rhMCXk\/edit#gid=0\">clique aqui<\/a><\/span><span style=\"font-weight: 400\">.&nbsp; (o acesso ao link \u00e9 restrito para quem estiver logado no pr\u00f3prio e-mail acad\u00eamico) &#8211; como LEITOR.<\/span><\/li>\n<\/ul>\n<ul>\n<li style=\"font-weight: 400;text-align: justify\"><span style=\"font-weight: 400\">Ordem de matr\u00edcula, <\/span><span style=\"font-weight: 400\"><a href=\"https:\/\/docs.google.com\/spreadsheets\/d\/1UBbupiIhP1KfwkV5VjmJc9cvDzqU8M9or1XPLR76NdU\/edit#gid=495445504\">clique aqui<\/a><\/span><span style=\"font-weight: 400\">.&nbsp; (o acesso ao link \u00e9 restrito para quem estiver logado no pr\u00f3prio e-mail acad\u00eamico) &#8211; como LEITOR.<\/span><\/li>\n<\/ul><\/div>\n\t\t\t\t\t\t\t<\/div>\n\t\t<\/div>\n\t\t\t\t<\/div>\n\t\t\t\t<\/div>\n\t\t\t\t\t<\/div>\n\t\t<\/div>\n\t\t\t\t\t<\/div>\n\t\t<\/section>\n\t\t\t\t<\/div>\n\t\t","protected":false},"excerpt":{"rendered":"<p>Ser\u00e1 disponibilizado um formul\u00e1rio, de 15 a 22\/03.\u00a0 (o acesso ao link \u00e9 restrito para quem estiver logado no pr\u00f3prio e-mail acad\u00eamico) O aluno dever\u00e1 fazer uma solicita\u00e7\u00e3o por disciplina. A coordena\u00e7\u00e3o do respectivo Curso analisar\u00e1 as solicita\u00e7\u00f5es e, se autorizado, o ajuste ser\u00e1 feito at\u00e9 o dia 24\/03. Caso o sistema acuse inconsist\u00eancia (choque [&hellip;]<\/p>\n","protected":false},"author":425,"featured_media":0,"parent":0,"menu_order":0,"comment_status":"closed","ping_status":"closed","template":"","meta":{"footnotes":""},"categories":[],"tags":[],"class_list":["post-2088","page","type-page","status-publish","hentry"],"acf":[],"_links":{"self":[{"href":"https:\/\/www.ufsm.br\/cursos\/graduacao\/santa-maria\/engenharia-civil\/wp-json\/wp\/v2\/pages\/2088","targetHints":{"allow":["GET"]}}],"collection":[{"href":"https:\/\/www.ufsm.br\/cursos\/graduacao\/santa-maria\/engenharia-civil\/wp-json\/wp\/v2\/pages"}],"about":[{"href":"https:\/\/www.ufsm.br\/cursos\/graduacao\/santa-maria\/engenharia-civil\/wp-json\/wp\/v2\/types\/page"}],"author":[{"embeddable":true,"href":"https:\/\/www.ufsm.br\/cursos\/graduacao\/santa-maria\/engenharia-civil\/wp-json\/wp\/v2\/users\/425"}],"replies":[{"embeddable":true,"href":"https:\/\/www.ufsm.br\/cursos\/graduacao\/santa-maria\/engenharia-civil\/wp-json\/wp\/v2\/comments?post=2088"}],"version-history":[{"count":0,"href":"https:\/\/www.ufsm.br\/cursos\/graduacao\/santa-maria\/engenharia-civil\/wp-json\/wp\/v2\/pages\/2088\/revisions"}],"wp:attachment":[{"href":"https:\/\/www.ufsm.br\/cursos\/graduacao\/santa-maria\/engenharia-civil\/wp-json\/wp\/v2\/media?parent=2088"}],"wp:term":[{"taxonomy":"category","embeddable":true,"href":"https:\/\/www.ufsm.br\/cursos\/graduacao\/santa-maria\/engenharia-civil\/wp-json\/wp\/v2\/categories?post=2088"},{"taxonomy":"post_tag","embeddable":true,"href":"https:\/\/www.ufsm.br\/cursos\/graduacao\/santa-maria\/engenharia-civil\/wp-json\/wp\/v2\/tags?post=2088"}],"curies":[{"name":"wp","href":"https:\/\/api.w.org\/{rel}","templated":true}]}}