{"id":210,"date":"2018-12-03T09:18:00","date_gmt":"2018-12-03T11:18:00","guid":{"rendered":"https:\/\/www.ufsm.br\/cursos\/graduacao\/santa-maria\/engenharia-civil\/?page_id=210"},"modified":"2024-01-18T11:16:22","modified_gmt":"2024-01-18T14:16:22","slug":"formatura-solene","status":"publish","type":"page","link":"https:\/\/www.ufsm.br\/cursos\/graduacao\/santa-maria\/engenharia-civil\/formatura-solene","title":{"rendered":"Formatura Solene"},"content":{"rendered":"<p style=\"text-align: left\" align=\"center\">Data de Formatura Solene 2023\/2: 23 de fevereiro de 2024 &#8211; Para inscri\u00e7\u00e3o, entrar em contato com: ctufsm@ufsm.br<\/p>\n<ul id=\"block-de2eb5cc-88f8-4628-91f1-6e512ef1b741\" class=\"block-editor-block-list__block wp-block is-selected rich-text block-editor-rich-text__editable wp-block\" role=\"textbox\" aria-label=\"Escrever lista...\" data-block=\"de2eb5cc-88f8-4628-91f1-6e512ef1b741\" data-type=\"core\/list\" data-title=\"Lista\">\n<li>As formaturas de Gabinete est\u00e3o ocorrendo quinzenalmente, \u00e0s 10h30min, de forma remota, caso tenham interesse, devem entrar em contato com a secretaria do curso, por e-mail, para verificar a agenda dispon\u00edvel.<\/li>\n<\/ul>\n<p style=\"text-align: left\" align=\"center\">Estar\u00e1 apto(a) \u00e0 Formatura Solene o(a) Acad\u00eamico(a) que, em prazo a ser estipulado pela Coordena\u00e7\u00e3o do Curso, estiver com a Integraliza\u00e7\u00e3o Curricular completa (todas as notas lan\u00e7adas, com aprova\u00e7\u00e3o, no Sistema Acad\u00eamico),\u00a0bem como ter disponibilizado para arquivo, na Secretaria Administrativa, os seguintes documentos:<\/p>\n<p style=\"text-align: left\" align=\"center\">&#8211; Ata de Defesa do Trabalho de Conclus\u00e3o de Curso e autoriza\u00e7\u00e3o p\/ libera\u00e7\u00e3o do TCC, al\u00e9m do Trabalho Final disponibilizado em PDF desbloqueado;<br \/>\n&#8211; Ata de Defesa do Relat\u00f3rio do Est\u00e1gio Supervisionado, avalia\u00e7\u00e3o do supervisor do est\u00e1gio e Relat\u00f3rio Final de Est\u00e1gio em PDF desbloqueado;<\/p>\n<p style=\"text-align: left\" align=\"center\">&#8211; Rescis\u00e3o do Termo de Est\u00e1gio;<\/p>\n<p>&#8211; Situa\u00e7\u00e3o Regular no ENADE.<\/p>\n<p align=\"center\">\n<div class=\"item-page\">\n<p style=\"text-align: left\" align=\"center\">\u00a0Lembretes importantes:<\/p>\n<p style=\"text-align: left\" align=\"center\">I) Providenciar entrega, via portal do aluno, de requerimento para lan\u00e7amento das Atividades Complementares de Gradua\u00e7\u00e3o\/ACG&#8217;s, anexado das respectivas c\u00f3pias dos documentos.Verificar a aba ACGs do site.<\/p>\n<p style=\"text-align: left\" align=\"center\">II) Solicitar, diretamente no Portal do Aluno, Dispensa\/Aproveitamento de disciplinas, para aqueles que cursaram disciplinas em outros cursos ou outras Institui\u00e7\u00f5es de Ensino.<\/p>\n<p style=\"text-align: left\" align=\"center\">\n<p style=\"text-align: left\" align=\"center\">Contatos do CREA\/RS &#8211; Inspetoria de Santa Maria:<\/p>\n<p style=\"text-align: left\" align=\"center\">Fone &#8211; (55) 3222 7366.<\/p>\n<p style=\"text-align: left\" align=\"center\">E-mail &#8211;\u00a0<a href=\"mailto:santa.maria@crea-rs.org.br\" target=\"_blank\" rel=\"noopener noreferrer\">\u00a0<\/a><a href=\"mailto:santa.maria@crea-rs.org.br\">\u00a0<\/a><a href=\"mailto:santa.maria@crea-rs.org.br\">\u00a0<\/a><a href=\"mailto:santa.maria@crea-rs.org.br\">santa.maria@crea-rs.org.br<\/a><a href=\"mailto:santa.maria@crea-rs.org.br\">\u00a0<\/a><\/p>\n<p style=\"text-align: left\" align=\"center\">Site &#8211;\u00a0<a href=\"http:\/\/www.crea-rs.org.br\/site\/index.php\" target=\"_blank\" rel=\"noopener noreferrer\">\u00a0<\/a><a href=\"http:\/\/www.crea-rs.org.br\/site\/index.php\" target=\"_blank\" rel=\"noopener noreferrer\">\u00a0<\/a><a href=\"http:\/\/www.crea-rs.org.br\/site\/index.php\" target=\"_blank\" rel=\"noopener noreferrer\">http:\/\/www.crea-rs.org.br\/site\/index.php<\/a><a href=\"http:\/\/www.crea-rs.org.br\/site\/index.php\">\u00a0<\/a><\/p>\n<p style=\"text-align: left\" align=\"center\">\n<\/div>\n","protected":false},"excerpt":{"rendered":"<p>Data de Formatura Solene 2023\/2: 23 de fevereiro de 2024 &#8211; Para inscri\u00e7\u00e3o, entrar em contato com: ctufsm@ufsm.br As formaturas de Gabinete est\u00e3o ocorrendo quinzenalmente, \u00e0s 10h30min, de forma remota, caso tenham interesse, devem entrar em contato com a secretaria do curso, por e-mail, para verificar a agenda dispon\u00edvel. Estar\u00e1 apto(a) \u00e0 Formatura Solene o(a) [&hellip;]<\/p>\n","protected":false},"author":194,"featured_media":0,"parent":0,"menu_order":0,"comment_status":"closed","ping_status":"closed","template":"","meta":{"footnotes":""},"categories":[],"tags":[],"class_list":["post-210","page","type-page","status-publish","hentry"],"acf":[],"_links":{"self":[{"href":"https:\/\/www.ufsm.br\/cursos\/graduacao\/santa-maria\/engenharia-civil\/wp-json\/wp\/v2\/pages\/210","targetHints":{"allow":["GET"]}}],"collection":[{"href":"https:\/\/www.ufsm.br\/cursos\/graduacao\/santa-maria\/engenharia-civil\/wp-json\/wp\/v2\/pages"}],"about":[{"href":"https:\/\/www.ufsm.br\/cursos\/graduacao\/santa-maria\/engenharia-civil\/wp-json\/wp\/v2\/types\/page"}],"author":[{"embeddable":true,"href":"https:\/\/www.ufsm.br\/cursos\/graduacao\/santa-maria\/engenharia-civil\/wp-json\/wp\/v2\/users\/194"}],"replies":[{"embeddable":true,"href":"https:\/\/www.ufsm.br\/cursos\/graduacao\/santa-maria\/engenharia-civil\/wp-json\/wp\/v2\/comments?post=210"}],"version-history":[{"count":0,"href":"https:\/\/www.ufsm.br\/cursos\/graduacao\/santa-maria\/engenharia-civil\/wp-json\/wp\/v2\/pages\/210\/revisions"}],"wp:attachment":[{"href":"https:\/\/www.ufsm.br\/cursos\/graduacao\/santa-maria\/engenharia-civil\/wp-json\/wp\/v2\/media?parent=210"}],"wp:term":[{"taxonomy":"category","embeddable":true,"href":"https:\/\/www.ufsm.br\/cursos\/graduacao\/santa-maria\/engenharia-civil\/wp-json\/wp\/v2\/categories?post=210"},{"taxonomy":"post_tag","embeddable":true,"href":"https:\/\/www.ufsm.br\/cursos\/graduacao\/santa-maria\/engenharia-civil\/wp-json\/wp\/v2\/tags?post=210"}],"curies":[{"name":"wp","href":"https:\/\/api.w.org\/{rel}","templated":true}]}}