{"id":230,"date":"2018-12-03T10:33:53","date_gmt":"2018-12-03T12:33:53","guid":{"rendered":"https:\/\/www.ufsm.br\/cursos\/graduacao\/santa-maria\/engenharia-civil\/?page_id=230"},"modified":"2025-11-27T08:58:18","modified_gmt":"2025-11-27T11:58:18","slug":"acgs","status":"publish","type":"page","link":"https:\/\/www.ufsm.br\/cursos\/graduacao\/santa-maria\/engenharia-civil\/acgs","title":{"rendered":"ACG&#8217;s e ACEx"},"content":{"rendered":"<p style=\"text-align: left\">Constituir-se-\u00e1 Atividade Complementar de Gradua\u00e7\u00e3o(ACG), toda e qualquer atividade pertinente e \u00fatil para a forma\u00e7\u00e3o humana e profissional do acad\u00eamico, aceita para compor o plano de estudos do curso. Caber\u00e1 ao Colegiado do Curso determinar os limites m\u00e1ximos de carga hor\u00e1ria atribu\u00eddos para cada modalidade ou conjunto de modalidades que comp\u00f5em o quadro de Atividades Complementares.<\/p>\n<p><strong><em>ATEN\u00c7\u00c3O!!!<\/em><\/strong><br \/><strong><em>A dispensa ocorre via portal do aluno:<\/em><\/strong><\/p>\n<p><strong>Tutorial de solicita\u00e7\u00e3o de dispensa on-line:<\/strong>\u00a0<a href=\"https:\/\/drive.google.com\/file\/d\/1vPEof0zGzD6qkhctOBWPVycZjNCtlfnC\/view?usp=sharing\">clique aqui<\/a>.<\/p>\n\n\n<p>Nova planilha de c\u00f4mputo de ACGs dispon\u00edvel. Aqui ser\u00e1 disponibilizada uma planilha de c\u00e1lculo para que sejam lan\u00e7adas as atividades realizadas de modo a auxili\u00e1-los no momento de solicita\u00e7\u00e3o via processo PEN.<ul><li>A planilha tem o objetivo de auxili\u00e1-los no controle e c\u00e1lculo das horas para c\u00f4mputo das ACGs.<\/li><li>Utilizem ela ao longo do curso para inserir as atividades que est\u00e3o desenvolvendo.<\/li><\/ul>Lembrando que:<ul><li>atividades extensionistas fazem parte das ACEx;<\/li><li>s\u00e3o necess\u00e1rias 60h, obtidas por meio da convers\u00e3o aprovada pelo Colegiado do Curso, e que difere da convers\u00e3o do curr\u00edculo PPC 2005 (antigo);<\/li><li>somente discentes com mais de 80% da carga hor\u00e1ria do curso devem entrar com processo PEN para c\u00f4mputo de ACGs no sistema.<\/li><\/ul><\/p>\n\n\n\n<p>Link para download da planilha:<\/p>\n\n\n\n<div class=\"wp-block-file\"><a id=\"wp-block-file--media-cb95dedb-c457-47ab-9582-d703650f4db1\" href=\"https:\/\/www.ufsm.br\/app\/uploads\/sites\/434\/2024\/01\/ACG_ENG-CIVIL-PPC2023-1.xlsx\">ACG_ENG-CIVIL-PPC2023-1<\/a><a href=\"https:\/\/www.ufsm.br\/app\/uploads\/sites\/434\/2024\/01\/ACG_ENG-CIVIL-PPC2023-1.xlsx\" class=\"wp-block-file__button wp-element-button\" download aria-describedby=\"wp-block-file--media-cb95dedb-c457-47ab-9582-d703650f4db1\">Baixar<\/a><\/div>\n\n\n\n<p>ACEx<\/p>\n\n\n\n<p>Planilha para convers\u00e3o de horas:<\/p>\n\n\n\n<div class=\"wp-block-file\"><a id=\"wp-block-file--media-b28ab074-a9b1-4d68-a611-665c675060fe\" href=\"https:\/\/www.ufsm.br\/app\/uploads\/sites\/434\/2025\/11\/Planilha-de-ACEx.xlsx\">Planilha de ACEx<\/a><a href=\"https:\/\/www.ufsm.br\/app\/uploads\/sites\/434\/2025\/11\/Planilha-de-ACEx.xlsx\" class=\"wp-block-file__button wp-element-button\" download aria-describedby=\"wp-block-file--media-b28ab074-a9b1-4d68-a611-665c675060fe\">Baixar<\/a><\/div>\n","protected":false},"excerpt":{"rendered":"<p>Constituir-se-\u00e1 Atividade Complementar de Gradua\u00e7\u00e3o(ACG), toda e qualquer atividade pertinente e \u00fatil para a forma\u00e7\u00e3o humana e profissional do acad\u00eamico, aceita para compor o plano de estudos do curso. Caber\u00e1 ao Colegiado do Curso determinar os limites m\u00e1ximos de carga hor\u00e1ria atribu\u00eddos para cada modalidade ou conjunto de modalidades que comp\u00f5em o quadro de Atividades [&hellip;]<\/p>\n","protected":false},"author":194,"featured_media":0,"parent":0,"menu_order":0,"comment_status":"closed","ping_status":"closed","template":"","meta":{"footnotes":""},"categories":[],"tags":[],"class_list":["post-230","page","type-page","status-publish","hentry"],"acf":[],"_links":{"self":[{"href":"https:\/\/www.ufsm.br\/cursos\/graduacao\/santa-maria\/engenharia-civil\/wp-json\/wp\/v2\/pages\/230","targetHints":{"allow":["GET"]}}],"collection":[{"href":"https:\/\/www.ufsm.br\/cursos\/graduacao\/santa-maria\/engenharia-civil\/wp-json\/wp\/v2\/pages"}],"about":[{"href":"https:\/\/www.ufsm.br\/cursos\/graduacao\/santa-maria\/engenharia-civil\/wp-json\/wp\/v2\/types\/page"}],"author":[{"embeddable":true,"href":"https:\/\/www.ufsm.br\/cursos\/graduacao\/santa-maria\/engenharia-civil\/wp-json\/wp\/v2\/users\/194"}],"replies":[{"embeddable":true,"href":"https:\/\/www.ufsm.br\/cursos\/graduacao\/santa-maria\/engenharia-civil\/wp-json\/wp\/v2\/comments?post=230"}],"version-history":[{"count":0,"href":"https:\/\/www.ufsm.br\/cursos\/graduacao\/santa-maria\/engenharia-civil\/wp-json\/wp\/v2\/pages\/230\/revisions"}],"wp:attachment":[{"href":"https:\/\/www.ufsm.br\/cursos\/graduacao\/santa-maria\/engenharia-civil\/wp-json\/wp\/v2\/media?parent=230"}],"wp:term":[{"taxonomy":"category","embeddable":true,"href":"https:\/\/www.ufsm.br\/cursos\/graduacao\/santa-maria\/engenharia-civil\/wp-json\/wp\/v2\/categories?post=230"},{"taxonomy":"post_tag","embeddable":true,"href":"https:\/\/www.ufsm.br\/cursos\/graduacao\/santa-maria\/engenharia-civil\/wp-json\/wp\/v2\/tags?post=230"}],"curies":[{"name":"wp","href":"https:\/\/api.w.org\/{rel}","templated":true}]}}