{"id":234,"date":"2018-12-03T10:43:16","date_gmt":"2018-12-03T12:43:16","guid":{"rendered":"https:\/\/www.ufsm.br\/cursos\/graduacao\/santa-maria\/engenharia-civil\/?page_id=234"},"modified":"2024-03-27T09:56:30","modified_gmt":"2024-03-27T12:56:30","slug":"bancas-de-defesa-de-tcc-e-estagio","status":"publish","type":"page","link":"https:\/\/www.ufsm.br\/cursos\/graduacao\/santa-maria\/engenharia-civil\/bancas-de-defesa-de-tcc-e-estagio","title":{"rendered":"Bancas de Defesa de TCC e Est\u00e1gio"},"content":{"rendered":"\n<p>PARA C\u00d4MPUTO DE ACG MEDIANTE PARTICIPA\u00c7\u00c3O EM BANCAS:<\/p>\n\n\n\n<ol class=\"wp-block-list\">\n<li>Fa\u00e7a o download do modelo de certificado <a href=\"https:\/\/www.ufsm.br\/app\/uploads\/sites\/434\/2024\/03\/MODELO_-PARTICIPACAO-EM-BANCAS-ENG-CIVIL-1.docx\">AQUI<\/a>.<\/li>\n\n\n\n<li>Preencha com os dados da banca que pretende assistir (pode ser de gradua\u00e7\u00e3o, mestrado, doutorado).<\/li>\n\n\n\n<li>Imprima o certificado e, ap\u00f3s a defesa, solicite ao presidente da banca (em geral \u00e9 o orientador do trabalho apresentado) para assinar o certificado.<\/li>\n<\/ol>\n","protected":false},"excerpt":{"rendered":"<p>PARA C\u00d4MPUTO DE ACG MEDIANTE PARTICIPA\u00c7\u00c3O EM BANCAS:<\/p>\n","protected":false},"author":194,"featured_media":0,"parent":0,"menu_order":0,"comment_status":"closed","ping_status":"closed","template":"","meta":{"footnotes":""},"categories":[],"tags":[],"class_list":["post-234","page","type-page","status-publish","hentry"],"acf":[],"_links":{"self":[{"href":"https:\/\/www.ufsm.br\/cursos\/graduacao\/santa-maria\/engenharia-civil\/wp-json\/wp\/v2\/pages\/234","targetHints":{"allow":["GET"]}}],"collection":[{"href":"https:\/\/www.ufsm.br\/cursos\/graduacao\/santa-maria\/engenharia-civil\/wp-json\/wp\/v2\/pages"}],"about":[{"href":"https:\/\/www.ufsm.br\/cursos\/graduacao\/santa-maria\/engenharia-civil\/wp-json\/wp\/v2\/types\/page"}],"author":[{"embeddable":true,"href":"https:\/\/www.ufsm.br\/cursos\/graduacao\/santa-maria\/engenharia-civil\/wp-json\/wp\/v2\/users\/194"}],"replies":[{"embeddable":true,"href":"https:\/\/www.ufsm.br\/cursos\/graduacao\/santa-maria\/engenharia-civil\/wp-json\/wp\/v2\/comments?post=234"}],"version-history":[{"count":0,"href":"https:\/\/www.ufsm.br\/cursos\/graduacao\/santa-maria\/engenharia-civil\/wp-json\/wp\/v2\/pages\/234\/revisions"}],"wp:attachment":[{"href":"https:\/\/www.ufsm.br\/cursos\/graduacao\/santa-maria\/engenharia-civil\/wp-json\/wp\/v2\/media?parent=234"}],"wp:term":[{"taxonomy":"category","embeddable":true,"href":"https:\/\/www.ufsm.br\/cursos\/graduacao\/santa-maria\/engenharia-civil\/wp-json\/wp\/v2\/categories?post=234"},{"taxonomy":"post_tag","embeddable":true,"href":"https:\/\/www.ufsm.br\/cursos\/graduacao\/santa-maria\/engenharia-civil\/wp-json\/wp\/v2\/tags?post=234"}],"curies":[{"name":"wp","href":"https:\/\/api.w.org\/{rel}","templated":true}]}}