{"id":241,"date":"2018-12-03T10:58:12","date_gmt":"2018-12-03T12:58:12","guid":{"rendered":"https:\/\/www.ufsm.br\/cursos\/graduacao\/santa-maria\/engenharia-civil\/?page_id=241"},"modified":"2018-12-03T10:58:13","modified_gmt":"2018-12-03T12:58:13","slug":"dispensa-de-disciplinas","status":"publish","type":"page","link":"https:\/\/www.ufsm.br\/cursos\/graduacao\/santa-maria\/engenharia-civil\/dispensa-de-disciplinas","title":{"rendered":"Dispensa de Disciplinas"},"content":{"rendered":"<p>As solicita\u00e7\u00f5es de dispensas de disciplinas devem ser feitas atrav\u00e9s do sistema online, dispon\u00edvel no\u00a0<a href=\"https:\/\/portal.ufsm.br\/aluno\/\" target=\"_blank\" rel=\"noopener\">Portal do Aluno<\/a>.<\/p>\n<p>Podem solicitar a dispensa de disciplina pelo sistema online somente alunos de gradua\u00e7\u00e3o, utilizando:<\/p>\n<p>a. Disciplinas internas cursadas em matr\u00edculas anteriores do aluno na pr\u00f3pria UFSM;<\/p>\n<p>b. Disciplinas internas cursadas na matr\u00edcula atual, mas oferecidas por outros cursos;<\/p>\n<p>c. Disciplinas externas, cursadas em outra institui\u00e7\u00e3o de ensino superior.<\/p>\n<p>Cada disciplina a ser dispensada gera um processo que ter\u00e1 tr\u00e2mite \u00fanico dentro dos passos previstos na resolu\u00e7\u00e3o que regulamenta os processos de dispensa. Para dispensar uma disciplina, podem ser utilizadas uma ou mais disciplinas, internas ou externas.<\/p>\n<p>As regras para concess\u00e3o da dispensa est\u00e3o na resolu\u00e7\u00e3o, e levam em conta conte\u00fado program\u00e1tico e carga hor\u00e1ria das disciplinas. No caso de solicita\u00e7\u00e3o utilizando mais de uma disciplina para dispensar, ser\u00e1 feita m\u00e9dia aritm\u00e9tica, considerando carga hor\u00e1ria e nota, para definir a m\u00e9dia final a ser atribu\u00edda.<\/p>\n<p>Para acessar o tutorial explicativo de como proceder a solicita\u00e7\u00e3o, no\u00a0<a href=\"https:\/\/portal.ufsm.br\/aluno\/\" target=\"_blank\" rel=\"noopener\">Portal do Aluno<\/a>:\u00a0<a href=\"https:\/\/www.ufsm.br\/cursos\/graduacao\/santa-maria\/engenharia-civil\/wp-content\/uploads\/sites\/434\/2018\/12\/Tutorial_Dispensa_-_Aluno.pdf\" target=\"_blank\" rel=\"noopener\">clique aqui<\/a>.<\/p>\n<p>Salientamos que, Dispensa de Disciplina por Autodidatismo, ainda n\u00e3o est\u00e1 implementa no sistema.<\/p>\n<p><a href=\"https:\/\/www.ufsm.br\/cursos\/graduacao\/santa-maria\/engenharia-civil\/wp-content\/uploads\/sites\/434\/2018\/12\/Resoluo-025-2017_dispensa-de-disciplinas_acg_autotidatismo.pdf\" target=\"_blank\" rel=\"noopener\">Resolu\u00e7\u00e3o N. 025\/2017<\/a>: Regulamenta os processos de dispensa de disciplinas de gradua\u00e7\u00e3o, dispensa de disciplinas por autodidatismo e registro de Atividades Complementares de Gradua\u00e7\u00e3o (ACG).<\/p>\n","protected":false},"excerpt":{"rendered":"<p>As solicita\u00e7\u00f5es de dispensas de disciplinas devem ser feitas atrav\u00e9s do sistema online, dispon\u00edvel no\u00a0Portal do Aluno. Podem solicitar a dispensa de disciplina pelo sistema online somente alunos de gradua\u00e7\u00e3o, utilizando: a. Disciplinas internas cursadas em matr\u00edculas anteriores do aluno na pr\u00f3pria UFSM; b. Disciplinas internas cursadas na matr\u00edcula atual, mas oferecidas por outros cursos; [&hellip;]<\/p>\n","protected":false},"author":194,"featured_media":0,"parent":0,"menu_order":0,"comment_status":"closed","ping_status":"closed","template":"","meta":{"footnotes":""},"categories":[],"tags":[],"class_list":["post-241","page","type-page","status-publish","hentry"],"acf":[],"_links":{"self":[{"href":"https:\/\/www.ufsm.br\/cursos\/graduacao\/santa-maria\/engenharia-civil\/wp-json\/wp\/v2\/pages\/241","targetHints":{"allow":["GET"]}}],"collection":[{"href":"https:\/\/www.ufsm.br\/cursos\/graduacao\/santa-maria\/engenharia-civil\/wp-json\/wp\/v2\/pages"}],"about":[{"href":"https:\/\/www.ufsm.br\/cursos\/graduacao\/santa-maria\/engenharia-civil\/wp-json\/wp\/v2\/types\/page"}],"author":[{"embeddable":true,"href":"https:\/\/www.ufsm.br\/cursos\/graduacao\/santa-maria\/engenharia-civil\/wp-json\/wp\/v2\/users\/194"}],"replies":[{"embeddable":true,"href":"https:\/\/www.ufsm.br\/cursos\/graduacao\/santa-maria\/engenharia-civil\/wp-json\/wp\/v2\/comments?post=241"}],"version-history":[{"count":0,"href":"https:\/\/www.ufsm.br\/cursos\/graduacao\/santa-maria\/engenharia-civil\/wp-json\/wp\/v2\/pages\/241\/revisions"}],"wp:attachment":[{"href":"https:\/\/www.ufsm.br\/cursos\/graduacao\/santa-maria\/engenharia-civil\/wp-json\/wp\/v2\/media?parent=241"}],"wp:term":[{"taxonomy":"category","embeddable":true,"href":"https:\/\/www.ufsm.br\/cursos\/graduacao\/santa-maria\/engenharia-civil\/wp-json\/wp\/v2\/categories?post=241"},{"taxonomy":"post_tag","embeddable":true,"href":"https:\/\/www.ufsm.br\/cursos\/graduacao\/santa-maria\/engenharia-civil\/wp-json\/wp\/v2\/tags?post=241"}],"curies":[{"name":"wp","href":"https:\/\/api.w.org\/{rel}","templated":true}]}}