{"id":244,"date":"2018-12-03T11:07:55","date_gmt":"2018-12-03T13:07:55","guid":{"rendered":"https:\/\/www.ufsm.br\/cursos\/graduacao\/santa-maria\/engenharia-civil\/?page_id=244"},"modified":"2022-09-01T09:16:00","modified_gmt":"2022-09-01T12:16:00","slug":"matricula-resolucao-no-032-2015","status":"publish","type":"page","link":"https:\/\/www.ufsm.br\/cursos\/graduacao\/santa-maria\/engenharia-civil\/matricula-resolucao-no-032-2015","title":{"rendered":"Matr\u00edcula Resolu\u00e7\u00e3o n\u00ba 032\/2015"},"content":{"rendered":"<p style=\"text-align: left\" align=\"center\"><strong>2\u00ba Semestre\/2022<\/strong><\/p>\n<p style=\"text-align: left\" align=\"center\">\n<p style=\"text-align: left\" align=\"center\">Texto da Resolu\u00e7\u00e3o n\u00ba 032\/2015 &#8211;\u00a0<a href=\"https:\/\/www.ufsm.br\/cursos\/graduacao\/santa-maria\/engenharia-civil\/wp-content\/uploads\/sites\/434\/2018\/12\/RESOLUCAO-032_2015.pdf\" target=\"_blank\" rel=\"noopener\">clique aqui<\/a><\/p>\n<p style=\"text-align: left\" align=\"center\">\n<p style=\"text-align: left\" align=\"center\">Disciplinas que n\u00e3o podem ser matriculadas pela Resolu\u00e7\u00e3o n\u00ba 032\/2015 &#8211;\u00a0<a href=\"https:\/\/www.ufsm.br\/cursos\/graduacao\/santa-maria\/engenharia-civil\/wp-content\/uploads\/sites\/434\/2018\/12\/DISCIPLINAS-QUE-NAO-PODEM-SER-FEITAS-PELA-RESOLUCAO-05_95.pdf\" target=\"_blank\" rel=\"noopener\">clique aqui<\/a><\/p>\n<p style=\"text-align: left\" align=\"center\">\n<p style=\"text-align: left\" align=\"center\">Per\u00edodo para solicita\u00e7\u00e3o: em REDE a oferta foi suspensa.<\/p>\n<p style=\"text-align: left\" align=\"center\">\n<p style=\"text-align: left\" align=\"center\"><strong>Aten\u00e7\u00e3o<\/strong>: A matr\u00edcula ser\u00e1 feita exclusivamente atrav\u00e9s do\u00a0<a href=\"https:\/\/portal.ufsm.br\/aluno\/\" target=\"_blank\" rel=\"noopener\">Portal do Aluno<\/a>.<\/p>\n<p style=\"text-align: left\" align=\"center\">\n","protected":false},"excerpt":{"rendered":"<p>2\u00ba Semestre\/2022 Texto da Resolu\u00e7\u00e3o n\u00ba 032\/2015 &#8211;\u00a0clique aqui Disciplinas que n\u00e3o podem ser matriculadas pela Resolu\u00e7\u00e3o n\u00ba 032\/2015 &#8211;\u00a0clique aqui Per\u00edodo para solicita\u00e7\u00e3o: em REDE a oferta foi suspensa. Aten\u00e7\u00e3o: A matr\u00edcula ser\u00e1 feita exclusivamente atrav\u00e9s do\u00a0Portal do Aluno.<\/p>\n","protected":false},"author":194,"featured_media":0,"parent":0,"menu_order":0,"comment_status":"closed","ping_status":"closed","template":"","meta":{"footnotes":""},"categories":[],"tags":[],"class_list":["post-244","page","type-page","status-publish","hentry"],"acf":[],"_links":{"self":[{"href":"https:\/\/www.ufsm.br\/cursos\/graduacao\/santa-maria\/engenharia-civil\/wp-json\/wp\/v2\/pages\/244","targetHints":{"allow":["GET"]}}],"collection":[{"href":"https:\/\/www.ufsm.br\/cursos\/graduacao\/santa-maria\/engenharia-civil\/wp-json\/wp\/v2\/pages"}],"about":[{"href":"https:\/\/www.ufsm.br\/cursos\/graduacao\/santa-maria\/engenharia-civil\/wp-json\/wp\/v2\/types\/page"}],"author":[{"embeddable":true,"href":"https:\/\/www.ufsm.br\/cursos\/graduacao\/santa-maria\/engenharia-civil\/wp-json\/wp\/v2\/users\/194"}],"replies":[{"embeddable":true,"href":"https:\/\/www.ufsm.br\/cursos\/graduacao\/santa-maria\/engenharia-civil\/wp-json\/wp\/v2\/comments?post=244"}],"version-history":[{"count":0,"href":"https:\/\/www.ufsm.br\/cursos\/graduacao\/santa-maria\/engenharia-civil\/wp-json\/wp\/v2\/pages\/244\/revisions"}],"wp:attachment":[{"href":"https:\/\/www.ufsm.br\/cursos\/graduacao\/santa-maria\/engenharia-civil\/wp-json\/wp\/v2\/media?parent=244"}],"wp:term":[{"taxonomy":"category","embeddable":true,"href":"https:\/\/www.ufsm.br\/cursos\/graduacao\/santa-maria\/engenharia-civil\/wp-json\/wp\/v2\/categories?post=244"},{"taxonomy":"post_tag","embeddable":true,"href":"https:\/\/www.ufsm.br\/cursos\/graduacao\/santa-maria\/engenharia-civil\/wp-json\/wp\/v2\/tags?post=244"}],"curies":[{"name":"wp","href":"https:\/\/api.w.org\/{rel}","templated":true}]}}