{"id":262,"date":"2018-12-03T11:31:56","date_gmt":"2018-12-03T13:31:56","guid":{"rendered":"https:\/\/www.ufsm.br\/cursos\/graduacao\/santa-maria\/engenharia-civil\/?page_id=262"},"modified":"2018-12-03T11:31:57","modified_gmt":"2018-12-03T13:31:57","slug":"links-uteis","status":"publish","type":"page","link":"https:\/\/www.ufsm.br\/cursos\/graduacao\/santa-maria\/engenharia-civil\/links-uteis","title":{"rendered":"Links \u00dateis"},"content":{"rendered":"<ul class=\"weblinks\">\n<li><a href=\"http:\/\/www.ime.eb.br\/graduacao\/eng-fortificacao-e-construcao\" rel=\"no follow\">Instituto Militar de Engenharia<\/a><\/li>\n<li><a href=\"http:\/\/www.civil.ita.br\/graduacao\/\" rel=\"no follow\">Instituto Tecnol\u00f3gico da Aeron\u00e1utica<\/a><\/li>\n<li><a href=\"http:\/\/www.civ.puc-rio.br\/pt\/index.php\" rel=\"no follow\">Pontif\u00edcia Universidade Cat\u00f3lica &#8211; Rio<\/a><\/li>\n<li><a href=\"http:\/\/www.enc.unb.br\/component\/content\/article\/9-menu-lateral\/7-grad-engenharia-civil\" rel=\"no follow\">Universidade de Bras\u00edlia<\/a><\/li>\n<li><a href=\"http:\/\/www5.usp.br\/ensino\/graduacao\/cursos-oferecidos\/engenharia-civil\/\" rel=\"no follow\">Universidade de S\u00e3o Paulo<\/a><\/li>\n<li><a href=\"https:\/\/www2.ufmg.br\/civil\" rel=\"no follow\">Universidade Federal de Minas Gerais<\/a><\/li>\n<li><a href=\"http:\/\/wp.ufpel.edu.br\/engciv\/\" rel=\"no follow\">Universidade Federal de Pelotas<\/a><\/li>\n<li><a href=\"http:\/\/ecv.ufsc.br\/\" rel=\"no follow\">Universidade Federal de Santa Catarina<\/a><\/li>\n<li><a href=\"http:\/\/www2.deciv.ufscar.br\/\" rel=\"no follow\">Universidade Federal de S\u00e3o Carlos<\/a><\/li>\n<li><a href=\"http:\/\/www.civil.ufpr.br\/\" rel=\"no follow\">Universidade Federal do Paran\u00e1<\/a><\/li>\n<li><a href=\"http:\/\/www.poli.ufrj.br\/\" rel=\"no follow\">Universidade Federal do Rio de Janeiro<\/a><\/li>\n<li><a href=\"http:\/\/www.ufrgs.br\/ufrgs\/ensino\/graduacao\/cursos\/exibeCurso?cod_curso=317\" rel=\"no follow\">Universidade Federal do Rio Grande do Sul<\/a><\/li>\n<\/ul>\n<p>Links UFSM<\/p>\n<ul class=\"weblinks\">\n<li><a href=\"http:\/\/portal.ufsm.br\/aluno\" rel=\"no follow\">Portal do Aluno<\/a><\/li>\n<\/ul>\n","protected":false},"excerpt":{"rendered":"<p>Instituto Militar de Engenharia Instituto Tecnol\u00f3gico da Aeron\u00e1utica Pontif\u00edcia Universidade Cat\u00f3lica &#8211; Rio Universidade de Bras\u00edlia Universidade de S\u00e3o Paulo Universidade Federal de Minas Gerais Universidade Federal de Pelotas Universidade Federal de Santa Catarina Universidade Federal de S\u00e3o Carlos Universidade Federal do Paran\u00e1 Universidade Federal do Rio de Janeiro Universidade Federal do Rio Grande do [&hellip;]<\/p>\n","protected":false},"author":194,"featured_media":0,"parent":0,"menu_order":0,"comment_status":"closed","ping_status":"closed","template":"","meta":{"footnotes":""},"categories":[],"tags":[],"class_list":["post-262","page","type-page","status-publish","hentry"],"acf":[],"_links":{"self":[{"href":"https:\/\/www.ufsm.br\/cursos\/graduacao\/santa-maria\/engenharia-civil\/wp-json\/wp\/v2\/pages\/262","targetHints":{"allow":["GET"]}}],"collection":[{"href":"https:\/\/www.ufsm.br\/cursos\/graduacao\/santa-maria\/engenharia-civil\/wp-json\/wp\/v2\/pages"}],"about":[{"href":"https:\/\/www.ufsm.br\/cursos\/graduacao\/santa-maria\/engenharia-civil\/wp-json\/wp\/v2\/types\/page"}],"author":[{"embeddable":true,"href":"https:\/\/www.ufsm.br\/cursos\/graduacao\/santa-maria\/engenharia-civil\/wp-json\/wp\/v2\/users\/194"}],"replies":[{"embeddable":true,"href":"https:\/\/www.ufsm.br\/cursos\/graduacao\/santa-maria\/engenharia-civil\/wp-json\/wp\/v2\/comments?post=262"}],"version-history":[{"count":0,"href":"https:\/\/www.ufsm.br\/cursos\/graduacao\/santa-maria\/engenharia-civil\/wp-json\/wp\/v2\/pages\/262\/revisions"}],"wp:attachment":[{"href":"https:\/\/www.ufsm.br\/cursos\/graduacao\/santa-maria\/engenharia-civil\/wp-json\/wp\/v2\/media?parent=262"}],"wp:term":[{"taxonomy":"category","embeddable":true,"href":"https:\/\/www.ufsm.br\/cursos\/graduacao\/santa-maria\/engenharia-civil\/wp-json\/wp\/v2\/categories?post=262"},{"taxonomy":"post_tag","embeddable":true,"href":"https:\/\/www.ufsm.br\/cursos\/graduacao\/santa-maria\/engenharia-civil\/wp-json\/wp\/v2\/tags?post=262"}],"curies":[{"name":"wp","href":"https:\/\/api.w.org\/{rel}","templated":true}]}}